{"id":5444,"date":"2025-08-05T17:09:53","date_gmt":"2025-08-05T16:09:53","guid":{"rendered":"https:\/\/www.ksarighnda.com\/?page_id=5444"},"modified":"2025-08-08T16:49:07","modified_gmt":"2025-08-08T15:49:07","slug":"taliouine-la-valle-dello-zafferano","status":"publish","type":"page","link":"https:\/\/www.ksarighnda.com\/it\/activites-alentours\/excursions\/taliouine-la-vallee-du-safran\/","title":{"rendered":"Taliouine - Valle dello Zafferano"},"content":{"rendered":"<div data-elementor-type=\"wp-page\" data-elementor-id=\"5444\" class=\"elementor elementor-5444\" data-elementor-post-type=\"page\">\n\t\t\t\t<div class=\"elementor-element elementor-element-280cb79 e-con-full e-flex e-con e-parent\" data-id=\"280cb79\" data-element_type=\"container\" data-e-type=\"container\" data-settings=\"{&quot;background_background&quot;:&quot;classic&quot;}\">\n\t\t<div class=\"elementor-element elementor-element-733b7ac e-con-full entrance-clip-path-both e-flex e-con e-child\" data-id=\"733b7ac\" data-element_type=\"container\" data-e-type=\"container\">\n\t\t\t\t<div class=\"elementor-element elementor-element-508cee1 elementor-widget__width-inherit elementor-widget elementor-widget-image\" data-id=\"508cee1\" data-element_type=\"widget\" data-e-type=\"widget\" data-widget_type=\"image.default\">\n\t\t\t\t<div class=\"elementor-widget-container\">\n\t\t\t\t\t\t\t\t\t\t\t\t\t\t\t<img fetchpriority=\"high\" decoding=\"async\" width=\"448\" height=\"369\" src=\"https:\/\/www.ksarighnda.com\/wp-content\/uploads\/2025\/08\/TALIOUINE-4.jpeg\" class=\"attachment-full size-full wp-image-5445\" alt=\"\" srcset=\"https:\/\/www.ksarighnda.com\/wp-content\/uploads\/2025\/08\/TALIOUINE-4.jpeg 448w, https:\/\/www.ksarighnda.com\/wp-content\/uploads\/2025\/08\/TALIOUINE-4-300x247.jpeg 300w, https:\/\/www.ksarighnda.com\/wp-content\/uploads\/2025\/08\/TALIOUINE-4-15x12.jpeg 15w\" sizes=\"(max-width: 448px) 100vw, 448px\" title=\"\">\t\t\t\t\t\t\t\t\t\t\t\t\t\t\t<\/div>\n\t\t\t\t<\/div>\n\t\t\t\t<\/div>\n\t\t\t\t<div class=\"elementor-element elementor-element-400074c entrance-bottom  titre-barre elementor-widget elementor-widget-heading\" data-id=\"400074c\" data-element_type=\"widget\" data-e-type=\"widget\" data-widget_type=\"heading.default\">\n\t\t\t\t<div class=\"elementor-widget-container\">\n\t\t\t\t\t<span class=\"elementor-heading-title elementor-size-default\">Scoprire <\/span>\t\t\t\t<\/div>\n\t\t\t\t<\/div>\n\t\t\t\t<div class=\"elementor-element elementor-element-5849029 entrance-bottom elementor-widget elementor-widget-heading\" data-id=\"5849029\" data-element_type=\"widget\" data-e-type=\"widget\" data-widget_type=\"heading.default\">\n\t\t\t\t<div class=\"elementor-widget-container\">\n\t\t\t\t\t<h1 class=\"elementor-heading-title elementor-size-default\">TALIOUINE E LA VALLE DELLO ZAFFERANO<\/h1>\t\t\t\t<\/div>\n\t\t\t\t<\/div>\n\t\t\t\t<div class=\"elementor-element elementor-element-80b97dc btn-fleche-gauche entrance-bottom elementor-align-left elementor-widget elementor-widget-button\" data-id=\"80b97dc\" data-element_type=\"widget\" data-e-type=\"widget\" data-widget_type=\"button.default\">\n\t\t\t\t<div class=\"elementor-widget-container\">\n\t\t\t\t\t\t\t\t\t<div class=\"elementor-button-wrapper\">\n\t\t\t\t\t<a class=\"elementor-button elementor-button-link elementor-size-sm\" href=\"https:\/\/www.ksarighnda.com\/it\/activites-alentours\/que-visiter-au-maroc\/\">\n\t\t\t\t\t\t<span class=\"elementor-button-content-wrapper\">\n\t\t\t\t\t\t<span class=\"elementor-button-icon\">\n\t\t\t\t<svg xmlns=\"http:\/\/www.w3.org\/2000\/svg\" viewbox=\"0 0 28 20\" width=\"28\" height=\"20\"><title>Gruppo 80-svg<\/title><style>\t\t.s0 { fill: none;stroke: #5c4932;stroke-linecap: round } \t<\/style><g id=\"Group 80\"><path id=\"Line 11\" fill-rule=\"evenodd\" class=\"s0\" d=\"m27 10h-26\"><\/path><path id=\"Vector 12\" fill-rule=\"evenodd\" class=\"s0\" d=\"m1 9.5c2-1.2 6.9-4.6 10.5-9\"><\/path><path id=\"Vector 13\" fill-rule=\"evenodd\" class=\"s0\" d=\"m1 10c2 1.2 6.9 4.6 10.5 9\"><\/path><\/g><\/svg>\t\t\t<\/span>\n\t\t\t\t\t\t\t\t\t<span class=\"elementor-button-text\">Ritorno ai dintorni<\/span>\n\t\t\t\t\t<\/span>\n\t\t\t\t\t<\/a>\n\t\t\t\t<\/div>\n\t\t\t\t\t\t\t\t<\/div>\n\t\t\t\t<\/div>\n\t\t\t\t<\/div>\n\t\t<div class=\"elementor-element elementor-element-67240b0 e-con-full e-flex e-con e-parent\" data-id=\"67240b0\" data-element_type=\"container\" data-e-type=\"container\">\n\t\t<div class=\"elementor-element elementor-element-49c5494 e-con-full e-flex e-con e-child\" data-id=\"49c5494\" data-element_type=\"container\" data-e-type=\"container\">\n\t\t<div class=\"elementor-element elementor-element-0119585 e-con-full e-flex e-con e-child\" data-id=\"0119585\" data-element_type=\"container\" data-e-type=\"container\">\n\t\t\t\t<div class=\"elementor-element elementor-element-01e9723 entrance-bottom elementor-widget elementor-widget-heading\" data-id=\"01e9723\" data-element_type=\"widget\" data-e-type=\"widget\" data-widget_type=\"heading.default\">\n\t\t\t\t<div class=\"elementor-widget-container\">\n\t\t\t\t\t<h2 class=\"elementor-heading-title elementor-size-default\">TALIOUINE<\/h2>\t\t\t\t<\/div>\n\t\t\t\t<\/div>\n\t\t\t\t<div class=\"elementor-element elementor-element-5673309 entrance-bottom elementor-widget elementor-widget-heading\" data-id=\"5673309\" data-element_type=\"widget\" data-e-type=\"widget\" data-widget_type=\"heading.default\">\n\t\t\t\t<div class=\"elementor-widget-container\">\n\t\t\t\t\t<span class=\"elementor-heading-title elementor-size-default\">la capitale dell'oro rosso<\/span>\t\t\t\t<\/div>\n\t\t\t\t<\/div>\n\t\t\t\t<div class=\"elementor-element elementor-element-71a67a4 elementor-widget-laptop__width-initial entrance-bottom elementor-widget elementor-widget-text-editor\" data-id=\"71a67a4\" data-element_type=\"widget\" data-e-type=\"widget\" data-widget_type=\"text-editor.default\">\n\t\t\t\t<div class=\"elementor-widget-container\">\n\t\t\t\t\t\t\t\t\t<p>Taliouine \u00e8 conosciuta come la capitale dell'oro rosso e la coltivazione dello zafferano \u00e8 una delle colture pi\u00f9 importanti, che impiega gran parte della popolazione locale e d\u00e0 loro l'opportunit\u00e0 di lavorare e guadagnare un reddito, essendo una coltura necessaria a causa dell'alto prezzo dello zafferano, e quindi la sua coltivazione e il suo commercio sono diventati un'importante fonte di reddito per le famiglie.<\/p><p>Immerso nel cuore di paesaggi incantevoli nella magnifica regione di Souss Massa, questo piccolo villaggio si trova a 1.080 metri di altitudine, a sole 2,5 ore dal Mediterraneo. <strong>Ksar Ighnda.<\/strong><\/p><p>\u00a0Circondato da una bellezza naturale impressionante, ospita una delle pieghe geologiche pi\u00f9 impressionanti del Marocco.<\/p><p>Il suo ricco patrimonio culturale e i suoi tesori naturali unici ne fanno una destinazione imperdibile per i viaggiatori alla ricerca di autenticit\u00e0 e scoperta.<\/p><h4><strong>La storia di Taliouine<\/strong><\/h4><p>La storia di Taliouine risale a tempi antichi, a testimonianza della ricchezza culturale e storica della regione. Situata nella valle del Souss, la citt\u00e0 \u00e8 stata influenzata da diverse civilt\u00e0 che hanno lasciato il loro segno nel corso dei secoli.<\/p><p>Fin dalla preistoria, la regione \u00e8 stata abitata da comunit\u00e0 berbere che vivevano in armonia con la natura circostante. Nel corso del tempo, si sono sviluppati scambi commerciali con altre civilt\u00e0 del Mediterraneo, in particolare con i Fenici e i Romani.<\/p><p>Durante il periodo islamico, Taliouine fu integrata nelle dinastie berbere locali, come gli Almoravidi e gli Almohadi. Queste dinastie favorirono lo sviluppo economico e culturale della regione, contribuendo alla crescita dell'agricoltura e del commercio.<\/p><p>Lo zafferano, spesso chiamato oro rosso, ha svolto un ruolo cruciale nell'economia e nella reputazione della regione. Per secoli, gli abitanti di Taliouine hanno coltivato e raccolto questa preziosa spezia, contribuendo a plasmare la loro identit\u00e0 e a farne la capitale dello zafferano del Marocco.\u00a0<\/p><p>Anche l'argan ha svolto un ruolo importante nello sviluppo della Taliouine. I Berberi hanno scoperto le virt\u00f9 dell'albero di argan da tempo immemorabile, utilizzando i suoi frutti per estrarre l'olio di argan, rinomato per le sue propriet\u00e0 nutritive e medicinali.<\/p><p>Oggi, la storia di Taliouine \u00e8 conservata con orgoglio dalla sua comunit\u00e0, a testimonianza del ricco e variegato patrimonio della regione. Le tradizioni berbere resistono e la fiorente coltivazione dello zafferano e la produzione di olio di argan continuano a essere i pilastri dell'economia locale.<\/p>\t\t\t\t\t\t\t\t<\/div>\n\t\t\t\t<\/div>\n\t\t\t\t<\/div>\n\t\t\t\t<\/div>\n\t\t<div class=\"elementor-element elementor-element-4036eec e-con-full e-flex e-con e-child\" data-id=\"4036eec\" data-element_type=\"container\" data-e-type=\"container\">\n\t\t\t\t<div class=\"elementor-element elementor-element-e21863a elementor-widget__width-inherit entrance-right elementor-widget elementor-widget-image\" data-id=\"e21863a\" data-element_type=\"widget\" data-e-type=\"widget\" data-widget_type=\"image.default\">\n\t\t\t\t<div class=\"elementor-widget-container\">\n\t\t\t\t\t\t\t\t\t\t\t\t\t\t\t<img decoding=\"async\" width=\"548\" height=\"361\" src=\"https:\/\/www.ksarighnda.com\/wp-content\/uploads\/2025\/08\/taliouine-6.jpeg\" class=\"attachment-full size-full wp-image-5452\" alt=\"\" srcset=\"https:\/\/www.ksarighnda.com\/wp-content\/uploads\/2025\/08\/taliouine-6.jpeg 548w, https:\/\/www.ksarighnda.com\/wp-content\/uploads\/2025\/08\/taliouine-6-300x198.jpeg 300w, https:\/\/www.ksarighnda.com\/wp-content\/uploads\/2025\/08\/taliouine-6-18x12.jpeg 18w\" sizes=\"(max-width: 548px) 100vw, 548px\" title=\"\">\t\t\t\t\t\t\t\t\t\t\t\t\t\t\t<\/div>\n\t\t\t\t<\/div>\n\t\t\t\t<div class=\"elementor-element elementor-element-cf18149 elementor-widget__width-inherit entrance-right elementor-widget elementor-widget-image\" data-id=\"cf18149\" data-element_type=\"widget\" data-e-type=\"widget\" data-widget_type=\"image.default\">\n\t\t\t\t<div class=\"elementor-widget-container\">\n\t\t\t\t\t\t\t\t\t\t\t\t\t\t\t<img decoding=\"async\" width=\"515\" height=\"372\" src=\"https:\/\/www.ksarighnda.com\/wp-content\/uploads\/2025\/08\/SAFRAN-1.jpeg\" class=\"attachment-full size-full wp-image-5474\" alt=\"\" srcset=\"https:\/\/www.ksarighnda.com\/wp-content\/uploads\/2025\/08\/SAFRAN-1.jpeg 515w, https:\/\/www.ksarighnda.com\/wp-content\/uploads\/2025\/08\/SAFRAN-1-300x217.jpeg 300w, https:\/\/www.ksarighnda.com\/wp-content\/uploads\/2025\/08\/SAFRAN-1-18x12.jpeg 18w\" sizes=\"(max-width: 515px) 100vw, 515px\" title=\"\">\t\t\t\t\t\t\t\t\t\t\t\t\t\t\t<\/div>\n\t\t\t\t<\/div>\n\t\t\t\t<\/div>\n\t\t\t\t<\/div>\n\t\t<div class=\"elementor-element elementor-element-a1503d0 e-con-full e-flex e-con e-parent\" data-id=\"a1503d0\" data-element_type=\"container\" data-e-type=\"container\">\n\t\t<div class=\"elementor-element elementor-element-27c6639 e-con-full e-flex e-con e-child\" data-id=\"27c6639\" data-element_type=\"container\" data-e-type=\"container\">\n\t\t\t\t<div class=\"elementor-element elementor-element-057dcd0 elementor-widget__width-inherit entrance-left elementor-widget elementor-widget-image\" data-id=\"057dcd0\" data-element_type=\"widget\" data-e-type=\"widget\" data-widget_type=\"image.default\">\n\t\t\t\t<div class=\"elementor-widget-container\">\n\t\t\t\t\t\t\t\t\t\t\t\t\t\t\t<img loading=\"lazy\" decoding=\"async\" width=\"566\" height=\"380\" src=\"https:\/\/www.ksarighnda.com\/wp-content\/uploads\/2025\/08\/TALIOUINE-3.jpeg\" class=\"attachment-full size-full wp-image-5446\" alt=\"\" srcset=\"https:\/\/www.ksarighnda.com\/wp-content\/uploads\/2025\/08\/TALIOUINE-3.jpeg 566w, https:\/\/www.ksarighnda.com\/wp-content\/uploads\/2025\/08\/TALIOUINE-3-300x201.jpeg 300w, https:\/\/www.ksarighnda.com\/wp-content\/uploads\/2025\/08\/TALIOUINE-3-18x12.jpeg 18w\" sizes=\"(max-width: 566px) 100vw, 566px\" title=\"\">\t\t\t\t\t\t\t\t\t\t\t\t\t\t\t<\/div>\n\t\t\t\t<\/div>\n\t\t\t\t<div class=\"elementor-element elementor-element-fe23f21 elementor-widget__width-inherit entrance-left elementor-widget elementor-widget-image\" data-id=\"fe23f21\" data-element_type=\"widget\" data-e-type=\"widget\" data-widget_type=\"image.default\">\n\t\t\t\t<div class=\"elementor-widget-container\">\n\t\t\t\t\t\t\t\t\t\t\t\t\t\t\t<img loading=\"lazy\" decoding=\"async\" width=\"237\" height=\"376\" src=\"https:\/\/www.ksarighnda.com\/wp-content\/uploads\/2025\/08\/TALIOUINE-2.jpeg\" class=\"attachment-full size-full wp-image-5447\" alt=\"\" srcset=\"https:\/\/www.ksarighnda.com\/wp-content\/uploads\/2025\/08\/TALIOUINE-2.jpeg 237w, https:\/\/www.ksarighnda.com\/wp-content\/uploads\/2025\/08\/TALIOUINE-2-189x300.jpeg 189w, https:\/\/www.ksarighnda.com\/wp-content\/uploads\/2025\/08\/TALIOUINE-2-8x12.jpeg 8w\" sizes=\"(max-width: 237px) 100vw, 237px\" title=\"\">\t\t\t\t\t\t\t\t\t\t\t\t\t\t\t<\/div>\n\t\t\t\t<\/div>\n\t\t\t\t<\/div>\n\t\t<div class=\"elementor-element elementor-element-159af14 e-con-full e-flex e-con e-child\" data-id=\"159af14\" data-element_type=\"container\" data-e-type=\"container\">\n\t\t<div class=\"elementor-element elementor-element-017dc56 e-con-full e-flex e-con e-child\" data-id=\"017dc56\" data-element_type=\"container\" data-e-type=\"container\">\n\t\t\t\t<div class=\"elementor-element elementor-element-b3307b4 entrance-bottom elementor-widget-laptop__width-initial elementor-widget elementor-widget-heading\" data-id=\"b3307b4\" data-element_type=\"widget\" data-e-type=\"widget\" data-widget_type=\"heading.default\">\n\t\t\t\t<div class=\"elementor-widget-container\">\n\t\t\t\t\t<h2 class=\"elementor-heading-title elementor-size-default\">STORIA E CULTURA<\/h2>\t\t\t\t<\/div>\n\t\t\t\t<\/div>\n\t\t\t\t<div class=\"elementor-element elementor-element-0a0dc57 entrance-bottom elementor-widget elementor-widget-heading\" data-id=\"0a0dc57\" data-element_type=\"widget\" data-e-type=\"widget\" data-widget_type=\"heading.default\">\n\t\t\t\t<div class=\"elementor-widget-container\">\n\t\t\t\t\t<span class=\"elementor-heading-title elementor-size-default\">una regione autentica<\/span>\t\t\t\t<\/div>\n\t\t\t\t<\/div>\n\t\t\t\t<div class=\"elementor-element elementor-element-7199959 elementor-widget-laptop__width-initial entrance-bottom elementor-widget elementor-widget-text-editor\" data-id=\"7199959\" data-element_type=\"widget\" data-e-type=\"widget\" data-widget_type=\"text-editor.default\">\n\t\t\t\t<div class=\"elementor-widget-container\">\n\t\t\t\t\t\t\t\t\t<h4><strong>Esplorare i campi di Safran.<\/strong>\u00a0<\/h4><p>Il magnifico villaggio di Taliouine \u00e8 famoso per la produzione di zafferano. In questa regione si concentra infatti il 90 % della produzione nazionale di questa preziosa spezia. I campi di zafferano si estendono a perdita d'occhio, offrendo uno spettacolo mozzafiato.<\/p><p>Passeggiando tra i campi di zafferano, vi meraviglierete delle file di fiori viola, che esplodono di colore e sprigionano un profumo inebriante. Avrete anche la possibilit\u00e0 di partecipare attivamente al processo di raccolta dello zafferano.<\/p><p>I visitatori possono apprendere le tecniche tradizionali di raccolta dei fiori di croco, che vengono poi delicatamente separati per estrarre i preziosi pistilli di zafferano. Questa esperienza coinvolgente permette ai visitatori di comprendere il lavoro minuzioso necessario per produrre questa spezia molto pregiata.<\/p><h4><strong>Esplorazione delle grotte.<\/strong><\/h4><p>La visita alle grotte berbere \u00e8 un'esperienza affascinante che permette ai visitatori di esplorare il patrimonio storico e culturale delle comunit\u00e0 berbere della regione.<\/p><p>Queste grotte hanno svolto per secoli un ruolo importante nella vita dei berberi.<\/p><p>Un tempo venivano utilizzate come abitazioni, offrendo un riparo naturale dalle intemperie.<\/p><p>I Berberi si stabilirono qui, creando spazi abitativi confortevoli all'interno di queste formazioni rocciose. Oggi, alcune di queste grotte sono ancora abitate da famiglie berbere, che perpetuano una tradizione secolare.<\/p><p>La visita di queste grotte offre ai viaggiatori un'opportunit\u00e0 unica di scoprire lo stile di vita tradizionale dei berberi e di apprezzare l'ingegnosit\u00e0 della loro architettura.\u00a0<\/p><h4><strong>Alla scoperta degli agadir<\/strong><\/h4><p>Una visita agli agadir \u00e8 un'occasione unica per approfondire l'affascinante storia di Taliouine e dei suoi dintorni.<\/p><p>Gli agadir sono edifici fortificati tradizionali, spesso arroccati su colline, che svolgevano un ruolo cruciale nella vita quotidiana delle comunit\u00e0 berbere locali.<\/p><p>Queste strutture architettoniche ancestrali testimoniano l'ingegno e il know-how degli antichi abitanti della regione. Sono anche un ricordo tangibile dell'importanza dell'agricoltura e della sicurezza alimentare nella vita delle comunit\u00e0 locali.<\/p><p>Tra gli Agadir pi\u00f9 interessanti da visitare a Taliouine, ce n'\u00e8 uno da non perdere, situato sul lato orientale della citt\u00e0 e facilmente raggiungibile attraversando il wadi e salendo leggermente. Il secondo Agadir si trova di fronte al ponte di Taliouine, sul lato ovest.<\/p>\t\t\t\t\t\t\t\t<\/div>\n\t\t\t\t<\/div>\n\t\t\t\t<\/div>\n\t\t\t\t<\/div>\n\t\t\t\t<\/div>\n\t\t\t\t<\/div>","protected":false},"excerpt":{"rendered":"<p>D\u00e9couvrez TALIOUINE &amp; LA VALLEE DU SAFRAN Group 80-svg Retour aux alentours TALIOUINE la capitale de l&rsquo;or rouge Taliouine est appel\u00e9e la capitale de l&rsquo;or rouge, et la culture du safran est l&rsquo;une des cultures les plus importantes qui emploie une grande partie de la population locale et leur donne la possibilit\u00e9 de travailler et [&hellip;]<\/p>\n","protected":false},"author":20,"featured_media":0,"parent":111,"menu_order":0,"comment_status":"closed","ping_status":"closed","template":"","meta":{"inline_featured_image":false,"footnotes":""},"class_list":["post-5444","page","type-page","status-publish","hentry"],"_links":{"self":[{"href":"https:\/\/www.ksarighnda.com\/it\/wp-json\/wp\/v2\/pages\/5444","targetHints":{"allow":["GET"]}}],"collection":[{"href":"https:\/\/www.ksarighnda.com\/it\/wp-json\/wp\/v2\/pages"}],"about":[{"href":"https:\/\/www.ksarighnda.com\/it\/wp-json\/wp\/v2\/types\/page"}],"author":[{"embeddable":true,"href":"https:\/\/www.ksarighnda.com\/it\/wp-json\/wp\/v2\/users\/20"}],"replies":[{"embeddable":true,"href":"https:\/\/www.ksarighnda.com\/it\/wp-json\/wp\/v2\/comments?post=5444"}],"version-history":[{"count":14,"href":"https:\/\/www.ksarighnda.com\/it\/wp-json\/wp\/v2\/pages\/5444\/revisions"}],"predecessor-version":[{"id":5477,"href":"https:\/\/www.ksarighnda.com\/it\/wp-json\/wp\/v2\/pages\/5444\/revisions\/5477"}],"up":[{"embeddable":true,"href":"https:\/\/www.ksarighnda.com\/it\/wp-json\/wp\/v2\/pages\/111"}],"wp:attachment":[{"href":"https:\/\/www.ksarighnda.com\/it\/wp-json\/wp\/v2\/media?parent=5444"}],"curies":[{"name":"wp","href":"https:\/\/api.w.org\/{rel}","templated":true}]}}