{"id":5397,"date":"2025-08-04T17:15:52","date_gmt":"2025-08-04T16:15:52","guid":{"rendered":"https:\/\/www.ksarighnda.com\/?page_id=5397"},"modified":"2025-08-08T16:54:46","modified_gmt":"2025-08-08T15:54:46","slug":"il-deserto-di-chegaga","status":"publish","type":"page","link":"https:\/\/www.ksarighnda.com\/it\/activites-alentours\/excursions\/le-desert-chegaga\/","title":{"rendered":"Il deserto di CHEGAGA"},"content":{"rendered":"<div data-elementor-type=\"wp-page\" data-elementor-id=\"5397\" class=\"elementor elementor-5397\" data-elementor-post-type=\"page\">\n\t\t\t\t<div class=\"elementor-element elementor-element-280cb79 e-con-full e-flex e-con e-parent\" data-id=\"280cb79\" data-element_type=\"container\" data-e-type=\"container\" data-settings=\"{&quot;background_background&quot;:&quot;classic&quot;}\">\n\t\t<div class=\"elementor-element elementor-element-733b7ac e-con-full entrance-clip-path-both e-flex e-con e-child\" data-id=\"733b7ac\" data-element_type=\"container\" data-e-type=\"container\">\n\t\t\t\t<div class=\"elementor-element elementor-element-508cee1 elementor-widget__width-inherit elementor-widget elementor-widget-image\" data-id=\"508cee1\" data-element_type=\"widget\" data-e-type=\"widget\" data-widget_type=\"image.default\">\n\t\t\t\t<div class=\"elementor-widget-container\">\n\t\t\t\t\t\t\t\t\t\t\t\t\t\t\t<img fetchpriority=\"high\" decoding=\"async\" width=\"2560\" height=\"1912\" src=\"https:\/\/www.ksarighnda.com\/wp-content\/uploads\/2025\/08\/IMG_1396-scaled.jpg\" class=\"attachment-full size-full wp-image-5398\" alt=\"\" srcset=\"https:\/\/www.ksarighnda.com\/wp-content\/uploads\/2025\/08\/IMG_1396-scaled.jpg 2560w, https:\/\/www.ksarighnda.com\/wp-content\/uploads\/2025\/08\/IMG_1396-300x224.jpg 300w, https:\/\/www.ksarighnda.com\/wp-content\/uploads\/2025\/08\/IMG_1396-1024x765.jpg 1024w, https:\/\/www.ksarighnda.com\/wp-content\/uploads\/2025\/08\/IMG_1396-768x574.jpg 768w, https:\/\/www.ksarighnda.com\/wp-content\/uploads\/2025\/08\/IMG_1396-1536x1147.jpg 1536w, https:\/\/www.ksarighnda.com\/wp-content\/uploads\/2025\/08\/IMG_1396-2048x1530.jpg 2048w, https:\/\/www.ksarighnda.com\/wp-content\/uploads\/2025\/08\/IMG_1396-16x12.jpg 16w\" sizes=\"(max-width: 2560px) 100vw, 2560px\" title=\"\">\t\t\t\t\t\t\t\t\t\t\t\t\t\t\t<\/div>\n\t\t\t\t<\/div>\n\t\t\t\t<\/div>\n\t\t\t\t<div class=\"elementor-element elementor-element-400074c entrance-bottom  titre-barre elementor-widget elementor-widget-heading\" data-id=\"400074c\" data-element_type=\"widget\" data-e-type=\"widget\" data-widget_type=\"heading.default\">\n\t\t\t\t<div class=\"elementor-widget-container\">\n\t\t\t\t\t<span class=\"elementor-heading-title elementor-size-default\">Scoprire <\/span>\t\t\t\t<\/div>\n\t\t\t\t<\/div>\n\t\t\t\t<div class=\"elementor-element elementor-element-5849029 entrance-bottom elementor-widget elementor-widget-heading\" data-id=\"5849029\" data-element_type=\"widget\" data-e-type=\"widget\" data-widget_type=\"heading.default\">\n\t\t\t\t<div class=\"elementor-widget-container\">\n\t\t\t\t\t<h1 class=\"elementor-heading-title elementor-size-default\">Il deserto erg chegaga<\/h1>\t\t\t\t<\/div>\n\t\t\t\t<\/div>\n\t\t\t\t<div class=\"elementor-element elementor-element-80b97dc btn-fleche-gauche entrance-bottom elementor-align-left elementor-widget elementor-widget-button\" data-id=\"80b97dc\" data-element_type=\"widget\" data-e-type=\"widget\" data-widget_type=\"button.default\">\n\t\t\t\t<div class=\"elementor-widget-container\">\n\t\t\t\t\t\t\t\t\t<div class=\"elementor-button-wrapper\">\n\t\t\t\t\t<a class=\"elementor-button elementor-button-link elementor-size-sm\" href=\"https:\/\/www.ksarighnda.com\/it\/activites-alentours\/que-visiter-au-maroc\/\">\n\t\t\t\t\t\t<span class=\"elementor-button-content-wrapper\">\n\t\t\t\t\t\t<span class=\"elementor-button-icon\">\n\t\t\t\t<svg xmlns=\"http:\/\/www.w3.org\/2000\/svg\" viewbox=\"0 0 28 20\" width=\"28\" height=\"20\"><title>Gruppo 80-svg<\/title><style>\t\t.s0 { fill: none;stroke: #5c4932;stroke-linecap: round } \t<\/style><g id=\"Group 80\"><path id=\"Line 11\" fill-rule=\"evenodd\" class=\"s0\" d=\"m27 10h-26\"><\/path><path id=\"Vector 12\" fill-rule=\"evenodd\" class=\"s0\" d=\"m1 9.5c2-1.2 6.9-4.6 10.5-9\"><\/path><path id=\"Vector 13\" fill-rule=\"evenodd\" class=\"s0\" d=\"m1 10c2 1.2 6.9 4.6 10.5 9\"><\/path><\/g><\/svg>\t\t\t<\/span>\n\t\t\t\t\t\t\t\t\t<span class=\"elementor-button-text\">Ritorno ai dintorni<\/span>\n\t\t\t\t\t<\/span>\n\t\t\t\t\t<\/a>\n\t\t\t\t<\/div>\n\t\t\t\t\t\t\t\t<\/div>\n\t\t\t\t<\/div>\n\t\t\t\t<\/div>\n\t\t<div class=\"elementor-element elementor-element-67240b0 e-con-full e-flex e-con e-parent\" data-id=\"67240b0\" data-element_type=\"container\" data-e-type=\"container\">\n\t\t<div class=\"elementor-element elementor-element-49c5494 e-con-full e-flex e-con e-child\" data-id=\"49c5494\" data-element_type=\"container\" data-e-type=\"container\">\n\t\t<div class=\"elementor-element elementor-element-0119585 e-con-full e-flex e-con e-child\" data-id=\"0119585\" data-element_type=\"container\" data-e-type=\"container\">\n\t\t\t\t<div class=\"elementor-element elementor-element-01e9723 entrance-bottom elementor-widget elementor-widget-heading\" data-id=\"01e9723\" data-element_type=\"widget\" data-e-type=\"widget\" data-widget_type=\"heading.default\">\n\t\t\t\t<div class=\"elementor-widget-container\">\n\t\t\t\t\t<h2 class=\"elementor-heading-title elementor-size-default\">chegaga<\/h2>\t\t\t\t<\/div>\n\t\t\t\t<\/div>\n\t\t\t\t<div class=\"elementor-element elementor-element-5673309 entrance-bottom elementor-widget elementor-widget-heading\" data-id=\"5673309\" data-element_type=\"widget\" data-e-type=\"widget\" data-widget_type=\"heading.default\">\n\t\t\t\t<div class=\"elementor-widget-container\">\n\t\t\t\t\t<span class=\"elementor-heading-title elementor-size-default\">l'avventura sahariana<\/span>\t\t\t\t<\/div>\n\t\t\t\t<\/div>\n\t\t\t\t<div class=\"elementor-element elementor-element-71a67a4 elementor-widget-laptop__width-initial entrance-bottom elementor-widget elementor-widget-text-editor\" data-id=\"71a67a4\" data-element_type=\"widget\" data-e-type=\"widget\" data-widget_type=\"text-editor.default\">\n\t\t\t\t<div class=\"elementor-widget-container\">\n\t\t\t\t\t\t\t\t\t<p>Quando si pensa al deserto marocchino, spesso viene in mente Merzouga. Ma pi\u00f9 in l\u00e0, oltre le strade asfaltate, si svela un altro Sahara. Pi\u00f9 selvaggio, pi\u00f9 tranquillo, pi\u00f9 vero: l'Erg Chegaga.<\/p><p>Qui le dune si estendono all'infinito, il cielo sembra pi\u00f9 ampio e il silenzio prende il sopravvento. Niente folla, niente attrazioni turistiche. Solo la sabbia e il vento. Chegaga non \u00e8 qualcosa che si attraversa, ma qualcosa che si doma. Lentamente. In profondit\u00e0.<\/p><h4><strong>Erg Chegaga, deserto marocchino: l'ultima avventura sahariana<\/strong><\/h4><p>Se c'\u00e8 un luogo in Marocco dove il deserto si rivela in tutta la sua grandezza, \u00e8 Erg Chegaga. Lontano dai sentieri battuti, questo santuario di sabbia dispiega le sue dune monumentali sotto un cielo infinito. Un invito all'avventura, crudo e maestoso.<\/p><h4><strong>Un deserto selvaggio e autentico nel sud del Marocco<\/strong><\/h4><p>Situato a una cinquantina di chilometri a ovest di M'Hamid El Ghizlane, l'Erg Chegaga si trova nel cuore del grande deserto del Marocco meridionale. Accessibile solo su pista, questo erg \u00e8 uno dei pi\u00f9 remoti e spettacolari del Paese. Una terra di silenzio e immensit\u00e0, modellata dal vento e abitata dalla luce.<\/p><p>Qui il Sahara si esprime in tutta la sua purezza: dune bionde a perdita d'occhio, creste mutevoli scolpite dai venti, alternanza di sabbia fine e altopiani rocciosi. Un mare di sabbia grezza e viva, dove ci si sente soli al mondo.<\/p>\t\t\t\t\t\t\t\t<\/div>\n\t\t\t\t<\/div>\n\t\t\t\t<\/div>\n\t\t\t\t<\/div>\n\t\t<div class=\"elementor-element elementor-element-4036eec e-con-full e-flex e-con e-child\" data-id=\"4036eec\" data-element_type=\"container\" data-e-type=\"container\">\n\t\t\t\t<div class=\"elementor-element elementor-element-e21863a elementor-widget__width-inherit entrance-right elementor-widget elementor-widget-image\" data-id=\"e21863a\" data-element_type=\"widget\" data-e-type=\"widget\" data-widget_type=\"image.default\">\n\t\t\t\t<div class=\"elementor-widget-container\">\n\t\t\t\t\t\t\t\t\t\t\t\t\t\t\t<img decoding=\"async\" width=\"2560\" height=\"1920\" src=\"https:\/\/www.ksarighnda.com\/wp-content\/uploads\/2025\/08\/GOPR0668-scaled.jpg\" class=\"attachment-full size-full wp-image-5399\" alt=\"\" srcset=\"https:\/\/www.ksarighnda.com\/wp-content\/uploads\/2025\/08\/GOPR0668-scaled.jpg 2560w, https:\/\/www.ksarighnda.com\/wp-content\/uploads\/2025\/08\/GOPR0668-300x225.jpg 300w, https:\/\/www.ksarighnda.com\/wp-content\/uploads\/2025\/08\/GOPR0668-1024x768.jpg 1024w, https:\/\/www.ksarighnda.com\/wp-content\/uploads\/2025\/08\/GOPR0668-768x576.jpg 768w, https:\/\/www.ksarighnda.com\/wp-content\/uploads\/2025\/08\/GOPR0668-1536x1152.jpg 1536w, https:\/\/www.ksarighnda.com\/wp-content\/uploads\/2025\/08\/GOPR0668-2048x1536.jpg 2048w, https:\/\/www.ksarighnda.com\/wp-content\/uploads\/2025\/08\/GOPR0668-16x12.jpg 16w\" sizes=\"(max-width: 2560px) 100vw, 2560px\" title=\"\">\t\t\t\t\t\t\t\t\t\t\t\t\t\t\t<\/div>\n\t\t\t\t<\/div>\n\t\t\t\t<\/div>\n\t\t\t\t<\/div>\n\t\t<div class=\"elementor-element elementor-element-a1503d0 e-con-full e-flex e-con e-parent\" data-id=\"a1503d0\" data-element_type=\"container\" data-e-type=\"container\">\n\t\t<div class=\"elementor-element elementor-element-27c6639 e-con-full e-flex e-con e-child\" data-id=\"27c6639\" data-element_type=\"container\" data-e-type=\"container\">\n\t\t\t\t<div class=\"elementor-element elementor-element-057dcd0 elementor-widget__width-inherit entrance-left elementor-widget elementor-widget-image\" data-id=\"057dcd0\" data-element_type=\"widget\" data-e-type=\"widget\" data-widget_type=\"image.default\">\n\t\t\t\t<div class=\"elementor-widget-container\">\n\t\t\t\t\t\t\t\t\t\t\t\t\t\t\t<img decoding=\"async\" width=\"2560\" height=\"1920\" src=\"https:\/\/www.ksarighnda.com\/wp-content\/uploads\/2025\/08\/IMG_3923-scaled.jpg\" class=\"attachment-full size-full wp-image-5400\" alt=\"\" srcset=\"https:\/\/www.ksarighnda.com\/wp-content\/uploads\/2025\/08\/IMG_3923-scaled.jpg 2560w, https:\/\/www.ksarighnda.com\/wp-content\/uploads\/2025\/08\/IMG_3923-300x225.jpg 300w, https:\/\/www.ksarighnda.com\/wp-content\/uploads\/2025\/08\/IMG_3923-1024x768.jpg 1024w, https:\/\/www.ksarighnda.com\/wp-content\/uploads\/2025\/08\/IMG_3923-768x576.jpg 768w, https:\/\/www.ksarighnda.com\/wp-content\/uploads\/2025\/08\/IMG_3923-1536x1152.jpg 1536w, https:\/\/www.ksarighnda.com\/wp-content\/uploads\/2025\/08\/IMG_3923-2048x1536.jpg 2048w, https:\/\/www.ksarighnda.com\/wp-content\/uploads\/2025\/08\/IMG_3923-16x12.jpg 16w\" sizes=\"(max-width: 2560px) 100vw, 2560px\" title=\"\">\t\t\t\t\t\t\t\t\t\t\t\t\t\t\t<\/div>\n\t\t\t\t<\/div>\n\t\t\t\t<div class=\"elementor-element elementor-element-16a8f6f elementor-widget__width-inherit entrance-left elementor-widget elementor-widget-image\" data-id=\"16a8f6f\" data-element_type=\"widget\" data-e-type=\"widget\" data-widget_type=\"image.default\">\n\t\t\t\t<div class=\"elementor-widget-container\">\n\t\t\t\t\t\t\t\t\t\t\t\t\t\t\t<img loading=\"lazy\" decoding=\"async\" width=\"1000\" height=\"704\" src=\"https:\/\/www.ksarighnda.com\/wp-content\/uploads\/2024\/11\/randonnee-desert.jpg\" class=\"attachment-full size-full wp-image-4090\" alt=\"\" srcset=\"https:\/\/www.ksarighnda.com\/wp-content\/uploads\/2024\/11\/randonnee-desert.jpg 1000w, https:\/\/www.ksarighnda.com\/wp-content\/uploads\/2024\/11\/randonnee-desert-300x211.jpg 300w, https:\/\/www.ksarighnda.com\/wp-content\/uploads\/2024\/11\/randonnee-desert-768x541.jpg 768w, https:\/\/www.ksarighnda.com\/wp-content\/uploads\/2024\/11\/randonnee-desert-18x12.jpg 18w\" sizes=\"(max-width: 1000px) 100vw, 1000px\" title=\"\">\t\t\t\t\t\t\t\t\t\t\t\t\t\t\t<\/div>\n\t\t\t\t<\/div>\n\t\t\t\t<\/div>\n\t\t<div class=\"elementor-element elementor-element-159af14 e-con-full e-flex e-con e-child\" data-id=\"159af14\" data-element_type=\"container\" data-e-type=\"container\">\n\t\t<div class=\"elementor-element elementor-element-017dc56 e-con-full e-flex e-con e-child\" data-id=\"017dc56\" data-element_type=\"container\" data-e-type=\"container\">\n\t\t\t\t<div class=\"elementor-element elementor-element-b3307b4 entrance-bottom elementor-widget elementor-widget-heading\" data-id=\"b3307b4\" data-element_type=\"widget\" data-e-type=\"widget\" data-widget_type=\"heading.default\">\n\t\t\t\t<div class=\"elementor-widget-container\">\n\t\t\t\t\t<h2 class=\"elementor-heading-title elementor-size-default\">storia<\/h2>\t\t\t\t<\/div>\n\t\t\t\t<\/div>\n\t\t\t\t<div class=\"elementor-element elementor-element-0a0dc57 entrance-bottom elementor-widget elementor-widget-heading\" data-id=\"0a0dc57\" data-element_type=\"widget\" data-e-type=\"widget\" data-widget_type=\"heading.default\">\n\t\t\t\t<div class=\"elementor-widget-container\">\n\t\t\t\t\t<span class=\"elementor-heading-title elementor-size-default\">al tempo dei nomadi<\/span>\t\t\t\t<\/div>\n\t\t\t\t<\/div>\n\t\t\t\t<div class=\"elementor-element elementor-element-7199959 elementor-widget-laptop__width-initial entrance-bottom elementor-widget elementor-widget-text-editor\" data-id=\"7199959\" data-element_type=\"widget\" data-e-type=\"widget\" data-widget_type=\"text-editor.default\">\n\t\t\t\t<div class=\"elementor-widget-container\">\n\t\t\t\t\t\t\t\t\t<h4><strong>Tra tradizioni nomadi e patrimonio naturale<\/strong><\/h4><p>L'Erg Chegaga appartiene al territorio ancestrale delle trib\u00f9 A\u00eft Atta, custodi di uno stile di vita nomade in armonia con il deserto. Nelle vicinanze, <a href=\"https:\/\/desert-maroc.com\/loasis-sacree-doum-laalag\/\" rel=\"nofollow noopener\" target=\"_blank\">l'oasi sacra di Oum L\u00e2alag<\/a> protetto da palme e alimentato da un'improbabile sorgente fresca in mezzo alla sabbia. Questo luogo di riposo \u00e8 stato per secoli un punto di riferimento spirituale per i carovanieri.<\/p><p>L'intero sito fa parte del Parco Nazionale di Iriki, che protegge gli ecosistemi desertici e semiaridi della regione. Un riconoscimento ufficiale per questo gioiello del deserto marocchino, la cui bellezza \u00e8 tanto fragile quanto straordinaria.<\/p><h4><strong>Cosa fare nell'Erg Chegaga?<\/strong><\/h4><p>Il deserto si scopre vivendolo. A Chegaga, le giornate sono scandite da semplici gesti che assumono un'altra dimensione: camminare sulla sabbia, scalare una duna, ascoltare il silenzio. Questi momenti lasciano il segno, perch\u00e9 ci rimettono a fuoco.<\/p><p>Durante il soggiorno presso<strong> Ksar Ighnda<\/strong> organizziamo escursioni nel deserto. Dopo una buona notte di sonno nello Ksar, il giorno successivo, da Ouarzazate, la strada si dirige verso sud in direzione di Zagora, costeggiando il palmeto di Dr\u00e2a e il suo ksour di adobe. Villaggi, oasi e kasbah punteggiano questo tratto tranquillo, che passa per Agdz e Tamgroute (la citt\u00e0 dei vasai).<\/p><p>M'Hamid segna la fine dell'asfalto. \u00c8 qui che inizia la vera avventura sahariana.<\/p><p>Lontano dalle folle e dai circuiti segnalati, Erg Chegaga invita a una rara immersione nel deserto marocchino. Qui non ci sono decorazioni o allestimenti eccessivi: solo sabbia, luce e silenzio. \u00c8 un deserto vivo, immenso e crudo, da scoprire lentamente e da ricordare a lungo.<\/p><p>Viaggiare a Chegaga significa scegliere un viaggio senza fronzoli. Un'avventura semplice ma potente. Una notte sotto le stelle, un'alba sulle dune, una tazza di t\u00e8 condivisa accanto al fuoco... a volte \u00e8 sufficiente per staccare davvero la spina.<\/p><p>Ma per un primo passo nel Sahara, Chegaga rimane la scelta giusta: sincera, accessibile e indimenticabile.<\/p>\t\t\t\t\t\t\t\t<\/div>\n\t\t\t\t<\/div>\n\t\t\t\t<\/div>\n\t\t\t\t<\/div>\n\t\t\t\t<\/div>\n\t\t\t\t<\/div>","protected":false},"excerpt":{"rendered":"<p>D\u00e9couvrez Le desert erg chegaga Group 80-svg Retour aux alentours chegaga l&rsquo;aventure saharienne Quand on pense au d\u00e9sert marocain, c\u2019est souvent Merzouga qui vient en t\u00eate. Mais plus loin, au-del\u00e0 des routes goudronn\u00e9es, un autre Sahara se d\u00e9voile. Plus sauvage, plus silencieux, plus vrai : l\u2019Erg Chegaga. Ici, les dunes s\u2019\u00e9tendent sans fin, le ciel [&hellip;]<\/p>\n","protected":false},"author":20,"featured_media":0,"parent":111,"menu_order":0,"comment_status":"closed","ping_status":"closed","template":"","meta":{"inline_featured_image":false,"footnotes":""},"class_list":["post-5397","page","type-page","status-publish","hentry"],"_links":{"self":[{"href":"https:\/\/www.ksarighnda.com\/it\/wp-json\/wp\/v2\/pages\/5397","targetHints":{"allow":["GET"]}}],"collection":[{"href":"https:\/\/www.ksarighnda.com\/it\/wp-json\/wp\/v2\/pages"}],"about":[{"href":"https:\/\/www.ksarighnda.com\/it\/wp-json\/wp\/v2\/types\/page"}],"author":[{"embeddable":true,"href":"https:\/\/www.ksarighnda.com\/it\/wp-json\/wp\/v2\/users\/20"}],"replies":[{"embeddable":true,"href":"https:\/\/www.ksarighnda.com\/it\/wp-json\/wp\/v2\/comments?post=5397"}],"version-history":[{"count":20,"href":"https:\/\/www.ksarighnda.com\/it\/wp-json\/wp\/v2\/pages\/5397\/revisions"}],"predecessor-version":[{"id":5480,"href":"https:\/\/www.ksarighnda.com\/it\/wp-json\/wp\/v2\/pages\/5397\/revisions\/5480"}],"up":[{"embeddable":true,"href":"https:\/\/www.ksarighnda.com\/it\/wp-json\/wp\/v2\/pages\/111"}],"wp:attachment":[{"href":"https:\/\/www.ksarighnda.com\/it\/wp-json\/wp\/v2\/media?parent=5397"}],"curies":[{"name":"wp","href":"https:\/\/api.w.org\/{rel}","templated":true}]}}