{"id":5185,"date":"2025-07-20T19:04:37","date_gmt":"2025-07-20T18:04:37","guid":{"rendered":"https:\/\/www.ksarighnda.com\/?page_id=5185"},"modified":"2025-07-21T04:10:05","modified_gmt":"2025-07-21T03:10:05","slug":"tifoultoute","status":"publish","type":"page","link":"https:\/\/www.ksarighnda.com\/it\/activites-alentours\/que-visiter-au-maroc\/tifoultoute\/","title":{"rendered":"Tifoultoute"},"content":{"rendered":"<div data-elementor-type=\"wp-page\" data-elementor-id=\"5185\" class=\"elementor elementor-5185\" data-elementor-post-type=\"page\">\n\t\t\t\t<div class=\"elementor-element elementor-element-477596f e-con-full e-flex e-con e-parent\" data-id=\"477596f\" data-element_type=\"container\" data-e-type=\"container\" data-settings=\"{&quot;background_background&quot;:&quot;classic&quot;}\">\n\t\t<div class=\"elementor-element elementor-element-d702551 e-con-full entrance-clip-path-both e-flex e-con e-child\" data-id=\"d702551\" data-element_type=\"container\" data-e-type=\"container\">\n\t\t\t\t<div class=\"elementor-element elementor-element-fa491ed elementor-widget__width-inherit elementor-widget elementor-widget-image\" data-id=\"fa491ed\" data-element_type=\"widget\" data-e-type=\"widget\" data-widget_type=\"image.default\">\n\t\t\t\t<div class=\"elementor-widget-container\">\n\t\t\t\t\t\t\t\t\t\t\t\t\t\t\t<img fetchpriority=\"high\" decoding=\"async\" width=\"561\" height=\"376\" src=\"https:\/\/www.ksarighnda.com\/wp-content\/uploads\/2025\/07\/TIFOULTOUTE-4.jpeg\" class=\"attachment-full size-full wp-image-5195\" alt=\"\" srcset=\"https:\/\/www.ksarighnda.com\/wp-content\/uploads\/2025\/07\/TIFOULTOUTE-4.jpeg 561w, https:\/\/www.ksarighnda.com\/wp-content\/uploads\/2025\/07\/TIFOULTOUTE-4-300x201.jpeg 300w, https:\/\/www.ksarighnda.com\/wp-content\/uploads\/2025\/07\/TIFOULTOUTE-4-18x12.jpeg 18w\" sizes=\"(max-width: 561px) 100vw, 561px\" title=\"\">\t\t\t\t\t\t\t\t\t\t\t\t\t\t\t<\/div>\n\t\t\t\t<\/div>\n\t\t\t\t<\/div>\n\t\t\t\t<div class=\"elementor-element elementor-element-b988b92 entrance-bottom  titre-barre elementor-widget elementor-widget-heading\" data-id=\"b988b92\" data-element_type=\"widget\" data-e-type=\"widget\" data-widget_type=\"heading.default\">\n\t\t\t\t<div class=\"elementor-widget-container\">\n\t\t\t\t\t<span class=\"elementor-heading-title elementor-size-default\">Scoprire <\/span>\t\t\t\t<\/div>\n\t\t\t\t<\/div>\n\t\t\t\t<div class=\"elementor-element elementor-element-0587ec8 entrance-bottom elementor-widget elementor-widget-heading\" data-id=\"0587ec8\" data-element_type=\"widget\" data-e-type=\"widget\" data-widget_type=\"heading.default\">\n\t\t\t\t<div class=\"elementor-widget-container\">\n\t\t\t\t\t<h1 class=\"elementor-heading-title elementor-size-default\">la kasbah di tifoultoute<\/h1>\t\t\t\t<\/div>\n\t\t\t\t<\/div>\n\t\t\t\t<div class=\"elementor-element elementor-element-cb23156 btn-fleche-gauche entrance-bottom elementor-align-left elementor-widget elementor-widget-button\" data-id=\"cb23156\" data-element_type=\"widget\" data-e-type=\"widget\" data-widget_type=\"button.default\">\n\t\t\t\t<div class=\"elementor-widget-container\">\n\t\t\t\t\t\t\t\t\t<div class=\"elementor-button-wrapper\">\n\t\t\t\t\t<a class=\"elementor-button elementor-button-link elementor-size-sm\" href=\"https:\/\/www.ksarighnda.com\/it\/activites-alentours\/que-visiter-au-maroc\/\">\n\t\t\t\t\t\t<span class=\"elementor-button-content-wrapper\">\n\t\t\t\t\t\t<span class=\"elementor-button-icon\">\n\t\t\t\t<svg xmlns=\"http:\/\/www.w3.org\/2000\/svg\" viewbox=\"0 0 28 20\" width=\"28\" height=\"20\"><title>Gruppo 80-svg<\/title><style>\t\t.s0 { fill: none;stroke: #5c4932;stroke-linecap: round } \t<\/style><g id=\"Group 80\"><path id=\"Line 11\" fill-rule=\"evenodd\" class=\"s0\" d=\"m27 10h-26\"><\/path><path id=\"Vector 12\" fill-rule=\"evenodd\" class=\"s0\" d=\"m1 9.5c2-1.2 6.9-4.6 10.5-9\"><\/path><path id=\"Vector 13\" fill-rule=\"evenodd\" class=\"s0\" d=\"m1 10c2 1.2 6.9 4.6 10.5 9\"><\/path><\/g><\/svg>\t\t\t<\/span>\n\t\t\t\t\t\t\t\t\t<span class=\"elementor-button-text\">Ritorno ai dintorni<\/span>\n\t\t\t\t\t<\/span>\n\t\t\t\t\t<\/a>\n\t\t\t\t<\/div>\n\t\t\t\t\t\t\t\t<\/div>\n\t\t\t\t<\/div>\n\t\t\t\t<\/div>\n\t\t<div class=\"elementor-element elementor-element-671d852 e-con-full e-flex e-con e-parent\" data-id=\"671d852\" data-element_type=\"container\" data-e-type=\"container\">\n\t\t<div class=\"elementor-element elementor-element-91e8837 e-con-full e-flex e-con e-child\" data-id=\"91e8837\" data-element_type=\"container\" data-e-type=\"container\">\n\t\t<div class=\"elementor-element elementor-element-9ce792d e-con-full e-flex e-con e-child\" data-id=\"9ce792d\" data-element_type=\"container\" data-e-type=\"container\">\n\t\t\t\t<div class=\"elementor-element elementor-element-30d499d entrance-bottom elementor-widget elementor-widget-heading\" data-id=\"30d499d\" data-element_type=\"widget\" data-e-type=\"widget\" data-widget_type=\"heading.default\">\n\t\t\t\t<div class=\"elementor-widget-container\">\n\t\t\t\t\t<span class=\"elementor-heading-title elementor-size-default\">approfondire la storia<\/span>\t\t\t\t<\/div>\n\t\t\t\t<\/div>\n\t\t\t\t<div class=\"elementor-element elementor-element-5534c59 elementor-widget-laptop__width-initial entrance-bottom elementor-widget elementor-widget-text-editor\" data-id=\"5534c59\" data-element_type=\"widget\" data-e-type=\"widget\" data-widget_type=\"text-editor.default\">\n\t\t\t\t<div class=\"elementor-widget-container\">\n\t\t\t\t\t\t\t\t\t<p>A pochi chilometri da Ksar Ighnda.<\/p><p><strong>Un'immersione nella storia e nella cultura berbera<\/strong><\/p><p>La Kasbah di Tifoultout \u00e8 un tesoro storico incastonato ai piedi delle maestose montagne dell'Atlante, in Marocco. Ricca di cultura e architettura, questa kasbah offre un'esperienza coinvolgente nell'affascinante passato della regione berbera.<\/p><p>La sua robusta architettura e le sue imponenti mura testimoniano il suo ruolo cruciale nel proteggere gli abitanti e i beni preziosi della valle.<\/p><p>Costruita nel XIII secolo, la Kasbah di Tifoultoute \u00e8 una testimonianza vivente della turbolenta storia del Marocco. Costruita dagli Amazigh, o Berberi, questa fortezza serviva sia come residenza fortificata per i capi trib\u00f9 sia come punto strategico per il controllo delle rotte commerciali che attraversavano la regione.<\/p><p>Ogni pietra di questa kasbah racconta una storia affascinante di abilit\u00e0 ancestrale e di artigianato.<\/p><p>All'interno, troverete tranquilli cortili, camere decorate con intricati motivi geometrici e spazi abitativi che mostrano la raffinatezza dell'artigianato locale.<\/p><p>La Kasbah di Tifoultoute \u00e8 un notevole esempio di architettura berbera tradizionale, con le sue mura in adobe (argilla e paglia) e le imponenti torri di guardia.<\/p>\t\t\t\t\t\t\t\t<\/div>\n\t\t\t\t<\/div>\n\t\t\t\t<\/div>\n\t\t\t\t<\/div>\n\t\t<div class=\"elementor-element elementor-element-1fd1aaf e-con-full e-flex e-con e-child\" data-id=\"1fd1aaf\" data-element_type=\"container\" data-e-type=\"container\">\n\t\t\t\t<div class=\"elementor-element elementor-element-cdb3650 elementor-widget__width-inherit entrance-right elementor-widget elementor-widget-image\" data-id=\"cdb3650\" data-element_type=\"widget\" data-e-type=\"widget\" data-widget_type=\"image.default\">\n\t\t\t\t<div class=\"elementor-widget-container\">\n\t\t\t\t\t\t\t\t\t\t\t\t\t\t\t<img decoding=\"async\" width=\"1640\" height=\"1093\" src=\"https:\/\/www.ksarighnda.com\/wp-content\/uploads\/2024\/07\/visites.jpg\" class=\"attachment-full size-full wp-image-1457\" alt=\"\" srcset=\"https:\/\/www.ksarighnda.com\/wp-content\/uploads\/2024\/07\/visites.jpg 1640w, https:\/\/www.ksarighnda.com\/wp-content\/uploads\/2024\/07\/visites-300x200.jpg 300w, https:\/\/www.ksarighnda.com\/wp-content\/uploads\/2024\/07\/visites-1024x682.jpg 1024w, https:\/\/www.ksarighnda.com\/wp-content\/uploads\/2024\/07\/visites-768x512.jpg 768w, https:\/\/www.ksarighnda.com\/wp-content\/uploads\/2024\/07\/visites-1536x1024.jpg 1536w, https:\/\/www.ksarighnda.com\/wp-content\/uploads\/2024\/07\/visites-18x12.jpg 18w\" sizes=\"(max-width: 1640px) 100vw, 1640px\" title=\"\">\t\t\t\t\t\t\t\t\t\t\t\t\t\t\t<\/div>\n\t\t\t\t<\/div>\n\t\t\t\t<\/div>\n\t\t\t\t<\/div>\n\t\t\t\t<\/div>","protected":false},"excerpt":{"rendered":"<p>D\u00e9couvrez la kasbah DE tifoultoute Group 80-svg Retour aux alentours plonger dans l&rsquo;histoire A quelques kilom\u00e8tres du Ksar Ighnda. Une Plong\u00e9e dans l&rsquo;Histoire et la Culture Berb\u00e8re La Kasbah de Tifoultout est un tr\u00e9sor historique nich\u00e9 dans les contreforts majestueux des montagnes de l\u2019Atlas au Maroc. Impr\u00e9gn\u00e9e d\u2019une richesse culturelle et d\u2019une architecture \u00e9blouissante, cette [&hellip;]<\/p>\n","protected":false},"author":20,"featured_media":0,"parent":114,"menu_order":0,"comment_status":"closed","ping_status":"closed","template":"","meta":{"inline_featured_image":false,"footnotes":""},"class_list":["post-5185","page","type-page","status-publish","hentry"],"_links":{"self":[{"href":"https:\/\/www.ksarighnda.com\/it\/wp-json\/wp\/v2\/pages\/5185","targetHints":{"allow":["GET"]}}],"collection":[{"href":"https:\/\/www.ksarighnda.com\/it\/wp-json\/wp\/v2\/pages"}],"about":[{"href":"https:\/\/www.ksarighnda.com\/it\/wp-json\/wp\/v2\/types\/page"}],"author":[{"embeddable":true,"href":"https:\/\/www.ksarighnda.com\/it\/wp-json\/wp\/v2\/users\/20"}],"replies":[{"embeddable":true,"href":"https:\/\/www.ksarighnda.com\/it\/wp-json\/wp\/v2\/comments?post=5185"}],"version-history":[{"count":7,"href":"https:\/\/www.ksarighnda.com\/it\/wp-json\/wp\/v2\/pages\/5185\/revisions"}],"predecessor-version":[{"id":5199,"href":"https:\/\/www.ksarighnda.com\/it\/wp-json\/wp\/v2\/pages\/5185\/revisions\/5199"}],"up":[{"embeddable":true,"href":"https:\/\/www.ksarighnda.com\/it\/wp-json\/wp\/v2\/pages\/114"}],"wp:attachment":[{"href":"https:\/\/www.ksarighnda.com\/it\/wp-json\/wp\/v2\/media?parent=5185"}],"curies":[{"name":"wp","href":"https:\/\/api.w.org\/{rel}","templated":true}]}}