{"id":4948,"date":"2025-07-14T07:19:24","date_gmt":"2025-07-14T06:19:24","guid":{"rendered":"https:\/\/www.ksarighnda.com\/?page_id=4948"},"modified":"2025-07-14T07:23:14","modified_gmt":"2025-07-14T06:23:14","slug":"i-trogloditi","status":"publish","type":"page","link":"https:\/\/www.ksarighnda.com\/it\/activites-alentours\/que-visiter-au-maroc\/les-troglodytes\/","title":{"rendered":"I Trogloditi"},"content":{"rendered":"<div data-elementor-type=\"wp-page\" data-elementor-id=\"4948\" class=\"elementor elementor-4948\" data-elementor-post-type=\"page\">\n\t\t\t\t<div class=\"elementor-element elementor-element-477596f e-con-full e-flex e-con e-parent\" data-id=\"477596f\" data-element_type=\"container\" data-e-type=\"container\" data-settings=\"{&quot;background_background&quot;:&quot;classic&quot;}\">\n\t\t<div class=\"elementor-element elementor-element-d702551 e-con-full entrance-clip-path-both e-flex e-con e-child\" data-id=\"d702551\" data-element_type=\"container\" data-e-type=\"container\">\n\t\t\t\t<div class=\"elementor-element elementor-element-fa491ed elementor-widget__width-inherit elementor-widget elementor-widget-image\" data-id=\"fa491ed\" data-element_type=\"widget\" data-e-type=\"widget\" data-widget_type=\"image.default\">\n\t\t\t\t<div class=\"elementor-widget-container\">\n\t\t\t\t\t\t\t\t\t\t\t\t\t\t\t<img fetchpriority=\"high\" decoding=\"async\" width=\"1600\" height=\"720\" src=\"https:\/\/www.ksarighnda.com\/wp-content\/uploads\/2025\/07\/TROGLODYTE-2.jpg\" class=\"attachment-full size-full wp-image-4921\" alt=\"\" srcset=\"https:\/\/www.ksarighnda.com\/wp-content\/uploads\/2025\/07\/TROGLODYTE-2.jpg 1600w, https:\/\/www.ksarighnda.com\/wp-content\/uploads\/2025\/07\/TROGLODYTE-2-300x135.jpg 300w, https:\/\/www.ksarighnda.com\/wp-content\/uploads\/2025\/07\/TROGLODYTE-2-1024x461.jpg 1024w, https:\/\/www.ksarighnda.com\/wp-content\/uploads\/2025\/07\/TROGLODYTE-2-768x346.jpg 768w, https:\/\/www.ksarighnda.com\/wp-content\/uploads\/2025\/07\/TROGLODYTE-2-1536x691.jpg 1536w, https:\/\/www.ksarighnda.com\/wp-content\/uploads\/2025\/07\/TROGLODYTE-2-18x8.jpg 18w\" sizes=\"(max-width: 1600px) 100vw, 1600px\" title=\"\">\t\t\t\t\t\t\t\t\t\t\t\t\t\t\t<\/div>\n\t\t\t\t<\/div>\n\t\t\t\t<\/div>\n\t\t\t\t<div class=\"elementor-element elementor-element-b988b92 entrance-bottom  titre-barre elementor-widget elementor-widget-heading\" data-id=\"b988b92\" data-element_type=\"widget\" data-e-type=\"widget\" data-widget_type=\"heading.default\">\n\t\t\t\t<div class=\"elementor-widget-container\">\n\t\t\t\t\t<span class=\"elementor-heading-title elementor-size-default\">Scoprire <\/span>\t\t\t\t<\/div>\n\t\t\t\t<\/div>\n\t\t\t\t<div class=\"elementor-element elementor-element-0587ec8 entrance-bottom elementor-widget elementor-widget-heading\" data-id=\"0587ec8\" data-element_type=\"widget\" data-e-type=\"widget\" data-widget_type=\"heading.default\">\n\t\t\t\t<div class=\"elementor-widget-container\">\n\t\t\t\t\t<h1 class=\"elementor-heading-title elementor-size-default\">i trogloditi<\/h1>\t\t\t\t<\/div>\n\t\t\t\t<\/div>\n\t\t\t\t<div class=\"elementor-element elementor-element-cb23156 btn-fleche-gauche entrance-bottom elementor-align-left elementor-widget elementor-widget-button\" data-id=\"cb23156\" data-element_type=\"widget\" data-e-type=\"widget\" data-widget_type=\"button.default\">\n\t\t\t\t<div class=\"elementor-widget-container\">\n\t\t\t\t\t\t\t\t\t<div class=\"elementor-button-wrapper\">\n\t\t\t\t\t<a class=\"elementor-button elementor-button-link elementor-size-sm\" href=\"https:\/\/www.ksarighnda.com\/it\/activites-alentours\/que-visiter-au-maroc\/\">\n\t\t\t\t\t\t<span class=\"elementor-button-content-wrapper\">\n\t\t\t\t\t\t<span class=\"elementor-button-icon\">\n\t\t\t\t<svg xmlns=\"http:\/\/www.w3.org\/2000\/svg\" viewbox=\"0 0 28 20\" width=\"28\" height=\"20\"><title>Gruppo 80-svg<\/title><style>\t\t.s0 { fill: none;stroke: #5c4932;stroke-linecap: round } \t<\/style><g id=\"Group 80\"><path id=\"Line 11\" fill-rule=\"evenodd\" class=\"s0\" d=\"m27 10h-26\"><\/path><path id=\"Vector 12\" fill-rule=\"evenodd\" class=\"s0\" d=\"m1 9.5c2-1.2 6.9-4.6 10.5-9\"><\/path><path id=\"Vector 13\" fill-rule=\"evenodd\" class=\"s0\" d=\"m1 10c2 1.2 6.9 4.6 10.5 9\"><\/path><\/g><\/svg>\t\t\t<\/span>\n\t\t\t\t\t\t\t\t\t<span class=\"elementor-button-text\">Ritorno ai dintorni<\/span>\n\t\t\t\t\t<\/span>\n\t\t\t\t\t<\/a>\n\t\t\t\t<\/div>\n\t\t\t\t\t\t\t\t<\/div>\n\t\t\t\t<\/div>\n\t\t\t\t<\/div>\n\t\t<div class=\"elementor-element elementor-element-671d852 e-con-full e-flex e-con e-parent\" data-id=\"671d852\" data-element_type=\"container\" data-e-type=\"container\">\n\t\t<div class=\"elementor-element elementor-element-91e8837 e-con-full e-flex e-con e-child\" data-id=\"91e8837\" data-element_type=\"container\" data-e-type=\"container\">\n\t\t<div class=\"elementor-element elementor-element-9ce792d e-con-full e-flex e-con e-child\" data-id=\"9ce792d\" data-element_type=\"container\" data-e-type=\"container\">\n\t\t\t\t<div class=\"elementor-element elementor-element-30d499d entrance-bottom elementor-widget elementor-widget-heading\" data-id=\"30d499d\" data-element_type=\"widget\" data-e-type=\"widget\" data-widget_type=\"heading.default\">\n\t\t\t\t<div class=\"elementor-widget-container\">\n\t\t\t\t\t<span class=\"elementor-heading-title elementor-size-default\">il rifugio<\/span>\t\t\t\t<\/div>\n\t\t\t\t<\/div>\n\t\t\t\t<div class=\"elementor-element elementor-element-5534c59 elementor-widget-laptop__width-initial entrance-bottom elementor-widget elementor-widget-text-editor\" data-id=\"5534c59\" data-element_type=\"widget\" data-e-type=\"widget\" data-widget_type=\"text-editor.default\">\n\t\t\t\t<div class=\"elementor-widget-container\">\n\t\t\t\t\t\t\t\t\t<p>A pochi chilometri dallo Ksar Ighnda, \u00e8 possibile visitare le prime abitazioni delle popolazioni della valle dell'Ounila.<\/p><p>Questi\u00a0<strong>grotte<\/strong>risalenti al IV secolo, furono occupate prima dagli Amazigh, poi dai Volubilis e, successivamente, dai Banu Hilal nel 1270. Oggi sono diventate un'importante attrazione turistica che attira visitatori da tutto il mondo.<\/p><p>Le abitazioni in grotta sono state utilizzate per secoli, in particolare dai Berberi. Queste comunit\u00e0 \u200dnomadi si sono adattate all'ambiente costruendo abitazioni che permettevano loro di sopravvivere in condizioni difficili. La loro architettura testimonia l'ingegno umano e la necessit\u00e0 di trovare rifugio in un ambiente spesso ostile.<\/p><p>Le case troglodite si trovano soprattutto nel sud del Marocco, in particolare in regioni come la Valle del Dades, il villaggio di Ait Ben \u200dHaddou e la zona di Zagora. Queste zone sono rinomate per i loro paesaggi mozzafiato e per il loro patrimonio architettonico unico. Questi villaggi, spesso arroccati su colline, presentano imponenti formazioni rocciose che<\/p><p>Le case troglodite del Marocco meridionale rappresentano una fusione unica di cultura, storia e adattamento umano. Queste abitazioni, che hanno superato la prova del tempo, non solo offrono un'affascinante visione dello stile di vita tradizionale marocchino, ma contribuiscono anche al turismo sostenibile. Scoprendo queste meraviglie, vi imbarcherete in un'avventura arricchente che onora il patrimonio africano e promuove un'architettura rispettosa dell'ambiente. Sentitevi liberi di esplorare queste case troglodite e di conoscere la ricchezza culturale del Marocco.<\/p>\t\t\t\t\t\t\t\t<\/div>\n\t\t\t\t<\/div>\n\t\t\t\t<\/div>\n\t\t\t\t<\/div>\n\t\t<div class=\"elementor-element elementor-element-1fd1aaf e-con-full e-flex e-con e-child\" data-id=\"1fd1aaf\" data-element_type=\"container\" data-e-type=\"container\">\n\t\t\t\t<div class=\"elementor-element elementor-element-cdb3650 elementor-widget__width-inherit entrance-right elementor-widget elementor-widget-image\" data-id=\"cdb3650\" data-element_type=\"widget\" data-e-type=\"widget\" data-widget_type=\"image.default\">\n\t\t\t\t<div class=\"elementor-widget-container\">\n\t\t\t\t\t\t\t\t\t\t\t\t\t\t\t<img decoding=\"async\" width=\"864\" height=\"1080\" src=\"https:\/\/www.ksarighnda.com\/wp-content\/uploads\/2025\/07\/troglodytes-3-e1752473985308.jpg\" class=\"attachment-full size-full wp-image-4949\" alt=\"\" srcset=\"https:\/\/www.ksarighnda.com\/wp-content\/uploads\/2025\/07\/troglodytes-3-e1752473985308.jpg 864w, https:\/\/www.ksarighnda.com\/wp-content\/uploads\/2025\/07\/troglodytes-3-e1752473985308-240x300.jpg 240w, https:\/\/www.ksarighnda.com\/wp-content\/uploads\/2025\/07\/troglodytes-3-e1752473985308-819x1024.jpg 819w, https:\/\/www.ksarighnda.com\/wp-content\/uploads\/2025\/07\/troglodytes-3-e1752473985308-768x960.jpg 768w, https:\/\/www.ksarighnda.com\/wp-content\/uploads\/2025\/07\/troglodytes-3-e1752473985308-10x12.jpg 10w\" sizes=\"(max-width: 864px) 100vw, 864px\" title=\"\">\t\t\t\t\t\t\t\t\t\t\t\t\t\t\t<\/div>\n\t\t\t\t<\/div>\n\t\t\t\t<\/div>\n\t\t\t\t<\/div>\n\t\t\t\t<\/div>","protected":false},"excerpt":{"rendered":"<p>D\u00e9couvrez les troglodytes Group 80-svg Retour aux alentours le refuge A quelques kilom\u00e8tres du Ksar Ighnda vous pouvez visiter les premieres habitations des populations de la vall\u00e9e de l&rsquo;Ounila. Ces\u00a0grottes, datant du IVe si\u00e8cle, ont d\u2019abord \u00e9t\u00e9 occup\u00e9es par les Amazigh, puis par les Volubilis et, plus tard, par les Banu Hilal en 1270. Aujourd\u2019hui, [&hellip;]<\/p>\n","protected":false},"author":20,"featured_media":0,"parent":114,"menu_order":0,"comment_status":"closed","ping_status":"closed","template":"","meta":{"inline_featured_image":false,"footnotes":""},"class_list":["post-4948","page","type-page","status-publish","hentry"],"_links":{"self":[{"href":"https:\/\/www.ksarighnda.com\/it\/wp-json\/wp\/v2\/pages\/4948","targetHints":{"allow":["GET"]}}],"collection":[{"href":"https:\/\/www.ksarighnda.com\/it\/wp-json\/wp\/v2\/pages"}],"about":[{"href":"https:\/\/www.ksarighnda.com\/it\/wp-json\/wp\/v2\/types\/page"}],"author":[{"embeddable":true,"href":"https:\/\/www.ksarighnda.com\/it\/wp-json\/wp\/v2\/users\/20"}],"replies":[{"embeddable":true,"href":"https:\/\/www.ksarighnda.com\/it\/wp-json\/wp\/v2\/comments?post=4948"}],"version-history":[{"count":4,"href":"https:\/\/www.ksarighnda.com\/it\/wp-json\/wp\/v2\/pages\/4948\/revisions"}],"predecessor-version":[{"id":4954,"href":"https:\/\/www.ksarighnda.com\/it\/wp-json\/wp\/v2\/pages\/4948\/revisions\/4954"}],"up":[{"embeddable":true,"href":"https:\/\/www.ksarighnda.com\/it\/wp-json\/wp\/v2\/pages\/114"}],"wp:attachment":[{"href":"https:\/\/www.ksarighnda.com\/it\/wp-json\/wp\/v2\/media?parent=4948"}],"curies":[{"name":"wp","href":"https:\/\/api.w.org\/{rel}","templated":true}]}}