{"id":4837,"date":"2025-07-09T13:50:10","date_gmt":"2025-07-09T12:50:10","guid":{"rendered":"https:\/\/www.ksarighnda.com\/?page_id=4837"},"modified":"2025-08-08T18:50:07","modified_gmt":"2025-08-08T17:50:07","slug":"oued-el-noujoum","status":"publish","type":"page","link":"https:\/\/www.ksarighnda.com\/it\/activites-alentours\/que-visiter-au-maroc\/oued-el-noujoum\/","title":{"rendered":"Oued El Noujoum"},"content":{"rendered":"<div data-elementor-type=\"wp-page\" data-elementor-id=\"4837\" class=\"elementor elementor-4837\" data-elementor-post-type=\"page\">\n\t\t\t\t<div class=\"elementor-element elementor-element-477596f e-con-full e-flex e-con e-parent\" data-id=\"477596f\" data-element_type=\"container\" data-e-type=\"container\" data-settings=\"{&quot;background_background&quot;:&quot;classic&quot;}\">\n\t\t<div class=\"elementor-element elementor-element-d702551 e-con-full entrance-clip-path-both e-flex e-con e-child\" data-id=\"d702551\" data-element_type=\"container\" data-e-type=\"container\">\n\t\t\t\t<div class=\"elementor-element elementor-element-fa491ed elementor-widget__width-inherit elementor-widget elementor-widget-image\" data-id=\"fa491ed\" data-element_type=\"widget\" data-e-type=\"widget\" data-widget_type=\"image.default\">\n\t\t\t\t<div class=\"elementor-widget-container\">\n\t\t\t\t\t\t\t\t\t\t\t\t\t\t\t<img fetchpriority=\"high\" decoding=\"async\" width=\"1920\" height=\"2560\" src=\"https:\/\/www.ksarighnda.com\/wp-content\/uploads\/2025\/07\/ELNOUJOUM-1-1-scaled.jpg\" class=\"attachment-full size-full wp-image-4841\" alt=\"\" srcset=\"https:\/\/www.ksarighnda.com\/wp-content\/uploads\/2025\/07\/ELNOUJOUM-1-1-scaled.jpg 1920w, https:\/\/www.ksarighnda.com\/wp-content\/uploads\/2025\/07\/ELNOUJOUM-1-1-225x300.jpg 225w, https:\/\/www.ksarighnda.com\/wp-content\/uploads\/2025\/07\/ELNOUJOUM-1-1-768x1024.jpg 768w, https:\/\/www.ksarighnda.com\/wp-content\/uploads\/2025\/07\/ELNOUJOUM-1-1-1152x1536.jpg 1152w, https:\/\/www.ksarighnda.com\/wp-content\/uploads\/2025\/07\/ELNOUJOUM-1-1-1536x2048.jpg 1536w, https:\/\/www.ksarighnda.com\/wp-content\/uploads\/2025\/07\/ELNOUJOUM-1-1-9x12.jpg 9w\" sizes=\"(max-width: 1920px) 100vw, 1920px\" title=\"\">\t\t\t\t\t\t\t\t\t\t\t\t\t\t\t<\/div>\n\t\t\t\t<\/div>\n\t\t\t\t<\/div>\n\t\t\t\t<div class=\"elementor-element elementor-element-b988b92 entrance-bottom  titre-barre elementor-widget elementor-widget-heading\" data-id=\"b988b92\" data-element_type=\"widget\" data-e-type=\"widget\" data-widget_type=\"heading.default\">\n\t\t\t\t<div class=\"elementor-widget-container\">\n\t\t\t\t\t<span class=\"elementor-heading-title elementor-size-default\">Scoprire <\/span>\t\t\t\t<\/div>\n\t\t\t\t<\/div>\n\t\t\t\t<div class=\"elementor-element elementor-element-0587ec8 entrance-bottom elementor-widget elementor-widget-heading\" data-id=\"0587ec8\" data-element_type=\"widget\" data-e-type=\"widget\" data-widget_type=\"heading.default\">\n\t\t\t\t<div class=\"elementor-widget-container\">\n\t\t\t\t\t<h1 class=\"elementor-heading-title elementor-size-default\">wadi el noujoum<\/h1>\t\t\t\t<\/div>\n\t\t\t\t<\/div>\n\t\t\t\t<div class=\"elementor-element elementor-element-cb23156 btn-fleche-gauche entrance-bottom elementor-align-left elementor-widget elementor-widget-button\" data-id=\"cb23156\" data-element_type=\"widget\" data-e-type=\"widget\" data-widget_type=\"button.default\">\n\t\t\t\t<div class=\"elementor-widget-container\">\n\t\t\t\t\t\t\t\t\t<div class=\"elementor-button-wrapper\">\n\t\t\t\t\t<a class=\"elementor-button elementor-button-link elementor-size-sm\" href=\"https:\/\/www.ksarighnda.com\/it\/activites-alentours\/que-visiter-au-maroc\/\">\n\t\t\t\t\t\t<span class=\"elementor-button-content-wrapper\">\n\t\t\t\t\t\t<span class=\"elementor-button-icon\">\n\t\t\t\t<svg xmlns=\"http:\/\/www.w3.org\/2000\/svg\" viewbox=\"0 0 28 20\" width=\"28\" height=\"20\"><title>Gruppo 80-svg<\/title><style>\t\t.s0 { fill: none;stroke: #5c4932;stroke-linecap: round } \t<\/style><g id=\"Group 80\"><path id=\"Line 11\" fill-rule=\"evenodd\" class=\"s0\" d=\"m27 10h-26\"><\/path><path id=\"Vector 12\" fill-rule=\"evenodd\" class=\"s0\" d=\"m1 9.5c2-1.2 6.9-4.6 10.5-9\"><\/path><path id=\"Vector 13\" fill-rule=\"evenodd\" class=\"s0\" d=\"m1 10c2 1.2 6.9 4.6 10.5 9\"><\/path><\/g><\/svg>\t\t\t<\/span>\n\t\t\t\t\t\t\t\t\t<span class=\"elementor-button-text\">Ritorno ai dintorni<\/span>\n\t\t\t\t\t<\/span>\n\t\t\t\t\t<\/a>\n\t\t\t\t<\/div>\n\t\t\t\t\t\t\t\t<\/div>\n\t\t\t\t<\/div>\n\t\t\t\t<\/div>\n\t\t<div class=\"elementor-element elementor-element-671d852 e-con-full e-flex e-con e-parent\" data-id=\"671d852\" data-element_type=\"container\" data-e-type=\"container\">\n\t\t<div class=\"elementor-element elementor-element-91e8837 e-con-full e-flex e-con e-child\" data-id=\"91e8837\" data-element_type=\"container\" data-e-type=\"container\">\n\t\t<div class=\"elementor-element elementor-element-9ce792d e-con-full e-flex e-con e-child\" data-id=\"9ce792d\" data-element_type=\"container\" data-e-type=\"container\">\n\t\t\t\t<div class=\"elementor-element elementor-element-a8aac88 entrance-bottom elementor-widget-laptop__width-initial elementor-widget elementor-widget-heading\" data-id=\"a8aac88\" data-element_type=\"widget\" data-e-type=\"widget\" data-widget_type=\"heading.default\">\n\t\t\t\t<div class=\"elementor-widget-container\">\n\t\t\t\t\t<h2 class=\"elementor-heading-title elementor-size-default\">Un momento fuori dal tempo in cui regna il silenzio<\/h2>\t\t\t\t<\/div>\n\t\t\t\t<\/div>\n\t\t\t\t<div class=\"elementor-element elementor-element-5534c59 elementor-widget-laptop__width-initial entrance-bottom elementor-widget elementor-widget-text-editor\" data-id=\"5534c59\" data-element_type=\"widget\" data-e-type=\"widget\" data-widget_type=\"text-editor.default\">\n\t\t\t\t<div class=\"elementor-widget-container\">\n\t\t\t\t\t\t\t\t\t<p>Nel piccolo villaggio di Tiguirt, a 10 km da Ouarzazate, si trova un luogo fuori dal mondo e dal tempo. Vi si accede attraverso un sentiero che scende nel letto di un fiume spesso in secca. In questo villaggio di poche case vive una sola famiglia.  Una moschea si affaccia sul fiume. Giardini e palme da dattero costeggiano il fiume. Qui si pu\u00f2 vedere un gregge di capre. Una passeggiata fino alla sorgente \u00e8 d'obbligo per scoprire questo scenario maestoso.<\/p><p>\u00c8 possibile mangiare nell'ecolodge per un'immersione nelle tradizioni amazigh del Marocco: la sua gastronomia, la sua architettura di terra, la sua arte decorativa.<\/p>\t\t\t\t\t\t\t\t<\/div>\n\t\t\t\t<\/div>\n\t\t\t\t<\/div>\n\t\t\t\t<\/div>\n\t\t<div class=\"elementor-element elementor-element-1fd1aaf e-con-full e-flex e-con e-child\" data-id=\"1fd1aaf\" data-element_type=\"container\" data-e-type=\"container\">\n\t\t\t\t<div class=\"elementor-element elementor-element-cdb3650 elementor-widget__width-inherit entrance-right elementor-widget elementor-widget-image\" data-id=\"cdb3650\" data-element_type=\"widget\" data-e-type=\"widget\" data-widget_type=\"image.default\">\n\t\t\t\t<div class=\"elementor-widget-container\">\n\t\t\t\t\t\t\t\t\t\t\t\t\t\t\t<img decoding=\"async\" width=\"1200\" height=\"1600\" src=\"https:\/\/www.ksarighnda.com\/wp-content\/uploads\/2025\/07\/ELNOUJOUM-2.jpg\" class=\"attachment-full size-full wp-image-4839\" alt=\"\" srcset=\"https:\/\/www.ksarighnda.com\/wp-content\/uploads\/2025\/07\/ELNOUJOUM-2.jpg 1200w, https:\/\/www.ksarighnda.com\/wp-content\/uploads\/2025\/07\/ELNOUJOUM-2-225x300.jpg 225w, https:\/\/www.ksarighnda.com\/wp-content\/uploads\/2025\/07\/ELNOUJOUM-2-768x1024.jpg 768w, https:\/\/www.ksarighnda.com\/wp-content\/uploads\/2025\/07\/ELNOUJOUM-2-1152x1536.jpg 1152w, https:\/\/www.ksarighnda.com\/wp-content\/uploads\/2025\/07\/ELNOUJOUM-2-9x12.jpg 9w\" sizes=\"(max-width: 1200px) 100vw, 1200px\" title=\"\">\t\t\t\t\t\t\t\t\t\t\t\t\t\t\t<\/div>\n\t\t\t\t<\/div>\n\t\t\t\t<\/div>\n\t\t\t\t<\/div>\n\t\t<div class=\"elementor-element elementor-element-7664dff e-con-full e-flex e-con e-parent\" data-id=\"7664dff\" data-element_type=\"container\" data-e-type=\"container\">\n\t\t<div class=\"elementor-element elementor-element-bcb5931 e-con-full e-flex e-con e-child\" data-id=\"bcb5931\" data-element_type=\"container\" data-e-type=\"container\">\n\t\t\t\t<div class=\"elementor-element elementor-element-62c8995 elementor-widget__width-inherit entrance-left elementor-widget elementor-widget-image\" data-id=\"62c8995\" data-element_type=\"widget\" data-e-type=\"widget\" data-widget_type=\"image.default\">\n\t\t\t\t<div class=\"elementor-widget-container\">\n\t\t\t\t\t\t\t\t\t\t\t\t\t\t\t<img decoding=\"async\" width=\"1200\" height=\"1600\" src=\"https:\/\/www.ksarighnda.com\/wp-content\/uploads\/2025\/07\/ELNOUJOUM-3.jpg\" class=\"attachment-full size-full wp-image-4840\" alt=\"\" srcset=\"https:\/\/www.ksarighnda.com\/wp-content\/uploads\/2025\/07\/ELNOUJOUM-3.jpg 1200w, https:\/\/www.ksarighnda.com\/wp-content\/uploads\/2025\/07\/ELNOUJOUM-3-225x300.jpg 225w, https:\/\/www.ksarighnda.com\/wp-content\/uploads\/2025\/07\/ELNOUJOUM-3-768x1024.jpg 768w, https:\/\/www.ksarighnda.com\/wp-content\/uploads\/2025\/07\/ELNOUJOUM-3-1152x1536.jpg 1152w, https:\/\/www.ksarighnda.com\/wp-content\/uploads\/2025\/07\/ELNOUJOUM-3-9x12.jpg 9w\" sizes=\"(max-width: 1200px) 100vw, 1200px\" title=\"\">\t\t\t\t\t\t\t\t\t\t\t\t\t\t\t<\/div>\n\t\t\t\t<\/div>\n\t\t\t\t<\/div>\n\t\t<div class=\"elementor-element elementor-element-86c7d6b e-con-full e-flex e-con e-child\" data-id=\"86c7d6b\" data-element_type=\"container\" data-e-type=\"container\">\n\t\t<div class=\"elementor-element elementor-element-1188f5e e-con-full e-flex e-con e-child\" data-id=\"1188f5e\" data-element_type=\"container\" data-e-type=\"container\">\n\t\t\t\t<div class=\"elementor-element elementor-element-e513251 entrance-bottom elementor-widget elementor-widget-heading\" data-id=\"e513251\" data-element_type=\"widget\" data-e-type=\"widget\" data-widget_type=\"heading.default\">\n\t\t\t\t<div class=\"elementor-widget-container\">\n\t\t\t\t\t<h2 class=\"elementor-heading-title elementor-size-default\">Un incontro con la natura delle oasi<\/h2>\t\t\t\t<\/div>\n\t\t\t\t<\/div>\n\t\t\t\t<div class=\"elementor-element elementor-element-e189f1d elementor-widget-laptop__width-initial entrance-bottom elementor-widget elementor-widget-text-editor\" data-id=\"e189f1d\" data-element_type=\"widget\" data-e-type=\"widget\" data-widget_type=\"text-editor.default\">\n\t\t\t\t<div class=\"elementor-widget-container\">\n\t\t\t\t\t\t\t\t\t<p>Un'oasi di pace vi attende per passeggiare nei giardini all'ombra delle palme e fare il pieno di energia. Una visita qui sar\u00e0 caratterizzata da calma e lentezza, fonte di serenit\u00e0 e rivitalizzazione.<\/p><p>Un momento lontano dal mondo, dove regna il silenzio, dedicato al relax e al ringiovanimento.<\/p>\t\t\t\t\t\t\t\t<\/div>\n\t\t\t\t<\/div>\n\t\t\t\t<\/div>\n\t\t\t\t<\/div>\n\t\t\t\t<\/div>\n\t\t\t\t<\/div>","protected":false},"excerpt":{"rendered":"<p>D\u00e9couvrez l&rsquo;oued el noujoum Group 80-svg Retour aux alentours Un moment hors du temps o\u00f9 r\u00e8gne le silence C\u2019est sur le territoire du petit village de Tiguirt, \u00e0 10km de Ouarzazate que se trouve un lieu hors du monde et hors du temps. L&rsquo;acc\u00e9s se fait par une piste qui descent dans le lit d&rsquo;une [&hellip;]<\/p>\n","protected":false},"author":20,"featured_media":0,"parent":114,"menu_order":0,"comment_status":"closed","ping_status":"closed","template":"","meta":{"inline_featured_image":false,"footnotes":""},"class_list":["post-4837","page","type-page","status-publish","hentry"],"_links":{"self":[{"href":"https:\/\/www.ksarighnda.com\/it\/wp-json\/wp\/v2\/pages\/4837","targetHints":{"allow":["GET"]}}],"collection":[{"href":"https:\/\/www.ksarighnda.com\/it\/wp-json\/wp\/v2\/pages"}],"about":[{"href":"https:\/\/www.ksarighnda.com\/it\/wp-json\/wp\/v2\/types\/page"}],"author":[{"embeddable":true,"href":"https:\/\/www.ksarighnda.com\/it\/wp-json\/wp\/v2\/users\/20"}],"replies":[{"embeddable":true,"href":"https:\/\/www.ksarighnda.com\/it\/wp-json\/wp\/v2\/comments?post=4837"}],"version-history":[{"count":10,"href":"https:\/\/www.ksarighnda.com\/it\/wp-json\/wp\/v2\/pages\/4837\/revisions"}],"predecessor-version":[{"id":5486,"href":"https:\/\/www.ksarighnda.com\/it\/wp-json\/wp\/v2\/pages\/4837\/revisions\/5486"}],"up":[{"embeddable":true,"href":"https:\/\/www.ksarighnda.com\/it\/wp-json\/wp\/v2\/pages\/114"}],"wp:attachment":[{"href":"https:\/\/www.ksarighnda.com\/it\/wp-json\/wp\/v2\/media?parent=4837"}],"curies":[{"name":"wp","href":"https:\/\/api.w.org\/{rel}","templated":true}]}}