{"id":4777,"date":"2025-07-08T06:53:38","date_gmt":"2025-07-08T05:53:38","guid":{"rendered":"https:\/\/www.ksarighnda.com\/?page_id=4777"},"modified":"2025-08-04T17:25:28","modified_gmt":"2025-08-04T16:25:28","slug":"mhamid-la-porta-del-deserto","status":"publish","type":"page","link":"https:\/\/www.ksarighnda.com\/it\/activites-alentours\/excursions\/mhamid-la-porte-du-desert\/","title":{"rendered":"M'HAMID la porta del deserto"},"content":{"rendered":"<div data-elementor-type=\"wp-page\" data-elementor-id=\"4777\" class=\"elementor elementor-4777\" data-elementor-post-type=\"page\">\n\t\t\t\t<div class=\"elementor-element elementor-element-280cb79 e-con-full e-flex e-con e-parent\" data-id=\"280cb79\" data-element_type=\"container\" data-e-type=\"container\" data-settings=\"{&quot;background_background&quot;:&quot;classic&quot;}\">\n\t\t<div class=\"elementor-element elementor-element-733b7ac e-con-full entrance-clip-path-both e-flex e-con e-child\" data-id=\"733b7ac\" data-element_type=\"container\" data-e-type=\"container\">\n\t\t\t\t<div class=\"elementor-element elementor-element-508cee1 elementor-widget__width-inherit elementor-widget elementor-widget-image\" data-id=\"508cee1\" data-element_type=\"widget\" data-e-type=\"widget\" data-widget_type=\"image.default\">\n\t\t\t\t<div class=\"elementor-widget-container\">\n\t\t\t\t\t\t\t\t\t\t\t\t\t\t\t<img fetchpriority=\"high\" decoding=\"async\" width=\"1000\" height=\"666\" src=\"https:\/\/www.ksarighnda.com\/wp-content\/uploads\/2024\/11\/trek-et-randonne-dans-le-desert.jpg\" class=\"attachment-full size-full wp-image-4106\" alt=\"\" srcset=\"https:\/\/www.ksarighnda.com\/wp-content\/uploads\/2024\/11\/trek-et-randonne-dans-le-desert.jpg 1000w, https:\/\/www.ksarighnda.com\/wp-content\/uploads\/2024\/11\/trek-et-randonne-dans-le-desert-300x200.jpg 300w, https:\/\/www.ksarighnda.com\/wp-content\/uploads\/2024\/11\/trek-et-randonne-dans-le-desert-768x511.jpg 768w, https:\/\/www.ksarighnda.com\/wp-content\/uploads\/2024\/11\/trek-et-randonne-dans-le-desert-18x12.jpg 18w\" sizes=\"(max-width: 1000px) 100vw, 1000px\" title=\"\">\t\t\t\t\t\t\t\t\t\t\t\t\t\t\t<\/div>\n\t\t\t\t<\/div>\n\t\t\t\t<\/div>\n\t\t\t\t<div class=\"elementor-element elementor-element-400074c entrance-bottom  titre-barre elementor-widget elementor-widget-heading\" data-id=\"400074c\" data-element_type=\"widget\" data-e-type=\"widget\" data-widget_type=\"heading.default\">\n\t\t\t\t<div class=\"elementor-widget-container\">\n\t\t\t\t\t<span class=\"elementor-heading-title elementor-size-default\">Scoprire <\/span>\t\t\t\t<\/div>\n\t\t\t\t<\/div>\n\t\t\t\t<div class=\"elementor-element elementor-element-5849029 entrance-bottom elementor-widget elementor-widget-heading\" data-id=\"5849029\" data-element_type=\"widget\" data-e-type=\"widget\" data-widget_type=\"heading.default\">\n\t\t\t\t<div class=\"elementor-widget-container\">\n\t\t\t\t\t<h1 class=\"elementor-heading-title elementor-size-default\">M'HAMID ULTIMO VILLAGGIO PRIMA DEL DESERTO <\/h1>\t\t\t\t<\/div>\n\t\t\t\t<\/div>\n\t\t\t\t<div class=\"elementor-element elementor-element-80b97dc btn-fleche-gauche entrance-bottom elementor-align-left elementor-widget elementor-widget-button\" data-id=\"80b97dc\" data-element_type=\"widget\" data-e-type=\"widget\" data-widget_type=\"button.default\">\n\t\t\t\t<div class=\"elementor-widget-container\">\n\t\t\t\t\t\t\t\t\t<div class=\"elementor-button-wrapper\">\n\t\t\t\t\t<a class=\"elementor-button elementor-button-link elementor-size-sm\" href=\"https:\/\/www.ksarighnda.com\/it\/activites-alentours\/que-visiter-au-maroc\/\">\n\t\t\t\t\t\t<span class=\"elementor-button-content-wrapper\">\n\t\t\t\t\t\t<span class=\"elementor-button-icon\">\n\t\t\t\t<svg xmlns=\"http:\/\/www.w3.org\/2000\/svg\" viewbox=\"0 0 28 20\" width=\"28\" height=\"20\"><title>Gruppo 80-svg<\/title><style>\t\t.s0 { fill: none;stroke: #5c4932;stroke-linecap: round } \t<\/style><g id=\"Group 80\"><path id=\"Line 11\" fill-rule=\"evenodd\" class=\"s0\" d=\"m27 10h-26\"><\/path><path id=\"Vector 12\" fill-rule=\"evenodd\" class=\"s0\" d=\"m1 9.5c2-1.2 6.9-4.6 10.5-9\"><\/path><path id=\"Vector 13\" fill-rule=\"evenodd\" class=\"s0\" d=\"m1 10c2 1.2 6.9 4.6 10.5 9\"><\/path><\/g><\/svg>\t\t\t<\/span>\n\t\t\t\t\t\t\t\t\t<span class=\"elementor-button-text\">Ritorno ai dintorni<\/span>\n\t\t\t\t\t<\/span>\n\t\t\t\t\t<\/a>\n\t\t\t\t<\/div>\n\t\t\t\t\t\t\t\t<\/div>\n\t\t\t\t<\/div>\n\t\t\t\t<\/div>\n\t\t<div class=\"elementor-element elementor-element-67240b0 e-con-full e-flex e-con e-parent\" data-id=\"67240b0\" data-element_type=\"container\" data-e-type=\"container\">\n\t\t<div class=\"elementor-element elementor-element-49c5494 e-con-full e-flex e-con e-child\" data-id=\"49c5494\" data-element_type=\"container\" data-e-type=\"container\">\n\t\t<div class=\"elementor-element elementor-element-0119585 e-con-full e-flex e-con e-child\" data-id=\"0119585\" data-element_type=\"container\" data-e-type=\"container\">\n\t\t\t\t<div class=\"elementor-element elementor-element-01e9723 entrance-bottom elementor-widget elementor-widget-heading\" data-id=\"01e9723\" data-element_type=\"widget\" data-e-type=\"widget\" data-widget_type=\"heading.default\">\n\t\t\t\t<div class=\"elementor-widget-container\">\n\t\t\t\t\t<h2 class=\"elementor-heading-title elementor-size-default\">M'HAMID<\/h2>\t\t\t\t<\/div>\n\t\t\t\t<\/div>\n\t\t\t\t<div class=\"elementor-element elementor-element-5673309 entrance-bottom elementor-widget elementor-widget-heading\" data-id=\"5673309\" data-element_type=\"widget\" data-e-type=\"widget\" data-widget_type=\"heading.default\">\n\t\t\t\t<div class=\"elementor-widget-container\">\n\t\t\t\t\t<span class=\"elementor-heading-title elementor-size-default\">la porta del deserto<\/span>\t\t\t\t<\/div>\n\t\t\t\t<\/div>\n\t\t\t\t<div class=\"elementor-element elementor-element-71a67a4 elementor-widget-laptop__width-initial entrance-bottom elementor-widget elementor-widget-text-editor\" data-id=\"71a67a4\" data-element_type=\"widget\" data-e-type=\"widget\" data-widget_type=\"text-editor.default\">\n\t\t\t\t<div class=\"elementor-widget-container\">\n\t\t\t\t\t\t\t\t\t<p><b>M'Hamid El Ghizlane<\/b>\u00a0 precedentemente denominato <b>Targala<\/b>\u00a0<sup id=\"cite_ref-geonames_1-0\" class=\"reference\"><\/sup>e per errore di mediazione taragalt, \u00e8 una <a title=\"Comune (Marocco)\" href=\"https:\/\/fr.wikipedia.org\/wiki\/Commune_(Maroc)\" rel=\"nofollow noopener\" target=\"_blank\">comune<\/a>\u00a0rurale\u00a0<a title=\"Marocco\" href=\"https:\/\/fr.wikipedia.org\/wiki\/Maroc\" rel=\"nofollow noopener\" target=\"_blank\">Donna marocchina<\/a>\u00a0del\u00a0<a title=\"Provincia di Zagora\" href=\"https:\/\/fr.wikipedia.org\/wiki\/Province_de_Zagora\" rel=\"nofollow noopener\" target=\"_blank\">Provincia di Zagora<\/a>nella regione di Dr\u00e2a-Tafilalet, ai margini del Sahara, al confine tra Algeria e Marocco.<\/p>\n<p>Il suo territorio, che un tempo era uno scalo sul\u00a0<a title=\"Commercio trans-sahariano\" href=\"https:\/\/fr.wikipedia.org\/wiki\/Commerce_transsaharien\" rel=\"nofollow noopener\" target=\"_blank\">commercio trans-sahariano<\/a>\u00e8 diventata una zona turistica, in particolare il punto di partenza per le escursioni nel deserto, in particolare alle dune del<a class=\"mw-redirect\" title=\"Erg Chegaga\" href=\"https:\/\/fr.wikipedia.org\/wiki\/Erg_Chegaga\" rel=\"nofollow noopener\" target=\"_blank\">erg Chegaga.  Si pensa che il suo nome significhi \"la pianura delle gazzelle\", <\/a>\u00e8 possibile osservare <a class=\"mw-redirect\" title=\"Gazzelle\" href=\"https:\/\/fr.wikipedia.org\/wiki\/Gazelles\" rel=\"nofollow noopener\" target=\"_blank\">gazzelle<\/a>\u00a0nel loro ambiente naturale.<\/p>\n<p>Fa parte di un\u00a0<a title=\"Nomadismo\" href=\"https:\/\/fr.wikipedia.org\/wiki\/Nomadisme\" rel=\"nofollow noopener\" target=\"_blank\">nomadismo <\/a><sup id=\"cite_ref-4\" class=\"reference\"><\/sup>ad un'altitudine di circa 500 metri.\u00a0<abbr class=\"abbr\" title=\"metro\">m<\/abbr><sup id=\"cite_ref-geonames_1-1\" class=\"reference\"><\/sup>a\u00a0<a title=\"Oasi in Marocco\" href=\"https:\/\/fr.wikipedia.org\/wiki\/Oasis_au_Maroc\" rel=\"nofollow noopener\" target=\"_blank\">oasi<\/a>con un <a title=\"Palmeraie\" href=\"https:\/\/fr.wikipedia.org\/wiki\/Palmeraie\" rel=\"nofollow noopener\" target=\"_blank\">palmeto<\/a> che si estende fino all'oued Draa.<\/p>\t\t\t\t\t\t\t\t<\/div>\n\t\t\t\t<\/div>\n\t\t\t\t<\/div>\n\t\t\t\t<\/div>\n\t\t<div class=\"elementor-element elementor-element-4036eec e-con-full e-flex e-con e-child\" data-id=\"4036eec\" data-element_type=\"container\" data-e-type=\"container\">\n\t\t\t\t<div class=\"elementor-element elementor-element-e21863a elementor-widget__width-inherit entrance-right elementor-widget elementor-widget-image\" data-id=\"e21863a\" data-element_type=\"widget\" data-e-type=\"widget\" data-widget_type=\"image.default\">\n\t\t\t\t<div class=\"elementor-widget-container\">\n\t\t\t\t\t\t\t\t\t\t\t\t\t\t\t<img decoding=\"async\" width=\"2048\" height=\"1536\" src=\"https:\/\/www.ksarighnda.com\/wp-content\/uploads\/2025\/07\/IMG-20230505-WA0029.jpg\" class=\"attachment-full size-full wp-image-4779\" alt=\"\" srcset=\"https:\/\/www.ksarighnda.com\/wp-content\/uploads\/2025\/07\/IMG-20230505-WA0029.jpg 2048w, https:\/\/www.ksarighnda.com\/wp-content\/uploads\/2025\/07\/IMG-20230505-WA0029-300x225.jpg 300w, https:\/\/www.ksarighnda.com\/wp-content\/uploads\/2025\/07\/IMG-20230505-WA0029-1024x768.jpg 1024w, https:\/\/www.ksarighnda.com\/wp-content\/uploads\/2025\/07\/IMG-20230505-WA0029-768x576.jpg 768w, https:\/\/www.ksarighnda.com\/wp-content\/uploads\/2025\/07\/IMG-20230505-WA0029-1536x1152.jpg 1536w, https:\/\/www.ksarighnda.com\/wp-content\/uploads\/2025\/07\/IMG-20230505-WA0029-16x12.jpg 16w\" sizes=\"(max-width: 2048px) 100vw, 2048px\" title=\"\">\t\t\t\t\t\t\t\t\t\t\t\t\t\t\t<\/div>\n\t\t\t\t<\/div>\n\t\t\t\t<\/div>\n\t\t\t\t<\/div>\n\t\t<div class=\"elementor-element elementor-element-a1503d0 e-con-full e-flex e-con e-parent\" data-id=\"a1503d0\" data-element_type=\"container\" data-e-type=\"container\">\n\t\t<div class=\"elementor-element elementor-element-27c6639 e-con-full e-flex e-con e-child\" data-id=\"27c6639\" data-element_type=\"container\" data-e-type=\"container\">\n\t\t\t\t<div class=\"elementor-element elementor-element-057dcd0 elementor-widget__width-inherit entrance-left elementor-widget elementor-widget-image\" data-id=\"057dcd0\" data-element_type=\"widget\" data-e-type=\"widget\" data-widget_type=\"image.default\">\n\t\t\t\t<div class=\"elementor-widget-container\">\n\t\t\t\t\t\t\t\t\t\t\t\t\t\t\t<img decoding=\"async\" width=\"2048\" height=\"1536\" src=\"https:\/\/www.ksarighnda.com\/wp-content\/uploads\/2025\/07\/IMG-20230505-WA0042.jpg\" class=\"attachment-full size-full wp-image-4778\" alt=\"\" srcset=\"https:\/\/www.ksarighnda.com\/wp-content\/uploads\/2025\/07\/IMG-20230505-WA0042.jpg 2048w, https:\/\/www.ksarighnda.com\/wp-content\/uploads\/2025\/07\/IMG-20230505-WA0042-300x225.jpg 300w, https:\/\/www.ksarighnda.com\/wp-content\/uploads\/2025\/07\/IMG-20230505-WA0042-1024x768.jpg 1024w, https:\/\/www.ksarighnda.com\/wp-content\/uploads\/2025\/07\/IMG-20230505-WA0042-768x576.jpg 768w, https:\/\/www.ksarighnda.com\/wp-content\/uploads\/2025\/07\/IMG-20230505-WA0042-1536x1152.jpg 1536w, https:\/\/www.ksarighnda.com\/wp-content\/uploads\/2025\/07\/IMG-20230505-WA0042-16x12.jpg 16w\" sizes=\"(max-width: 2048px) 100vw, 2048px\" title=\"\">\t\t\t\t\t\t\t\t\t\t\t\t\t\t\t<\/div>\n\t\t\t\t<\/div>\n\t\t\t\t<\/div>\n\t\t<div class=\"elementor-element elementor-element-159af14 e-con-full e-flex e-con e-child\" data-id=\"159af14\" data-element_type=\"container\" data-e-type=\"container\">\n\t\t<div class=\"elementor-element elementor-element-017dc56 e-con-full e-flex e-con e-child\" data-id=\"017dc56\" data-element_type=\"container\" data-e-type=\"container\">\n\t\t\t\t<div class=\"elementor-element elementor-element-b3307b4 entrance-bottom elementor-widget elementor-widget-heading\" data-id=\"b3307b4\" data-element_type=\"widget\" data-e-type=\"widget\" data-widget_type=\"heading.default\">\n\t\t\t\t<div class=\"elementor-widget-container\">\n\t\t\t\t\t<h2 class=\"elementor-heading-title elementor-size-default\">storia<\/h2>\t\t\t\t<\/div>\n\t\t\t\t<\/div>\n\t\t\t\t<div class=\"elementor-element elementor-element-0a0dc57 entrance-bottom elementor-widget elementor-widget-heading\" data-id=\"0a0dc57\" data-element_type=\"widget\" data-e-type=\"widget\" data-widget_type=\"heading.default\">\n\t\t\t\t<div class=\"elementor-widget-container\">\n\t\t\t\t\t<span class=\"elementor-heading-title elementor-size-default\">al tempo delle carovane<\/span>\t\t\t\t<\/div>\n\t\t\t\t<\/div>\n\t\t\t\t<div class=\"elementor-element elementor-element-7199959 elementor-widget-laptop__width-initial entrance-bottom elementor-widget elementor-widget-text-editor\" data-id=\"7199959\" data-element_type=\"widget\" data-e-type=\"widget\" data-widget_type=\"text-editor.default\">\n\t\t\t\t<div class=\"elementor-widget-container\">\n\t\t\t\t\t\t\t\t\t<p>Lo ksar di M'hamid risale al periodo\u00a0<a title=\"Saadiani\" href=\"https:\/\/fr.wikipedia.org\/wiki\/Saadiens\" rel=\"nofollow noopener\" target=\"_blank\">saadienne<\/a>Lo ksar si trovava nell'ultima area abitabile prima di sprofondare nelle regioni totalmente nomadi e disabitate. Lo ksar di M'hamid \u00e8 stato descritto dal famoso esploratore\u00a0<a title=\"Ren\u00e9 Cailli\u00e9\" href=\"https:\/\/fr.wikipedia.org\/wiki\/Ren%C3%A9_Cailli%C3%A9\" rel=\"nofollow noopener\" target=\"_blank\">Ren\u00e9 Cailli\u00e9<\/a>\u00a0nel suo libro sul viaggio a\u00a0<a title=\"Timbuktu\" href=\"https:\/\/fr.wikipedia.org\/wiki\/Tombouctou\" rel=\"nofollow noopener\" target=\"_blank\">Timbuktu<\/a>\u00a0nel 1830.<\/p>\n<p>M'Hamid si trova nella Valle della Dr\u00e2a, un'antica via carovaniera tra il Sahara e il Marocco settentrionale che attirava persone di diversa provenienza, dando vita a una notevole mescolanza etnica e a una struttura socio-etnica altamente diversificata e gerarchizzata.<sup id=\"cite_ref-8\" class=\"reference\"><\/sup>\u00a0:<\/p>\n<ul>\n<li>i Draouas (popolazione nera), che si presume siano gli indigeni<\/li>\n<li>Trib\u00f9 moresche del Sahara (A\u00e2rib)<\/li>\n<li>trib\u00f9 del nord (A\u00eft Sedrate)<\/li>\n<li>gli ex membri nomadi della confederazione berbera\u00a0<a title=\"A\u00eft Atta\" href=\"https:\/\/fr.wikipedia.org\/wiki\/A%C3%AFt_Atta\" rel=\"nofollow noopener\" target=\"_blank\">A\u00eft Atta<\/a><\/li>\n<li>comunit\u00e0 sacre (Chorfas e Morabitines)<\/li>\n<li>gli ebrei<\/li>\n<\/ul>\n<p>La cultura di\u00a0<a class=\"mw-redirect\" title=\"Cereali\" href=\"https:\/\/fr.wikipedia.org\/wiki\/C%C3%A9r%C3%A9ales\" rel=\"nofollow noopener\" target=\"_blank\">cereali<\/a>\u00a0e il<a title=\"Orticoltura\" href=\"https:\/\/fr.wikipedia.org\/wiki\/Horticulture\" rel=\"nofollow noopener\" target=\"_blank\">orticoltura<\/a>\u00a0sono praticate nei giardini misti, nei\u00a0<a title=\"Palmeraie\" href=\"https:\/\/fr.wikipedia.org\/wiki\/Palmeraie\" rel=\"nofollow noopener\" target=\"_blank\">palmeto<\/a>copertura 16 <abbr class=\"abbr\" title=\"chilometro\">km<\/abbr>\u00a0e 2.700\u00a0<abbr class=\"abbr\" title=\"chilometro quadrato\">km2<\/abbr><sup id=\"cite_ref-pr\u00e9sentation_6-1\" class=\"reference\"><\/sup>.<\/p>\n<p>Allo stesso tempo, esiste un'industria turistica: M'Hamid El Ghizlane \u00e8 il punto di partenza per le escursioni all'Erg Lehoudi, a 12 km dalla citt\u00e0.\u00a0<abbr class=\"abbr\" title=\"chilometro\">km<\/abbr>\u00a0a nord, raggiungibile su strada, e l'Erg Chegaga a sud, a quasi 60 km di distanza.\u00a0<abbr class=\"abbr\" title=\"chilometro\">km<\/abbr>accessibile a piedi (trekking), in cammello o in 4X4<sup id=\"cite_ref-sud_5-1\" class=\"reference\"><\/sup>. .<\/p>\n<p>\u00a0<\/p>\t\t\t\t\t\t\t\t<\/div>\n\t\t\t\t<\/div>\n\t\t\t\t<\/div>\n\t\t\t\t<\/div>\n\t\t\t\t<\/div>\n\t\t\t\t<\/div>","protected":false},"excerpt":{"rendered":"<p>D\u00e9couvrez M&rsquo;HAMID DERNIER VILLAGE AVANT LE DESERT Group 80-svg Retour aux alentours M&rsquo;HAMID la porte du d\u00e9sert M&rsquo;Hamid El Ghizlane\u00a0 anciennement nomm\u00e9e Targala\u00a0et par erreur m\u00e9diatique taragalt, est une commune\u00a0rurale\u00a0marocaine\u00a0de la\u00a0province de Zagora, dans la r\u00e9gion de Dr\u00e2a-Tafilalet, situ\u00e9e \u00e0 la lisi\u00e8re du Sahara, sur les confins alg\u00e9ro-marocains. Son territoire, qui \u00e9tait autrefois une \u00e9tape [&hellip;]<\/p>\n","protected":false},"author":20,"featured_media":0,"parent":111,"menu_order":0,"comment_status":"closed","ping_status":"closed","template":"","meta":{"inline_featured_image":false,"footnotes":""},"class_list":["post-4777","page","type-page","status-publish","hentry"],"_links":{"self":[{"href":"https:\/\/www.ksarighnda.com\/it\/wp-json\/wp\/v2\/pages\/4777","targetHints":{"allow":["GET"]}}],"collection":[{"href":"https:\/\/www.ksarighnda.com\/it\/wp-json\/wp\/v2\/pages"}],"about":[{"href":"https:\/\/www.ksarighnda.com\/it\/wp-json\/wp\/v2\/types\/page"}],"author":[{"embeddable":true,"href":"https:\/\/www.ksarighnda.com\/it\/wp-json\/wp\/v2\/users\/20"}],"replies":[{"embeddable":true,"href":"https:\/\/www.ksarighnda.com\/it\/wp-json\/wp\/v2\/comments?post=4777"}],"version-history":[{"count":14,"href":"https:\/\/www.ksarighnda.com\/it\/wp-json\/wp\/v2\/pages\/4777\/revisions"}],"predecessor-version":[{"id":5412,"href":"https:\/\/www.ksarighnda.com\/it\/wp-json\/wp\/v2\/pages\/4777\/revisions\/5412"}],"up":[{"embeddable":true,"href":"https:\/\/www.ksarighnda.com\/it\/wp-json\/wp\/v2\/pages\/111"}],"wp:attachment":[{"href":"https:\/\/www.ksarighnda.com\/it\/wp-json\/wp\/v2\/media?parent=4777"}],"curies":[{"name":"wp","href":"https:\/\/api.w.org\/{rel}","templated":true}]}}