{"id":4732,"date":"2025-07-07T13:59:33","date_gmt":"2025-07-07T12:59:33","guid":{"rendered":"https:\/\/www.ksarighnda.com\/?page_id=4732"},"modified":"2025-07-20T11:15:03","modified_gmt":"2025-07-20T10:15:03","slug":"le-gole-del-todra","status":"publish","type":"page","link":"https:\/\/www.ksarighnda.com\/it\/activites-alentours\/excursions\/les-gorges-du-todra\/","title":{"rendered":"Le Gole del Todra"},"content":{"rendered":"<div data-elementor-type=\"wp-page\" data-elementor-id=\"4732\" class=\"elementor elementor-4732\" data-elementor-post-type=\"page\">\n\t\t\t\t<div class=\"elementor-element elementor-element-280cb79 e-con-full e-flex e-con e-parent\" data-id=\"280cb79\" data-element_type=\"container\" data-e-type=\"container\" data-settings=\"{&quot;background_background&quot;:&quot;classic&quot;}\">\n\t\t<div class=\"elementor-element elementor-element-733b7ac e-con-full entrance-clip-path-both e-flex e-con e-child\" data-id=\"733b7ac\" data-element_type=\"container\" data-e-type=\"container\">\n\t\t\t\t<div class=\"elementor-element elementor-element-508cee1 elementor-widget__width-inherit elementor-widget elementor-widget-image\" data-id=\"508cee1\" data-element_type=\"widget\" data-e-type=\"widget\" data-widget_type=\"image.default\">\n\t\t\t\t<div class=\"elementor-widget-container\">\n\t\t\t\t\t\t\t\t\t\t\t\t\t\t\t<img fetchpriority=\"high\" decoding=\"async\" width=\"768\" height=\"1024\" src=\"https:\/\/www.ksarighnda.com\/wp-content\/uploads\/2025\/07\/IMG-20240103-WA0027.jpg\" class=\"attachment-full size-full wp-image-4723\" alt=\"Nella provincia di Tinghir, a 1.300 metri di altitudine, ai piedi delle montagne del Grande Atlante, lunghe 30 km, sono popolari tra gli scalatori per le loro pareti che possono raggiungere i 300 metri. In inverno, le cime vicine coperte di neve offrono una vista fantastica. In primavera, invece, la freschezza del clima e il verde rivelano lo splendore della zona. Qui si trovano gli ultimi pastori nomadi.\" srcset=\"https:\/\/www.ksarighnda.com\/wp-content\/uploads\/2025\/07\/IMG-20240103-WA0027.jpg 768w, https:\/\/www.ksarighnda.com\/wp-content\/uploads\/2025\/07\/IMG-20240103-WA0027-225x300.jpg 225w, https:\/\/www.ksarighnda.com\/wp-content\/uploads\/2025\/07\/IMG-20240103-WA0027-9x12.jpg 9w\" sizes=\"(max-width: 768px) 100vw, 768px\" title=\"\">\t\t\t\t\t\t\t\t\t\t\t\t\t\t\t<\/div>\n\t\t\t\t<\/div>\n\t\t\t\t<\/div>\n\t\t\t\t<div class=\"elementor-element elementor-element-400074c entrance-bottom  titre-barre elementor-widget elementor-widget-heading\" data-id=\"400074c\" data-element_type=\"widget\" data-e-type=\"widget\" data-widget_type=\"heading.default\">\n\t\t\t\t<div class=\"elementor-widget-container\">\n\t\t\t\t\t<span class=\"elementor-heading-title elementor-size-default\">Scoprire <\/span>\t\t\t\t<\/div>\n\t\t\t\t<\/div>\n\t\t\t\t<div class=\"elementor-element elementor-element-5849029 entrance-bottom elementor-widget elementor-widget-heading\" data-id=\"5849029\" data-element_type=\"widget\" data-e-type=\"widget\" data-widget_type=\"heading.default\">\n\t\t\t\t<div class=\"elementor-widget-container\">\n\t\t\t\t\t<h1 class=\"elementor-heading-title elementor-size-default\">le gole del todra<\/h1>\t\t\t\t<\/div>\n\t\t\t\t<\/div>\n\t\t\t\t<div class=\"elementor-element elementor-element-80b97dc btn-fleche-gauche entrance-bottom elementor-align-left elementor-widget elementor-widget-button\" data-id=\"80b97dc\" data-element_type=\"widget\" data-e-type=\"widget\" data-widget_type=\"button.default\">\n\t\t\t\t<div class=\"elementor-widget-container\">\n\t\t\t\t\t\t\t\t\t<div class=\"elementor-button-wrapper\">\n\t\t\t\t\t<a class=\"elementor-button elementor-button-link elementor-size-sm\" href=\"https:\/\/www.ksarighnda.com\/it\/activites-alentours\/que-visiter-au-maroc\/\">\n\t\t\t\t\t\t<span class=\"elementor-button-content-wrapper\">\n\t\t\t\t\t\t<span class=\"elementor-button-icon\">\n\t\t\t\t<svg xmlns=\"http:\/\/www.w3.org\/2000\/svg\" viewbox=\"0 0 28 20\" width=\"28\" height=\"20\"><title>Gruppo 80-svg<\/title><style>\t\t.s0 { fill: none;stroke: #5c4932;stroke-linecap: round } \t<\/style><g id=\"Group 80\"><path id=\"Line 11\" fill-rule=\"evenodd\" class=\"s0\" d=\"m27 10h-26\"><\/path><path id=\"Vector 12\" fill-rule=\"evenodd\" class=\"s0\" d=\"m1 9.5c2-1.2 6.9-4.6 10.5-9\"><\/path><path id=\"Vector 13\" fill-rule=\"evenodd\" class=\"s0\" d=\"m1 10c2 1.2 6.9 4.6 10.5 9\"><\/path><\/g><\/svg>\t\t\t<\/span>\n\t\t\t\t\t\t\t\t\t<span class=\"elementor-button-text\">Ritorno ai dintorni<\/span>\n\t\t\t\t\t<\/span>\n\t\t\t\t\t<\/a>\n\t\t\t\t<\/div>\n\t\t\t\t\t\t\t\t<\/div>\n\t\t\t\t<\/div>\n\t\t\t\t<\/div>\n\t\t<div class=\"elementor-element elementor-element-67240b0 e-con-full e-flex e-con e-parent\" data-id=\"67240b0\" data-element_type=\"container\" data-e-type=\"container\">\n\t\t<div class=\"elementor-element elementor-element-49c5494 e-con-full e-flex e-con e-child\" data-id=\"49c5494\" data-element_type=\"container\" data-e-type=\"container\">\n\t\t<div class=\"elementor-element elementor-element-0119585 e-con-full e-flex e-con e-child\" data-id=\"0119585\" data-element_type=\"container\" data-e-type=\"container\">\n\t\t\t\t<div class=\"elementor-element elementor-element-01e9723 entrance-bottom elementor-widget elementor-widget-heading\" data-id=\"01e9723\" data-element_type=\"widget\" data-e-type=\"widget\" data-widget_type=\"heading.default\">\n\t\t\t\t<div class=\"elementor-widget-container\">\n\t\t\t\t\t<h2 class=\"elementor-heading-title elementor-size-default\">Paesaggi<\/h2>\t\t\t\t<\/div>\n\t\t\t\t<\/div>\n\t\t\t\t<div class=\"elementor-element elementor-element-5673309 entrance-bottom elementor-widget elementor-widget-heading\" data-id=\"5673309\" data-element_type=\"widget\" data-e-type=\"widget\" data-widget_type=\"heading.default\">\n\t\t\t\t<div class=\"elementor-widget-container\">\n\t\t\t\t\t<span class=\"elementor-heading-title elementor-size-default\">mozzafiato<\/span>\t\t\t\t<\/div>\n\t\t\t\t<\/div>\n\t\t\t\t<div class=\"elementor-element elementor-element-71a67a4 elementor-widget-laptop__width-initial entrance-bottom elementor-widget elementor-widget-text-editor\" data-id=\"71a67a4\" data-element_type=\"widget\" data-e-type=\"widget\" data-widget_type=\"text-editor.default\">\n\t\t\t\t<div class=\"elementor-widget-container\">\n\t\t\t\t\t\t\t\t\t<p>Situate a 3 ore d'auto da Ksar Ighnda, le gole del Todra sono una meta imperdibile. Le Gole del Todra sono lunghe 30 km e presentano impressionanti scogliere color ocra alte 300 metri. La regione, come la citt\u00e0 di Tinghir e l'oasi che costeggia il fiume, \u00e8 popolata principalmente da Amazigh. Situate tra le montagne dell'Alto Atlante e dell'Anti Atlante, le gole sono alte 1.300 metri, con picchi che raggiungono i 3.000 metri. Il palmeto del Todra \u00e8 molto fitto ed esteso, composto da palme e ulivi, e la natura \u00e8 rigogliosa. Il clima \u00e8 arido, con inverni freschi a causa dell'altitudine. Le gole del Todra sono le pi\u00f9 belle del Marocco meridionale. Le sue pareti sono rinomate tra gli appassionati di arrampicata.<\/p>\t\t\t\t\t\t\t\t<\/div>\n\t\t\t\t<\/div>\n\t\t\t\t<\/div>\n\t\t\t\t<\/div>\n\t\t<div class=\"elementor-element elementor-element-4036eec e-con-full e-flex e-con e-child\" data-id=\"4036eec\" data-element_type=\"container\" data-e-type=\"container\">\n\t\t\t\t<div class=\"elementor-element elementor-element-e21863a elementor-widget__width-inherit entrance-right elementor-widget elementor-widget-image\" data-id=\"e21863a\" data-element_type=\"widget\" data-e-type=\"widget\" data-widget_type=\"image.default\">\n\t\t\t\t<div class=\"elementor-widget-container\">\n\t\t\t\t\t\t\t\t\t\t\t\t\t\t\t<img decoding=\"async\" width=\"1920\" height=\"2560\" src=\"https:\/\/www.ksarighnda.com\/wp-content\/uploads\/2025\/07\/20241002_095737-scaled.jpg\" class=\"attachment-full size-full wp-image-4726\" alt=\"\" srcset=\"https:\/\/www.ksarighnda.com\/wp-content\/uploads\/2025\/07\/20241002_095737-scaled.jpg 1920w, https:\/\/www.ksarighnda.com\/wp-content\/uploads\/2025\/07\/20241002_095737-225x300.jpg 225w, https:\/\/www.ksarighnda.com\/wp-content\/uploads\/2025\/07\/20241002_095737-768x1024.jpg 768w, https:\/\/www.ksarighnda.com\/wp-content\/uploads\/2025\/07\/20241002_095737-1152x1536.jpg 1152w, https:\/\/www.ksarighnda.com\/wp-content\/uploads\/2025\/07\/20241002_095737-1536x2048.jpg 1536w, https:\/\/www.ksarighnda.com\/wp-content\/uploads\/2025\/07\/20241002_095737-9x12.jpg 9w\" sizes=\"(max-width: 1920px) 100vw, 1920px\" title=\"\">\t\t\t\t\t\t\t\t\t\t\t\t\t\t\t<\/div>\n\t\t\t\t<\/div>\n\t\t\t\t<\/div>\n\t\t\t\t<\/div>\n\t\t<div class=\"elementor-element elementor-element-a1503d0 e-con-full e-flex e-con e-parent\" data-id=\"a1503d0\" data-element_type=\"container\" data-e-type=\"container\">\n\t\t<div class=\"elementor-element elementor-element-27c6639 e-con-full e-flex e-con e-child\" data-id=\"27c6639\" data-element_type=\"container\" data-e-type=\"container\">\n\t\t\t\t<div class=\"elementor-element elementor-element-057dcd0 elementor-widget__width-inherit entrance-left elementor-widget elementor-widget-image\" data-id=\"057dcd0\" data-element_type=\"widget\" data-e-type=\"widget\" data-widget_type=\"image.default\">\n\t\t\t\t<div class=\"elementor-widget-container\">\n\t\t\t\t\t\t\t\t\t\t\t\t\t\t\t<img decoding=\"async\" width=\"1024\" height=\"768\" src=\"https:\/\/www.ksarighnda.com\/wp-content\/uploads\/2025\/07\/IMG-20240103-WA0032.jpg\" class=\"attachment-full size-full wp-image-4724\" alt=\"\" srcset=\"https:\/\/www.ksarighnda.com\/wp-content\/uploads\/2025\/07\/IMG-20240103-WA0032.jpg 1024w, https:\/\/www.ksarighnda.com\/wp-content\/uploads\/2025\/07\/IMG-20240103-WA0032-300x225.jpg 300w, https:\/\/www.ksarighnda.com\/wp-content\/uploads\/2025\/07\/IMG-20240103-WA0032-768x576.jpg 768w, https:\/\/www.ksarighnda.com\/wp-content\/uploads\/2025\/07\/IMG-20240103-WA0032-16x12.jpg 16w\" sizes=\"(max-width: 1024px) 100vw, 1024px\" title=\"\">\t\t\t\t\t\t\t\t\t\t\t\t\t\t\t<\/div>\n\t\t\t\t<\/div>\n\t\t\t\t<\/div>\n\t\t<div class=\"elementor-element elementor-element-159af14 e-con-full e-flex e-con e-child\" data-id=\"159af14\" data-element_type=\"container\" data-e-type=\"container\">\n\t\t<div class=\"elementor-element elementor-element-017dc56 e-con-full e-flex e-con e-child\" data-id=\"017dc56\" data-element_type=\"container\" data-e-type=\"container\">\n\t\t\t\t<div class=\"elementor-element elementor-element-b3307b4 entrance-bottom elementor-widget elementor-widget-heading\" data-id=\"b3307b4\" data-element_type=\"widget\" data-e-type=\"widget\" data-widget_type=\"heading.default\">\n\t\t\t\t<div class=\"elementor-widget-container\">\n\t\t\t\t\t<h2 class=\"elementor-heading-title elementor-size-default\">memorabile<\/h2>\t\t\t\t<\/div>\n\t\t\t\t<\/div>\n\t\t\t\t<div class=\"elementor-element elementor-element-0a0dc57 entrance-bottom elementor-widget elementor-widget-heading\" data-id=\"0a0dc57\" data-element_type=\"widget\" data-e-type=\"widget\" data-widget_type=\"heading.default\">\n\t\t\t\t<div class=\"elementor-widget-container\">\n\t\t\t\t\t<span class=\"elementor-heading-title elementor-size-default\">indimenticabile<\/span>\t\t\t\t<\/div>\n\t\t\t\t<\/div>\n\t\t\t\t<div class=\"elementor-element elementor-element-7199959 elementor-widget-laptop__width-initial entrance-bottom elementor-widget elementor-widget-text-editor\" data-id=\"7199959\" data-element_type=\"widget\" data-e-type=\"widget\" data-widget_type=\"text-editor.default\">\n\t\t\t\t<div class=\"elementor-widget-container\">\n\t\t\t\t\t\t\t\t\t<p>La valle del Todra si estende tra l'Alto Atlante a nord e il Djebel Saghro a sud, prima di scomparire nel deserto del Sahara. Questa terra arida e rocciosa \u00e8 punteggiata da oasi verdeggianti coltivate a mandorli, melograni, peschi, ulivi e fichi. Dopo aver attraversato le gole, la valle del Todra risale verso le cime dell'Alto Atlante attraverso una successione di passaggi, uno pi\u00f9 bello dell'altro. Se avete un veicolo 4X4, potete salire su una pista fino a Tamtatouchte. Da l\u00ec, una bella escursione in 4X4 vi porter\u00e0 nel cuore della Valle del Dades. Proseguite verso M'Semrir, attraversando un paesaggio minerale fino al passo di Aguerd N'Zegzdoun (2600 m). Seguite la strada che scende in fondo alle Gole del Dades, attraverso la Valle delle Mele, fino a Boumalne Dades. Lungo il percorso si possono incontrare gli ultimi pastori nomadi e le loro greggi di capre.<\/p>\n<p>\u00a0<\/p>\t\t\t\t\t\t\t\t<\/div>\n\t\t\t\t<\/div>\n\t\t\t\t<\/div>\n\t\t\t\t<\/div>\n\t\t\t\t<\/div>\n\t\t\t\t<\/div>","protected":false},"excerpt":{"rendered":"<p>D\u00e9couvrez lES GORGES du todra Group 80-svg Retour aux alentours Des paysages \u00e9poustouflants Situ\u00e9e \u00e0 3h de route du Ksar Ighnda, les gorges du Todra sont un incontournable pour lequel vous devez vous d\u00e9placer. C&rsquo;est sur une longueur de 30 km que s\u2019\u00e9tendent ces gorges, pr\u00e9sentant des falaises \u00e0 la couleur ocre impressionnante de 300 [&hellip;]<\/p>\n","protected":false},"author":20,"featured_media":0,"parent":111,"menu_order":0,"comment_status":"closed","ping_status":"closed","template":"","meta":{"inline_featured_image":false,"footnotes":""},"class_list":["post-4732","page","type-page","status-publish","hentry"],"_links":{"self":[{"href":"https:\/\/www.ksarighnda.com\/it\/wp-json\/wp\/v2\/pages\/4732","targetHints":{"allow":["GET"]}}],"collection":[{"href":"https:\/\/www.ksarighnda.com\/it\/wp-json\/wp\/v2\/pages"}],"about":[{"href":"https:\/\/www.ksarighnda.com\/it\/wp-json\/wp\/v2\/types\/page"}],"author":[{"embeddable":true,"href":"https:\/\/www.ksarighnda.com\/it\/wp-json\/wp\/v2\/users\/20"}],"replies":[{"embeddable":true,"href":"https:\/\/www.ksarighnda.com\/it\/wp-json\/wp\/v2\/comments?post=4732"}],"version-history":[{"count":8,"href":"https:\/\/www.ksarighnda.com\/it\/wp-json\/wp\/v2\/pages\/4732\/revisions"}],"predecessor-version":[{"id":5145,"href":"https:\/\/www.ksarighnda.com\/it\/wp-json\/wp\/v2\/pages\/4732\/revisions\/5145"}],"up":[{"embeddable":true,"href":"https:\/\/www.ksarighnda.com\/it\/wp-json\/wp\/v2\/pages\/111"}],"wp:attachment":[{"href":"https:\/\/www.ksarighnda.com\/it\/wp-json\/wp\/v2\/media?parent=4732"}],"curies":[{"name":"wp","href":"https:\/\/api.w.org\/{rel}","templated":true}]}}