{"id":3503,"date":"2024-10-07T10:23:59","date_gmt":"2024-10-07T09:23:59","guid":{"rendered":"https:\/\/www.ksarighnda.com\/?page_id=3503"},"modified":"2024-10-17T15:13:57","modified_gmt":"2024-10-17T14:13:57","slug":"marrackech","status":"publish","type":"page","link":"https:\/\/www.ksarighnda.com\/it\/activites-alentours\/excursions\/marrackech\/","title":{"rendered":"Marrackech"},"content":{"rendered":"<div data-elementor-type=\"wp-page\" data-elementor-id=\"3503\" class=\"elementor elementor-3503\" data-elementor-post-type=\"page\">\n\t\t\t\t<div class=\"elementor-element elementor-element-50f2e12 e-con-full e-flex e-con e-parent\" data-id=\"50f2e12\" data-element_type=\"container\" data-e-type=\"container\" data-settings=\"{&quot;background_background&quot;:&quot;classic&quot;}\">\n\t\t<div class=\"elementor-element elementor-element-b4cb4ee e-con-full entrance-clip-path-both e-flex e-con e-child\" data-id=\"b4cb4ee\" data-element_type=\"container\" data-e-type=\"container\">\n\t\t\t\t<div class=\"elementor-element elementor-element-a83fea9 elementor-widget__width-inherit elementor-widget elementor-widget-image\" data-id=\"a83fea9\" data-element_type=\"widget\" data-e-type=\"widget\" data-widget_type=\"image.default\">\n\t\t\t\t<div class=\"elementor-widget-container\">\n\t\t\t\t\t\t\t\t\t\t\t\t\t\t\t<img fetchpriority=\"high\" decoding=\"async\" width=\"2274\" height=\"1318\" src=\"https:\/\/www.ksarighnda.com\/wp-content\/uploads\/2024\/10\/GettyImages-1294325441.jpg\" class=\"attachment-full size-full wp-image-3717\" alt=\"\" srcset=\"https:\/\/www.ksarighnda.com\/wp-content\/uploads\/2024\/10\/GettyImages-1294325441.jpg 2274w, https:\/\/www.ksarighnda.com\/wp-content\/uploads\/2024\/10\/GettyImages-1294325441-300x174.jpg 300w, https:\/\/www.ksarighnda.com\/wp-content\/uploads\/2024\/10\/GettyImages-1294325441-1024x594.jpg 1024w, https:\/\/www.ksarighnda.com\/wp-content\/uploads\/2024\/10\/GettyImages-1294325441-768x445.jpg 768w, https:\/\/www.ksarighnda.com\/wp-content\/uploads\/2024\/10\/GettyImages-1294325441-1536x890.jpg 1536w, https:\/\/www.ksarighnda.com\/wp-content\/uploads\/2024\/10\/GettyImages-1294325441-2048x1187.jpg 2048w, https:\/\/www.ksarighnda.com\/wp-content\/uploads\/2024\/10\/GettyImages-1294325441-18x10.jpg 18w\" sizes=\"(max-width: 2274px) 100vw, 2274px\" title=\"\">\t\t\t\t\t\t\t\t\t\t\t\t\t\t\t<\/div>\n\t\t\t\t<\/div>\n\t\t\t\t<\/div>\n\t\t\t\t<div class=\"elementor-element elementor-element-32bbe05 entrance-bottom  titre-barre elementor-widget elementor-widget-heading\" data-id=\"32bbe05\" data-element_type=\"widget\" data-e-type=\"widget\" data-widget_type=\"heading.default\">\n\t\t\t\t<div class=\"elementor-widget-container\">\n\t\t\t\t\t<span class=\"elementor-heading-title elementor-size-default\">Scoprire <\/span>\t\t\t\t<\/div>\n\t\t\t\t<\/div>\n\t\t\t\t<div class=\"elementor-element elementor-element-9116641 entrance-bottom elementor-widget elementor-widget-heading\" data-id=\"9116641\" data-element_type=\"widget\" data-e-type=\"widget\" data-widget_type=\"heading.default\">\n\t\t\t\t<div class=\"elementor-widget-container\">\n\t\t\t\t\t<h1 class=\"elementor-heading-title elementor-size-default\">Marrakech<\/h1>\t\t\t\t<\/div>\n\t\t\t\t<\/div>\n\t\t\t\t<div class=\"elementor-element elementor-element-eba7de9 entrance-bottom elementor-widget elementor-widget-heading\" data-id=\"eba7de9\" data-element_type=\"widget\" data-e-type=\"widget\" data-widget_type=\"heading.default\">\n\t\t\t\t<div class=\"elementor-widget-container\">\n\t\t\t\t\t<span class=\"elementor-heading-title elementor-size-default\">e l'area circostante<\/span>\t\t\t\t<\/div>\n\t\t\t\t<\/div>\n\t\t\t\t<div class=\"elementor-element elementor-element-79fb17a btn-fleche-gauche entrance-bottom elementor-align-left elementor-widget elementor-widget-button\" data-id=\"79fb17a\" data-element_type=\"widget\" data-e-type=\"widget\" data-widget_type=\"button.default\">\n\t\t\t\t<div class=\"elementor-widget-container\">\n\t\t\t\t\t\t\t\t\t<div class=\"elementor-button-wrapper\">\n\t\t\t\t\t<a class=\"elementor-button elementor-button-link elementor-size-sm\" href=\"https:\/\/www.ksarighnda.com\/it\/activites-alentours\/que-visiter-au-maroc\/\">\n\t\t\t\t\t\t<span class=\"elementor-button-content-wrapper\">\n\t\t\t\t\t\t<span class=\"elementor-button-icon\">\n\t\t\t\t<svg xmlns=\"http:\/\/www.w3.org\/2000\/svg\" viewbox=\"0 0 28 20\" width=\"28\" height=\"20\"><title>Gruppo 80-svg<\/title><style>\t\t.s0 { fill: none;stroke: #5c4932;stroke-linecap: round } \t<\/style><g id=\"Group 80\"><path id=\"Line 11\" fill-rule=\"evenodd\" class=\"s0\" d=\"m27 10h-26\"><\/path><path id=\"Vector 12\" fill-rule=\"evenodd\" class=\"s0\" d=\"m1 9.5c2-1.2 6.9-4.6 10.5-9\"><\/path><path id=\"Vector 13\" fill-rule=\"evenodd\" class=\"s0\" d=\"m1 10c2 1.2 6.9 4.6 10.5 9\"><\/path><\/g><\/svg>\t\t\t<\/span>\n\t\t\t\t\t\t\t\t\t<span class=\"elementor-button-text\">Ritorno ai dintorni<\/span>\n\t\t\t\t\t<\/span>\n\t\t\t\t\t<\/a>\n\t\t\t\t<\/div>\n\t\t\t\t\t\t\t\t<\/div>\n\t\t\t\t<\/div>\n\t\t\t\t<\/div>\n\t\t<div class=\"elementor-element elementor-element-ce7c837 e-con-full e-flex e-con e-parent\" data-id=\"ce7c837\" data-element_type=\"container\" data-e-type=\"container\">\n\t\t<div class=\"elementor-element elementor-element-80e997a e-con-full e-flex e-con e-child\" data-id=\"80e997a\" data-element_type=\"container\" data-e-type=\"container\">\n\t\t<div class=\"elementor-element elementor-element-8f50b58 e-con-full e-flex e-con e-child\" data-id=\"8f50b58\" data-element_type=\"container\" data-e-type=\"container\">\n\t\t\t\t<div class=\"elementor-element elementor-element-9ccca70 entrance-bottom elementor-widget elementor-widget-heading\" data-id=\"9ccca70\" data-element_type=\"widget\" data-e-type=\"widget\" data-widget_type=\"heading.default\">\n\t\t\t\t<div class=\"elementor-widget-container\">\n\t\t\t\t\t<h2 class=\"elementor-heading-title elementor-size-default\">La Perle<\/h2>\t\t\t\t<\/div>\n\t\t\t\t<\/div>\n\t\t\t\t<div class=\"elementor-element elementor-element-44d3a89 entrance-bottom elementor-widget elementor-widget-heading\" data-id=\"44d3a89\" data-element_type=\"widget\" data-e-type=\"widget\" data-widget_type=\"heading.default\">\n\t\t\t\t<div class=\"elementor-widget-container\">\n\t\t\t\t\t<span class=\"elementor-heading-title elementor-size-default\">del Sud<\/span>\t\t\t\t<\/div>\n\t\t\t\t<\/div>\n\t\t\t\t<div class=\"elementor-element elementor-element-c9bce02 elementor-widget-laptop__width-initial entrance-bottom elementor-widget elementor-widget-text-editor\" data-id=\"c9bce02\" data-element_type=\"widget\" data-e-type=\"widget\" data-widget_type=\"text-editor.default\">\n\t\t\t\t<div class=\"elementor-widget-container\">\n\t\t\t\t\t\t\t\t\t<p>Marrakech, soprannominata la \"Perla del Sud\", \u00e8 una leggendaria citt\u00e0 marocchina che affascina i viaggiatori di tutto il mondo con la sua atmosfera incantevole e la sua ricca cultura. Situata ai piedi della catena montuosa dell'Atlante, \u00e8 una destinazione imperdibile per chiunque voglia scoprire l'anima del Marocco. Che siate amanti della storia, della gastronomia o di un cambiamento di scenario, Marrakech offre una ricchezza di tesori da esplorare.<\/p><p>Una delle prime tappe per chi visita Marrakech \u00e8 la medina, il cuore storico della citt\u00e0. Inserita nel patrimonio mondiale dell'UNESCO, la medina \u00e8 un labirinto di stradine dove si mescolano colori, odori e suoni. Qui si trova la famosa piazza Jemaa el-Fna, simbolo della citt\u00e0. A qualsiasi ora del giorno e della notte, questa piazza \u00e8 uno spettacolo vivente, con i suoi incantatori di serpenti, i cantastorie, i musicisti e le bancarelle di cibo che prendono vita non appena cala la notte. Jemaa el-Fna \u00e8 il punto di partenza ideale per scoprire i souk di Marrakech, mercati labirintici che vendono di tutto, dalle spezie ai tappeti berberi, dai babouches all'artigianato locale.<\/p>\t\t\t\t\t\t\t\t<\/div>\n\t\t\t\t<\/div>\n\t\t\t\t<\/div>\n\t\t\t\t<\/div>\n\t\t<div class=\"elementor-element elementor-element-e7dc86d e-con-full e-flex e-con e-child\" data-id=\"e7dc86d\" data-element_type=\"container\" data-e-type=\"container\">\n\t\t\t\t<div class=\"elementor-element elementor-element-e6e5159 elementor-widget__width-inherit entrance-right elementor-widget elementor-widget-image\" data-id=\"e6e5159\" data-element_type=\"widget\" data-e-type=\"widget\" data-widget_type=\"image.default\">\n\t\t\t\t<div class=\"elementor-widget-container\">\n\t\t\t\t\t\t\t\t\t\t\t\t\t\t\t<img decoding=\"async\" width=\"2233\" height=\"1343\" src=\"https:\/\/www.ksarighnda.com\/wp-content\/uploads\/2024\/10\/GettyImages-1472457155.jpg\" class=\"attachment-full size-full wp-image-3722\" alt=\"\" srcset=\"https:\/\/www.ksarighnda.com\/wp-content\/uploads\/2024\/10\/GettyImages-1472457155.jpg 2233w, https:\/\/www.ksarighnda.com\/wp-content\/uploads\/2024\/10\/GettyImages-1472457155-300x180.jpg 300w, https:\/\/www.ksarighnda.com\/wp-content\/uploads\/2024\/10\/GettyImages-1472457155-1024x616.jpg 1024w, https:\/\/www.ksarighnda.com\/wp-content\/uploads\/2024\/10\/GettyImages-1472457155-768x462.jpg 768w, https:\/\/www.ksarighnda.com\/wp-content\/uploads\/2024\/10\/GettyImages-1472457155-1536x924.jpg 1536w, https:\/\/www.ksarighnda.com\/wp-content\/uploads\/2024\/10\/GettyImages-1472457155-2048x1232.jpg 2048w, https:\/\/www.ksarighnda.com\/wp-content\/uploads\/2024\/10\/GettyImages-1472457155-18x12.jpg 18w\" sizes=\"(max-width: 2233px) 100vw, 2233px\" title=\"\">\t\t\t\t\t\t\t\t\t\t\t\t\t\t\t<\/div>\n\t\t\t\t<\/div>\n\t\t\t\t<\/div>\n\t\t\t\t<\/div>\n\t\t<div class=\"elementor-element elementor-element-e178519 e-con-full e-flex e-con e-parent\" data-id=\"e178519\" data-element_type=\"container\" data-e-type=\"container\">\n\t\t<div class=\"elementor-element elementor-element-730b90b e-con-full e-flex e-con e-child\" data-id=\"730b90b\" data-element_type=\"container\" data-e-type=\"container\">\n\t\t\t\t<div class=\"elementor-element elementor-element-3362ff4 elementor-widget__width-inherit entrance-left elementor-widget elementor-widget-image\" data-id=\"3362ff4\" data-element_type=\"widget\" data-e-type=\"widget\" data-widget_type=\"image.default\">\n\t\t\t\t<div class=\"elementor-widget-container\">\n\t\t\t\t\t\t\t\t\t\t\t\t\t\t\t<img decoding=\"async\" width=\"2121\" height=\"1414\" src=\"https:\/\/www.ksarighnda.com\/wp-content\/uploads\/2024\/10\/GettyImages-1285636122.jpg\" class=\"attachment-full size-full wp-image-3721\" alt=\"\" srcset=\"https:\/\/www.ksarighnda.com\/wp-content\/uploads\/2024\/10\/GettyImages-1285636122.jpg 2121w, https:\/\/www.ksarighnda.com\/wp-content\/uploads\/2024\/10\/GettyImages-1285636122-300x200.jpg 300w, https:\/\/www.ksarighnda.com\/wp-content\/uploads\/2024\/10\/GettyImages-1285636122-1024x683.jpg 1024w, https:\/\/www.ksarighnda.com\/wp-content\/uploads\/2024\/10\/GettyImages-1285636122-768x512.jpg 768w, https:\/\/www.ksarighnda.com\/wp-content\/uploads\/2024\/10\/GettyImages-1285636122-1536x1024.jpg 1536w, https:\/\/www.ksarighnda.com\/wp-content\/uploads\/2024\/10\/GettyImages-1285636122-2048x1365.jpg 2048w, https:\/\/www.ksarighnda.com\/wp-content\/uploads\/2024\/10\/GettyImages-1285636122-18x12.jpg 18w\" sizes=\"(max-width: 2121px) 100vw, 2121px\" title=\"\">\t\t\t\t\t\t\t\t\t\t\t\t\t\t\t<\/div>\n\t\t\t\t<\/div>\n\t\t\t\t<\/div>\n\t\t<div class=\"elementor-element elementor-element-3cc0e4f e-con-full e-flex e-con e-child\" data-id=\"3cc0e4f\" data-element_type=\"container\" data-e-type=\"container\">\n\t\t<div class=\"elementor-element elementor-element-e029c5d e-con-full e-flex e-con e-child\" data-id=\"e029c5d\" data-element_type=\"container\" data-e-type=\"container\">\n\t\t\t\t<div class=\"elementor-element elementor-element-c2afbc1 entrance-bottom elementor-widget elementor-widget-heading\" data-id=\"c2afbc1\" data-element_type=\"widget\" data-e-type=\"widget\" data-widget_type=\"heading.default\">\n\t\t\t\t<div class=\"elementor-widget-container\">\n\t\t\t\t\t<h2 class=\"elementor-heading-title elementor-size-default\">Giardini<\/h2>\t\t\t\t<\/div>\n\t\t\t\t<\/div>\n\t\t\t\t<div class=\"elementor-element elementor-element-3eecbfa entrance-bottom elementor-widget elementor-widget-heading\" data-id=\"3eecbfa\" data-element_type=\"widget\" data-e-type=\"widget\" data-widget_type=\"heading.default\">\n\t\t\t\t<div class=\"elementor-widget-container\">\n\t\t\t\t\t<span class=\"elementor-heading-title elementor-size-default\">vedere<\/span>\t\t\t\t<\/div>\n\t\t\t\t<\/div>\n\t\t\t\t<div class=\"elementor-element elementor-element-38baa58 elementor-widget-laptop__width-initial entrance-bottom elementor-widget elementor-widget-text-editor\" data-id=\"38baa58\" data-element_type=\"widget\" data-e-type=\"widget\" data-widget_type=\"text-editor.default\">\n\t\t\t\t<div class=\"elementor-widget-container\">\n\t\t\t\t\t\t\t\t\t<p>Passeggiando per la medina, non dimenticate di visitare alcuni dei suoi monumenti pi\u00f9 emblematici. Il Palazzo della Bahia, con i suoi giardini lussureggianti e la sua architettura raffinata, \u00e8 un perfetto esempio di arte moresca. \u00c8 una vera e propria oasi di tranquillit\u00e0 nel cuore della citt\u00e0. Non lontano, la Moschea della Koutoubia, con il suo minareto alto 77 metri, domina la citt\u00e0 ed \u00e8 un punto di riferimento essenziale per gli abitanti e i visitatori.<\/p><p>Marrakech \u00e8 famosa anche per i suoi giardini. Il pi\u00f9 famoso di questi \u00e8 il Giardino Majorelle, creato dall'artista francese Jacques Majorelle e successivamente restaurato da Yves Saint Laurent. Questo giardino botanico dai colori vivaci, con le sue piante esotiche e la sua architettura art d\u00e9co, \u00e8 un'oasi di pace e tranquillit\u00e0 lontano dal trambusto della citt\u00e0. A pochi chilometri di distanza, anche i giardini di M\u00e9nara, con la loro grande piscina circondata da ulivi, offrono un ambiente idilliaco per una passeggiata nel tardo pomeriggio.<\/p>\t\t\t\t\t\t\t\t<\/div>\n\t\t\t\t<\/div>\n\t\t\t\t<\/div>\n\t\t\t\t<\/div>\n\t\t\t\t<\/div>\n\t\t<div class=\"elementor-element elementor-element-89040f8 e-con-full e-flex e-con e-parent\" data-id=\"89040f8\" data-element_type=\"container\" data-e-type=\"container\">\n\t\t<div class=\"elementor-element elementor-element-9efe59d e-con-full e-flex e-con e-child\" data-id=\"9efe59d\" data-element_type=\"container\" data-e-type=\"container\">\n\t\t<div class=\"elementor-element elementor-element-0db0ce3 e-con-full e-flex e-con e-child\" data-id=\"0db0ce3\" data-element_type=\"container\" data-e-type=\"container\">\n\t\t\t\t<div class=\"elementor-element elementor-element-a0350c6 entrance-bottom elementor-widget elementor-widget-heading\" data-id=\"a0350c6\" data-element_type=\"widget\" data-e-type=\"widget\" data-widget_type=\"heading.default\">\n\t\t\t\t<div class=\"elementor-widget-container\">\n\t\t\t\t\t<h2 class=\"elementor-heading-title elementor-size-default\">La cultura<\/h2>\t\t\t\t<\/div>\n\t\t\t\t<\/div>\n\t\t\t\t<div class=\"elementor-element elementor-element-eff49a8 entrance-bottom elementor-widget elementor-widget-heading\" data-id=\"eff49a8\" data-element_type=\"widget\" data-e-type=\"widget\" data-widget_type=\"heading.default\">\n\t\t\t\t<div class=\"elementor-widget-container\">\n\t\t\t\t\t<span class=\"elementor-heading-title elementor-size-default\">&amp; gastronomia<\/span>\t\t\t\t<\/div>\n\t\t\t\t<\/div>\n\t\t\t\t<div class=\"elementor-element elementor-element-554cf03 elementor-widget-laptop__width-initial entrance-bottom elementor-widget elementor-widget-text-editor\" data-id=\"554cf03\" data-element_type=\"widget\" data-e-type=\"widget\" data-widget_type=\"text-editor.default\">\n\t\t\t\t<div class=\"elementor-widget-container\">\n\t\t\t\t\t\t\t\t\t<p>Per gli amanti della cultura, Marrakech ospita diversi musei che meritano una visita. Il Mus\u00e9e de Marrakech, ospitato in un antico palazzo, vanta una raffinata collezione di arte marocchina e oggetti storici. Il museo Yves Saint Laurent, invece, \u00e8 un omaggio al famoso stilista che ha trovato nella citt\u00e0 una fonte di ispirazione per le sue creazioni.<\/p><p>Infine, nessuna visita a Marrakech sarebbe completa senza assaggiare la cucina locale. La citt\u00e0 \u00e8 piena di ristoranti e caff\u00e8 dove si possono assaggiare piatti tradizionali come il tajine, il couscous e i famosi pasticcini marocchini accompagnati dal t\u00e8 alla menta. I visitatori in cerca di un'esperienza pi\u00f9 autentica possono anche avventurarsi tra le bancarelle di Jemaa el-Fna, dove le specialit\u00e0 locali vengono preparate davanti ai vostri occhi in un'atmosfera vivace.<\/p>\t\t\t\t\t\t\t\t<\/div>\n\t\t\t\t<\/div>\n\t\t\t\t<\/div>\n\t\t\t\t<\/div>\n\t\t<div class=\"elementor-element elementor-element-cb8cd8e e-con-full e-flex e-con e-child\" data-id=\"cb8cd8e\" data-element_type=\"container\" data-e-type=\"container\">\n\t\t\t\t<div class=\"elementor-element elementor-element-6d3bb3e elementor-widget__width-inherit entrance-right elementor-widget elementor-widget-image\" data-id=\"6d3bb3e\" data-element_type=\"widget\" data-e-type=\"widget\" data-widget_type=\"image.default\">\n\t\t\t\t<div class=\"elementor-widget-container\">\n\t\t\t\t\t\t\t\t\t\t\t\t\t\t\t<img loading=\"lazy\" decoding=\"async\" width=\"2139\" height=\"1401\" src=\"https:\/\/www.ksarighnda.com\/wp-content\/uploads\/2024\/10\/GettyImages-1147478209.jpg\" class=\"attachment-full size-full wp-image-3718\" alt=\"\" srcset=\"https:\/\/www.ksarighnda.com\/wp-content\/uploads\/2024\/10\/GettyImages-1147478209.jpg 2139w, https:\/\/www.ksarighnda.com\/wp-content\/uploads\/2024\/10\/GettyImages-1147478209-300x196.jpg 300w, https:\/\/www.ksarighnda.com\/wp-content\/uploads\/2024\/10\/GettyImages-1147478209-1024x671.jpg 1024w, https:\/\/www.ksarighnda.com\/wp-content\/uploads\/2024\/10\/GettyImages-1147478209-768x503.jpg 768w, https:\/\/www.ksarighnda.com\/wp-content\/uploads\/2024\/10\/GettyImages-1147478209-1536x1006.jpg 1536w, https:\/\/www.ksarighnda.com\/wp-content\/uploads\/2024\/10\/GettyImages-1147478209-2048x1341.jpg 2048w, https:\/\/www.ksarighnda.com\/wp-content\/uploads\/2024\/10\/GettyImages-1147478209-18x12.jpg 18w\" sizes=\"(max-width: 2139px) 100vw, 2139px\" title=\"\">\t\t\t\t\t\t\t\t\t\t\t\t\t\t\t<\/div>\n\t\t\t\t<\/div>\n\t\t\t\t<\/div>\n\t\t\t\t<\/div>\n\t\t<div class=\"elementor-element elementor-element-5d214f1 e-con-full e-flex e-con e-parent\" data-id=\"5d214f1\" data-element_type=\"container\" data-e-type=\"container\">\n\t\t<div class=\"elementor-element elementor-element-542c64d e-con-full e-flex e-con e-child\" data-id=\"542c64d\" data-element_type=\"container\" data-e-type=\"container\">\n\t\t\t\t<div class=\"elementor-element elementor-element-e42931d elementor-widget__width-inherit entrance-left elementor-widget elementor-widget-image\" data-id=\"e42931d\" data-element_type=\"widget\" data-e-type=\"widget\" data-widget_type=\"image.default\">\n\t\t\t\t<div class=\"elementor-widget-container\">\n\t\t\t\t\t\t\t\t\t\t\t\t\t\t\t<img loading=\"lazy\" decoding=\"async\" width=\"2121\" height=\"1414\" src=\"https:\/\/www.ksarighnda.com\/wp-content\/uploads\/2024\/10\/GettyImages-530236509.jpg\" class=\"attachment-full size-full wp-image-3719\" alt=\"\" srcset=\"https:\/\/www.ksarighnda.com\/wp-content\/uploads\/2024\/10\/GettyImages-530236509.jpg 2121w, https:\/\/www.ksarighnda.com\/wp-content\/uploads\/2024\/10\/GettyImages-530236509-300x200.jpg 300w, https:\/\/www.ksarighnda.com\/wp-content\/uploads\/2024\/10\/GettyImages-530236509-1024x683.jpg 1024w, https:\/\/www.ksarighnda.com\/wp-content\/uploads\/2024\/10\/GettyImages-530236509-768x512.jpg 768w, https:\/\/www.ksarighnda.com\/wp-content\/uploads\/2024\/10\/GettyImages-530236509-1536x1024.jpg 1536w, https:\/\/www.ksarighnda.com\/wp-content\/uploads\/2024\/10\/GettyImages-530236509-2048x1365.jpg 2048w, https:\/\/www.ksarighnda.com\/wp-content\/uploads\/2024\/10\/GettyImages-530236509-18x12.jpg 18w\" sizes=\"(max-width: 2121px) 100vw, 2121px\" title=\"\">\t\t\t\t\t\t\t\t\t\t\t\t\t\t\t<\/div>\n\t\t\t\t<\/div>\n\t\t\t\t<\/div>\n\t\t<div class=\"elementor-element elementor-element-abbc103 e-con-full e-flex e-con e-child\" data-id=\"abbc103\" data-element_type=\"container\" data-e-type=\"container\">\n\t\t<div class=\"elementor-element elementor-element-25c184d e-con-full e-flex e-con e-child\" data-id=\"25c184d\" data-element_type=\"container\" data-e-type=\"container\">\n\t\t\t\t<div class=\"elementor-element elementor-element-4c5e098 entrance-bottom elementor-widget elementor-widget-heading\" data-id=\"4c5e098\" data-element_type=\"widget\" data-e-type=\"widget\" data-widget_type=\"heading.default\">\n\t\t\t\t<div class=\"elementor-widget-container\">\n\t\t\t\t\t<h2 class=\"elementor-heading-title elementor-size-default\">Una destinazione<\/h2>\t\t\t\t<\/div>\n\t\t\t\t<\/div>\n\t\t\t\t<div class=\"elementor-element elementor-element-f78a833 entrance-bottom elementor-widget elementor-widget-heading\" data-id=\"f78a833\" data-element_type=\"widget\" data-e-type=\"widget\" data-widget_type=\"heading.default\">\n\t\t\t\t<div class=\"elementor-widget-container\">\n\t\t\t\t\t<span class=\"elementor-heading-title elementor-size-default\">ideale per tutti<\/span>\t\t\t\t<\/div>\n\t\t\t\t<\/div>\n\t\t\t\t<div class=\"elementor-element elementor-element-b37bbc1 elementor-widget-laptop__width-initial entrance-bottom elementor-widget elementor-widget-text-editor\" data-id=\"b37bbc1\" data-element_type=\"widget\" data-e-type=\"widget\" data-widget_type=\"text-editor.default\">\n\t\t\t\t<div class=\"elementor-widget-container\">\n\t\t\t\t\t\t\t\t\t<p>La diversit\u00e0 di Marrakech offre un'esperienza unica che combina tradizione e modernit\u00e0. Che siate appassionati di storia, natura o semplicemente alla ricerca di nuove esperienze, questa citt\u00e0 magica ha qualcosa per ogni visitatore. Approfittate del vostro soggiorno nel nostro hotel per scoprire le meraviglie di questa citt\u00e0 imperiale, a poche ore di auto dal vostro luogo di residenza, e lasciatevi trasportare dal fascino ammaliante di Marrakech.<\/p><p>\u00a0<\/p><p>\u00a0<\/p>\t\t\t\t\t\t\t\t<\/div>\n\t\t\t\t<\/div>\n\t\t\t\t<\/div>\n\t\t\t\t<\/div>\n\t\t\t\t<\/div>\n\t\t\t\t<\/div>","protected":false},"excerpt":{"rendered":"<p>D\u00e9couvrez Marrakech et ses alentours Group 80-svg Retour aux alentours La Perle du Sud Marrakech, surnomm\u00e9e la \u00ab\u00a0Perle du Sud\u00a0\u00bb, est une ville marocaine l\u00e9gendaire qui fascine les voyageurs du monde entier par son ambiance envo\u00fbtante et sa richesse culturelle. Situ\u00e9e au pied des montagnes de l\u2019Atlas, elle est une destination incontournable pour quiconque souhaite [&hellip;]<\/p>\n","protected":false},"author":5,"featured_media":0,"parent":111,"menu_order":0,"comment_status":"closed","ping_status":"closed","template":"","meta":{"inline_featured_image":false,"footnotes":""},"class_list":["post-3503","page","type-page","status-publish","hentry"],"_links":{"self":[{"href":"https:\/\/www.ksarighnda.com\/it\/wp-json\/wp\/v2\/pages\/3503","targetHints":{"allow":["GET"]}}],"collection":[{"href":"https:\/\/www.ksarighnda.com\/it\/wp-json\/wp\/v2\/pages"}],"about":[{"href":"https:\/\/www.ksarighnda.com\/it\/wp-json\/wp\/v2\/types\/page"}],"author":[{"embeddable":true,"href":"https:\/\/www.ksarighnda.com\/it\/wp-json\/wp\/v2\/users\/5"}],"replies":[{"embeddable":true,"href":"https:\/\/www.ksarighnda.com\/it\/wp-json\/wp\/v2\/comments?post=3503"}],"version-history":[{"count":13,"href":"https:\/\/www.ksarighnda.com\/it\/wp-json\/wp\/v2\/pages\/3503\/revisions"}],"predecessor-version":[{"id":3764,"href":"https:\/\/www.ksarighnda.com\/it\/wp-json\/wp\/v2\/pages\/3503\/revisions\/3764"}],"up":[{"embeddable":true,"href":"https:\/\/www.ksarighnda.com\/it\/wp-json\/wp\/v2\/pages\/111"}],"wp:attachment":[{"href":"https:\/\/www.ksarighnda.com\/it\/wp-json\/wp\/v2\/media?parent=3503"}],"curies":[{"name":"wp","href":"https:\/\/api.w.org\/{rel}","templated":true}]}}