{"id":3483,"date":"2024-10-07T10:57:20","date_gmt":"2024-10-07T08:57:20","guid":{"rendered":"https:\/\/www.ksarighnda.com\/?page_id=3483"},"modified":"2024-10-14T13:58:28","modified_gmt":"2024-10-14T12:58:28","slug":"passeggiate-anes","status":"publish","type":"page","link":"https:\/\/www.ksarighnda.com\/it\/activites-alentours\/activites-au-maroc\/balades-anes\/","title":{"rendered":"Giri con gli asini"},"content":{"rendered":"<div data-elementor-type=\"wp-page\" data-elementor-id=\"3483\" class=\"elementor elementor-3483\" data-elementor-post-type=\"page\">\n\t\t\t\t<div class=\"elementor-element elementor-element-d9ea075 e-con-full e-flex e-con e-parent\" data-id=\"d9ea075\" data-element_type=\"container\" data-e-type=\"container\" data-settings=\"{&quot;background_background&quot;:&quot;classic&quot;}\">\n\t\t<div class=\"elementor-element elementor-element-186972e e-con-full entrance-clip-path-both e-flex e-con e-child\" data-id=\"186972e\" data-element_type=\"container\" data-e-type=\"container\">\n\t\t\t\t<div class=\"elementor-element elementor-element-2adfa3d elementor-widget__width-inherit elementor-widget elementor-widget-image\" data-id=\"2adfa3d\" data-element_type=\"widget\" data-e-type=\"widget\" data-widget_type=\"image.default\">\n\t\t\t\t<div class=\"elementor-widget-container\">\n\t\t\t\t\t\t\t\t\t\t\t\t\t\t\t<img fetchpriority=\"high\" decoding=\"async\" width=\"1223\" height=\"817\" src=\"https:\/\/www.ksarighnda.com\/wp-content\/uploads\/2024\/08\/Activites-balade-ane-9-1.jpg\" class=\"attachment-full size-full wp-image-2443\" alt=\"\" srcset=\"https:\/\/www.ksarighnda.com\/wp-content\/uploads\/2024\/08\/Activites-balade-ane-9-1.jpg 1223w, https:\/\/www.ksarighnda.com\/wp-content\/uploads\/2024\/08\/Activites-balade-ane-9-1-300x200.jpg 300w, https:\/\/www.ksarighnda.com\/wp-content\/uploads\/2024\/08\/Activites-balade-ane-9-1-1024x684.jpg 1024w, https:\/\/www.ksarighnda.com\/wp-content\/uploads\/2024\/08\/Activites-balade-ane-9-1-768x513.jpg 768w, https:\/\/www.ksarighnda.com\/wp-content\/uploads\/2024\/08\/Activites-balade-ane-9-1-18x12.jpg 18w\" sizes=\"(max-width: 1223px) 100vw, 1223px\" title=\"\">\t\t\t\t\t\t\t\t\t\t\t\t\t\t\t<\/div>\n\t\t\t\t<\/div>\n\t\t\t\t<\/div>\n\t\t\t\t<div class=\"elementor-element elementor-element-3f35761 entrance-bottom  titre-barre elementor-widget elementor-widget-heading\" data-id=\"3f35761\" data-element_type=\"widget\" data-e-type=\"widget\" data-widget_type=\"heading.default\">\n\t\t\t\t<div class=\"elementor-widget-container\">\n\t\t\t\t\t<span class=\"elementor-heading-title elementor-size-default\">Scoprire <\/span>\t\t\t\t<\/div>\n\t\t\t\t<\/div>\n\t\t\t\t<div class=\"elementor-element elementor-element-604834e entrance-bottom elementor-widget elementor-widget-heading\" data-id=\"604834e\" data-element_type=\"widget\" data-e-type=\"widget\" data-widget_type=\"heading.default\">\n\t\t\t\t<div class=\"elementor-widget-container\">\n\t\t\t\t\t<h1 class=\"elementor-heading-title elementor-size-default\">Giri con gli asini<\/h1>\t\t\t\t<\/div>\n\t\t\t\t<\/div>\n\t\t\t\t<div class=\"elementor-element elementor-element-b2966bd entrance-bottom elementor-widget elementor-widget-heading\" data-id=\"b2966bd\" data-element_type=\"widget\" data-e-type=\"widget\" data-widget_type=\"heading.default\">\n\t\t\t\t<div class=\"elementor-widget-container\">\n\t\t\t\t\t<span class=\"elementor-heading-title elementor-size-default\">nelle vicinanze<\/span>\t\t\t\t<\/div>\n\t\t\t\t<\/div>\n\t\t\t\t<div class=\"elementor-element elementor-element-3f2fb84 btn-fleche-gauche entrance-bottom elementor-align-left elementor-widget elementor-widget-button\" data-id=\"3f2fb84\" data-element_type=\"widget\" data-e-type=\"widget\" data-widget_type=\"button.default\">\n\t\t\t\t<div class=\"elementor-widget-container\">\n\t\t\t\t\t\t\t\t\t<div class=\"elementor-button-wrapper\">\n\t\t\t\t\t<a class=\"elementor-button elementor-button-link elementor-size-sm\" href=\"https:\/\/www.ksarighnda.com\/it\/activites-alentours\/activites-au-maroc\/\">\n\t\t\t\t\t\t<span class=\"elementor-button-content-wrapper\">\n\t\t\t\t\t\t<span class=\"elementor-button-icon\">\n\t\t\t\t<svg xmlns=\"http:\/\/www.w3.org\/2000\/svg\" viewbox=\"0 0 28 20\" width=\"28\" height=\"20\"><title>Gruppo 80-svg<\/title><style>\t\t.s0 { fill: none;stroke: #5c4932;stroke-linecap: round } \t<\/style><g id=\"Group 80\"><path id=\"Line 11\" fill-rule=\"evenodd\" class=\"s0\" d=\"m27 10h-26\"><\/path><path id=\"Vector 12\" fill-rule=\"evenodd\" class=\"s0\" d=\"m1 9.5c2-1.2 6.9-4.6 10.5-9\"><\/path><path id=\"Vector 13\" fill-rule=\"evenodd\" class=\"s0\" d=\"m1 10c2 1.2 6.9 4.6 10.5 9\"><\/path><\/g><\/svg>\t\t\t<\/span>\n\t\t\t\t\t\t\t\t\t<span class=\"elementor-button-text\">Torna alle attivit\u00e0<\/span>\n\t\t\t\t\t<\/span>\n\t\t\t\t\t<\/a>\n\t\t\t\t<\/div>\n\t\t\t\t\t\t\t\t<\/div>\n\t\t\t\t<\/div>\n\t\t\t\t<\/div>\n\t\t<div class=\"elementor-element elementor-element-353af23 e-con-full e-flex e-con e-parent\" data-id=\"353af23\" data-element_type=\"container\" data-e-type=\"container\">\n\t\t<div class=\"elementor-element elementor-element-5578f9f e-con-full e-flex e-con e-child\" data-id=\"5578f9f\" data-element_type=\"container\" data-e-type=\"container\">\n\t\t<div class=\"elementor-element elementor-element-999f8bf e-con-full e-flex e-con e-child\" data-id=\"999f8bf\" data-element_type=\"container\" data-e-type=\"container\">\n\t\t\t\t<div class=\"elementor-element elementor-element-270185b entrance-bottom elementor-widget elementor-widget-heading\" data-id=\"270185b\" data-element_type=\"widget\" data-e-type=\"widget\" data-widget_type=\"heading.default\">\n\t\t\t\t<div class=\"elementor-widget-container\">\n\t\t\t\t\t<span class=\"elementor-heading-title elementor-size-default\">Passeggiate<\/span>\t\t\t\t<\/div>\n\t\t\t\t<\/div>\n\t\t\t\t<div class=\"elementor-element elementor-element-cb46071 entrance-bottom elementor-widget elementor-widget-heading\" data-id=\"cb46071\" data-element_type=\"widget\" data-e-type=\"widget\" data-widget_type=\"heading.default\">\n\t\t\t\t<div class=\"elementor-widget-container\">\n\t\t\t\t\t<span class=\"elementor-heading-title elementor-size-default\">da asino<\/span>\t\t\t\t<\/div>\n\t\t\t\t<\/div>\n\t\t\t\t<div class=\"elementor-element elementor-element-8db94ac elementor-widget-laptop__width-initial entrance-bottom elementor-widget elementor-widget-text-editor\" data-id=\"8db94ac\" data-element_type=\"widget\" data-e-type=\"widget\" data-widget_type=\"text-editor.default\">\n\t\t\t\t<div class=\"elementor-widget-container\">\n\t\t\t\t\t\t\t\t\t<p>Le passeggiate a dorso d'asino sono disponibili su richiesta. Vi porteranno attraverso la valle verde e lussureggiante per una pausa rinfrescante durante la giornata. L'ombra delle numerose palme \u00e8 perfetta per prendere fiato in una giornata calda a Ouarzazate, accompagnati dai vostri fedeli destrieri.<\/p>\t\t\t\t\t\t\t\t<\/div>\n\t\t\t\t<\/div>\n\t\t\t\t<\/div>\n\t\t\t\t<\/div>\n\t\t<div class=\"elementor-element elementor-element-5d756e3 e-con-full e-flex e-con e-child\" data-id=\"5d756e3\" data-element_type=\"container\" data-e-type=\"container\">\n\t\t\t\t<div class=\"elementor-element elementor-element-a30e3ee elementor-widget__width-inherit entrance-right elementor-widget elementor-widget-image\" data-id=\"a30e3ee\" data-element_type=\"widget\" data-e-type=\"widget\" data-widget_type=\"image.default\">\n\t\t\t\t<div class=\"elementor-widget-container\">\n\t\t\t\t\t\t\t\t\t\t\t\t\t\t\t<img decoding=\"async\" width=\"817\" height=\"1223\" src=\"https:\/\/www.ksarighnda.com\/wp-content\/uploads\/2024\/07\/balade.jpg\" class=\"attachment-full size-full wp-image-1456\" alt=\"\" srcset=\"https:\/\/www.ksarighnda.com\/wp-content\/uploads\/2024\/07\/balade.jpg 817w, https:\/\/www.ksarighnda.com\/wp-content\/uploads\/2024\/07\/balade-200x300.jpg 200w, https:\/\/www.ksarighnda.com\/wp-content\/uploads\/2024\/07\/balade-684x1024.jpg 684w, https:\/\/www.ksarighnda.com\/wp-content\/uploads\/2024\/07\/balade-768x1150.jpg 768w, https:\/\/www.ksarighnda.com\/wp-content\/uploads\/2024\/07\/balade-8x12.jpg 8w\" sizes=\"(max-width: 817px) 100vw, 817px\" title=\"\">\t\t\t\t\t\t\t\t\t\t\t\t\t\t\t<\/div>\n\t\t\t\t<\/div>\n\t\t\t\t<\/div>\n\t\t\t\t<\/div>\n\t\t\t\t<\/div>","protected":false},"excerpt":{"rendered":"<p>D\u00e9couvrez aux alentours Group 80-svg Retour aux activit\u00e9s Balades \u200b \u00e0 dos d\u2019\u00e2ne Sur demande, il est possible de faire des balades \u00e0 dos d\u2019\u00e2ne. Ils vous emm\u00e8nent profiter de la vall\u00e9e verdoyante afin de faire une pause fraicheur dans votre journ\u00e9e. L\u2019ombre des nombreux palmiers pr\u00e9sents est parfaite pour respirer lors d\u2019une chaude journ\u00e9e [&hellip;]<\/p>\n","protected":false},"author":5,"featured_media":0,"parent":110,"menu_order":0,"comment_status":"closed","ping_status":"closed","template":"","meta":{"inline_featured_image":false,"footnotes":""},"class_list":["post-3483","page","type-page","status-publish","hentry"],"_links":{"self":[{"href":"https:\/\/www.ksarighnda.com\/it\/wp-json\/wp\/v2\/pages\/3483","targetHints":{"allow":["GET"]}}],"collection":[{"href":"https:\/\/www.ksarighnda.com\/it\/wp-json\/wp\/v2\/pages"}],"about":[{"href":"https:\/\/www.ksarighnda.com\/it\/wp-json\/wp\/v2\/types\/page"}],"author":[{"embeddable":true,"href":"https:\/\/www.ksarighnda.com\/it\/wp-json\/wp\/v2\/users\/5"}],"replies":[{"embeddable":true,"href":"https:\/\/www.ksarighnda.com\/it\/wp-json\/wp\/v2\/comments?post=3483"}],"version-history":[{"count":12,"href":"https:\/\/www.ksarighnda.com\/it\/wp-json\/wp\/v2\/pages\/3483\/revisions"}],"predecessor-version":[{"id":3661,"href":"https:\/\/www.ksarighnda.com\/it\/wp-json\/wp\/v2\/pages\/3483\/revisions\/3661"}],"up":[{"embeddable":true,"href":"https:\/\/www.ksarighnda.com\/it\/wp-json\/wp\/v2\/pages\/110"}],"wp:attachment":[{"href":"https:\/\/www.ksarighnda.com\/it\/wp-json\/wp\/v2\/media?parent=3483"}],"curies":[{"name":"wp","href":"https:\/\/api.w.org\/{rel}","templated":true}]}}