{"id":117,"date":"2024-07-17T16:44:26","date_gmt":"2024-07-17T14:44:26","guid":{"rendered":"https:\/\/www.ksarighnda.com\/activites-alentours\/alentours\/palmeraie-de-skoura\/"},"modified":"2025-08-08T18:46:27","modified_gmt":"2025-08-08T17:46:27","slug":"palmeto-di-skoura","status":"publish","type":"page","link":"https:\/\/www.ksarighnda.com\/it\/activites-alentours\/que-visiter-au-maroc\/palmeraie-de-skoura\/","title":{"rendered":"Palmeto di Skoura"},"content":{"rendered":"<div data-elementor-type=\"wp-page\" data-elementor-id=\"117\" class=\"elementor elementor-117\" data-elementor-post-type=\"page\">\n\t\t\t\t<div class=\"elementor-element elementor-element-75721e7 e-con-full e-flex e-con e-parent\" data-id=\"75721e7\" data-element_type=\"container\" data-e-type=\"container\" data-settings=\"{&quot;background_background&quot;:&quot;classic&quot;}\">\n\t\t<div class=\"elementor-element elementor-element-c2b538e e-con-full entrance-clip-path-both e-flex e-con e-child\" data-id=\"c2b538e\" data-element_type=\"container\" data-e-type=\"container\">\n\t\t\t\t<div class=\"elementor-element elementor-element-27e55d2 elementor-widget__width-inherit elementor-widget elementor-widget-image\" data-id=\"27e55d2\" data-element_type=\"widget\" data-e-type=\"widget\" data-widget_type=\"image.default\">\n\t\t\t\t<div class=\"elementor-widget-container\">\n\t\t\t\t\t\t\t\t\t\t\t\t\t\t\t<img fetchpriority=\"high\" decoding=\"async\" width=\"2120\" height=\"1414\" src=\"https:\/\/www.ksarighnda.com\/wp-content\/uploads\/2024\/08\/GettyImages-983752584.jpg\" class=\"attachment-full size-full wp-image-2492\" alt=\"\" srcset=\"https:\/\/www.ksarighnda.com\/wp-content\/uploads\/2024\/08\/GettyImages-983752584.jpg 2120w, https:\/\/www.ksarighnda.com\/wp-content\/uploads\/2024\/08\/GettyImages-983752584-300x200.jpg 300w, https:\/\/www.ksarighnda.com\/wp-content\/uploads\/2024\/08\/GettyImages-983752584-1024x683.jpg 1024w, https:\/\/www.ksarighnda.com\/wp-content\/uploads\/2024\/08\/GettyImages-983752584-768x512.jpg 768w, https:\/\/www.ksarighnda.com\/wp-content\/uploads\/2024\/08\/GettyImages-983752584-1536x1024.jpg 1536w, https:\/\/www.ksarighnda.com\/wp-content\/uploads\/2024\/08\/GettyImages-983752584-2048x1366.jpg 2048w, https:\/\/www.ksarighnda.com\/wp-content\/uploads\/2024\/08\/GettyImages-983752584-18x12.jpg 18w\" sizes=\"(max-width: 2120px) 100vw, 2120px\" title=\"\">\t\t\t\t\t\t\t\t\t\t\t\t\t\t\t<\/div>\n\t\t\t\t<\/div>\n\t\t\t\t<\/div>\n\t\t\t\t<div class=\"elementor-element elementor-element-bbbf5eb entrance-bottom  titre-barre elementor-widget elementor-widget-heading\" data-id=\"bbbf5eb\" data-element_type=\"widget\" data-e-type=\"widget\" data-widget_type=\"heading.default\">\n\t\t\t\t<div class=\"elementor-widget-container\">\n\t\t\t\t\t<span class=\"elementor-heading-title elementor-size-default\">Scoprire <\/span>\t\t\t\t<\/div>\n\t\t\t\t<\/div>\n\t\t\t\t<div class=\"elementor-element elementor-element-a928a86 entrance-bottom elementor-widget elementor-widget-heading\" data-id=\"a928a86\" data-element_type=\"widget\" data-e-type=\"widget\" data-widget_type=\"heading.default\">\n\t\t\t\t<div class=\"elementor-widget-container\">\n\t\t\t\t\t<h1 class=\"elementor-heading-title elementor-size-default\">Palmeraie de<\/h1>\t\t\t\t<\/div>\n\t\t\t\t<\/div>\n\t\t\t\t<div class=\"elementor-element elementor-element-887a2b3 entrance-bottom elementor-widget elementor-widget-heading\" data-id=\"887a2b3\" data-element_type=\"widget\" data-e-type=\"widget\" data-widget_type=\"heading.default\">\n\t\t\t\t<div class=\"elementor-widget-container\">\n\t\t\t\t\t<span class=\"elementor-heading-title elementor-size-default\">Skoura<\/span>\t\t\t\t<\/div>\n\t\t\t\t<\/div>\n\t\t\t\t<div class=\"elementor-element elementor-element-6d6190c btn-fleche-gauche entrance-bottom elementor-align-left elementor-widget elementor-widget-button\" data-id=\"6d6190c\" data-element_type=\"widget\" data-e-type=\"widget\" data-widget_type=\"button.default\">\n\t\t\t\t<div class=\"elementor-widget-container\">\n\t\t\t\t\t\t\t\t\t<div class=\"elementor-button-wrapper\">\n\t\t\t\t\t<a class=\"elementor-button elementor-button-link elementor-size-sm\" href=\"https:\/\/www.ksarighnda.com\/it\/activites-alentours\/que-visiter-au-maroc\/\">\n\t\t\t\t\t\t<span class=\"elementor-button-content-wrapper\">\n\t\t\t\t\t\t<span class=\"elementor-button-icon\">\n\t\t\t\t<svg xmlns=\"http:\/\/www.w3.org\/2000\/svg\" viewbox=\"0 0 28 20\" width=\"28\" height=\"20\"><title>Gruppo 80-svg<\/title><style>\t\t.s0 { fill: none;stroke: #5c4932;stroke-linecap: round } \t<\/style><g id=\"Group 80\"><path id=\"Line 11\" fill-rule=\"evenodd\" class=\"s0\" d=\"m27 10h-26\"><\/path><path id=\"Vector 12\" fill-rule=\"evenodd\" class=\"s0\" d=\"m1 9.5c2-1.2 6.9-4.6 10.5-9\"><\/path><path id=\"Vector 13\" fill-rule=\"evenodd\" class=\"s0\" d=\"m1 10c2 1.2 6.9 4.6 10.5 9\"><\/path><\/g><\/svg>\t\t\t<\/span>\n\t\t\t\t\t\t\t\t\t<span class=\"elementor-button-text\">Ritorno ai dintorni<\/span>\n\t\t\t\t\t<\/span>\n\t\t\t\t\t<\/a>\n\t\t\t\t<\/div>\n\t\t\t\t\t\t\t\t<\/div>\n\t\t\t\t<\/div>\n\t\t\t\t<\/div>\n\t\t<div class=\"elementor-element elementor-element-5473e92 e-con-full e-flex e-con e-parent\" data-id=\"5473e92\" data-element_type=\"container\" data-e-type=\"container\">\n\t\t<div class=\"elementor-element elementor-element-f8a591c e-con-full e-flex e-con e-child\" data-id=\"f8a591c\" data-element_type=\"container\" data-e-type=\"container\">\n\t\t<div class=\"elementor-element elementor-element-030a655 e-con-full e-flex e-con e-child\" data-id=\"030a655\" data-element_type=\"container\" data-e-type=\"container\">\n\t\t\t\t<div class=\"elementor-element elementor-element-601fc16 entrance-bottom elementor-widget elementor-widget-heading\" data-id=\"601fc16\" data-element_type=\"widget\" data-e-type=\"widget\" data-widget_type=\"heading.default\">\n\t\t\t\t<div class=\"elementor-widget-container\">\n\t\t\t\t\t<h2 class=\"elementor-heading-title elementor-size-default\">25 km\u00b2 di terreno<\/h2>\t\t\t\t<\/div>\n\t\t\t\t<\/div>\n\t\t\t\t<div class=\"elementor-element elementor-element-bf61081 entrance-bottom elementor-widget elementor-widget-heading\" data-id=\"bf61081\" data-element_type=\"widget\" data-e-type=\"widget\" data-widget_type=\"heading.default\">\n\t\t\t\t<div class=\"elementor-widget-container\">\n\t\t\t\t\t<span class=\"elementor-heading-title elementor-size-default\">verde<\/span>\t\t\t\t<\/div>\n\t\t\t\t<\/div>\n\t\t\t\t<div class=\"elementor-element elementor-element-5439e11 elementor-widget-laptop__width-initial entrance-bottom elementor-widget elementor-widget-text-editor\" data-id=\"5439e11\" data-element_type=\"widget\" data-e-type=\"widget\" data-widget_type=\"text-editor.default\">\n\t\t\t\t<div class=\"elementor-widget-container\">\n\t\t\t\t\t\t\t\t\t<p><strong>Skoura<\/strong> \u00e8 un importante <a href=\"https:\/\/fr.wikipedia.org\/wiki\/Palmeraie\" rel=\"nofollow noopener\" target=\"_blank\">palmeto<\/a> di 25 km<sup>2<\/sup>situato a 1 ora da Ksar Ighnda.<\/p><p>Si tratta di uno dei pochi palmeti del Paese ancora abitati e coltivati.<\/p><p>Ci sono circa 30.000 abitanti e 130.000 palme.<\/p><p>Skoura \u00e8 un villaggio <a href=\"https:\/\/fr.wikipedia.org\/wiki\/Arabe\" rel=\"nofollow noopener\" target=\"_blank\">Marocchino<\/a> appartenente alla confederazione tribale Skoura Ait o Ahl Al Ouast, il cui nome deriva dal berbero Askur o Skur che significa pernice.<\/p><p>Famosa per le sue numerose palme, tra cui l'Amerhidil, che compare sulle vecchie banconote da 50 Dirham, Skoura \u00e8 il primo punto di sosta sulla strada per la <a href=\"https:\/\/fr.wikipedia.org\/wiki\/Dad%C3%A8s\" rel=\"nofollow noopener\" target=\"_blank\">Dades<\/a> che porta a <a href=\"https:\/\/fr.wikipedia.org\/wiki\/Kelaat-M%27Gouna\" rel=\"nofollow noopener\" target=\"_blank\">Kelaat-M'Gouna<\/a>il <a href=\"https:\/\/fr.wikipedia.org\/wiki\/Gorges_du_Dad%C3%A8s\" rel=\"nofollow noopener\" target=\"_blank\">Gole del Dades<\/a>, <a href=\"https:\/\/fr.wikipedia.org\/wiki\/Boumalne-Dad%C3%A8s\" rel=\"nofollow noopener\" target=\"_blank\">Boumalne<\/a> e il <a href=\"https:\/\/fr.wikipedia.org\/wiki\/Vall%C3%A9e_du_Toudra\" rel=\"nofollow noopener\" target=\"_blank\">Valle di Toudra<\/a>.<\/p><p>Si tratta infatti di un elemento caratteristico dell'architettura della\u00a0<a href=\"https:\/\/fr.wikipedia.org\/wiki\/Oasis\" rel=\"nofollow noopener\" target=\"_blank\">oasi<\/a>.<\/p><p>La <a href=\"https:\/\/fr.wikipedia.org\/wiki\/Palmeraie\" rel=\"nofollow noopener\" target=\"_blank\">palmeto<\/a> ha molti <a href=\"https:\/\/fr.wikipedia.org\/wiki\/Douar\" rel=\"nofollow noopener\" target=\"_blank\">douars<\/a> (villaggi), i cui abitanti vivono principalmente di agricoltura: olive, mandorle, colture foraggere come l'erba medica, l'orzo e altri alberi da frutto (mele, albicocche, fichi e melograni).<\/p><p>L'irrigazione attinge alla<a href=\"https:\/\/fr.wikipedia.org\/wiki\/Oued\" rel=\"nofollow noopener\" target=\"_blank\">oued<\/a> Skoura, e utilizza ancora principalmente il sistema tradizionale di <a href=\"https:\/\/fr.wikipedia.org\/wiki\/Qanat\" rel=\"nofollow noopener\" target=\"_blank\">khettaras<\/a> in risposta alle siccit\u00e0 degli anni '80 e 2000.<\/p><p>Alcuni artigiani, come i vasai e i cestai, portano avanti tradizioni secolari.<\/p><p>\u00a0<\/p>\t\t\t\t\t\t\t\t<\/div>\n\t\t\t\t<\/div>\n\t\t\t\t<\/div>\n\t\t\t\t<\/div>\n\t\t<div class=\"elementor-element elementor-element-e790201 e-con-full e-flex e-con e-child\" data-id=\"e790201\" data-element_type=\"container\" data-e-type=\"container\">\n\t\t\t\t<div class=\"elementor-element elementor-element-28119f3 elementor-widget__width-inherit entrance-right elementor-widget elementor-widget-image\" data-id=\"28119f3\" data-element_type=\"widget\" data-e-type=\"widget\" data-widget_type=\"image.default\">\n\t\t\t\t<div class=\"elementor-widget-container\">\n\t\t\t\t\t\t\t\t\t\t\t\t\t\t\t<img decoding=\"async\" width=\"2119\" height=\"1415\" src=\"https:\/\/www.ksarighnda.com\/wp-content\/uploads\/2024\/08\/GettyImages-485756722.jpg\" class=\"attachment-full size-full wp-image-2466\" alt=\"\" srcset=\"https:\/\/www.ksarighnda.com\/wp-content\/uploads\/2024\/08\/GettyImages-485756722.jpg 2119w, https:\/\/www.ksarighnda.com\/wp-content\/uploads\/2024\/08\/GettyImages-485756722-300x200.jpg 300w, https:\/\/www.ksarighnda.com\/wp-content\/uploads\/2024\/08\/GettyImages-485756722-1024x684.jpg 1024w, https:\/\/www.ksarighnda.com\/wp-content\/uploads\/2024\/08\/GettyImages-485756722-768x513.jpg 768w, https:\/\/www.ksarighnda.com\/wp-content\/uploads\/2024\/08\/GettyImages-485756722-1536x1026.jpg 1536w, https:\/\/www.ksarighnda.com\/wp-content\/uploads\/2024\/08\/GettyImages-485756722-2048x1368.jpg 2048w, https:\/\/www.ksarighnda.com\/wp-content\/uploads\/2024\/08\/GettyImages-485756722-18x12.jpg 18w\" sizes=\"(max-width: 2119px) 100vw, 2119px\" title=\"\">\t\t\t\t\t\t\t\t\t\t\t\t\t\t\t<\/div>\n\t\t\t\t<\/div>\n\t\t\t\t<\/div>\n\t\t\t\t<\/div>\n\t\t<div class=\"elementor-element elementor-element-9c5aed8 e-con-full e-flex e-con e-parent\" data-id=\"9c5aed8\" data-element_type=\"container\" data-e-type=\"container\">\n\t\t<div class=\"elementor-element elementor-element-22c8ed9 e-con-full e-flex e-con e-child\" data-id=\"22c8ed9\" data-element_type=\"container\" data-e-type=\"container\">\n\t\t\t\t<div class=\"elementor-element elementor-element-151bbf5 elementor-widget__width-inherit entrance-left elementor-widget elementor-widget-image\" data-id=\"151bbf5\" data-element_type=\"widget\" data-e-type=\"widget\" data-widget_type=\"image.default\">\n\t\t\t\t<div class=\"elementor-widget-container\">\n\t\t\t\t\t\t\t\t\t\t\t\t\t\t\t<img decoding=\"async\" width=\"2121\" height=\"1414\" src=\"https:\/\/www.ksarighnda.com\/wp-content\/uploads\/2024\/08\/GettyImages-1488613015.jpg\" class=\"attachment-full size-full wp-image-2465\" alt=\"\" srcset=\"https:\/\/www.ksarighnda.com\/wp-content\/uploads\/2024\/08\/GettyImages-1488613015.jpg 2121w, https:\/\/www.ksarighnda.com\/wp-content\/uploads\/2024\/08\/GettyImages-1488613015-300x200.jpg 300w, https:\/\/www.ksarighnda.com\/wp-content\/uploads\/2024\/08\/GettyImages-1488613015-1024x683.jpg 1024w, https:\/\/www.ksarighnda.com\/wp-content\/uploads\/2024\/08\/GettyImages-1488613015-768x512.jpg 768w, https:\/\/www.ksarighnda.com\/wp-content\/uploads\/2024\/08\/GettyImages-1488613015-1536x1024.jpg 1536w, https:\/\/www.ksarighnda.com\/wp-content\/uploads\/2024\/08\/GettyImages-1488613015-2048x1365.jpg 2048w, https:\/\/www.ksarighnda.com\/wp-content\/uploads\/2024\/08\/GettyImages-1488613015-18x12.jpg 18w\" sizes=\"(max-width: 2121px) 100vw, 2121px\" title=\"\">\t\t\t\t\t\t\t\t\t\t\t\t\t\t\t<\/div>\n\t\t\t\t<\/div>\n\t\t\t\t<\/div>\n\t\t<div class=\"elementor-element elementor-element-3a89481 e-con-full e-flex e-con e-child\" data-id=\"3a89481\" data-element_type=\"container\" data-e-type=\"container\">\n\t\t<div class=\"elementor-element elementor-element-3dc80a2 e-con-full e-flex e-con e-child\" data-id=\"3dc80a2\" data-element_type=\"container\" data-e-type=\"container\">\n\t\t\t\t<div class=\"elementor-element elementor-element-4c0b9dd entrance-bottom elementor-widget elementor-widget-heading\" data-id=\"4c0b9dd\" data-element_type=\"widget\" data-e-type=\"widget\" data-widget_type=\"heading.default\">\n\t\t\t\t<div class=\"elementor-widget-container\">\n\t\t\t\t\t<h2 class=\"elementor-heading-title elementor-size-default\">Carrefour<\/h2>\t\t\t\t<\/div>\n\t\t\t\t<\/div>\n\t\t\t\t<div class=\"elementor-element elementor-element-a5d110e entrance-bottom elementor-widget elementor-widget-heading\" data-id=\"a5d110e\" data-element_type=\"widget\" data-e-type=\"widget\" data-widget_type=\"heading.default\">\n\t\t\t\t<div class=\"elementor-widget-container\">\n\t\t\t\t\t<span class=\"elementor-heading-title elementor-size-default\">di civilt\u00e0<\/span>\t\t\t\t<\/div>\n\t\t\t\t<\/div>\n\t\t\t\t<div class=\"elementor-element elementor-element-9246c4f elementor-widget-laptop__width-initial entrance-bottom elementor-widget elementor-widget-text-editor\" data-id=\"9246c4f\" data-element_type=\"widget\" data-e-type=\"widget\" data-widget_type=\"text-editor.default\">\n\t\t\t\t<div class=\"elementor-widget-container\">\n\t\t\t\t\t\t\t\t\t<h4><strong>Un patrimonio storico e culturale vivo<\/strong><\/h4><p>Skoura \u00e8 un crocevia di culture: berberi, arabi ed ebrei si sono mescolati qui nel corso dei secoli. Scoprite questa ricchezza attraverso l'artigianato locale - tappeti, ceramiche, oggetti in legno intagliato o in ferro damascato - che testimonia l'abilit\u00e0 degli artigiani della regione. L'architettura e le tradizioni dei villaggi e delle kasbah circostanti offrono una visione autentica della storia e dei costumi di Skoura.<\/p><p>I villaggi intorno a Skoura, come Azlag, conservano tradizioni artigianali uniche, come la fabbricazione di pugnali e oggetti in metallo, un'abilit\u00e0 tramandata di generazione in generazione. Queste abilit\u00e0 aggiungono una dimensione autentica alla visita, arricchendo l'esperienza del palmeto.<\/p>\t\t\t\t\t\t\t\t<\/div>\n\t\t\t\t<\/div>\n\t\t\t\t<\/div>\n\t\t\t\t<\/div>\n\t\t\t\t<\/div>\n\t\t\t\t<\/div>","protected":false},"excerpt":{"rendered":"<p>D\u00e9couvrez Palmeraie de Skoura Group 80-svg Retour aux alentours 25 km\u00b2 verdoyants Skoura est une importante palmeraie de 25\u00a0km2, situ\u00e9e \u00e0 1 heure du Ksar Ighnda. C&rsquo;est l&rsquo;une des rares palmeraies du pays encore habit\u00e9e et cultiv\u00e9e. On y recense environ 30 000 habitants et 130 000 palmiers. Skoura est un village marocain appartenant \u00e0 [&hellip;]<\/p>\n","protected":false},"author":5,"featured_media":0,"parent":114,"menu_order":0,"comment_status":"closed","ping_status":"closed","template":"","meta":{"inline_featured_image":false,"footnotes":""},"class_list":["post-117","page","type-page","status-publish","hentry"],"_links":{"self":[{"href":"https:\/\/www.ksarighnda.com\/it\/wp-json\/wp\/v2\/pages\/117","targetHints":{"allow":["GET"]}}],"collection":[{"href":"https:\/\/www.ksarighnda.com\/it\/wp-json\/wp\/v2\/pages"}],"about":[{"href":"https:\/\/www.ksarighnda.com\/it\/wp-json\/wp\/v2\/types\/page"}],"author":[{"embeddable":true,"href":"https:\/\/www.ksarighnda.com\/it\/wp-json\/wp\/v2\/users\/5"}],"replies":[{"embeddable":true,"href":"https:\/\/www.ksarighnda.com\/it\/wp-json\/wp\/v2\/comments?post=117"}],"version-history":[{"count":40,"href":"https:\/\/www.ksarighnda.com\/it\/wp-json\/wp\/v2\/pages\/117\/revisions"}],"predecessor-version":[{"id":5483,"href":"https:\/\/www.ksarighnda.com\/it\/wp-json\/wp\/v2\/pages\/117\/revisions\/5483"}],"up":[{"embeddable":true,"href":"https:\/\/www.ksarighnda.com\/it\/wp-json\/wp\/v2\/pages\/114"}],"wp:attachment":[{"href":"https:\/\/www.ksarighnda.com\/it\/wp-json\/wp\/v2\/media?parent=117"}],"curies":[{"name":"wp","href":"https:\/\/api.w.org\/{rel}","templated":true}]}}