{"id":115,"date":"2024-07-17T16:44:26","date_gmt":"2024-07-17T14:44:26","guid":{"rendered":"https:\/\/www.ksarighnda.com\/activites-alentours\/alentours\/visiter-ouarzazate\/"},"modified":"2025-07-20T18:31:16","modified_gmt":"2025-07-20T17:31:16","slug":"visitare-ouarzazate","status":"publish","type":"page","link":"https:\/\/www.ksarighnda.com\/it\/activites-alentours\/que-visiter-au-maroc\/visiter-ouarzazate\/","title":{"rendered":"Visitare Ouarzazate"},"content":{"rendered":"<div data-elementor-type=\"wp-page\" data-elementor-id=\"115\" class=\"elementor elementor-115\" data-elementor-post-type=\"page\">\n\t\t\t\t<div class=\"elementor-element elementor-element-50f2e12 e-con-full e-flex e-con e-parent\" data-id=\"50f2e12\" data-element_type=\"container\" data-e-type=\"container\" data-settings=\"{&quot;background_background&quot;:&quot;classic&quot;}\">\n\t\t<div class=\"elementor-element elementor-element-b4cb4ee e-con-full entrance-clip-path-both e-flex e-con e-child\" data-id=\"b4cb4ee\" data-element_type=\"container\" data-e-type=\"container\">\n\t\t\t\t<div class=\"elementor-element elementor-element-a83fea9 elementor-widget__width-inherit elementor-widget elementor-widget-image\" data-id=\"a83fea9\" data-element_type=\"widget\" data-e-type=\"widget\" data-widget_type=\"image.default\">\n\t\t\t\t<div class=\"elementor-widget-container\">\n\t\t\t\t\t\t\t\t\t\t\t\t\t\t\t<img fetchpriority=\"high\" decoding=\"async\" width=\"2117\" height=\"1416\" src=\"https:\/\/www.ksarighnda.com\/wp-content\/uploads\/2024\/08\/GettyImages-1346038016.jpg\" class=\"attachment-full size-full wp-image-2462\" alt=\"\" srcset=\"https:\/\/www.ksarighnda.com\/wp-content\/uploads\/2024\/08\/GettyImages-1346038016.jpg 2117w, https:\/\/www.ksarighnda.com\/wp-content\/uploads\/2024\/08\/GettyImages-1346038016-300x201.jpg 300w, https:\/\/www.ksarighnda.com\/wp-content\/uploads\/2024\/08\/GettyImages-1346038016-1024x685.jpg 1024w, https:\/\/www.ksarighnda.com\/wp-content\/uploads\/2024\/08\/GettyImages-1346038016-768x514.jpg 768w, https:\/\/www.ksarighnda.com\/wp-content\/uploads\/2024\/08\/GettyImages-1346038016-1536x1027.jpg 1536w, https:\/\/www.ksarighnda.com\/wp-content\/uploads\/2024\/08\/GettyImages-1346038016-2048x1370.jpg 2048w, https:\/\/www.ksarighnda.com\/wp-content\/uploads\/2024\/08\/GettyImages-1346038016-18x12.jpg 18w\" sizes=\"(max-width: 2117px) 100vw, 2117px\" title=\"\">\t\t\t\t\t\t\t\t\t\t\t\t\t\t\t<\/div>\n\t\t\t\t<\/div>\n\t\t\t\t<\/div>\n\t\t\t\t<div class=\"elementor-element elementor-element-32bbe05 entrance-bottom  titre-barre elementor-widget elementor-widget-heading\" data-id=\"32bbe05\" data-element_type=\"widget\" data-e-type=\"widget\" data-widget_type=\"heading.default\">\n\t\t\t\t<div class=\"elementor-widget-container\">\n\t\t\t\t\t<span class=\"elementor-heading-title elementor-size-default\">Scoprire <\/span>\t\t\t\t<\/div>\n\t\t\t\t<\/div>\n\t\t\t\t<div class=\"elementor-element elementor-element-9116641 entrance-bottom elementor-widget elementor-widget-heading\" data-id=\"9116641\" data-element_type=\"widget\" data-e-type=\"widget\" data-widget_type=\"heading.default\">\n\t\t\t\t<div class=\"elementor-widget-container\">\n\t\t\t\t\t<h1 class=\"elementor-heading-title elementor-size-default\">Ouarzazate<\/h1>\t\t\t\t<\/div>\n\t\t\t\t<\/div>\n\t\t\t\t<div class=\"elementor-element elementor-element-eba7de9 entrance-bottom elementor-widget elementor-widget-heading\" data-id=\"eba7de9\" data-element_type=\"widget\" data-e-type=\"widget\" data-widget_type=\"heading.default\">\n\t\t\t\t<div class=\"elementor-widget-container\">\n\t\t\t\t\t<span class=\"elementor-heading-title elementor-size-default\">e l'area circostante<\/span>\t\t\t\t<\/div>\n\t\t\t\t<\/div>\n\t\t\t\t<div class=\"elementor-element elementor-element-79fb17a btn-fleche-gauche entrance-bottom elementor-align-left elementor-widget elementor-widget-button\" data-id=\"79fb17a\" data-element_type=\"widget\" data-e-type=\"widget\" data-widget_type=\"button.default\">\n\t\t\t\t<div class=\"elementor-widget-container\">\n\t\t\t\t\t\t\t\t\t<div class=\"elementor-button-wrapper\">\n\t\t\t\t\t<a class=\"elementor-button elementor-button-link elementor-size-sm\" href=\"https:\/\/www.ksarighnda.com\/it\/activites-alentours\/que-visiter-au-maroc\/\">\n\t\t\t\t\t\t<span class=\"elementor-button-content-wrapper\">\n\t\t\t\t\t\t<span class=\"elementor-button-icon\">\n\t\t\t\t<svg xmlns=\"http:\/\/www.w3.org\/2000\/svg\" viewbox=\"0 0 28 20\" width=\"28\" height=\"20\"><title>Gruppo 80-svg<\/title><style>\t\t.s0 { fill: none;stroke: #5c4932;stroke-linecap: round } \t<\/style><g id=\"Group 80\"><path id=\"Line 11\" fill-rule=\"evenodd\" class=\"s0\" d=\"m27 10h-26\"><\/path><path id=\"Vector 12\" fill-rule=\"evenodd\" class=\"s0\" d=\"m1 9.5c2-1.2 6.9-4.6 10.5-9\"><\/path><path id=\"Vector 13\" fill-rule=\"evenodd\" class=\"s0\" d=\"m1 10c2 1.2 6.9 4.6 10.5 9\"><\/path><\/g><\/svg>\t\t\t<\/span>\n\t\t\t\t\t\t\t\t\t<span class=\"elementor-button-text\">Ritorno ai dintorni<\/span>\n\t\t\t\t\t<\/span>\n\t\t\t\t\t<\/a>\n\t\t\t\t<\/div>\n\t\t\t\t\t\t\t\t<\/div>\n\t\t\t\t<\/div>\n\t\t\t\t<\/div>\n\t\t<div class=\"elementor-element elementor-element-ce7c837 e-con-full e-flex e-con e-parent\" data-id=\"ce7c837\" data-element_type=\"container\" data-e-type=\"container\">\n\t\t<div class=\"elementor-element elementor-element-80e997a e-con-full e-flex e-con e-child\" data-id=\"80e997a\" data-element_type=\"container\" data-e-type=\"container\">\n\t\t<div class=\"elementor-element elementor-element-8f50b58 e-con-full e-flex e-con e-child\" data-id=\"8f50b58\" data-element_type=\"container\" data-e-type=\"container\">\n\t\t\t\t<div class=\"elementor-element elementor-element-9ccca70 entrance-bottom elementor-widget elementor-widget-heading\" data-id=\"9ccca70\" data-element_type=\"widget\" data-e-type=\"widget\" data-widget_type=\"heading.default\">\n\t\t\t\t<div class=\"elementor-widget-container\">\n\t\t\t\t\t<h2 class=\"elementor-heading-title elementor-size-default\">Presentazione <\/h2>\t\t\t\t<\/div>\n\t\t\t\t<\/div>\n\t\t\t\t<div class=\"elementor-element elementor-element-44d3a89 entrance-bottom elementor-widget elementor-widget-heading\" data-id=\"44d3a89\" data-element_type=\"widget\" data-e-type=\"widget\" data-widget_type=\"heading.default\">\n\t\t\t\t<div class=\"elementor-widget-container\">\n\t\t\t\t\t<span class=\"elementor-heading-title elementor-size-default\">Ouarzazate<\/span>\t\t\t\t<\/div>\n\t\t\t\t<\/div>\n\t\t\t\t<div class=\"elementor-element elementor-element-c9bce02 elementor-widget-laptop__width-initial entrance-bottom elementor-widget elementor-widget-text-editor\" data-id=\"c9bce02\" data-element_type=\"widget\" data-e-type=\"widget\" data-widget_type=\"text-editor.default\">\n\t\t\t\t<div class=\"elementor-widget-container\">\n\t\t\t\t\t\t\t\t\t<p>Situato ad un'altitudine di 1.150 metri, alla confluenza dei fiumi <a href=\"https:\/\/fr.wikipedia.org\/wiki\/Oued\" rel=\"nofollow noopener\" target=\"_blank\">wadis<\/a> <a href=\"https:\/\/fr.wikipedia.org\/wiki\/Dad%C3%A8s\" rel=\"nofollow noopener\" target=\"_blank\">Dades<\/a> e <a href=\"https:\/\/fr.wikipedia.org\/w\/index.php?title=Imini&amp;action=edit&amp;redlink=1\" rel=\"nofollow noopener\" target=\"_blank\">Imini<\/a> formando il <a href=\"https:\/\/fr.wikipedia.org\/wiki\/Dr%C3%A2a\" rel=\"nofollow noopener\" target=\"_blank\">Dr\u00e2a<\/a>\u00c8 il principale centro urbano della valle del fiume.<\/p><p>La citt\u00e0 si trova ai piedi delle pendici meridionali dell'Alto Atlante centrale, dominate a ovest dalla catena montuosa dell'Atlante. <a href=\"https:\/\/fr.wikipedia.org\/wiki\/Djebel_Toubkal\" rel=\"nofollow noopener\" target=\"_blank\">Toubkal<\/a> e a nord-est dalla <a href=\"https:\/\/fr.wikipedia.org\/wiki\/Ighil_M%27Goun\" rel=\"nofollow noopener\" target=\"_blank\">M'goun<\/a>che raggiungono entrambi un'altezza di oltre 4.000 metri.<\/p><p>Si trova all'incrocio dei percorsi che la collegano a nord-ovest con <a href=\"https:\/\/fr.wikipedia.org\/wiki\/Marrakech\" rel=\"nofollow noopener\" target=\"_blank\">Marrakech<\/a> attraverso i passi dell'Alto Atlante, i cui <a href=\"https:\/\/fr.wikipedia.org\/wiki\/Tizi_n%27Tichka\" rel=\"nofollow noopener\" target=\"_blank\">Tizi n'Tichka<\/a> (2.260 metri); a est a <a href=\"https:\/\/fr.wikipedia.org\/wiki\/Tafilalet\" rel=\"nofollow noopener\" target=\"_blank\">Tafilalet<\/a>a sud fino alla media valle di \u00a0<a href=\"https:\/\/fr.wikipedia.org\/wiki\/Dr%C3%A2a\" rel=\"nofollow noopener\" target=\"_blank\">Dr\u00e2a<\/a>e oltre, fino al deserto del Sahara; e infine a ovest, verso la valle del <a href=\"https:\/\/fr.wikipedia.org\/wiki\/Souss\" rel=\"nofollow noopener\" target=\"_blank\">Souss<\/a> e la costa atlantica, aggirando il massiccio del Jebel <a href=\"https:\/\/fr.wikipedia.org\/wiki\/Djebel_Sirwa\" rel=\"nofollow noopener\" target=\"_blank\">Siroua<\/a>.<\/p><p>L'area urbana di Grand-Ouarzazate si estende sul lato sud del wadi con il villaggio di <a href=\"https:\/\/fr.wikipedia.org\/wiki\/Tabount\" rel=\"nofollow noopener\" target=\"_blank\">Tabount<\/a> - a volte indicato come \"Ouarzazate-Sud\" - che, insieme alla <a href=\"https:\/\/fr.wikipedia.org\/wiki\/Kasbah_de_Tifoultoute\" rel=\"nofollow noopener\" target=\"_blank\">kasbah di Tifoultoute<\/a>dal comune rurale di <a href=\"https:\/\/fr.wikipedia.org\/wiki\/Tarmigt\" rel=\"nofollow noopener\" target=\"_blank\">Tarmigt<\/a>.<\/p><p>\u00a0<\/p>\t\t\t\t\t\t\t\t<\/div>\n\t\t\t\t<\/div>\n\t\t\t\t<\/div>\n\t\t\t\t<\/div>\n\t\t<div class=\"elementor-element elementor-element-e7dc86d e-con-full e-flex e-con e-child\" data-id=\"e7dc86d\" data-element_type=\"container\" data-e-type=\"container\">\n\t\t\t\t<div class=\"elementor-element elementor-element-e6e5159 elementor-widget__width-inherit entrance-right elementor-widget elementor-widget-image\" data-id=\"e6e5159\" data-element_type=\"widget\" data-e-type=\"widget\" data-widget_type=\"image.default\">\n\t\t\t\t<div class=\"elementor-widget-container\">\n\t\t\t\t\t\t\t\t\t\t\t\t\t\t\t<img decoding=\"async\" width=\"2560\" height=\"1707\" src=\"https:\/\/www.ksarighnda.com\/wp-content\/uploads\/2024\/07\/alentours-scaled.jpg\" class=\"attachment-full size-full wp-image-1491\" alt=\"\" srcset=\"https:\/\/www.ksarighnda.com\/wp-content\/uploads\/2024\/07\/alentours-scaled.jpg 2560w, https:\/\/www.ksarighnda.com\/wp-content\/uploads\/2024\/07\/alentours-300x200.jpg 300w, https:\/\/www.ksarighnda.com\/wp-content\/uploads\/2024\/07\/alentours-1024x683.jpg 1024w, https:\/\/www.ksarighnda.com\/wp-content\/uploads\/2024\/07\/alentours-768x512.jpg 768w, https:\/\/www.ksarighnda.com\/wp-content\/uploads\/2024\/07\/alentours-1536x1024.jpg 1536w, https:\/\/www.ksarighnda.com\/wp-content\/uploads\/2024\/07\/alentours-2048x1366.jpg 2048w, https:\/\/www.ksarighnda.com\/wp-content\/uploads\/2024\/07\/alentours-18x12.jpg 18w\" sizes=\"(max-width: 2560px) 100vw, 2560px\" title=\"\">\t\t\t\t\t\t\t\t\t\t\t\t\t\t\t<\/div>\n\t\t\t\t<\/div>\n\t\t\t\t<\/div>\n\t\t\t\t<\/div>\n\t\t<div class=\"elementor-element elementor-element-e178519 e-con-full e-flex e-con e-parent\" data-id=\"e178519\" data-element_type=\"container\" data-e-type=\"container\">\n\t\t<div class=\"elementor-element elementor-element-730b90b e-con-full e-flex e-con e-child\" data-id=\"730b90b\" data-element_type=\"container\" data-e-type=\"container\">\n\t\t\t\t<div class=\"elementor-element elementor-element-3362ff4 elementor-widget__width-inherit entrance-left elementor-widget elementor-widget-image\" data-id=\"3362ff4\" data-element_type=\"widget\" data-e-type=\"widget\" data-widget_type=\"image.default\">\n\t\t\t\t<div class=\"elementor-widget-container\">\n\t\t\t\t\t\t\t\t\t\t\t\t\t\t\t<img decoding=\"async\" width=\"2122\" height=\"1412\" src=\"https:\/\/www.ksarighnda.com\/wp-content\/uploads\/2024\/08\/GettyImages-2156798010.jpg\" class=\"attachment-full size-full wp-image-2468\" alt=\"\" srcset=\"https:\/\/www.ksarighnda.com\/wp-content\/uploads\/2024\/08\/GettyImages-2156798010.jpg 2122w, https:\/\/www.ksarighnda.com\/wp-content\/uploads\/2024\/08\/GettyImages-2156798010-300x200.jpg 300w, https:\/\/www.ksarighnda.com\/wp-content\/uploads\/2024\/08\/GettyImages-2156798010-1024x681.jpg 1024w, https:\/\/www.ksarighnda.com\/wp-content\/uploads\/2024\/08\/GettyImages-2156798010-768x511.jpg 768w, https:\/\/www.ksarighnda.com\/wp-content\/uploads\/2024\/08\/GettyImages-2156798010-1536x1022.jpg 1536w, https:\/\/www.ksarighnda.com\/wp-content\/uploads\/2024\/08\/GettyImages-2156798010-2048x1363.jpg 2048w, https:\/\/www.ksarighnda.com\/wp-content\/uploads\/2024\/08\/GettyImages-2156798010-18x12.jpg 18w\" sizes=\"(max-width: 2122px) 100vw, 2122px\" title=\"\">\t\t\t\t\t\t\t\t\t\t\t\t\t\t\t<\/div>\n\t\t\t\t<\/div>\n\t\t\t\t<\/div>\n\t\t<div class=\"elementor-element elementor-element-3cc0e4f e-con-full e-flex e-con e-child\" data-id=\"3cc0e4f\" data-element_type=\"container\" data-e-type=\"container\">\n\t\t<div class=\"elementor-element elementor-element-e029c5d e-con-full e-flex e-con e-child\" data-id=\"e029c5d\" data-element_type=\"container\" data-e-type=\"container\">\n\t\t\t\t<div class=\"elementor-element elementor-element-c2afbc1 entrance-bottom elementor-widget elementor-widget-heading\" data-id=\"c2afbc1\" data-element_type=\"widget\" data-e-type=\"widget\" data-widget_type=\"heading.default\">\n\t\t\t\t<div class=\"elementor-widget-container\">\n\t\t\t\t\t<h2 class=\"elementor-heading-title elementor-size-default\">Kasbah <\/h2>\t\t\t\t<\/div>\n\t\t\t\t<\/div>\n\t\t\t\t<div class=\"elementor-element elementor-element-3eecbfa entrance-bottom elementor-widget elementor-widget-heading\" data-id=\"3eecbfa\" data-element_type=\"widget\" data-e-type=\"widget\" data-widget_type=\"heading.default\">\n\t\t\t\t<div class=\"elementor-widget-container\">\n\t\t\t\t\t<span class=\"elementor-heading-title elementor-size-default\">di Taourirt<\/span>\t\t\t\t<\/div>\n\t\t\t\t<\/div>\n\t\t\t\t<div class=\"elementor-element elementor-element-38baa58 elementor-widget-laptop__width-initial entrance-bottom elementor-widget elementor-widget-text-editor\" data-id=\"38baa58\" data-element_type=\"widget\" data-e-type=\"widget\" data-widget_type=\"text-editor.default\">\n\t\t\t\t<div class=\"elementor-widget-container\">\n\t\t\t\t\t\t\t\t\t<p>Inserita nel patrimonio mondiale dell'UNESCO, la Kasbah di Taourirt testimonia lo splendore dell'architettura amazigh.<\/p><p>Secondo la tradizione orale, la kasbah fu costruita nel XVII secolo dagli Imzwarn, una potente famiglia locale. Ma \u00e8 pi\u00f9 certo che la kasbah fu rilevata e ampliata dalla famiglia Glaoui nel XIX secolo. All'apice della sua importanza, alla fine del XIX secolo, la kasbah controllava un'importante posizione alla confluenza di diverse valli fluviali - tra cui il <a href=\"https:\/\/en.wikipedia.org\/wiki\/Draa_River\" rel=\"nofollow noopener\" target=\"_blank\">Draa<\/a> e il <a href=\"https:\/\/en.wikipedia.org\/wiki\/Dad%C3%A8s_River\" rel=\"nofollow noopener\" target=\"_blank\">Dades<\/a>- che facevano parte del <a href=\"https:\/\/en.wikipedia.org\/wiki\/Trans-Saharan_trade\" rel=\"nofollow noopener\" target=\"_blank\">Le rotte commerciali sahariane<\/a>. Uno dei membri della famiglia Glaoui, <a href=\"https:\/\/en.wikipedia.org\/wiki\/Thami_El_Glaoui\" rel=\"nofollow noopener\" target=\"_blank\">Thami El Glaoui<\/a>era famoso per essere il <a href=\"https:\/\/en.wikipedia.org\/wiki\/Pasha\" rel=\"nofollow noopener\" target=\"_blank\">pacha<\/a> da <a href=\"https:\/\/en.wikipedia.org\/wiki\/Marrakesh\" rel=\"nofollow noopener\" target=\"_blank\">Marrakech<\/a> per la durata del\u00a0<a href=\"https:\/\/en.wikipedia.org\/wiki\/French_Protectorate_in_Morocco\" rel=\"nofollow noopener\" target=\"_blank\">Dominazione coloniale francese<\/a>\u00a0sul Marocco nel XX secolo.<\/p><p>Dopo la fine del dominio coloniale francese e la fine del controllo dei Glaoui sulla regione, la kasbah inizi\u00f2 a deteriorarsi. Nel 1954 \u00e8 stata inserita nell'elenco del patrimonio nazionale marocchino. Nel 1956 la propriet\u00e0 pass\u00f2 sotto il controllo dello Stato marocchino, anche se all'inizio degli anni Sessanta fu restituita alla famiglia Glaoui.<\/p><p>Nel 1972, la famiglia Glaoui ha venduto la kasbah al comune di Ouarzazate.<\/p><p>Il sito, abbandonato fino alla fine degli anni '80, \u00e8 caratterizzato dalla tradizionale architettura berbera, con un design complesso e strutture ben conservate.<\/p><p>La kasbah presenta pareti di terra rossa e splendidi soffitti in legno di cedro, che la rendono un importante punto di riferimento culturale.<\/p><p>\u00a0<\/p>\t\t\t\t\t\t\t\t<\/div>\n\t\t\t\t<\/div>\n\t\t\t\t<\/div>\n\t\t\t\t<\/div>\n\t\t\t\t<\/div>\n\t\t\t\t<\/div>","protected":false},"excerpt":{"rendered":"<p>D\u00e9couvrez Ouarzazate et ses alentours Group 80-svg Retour aux alentours Pr\u00e9sentation d&rsquo;Ouarzazate Situ\u00e9e \u00e0 1 150 m\u00e8tres d&rsquo;altitude, \u00e0 la confluence des oueds Dad\u00e8s et Imini formant le Dr\u00e2a, elle est le principal centre urbain de la vall\u00e9e de ce fleuve. La ville se situe sur le pi\u00e9mont sud du Haut-Atlas central, domin\u00e9e \u00e0 l&rsquo;ouest [&hellip;]<\/p>\n","protected":false},"author":5,"featured_media":0,"parent":114,"menu_order":0,"comment_status":"closed","ping_status":"closed","template":"","meta":{"inline_featured_image":false,"footnotes":""},"class_list":["post-115","page","type-page","status-publish","hentry"],"_links":{"self":[{"href":"https:\/\/www.ksarighnda.com\/it\/wp-json\/wp\/v2\/pages\/115","targetHints":{"allow":["GET"]}}],"collection":[{"href":"https:\/\/www.ksarighnda.com\/it\/wp-json\/wp\/v2\/pages"}],"about":[{"href":"https:\/\/www.ksarighnda.com\/it\/wp-json\/wp\/v2\/types\/page"}],"author":[{"embeddable":true,"href":"https:\/\/www.ksarighnda.com\/it\/wp-json\/wp\/v2\/users\/5"}],"replies":[{"embeddable":true,"href":"https:\/\/www.ksarighnda.com\/it\/wp-json\/wp\/v2\/comments?post=115"}],"version-history":[{"count":49,"href":"https:\/\/www.ksarighnda.com\/it\/wp-json\/wp\/v2\/pages\/115\/revisions"}],"predecessor-version":[{"id":5176,"href":"https:\/\/www.ksarighnda.com\/it\/wp-json\/wp\/v2\/pages\/115\/revisions\/5176"}],"up":[{"embeddable":true,"href":"https:\/\/www.ksarighnda.com\/it\/wp-json\/wp\/v2\/pages\/114"}],"wp:attachment":[{"href":"https:\/\/www.ksarighnda.com\/it\/wp-json\/wp\/v2\/media?parent=115"}],"curies":[{"name":"wp","href":"https:\/\/api.w.org\/{rel}","templated":true}]}}