{"id":113,"date":"2024-07-17T16:44:26","date_gmt":"2024-07-17T14:44:26","guid":{"rendered":"https:\/\/www.ksarighnda.com\/activites-alentours\/activites\/visite-du-village\/"},"modified":"2025-07-16T17:27:54","modified_gmt":"2025-07-16T16:27:54","slug":"ait-ben-haddou","status":"publish","type":"page","link":"https:\/\/www.ksarighnda.com\/it\/activites-alentours\/activites-au-maroc\/ait-ben-haddou\/","title":{"rendered":"Ait Ben Haddou"},"content":{"rendered":"<div data-elementor-type=\"wp-page\" data-elementor-id=\"113\" class=\"elementor elementor-113\" data-elementor-post-type=\"page\">\n\t\t\t\t<div class=\"elementor-element elementor-element-55d2845 e-con-full e-flex e-con e-parent\" data-id=\"55d2845\" data-element_type=\"container\" data-e-type=\"container\" data-settings=\"{&quot;background_background&quot;:&quot;classic&quot;}\">\n\t\t<div class=\"elementor-element elementor-element-a8b7a95 e-con-full entrance-clip-path-both e-flex e-con e-child\" data-id=\"a8b7a95\" data-element_type=\"container\" data-e-type=\"container\">\n\t\t\t\t<div class=\"elementor-element elementor-element-80a394f elementor-widget__width-inherit elementor-widget elementor-widget-image\" data-id=\"80a394f\" data-element_type=\"widget\" data-e-type=\"widget\" data-widget_type=\"image.default\">\n\t\t\t\t<div class=\"elementor-widget-container\">\n\t\t\t\t\t\t\t\t\t\t\t\t\t\t\t<img fetchpriority=\"high\" decoding=\"async\" width=\"1223\" height=\"817\" src=\"https:\/\/www.ksarighnda.com\/wp-content\/uploads\/2024\/08\/Jardins-exterieurs-terrasse-9.jpg\" class=\"attachment-full size-full wp-image-2438\" alt=\"\" srcset=\"https:\/\/www.ksarighnda.com\/wp-content\/uploads\/2024\/08\/Jardins-exterieurs-terrasse-9.jpg 1223w, https:\/\/www.ksarighnda.com\/wp-content\/uploads\/2024\/08\/Jardins-exterieurs-terrasse-9-300x200.jpg 300w, https:\/\/www.ksarighnda.com\/wp-content\/uploads\/2024\/08\/Jardins-exterieurs-terrasse-9-1024x684.jpg 1024w, https:\/\/www.ksarighnda.com\/wp-content\/uploads\/2024\/08\/Jardins-exterieurs-terrasse-9-768x513.jpg 768w, https:\/\/www.ksarighnda.com\/wp-content\/uploads\/2024\/08\/Jardins-exterieurs-terrasse-9-18x12.jpg 18w\" sizes=\"(max-width: 1223px) 100vw, 1223px\" title=\"\">\t\t\t\t\t\t\t\t\t\t\t\t\t\t\t<\/div>\n\t\t\t\t<\/div>\n\t\t\t\t<\/div>\n\t\t\t\t<div class=\"elementor-element elementor-element-aba77d0 entrance-bottom  titre-barre elementor-widget elementor-widget-heading\" data-id=\"aba77d0\" data-element_type=\"widget\" data-e-type=\"widget\" data-widget_type=\"heading.default\">\n\t\t\t\t<div class=\"elementor-widget-container\">\n\t\t\t\t\t<span class=\"elementor-heading-title elementor-size-default\">Scoprire <\/span>\t\t\t\t<\/div>\n\t\t\t\t<\/div>\n\t\t\t\t<div class=\"elementor-element elementor-element-acccd50 entrance-bottom elementor-widget elementor-widget-heading\" data-id=\"acccd50\" data-element_type=\"widget\" data-e-type=\"widget\" data-widget_type=\"heading.default\">\n\t\t\t\t<div class=\"elementor-widget-container\">\n\t\t\t\t\t<h1 class=\"elementor-heading-title elementor-size-default\">Ait Ben Haddou<\/h1>\t\t\t\t<\/div>\n\t\t\t\t<\/div>\n\t\t\t\t<div class=\"elementor-element elementor-element-b78e296 entrance-bottom elementor-widget elementor-widget-heading\" data-id=\"b78e296\" data-element_type=\"widget\" data-e-type=\"widget\" data-widget_type=\"heading.default\">\n\t\t\t\t<div class=\"elementor-widget-container\">\n\t\t\t\t\t<span class=\"elementor-heading-title elementor-size-default\">e Asfalou<\/span>\t\t\t\t<\/div>\n\t\t\t\t<\/div>\n\t\t\t\t<div class=\"elementor-element elementor-element-a4e2d26 btn-fleche-gauche entrance-bottom elementor-align-left elementor-widget elementor-widget-button\" data-id=\"a4e2d26\" data-element_type=\"widget\" data-e-type=\"widget\" data-widget_type=\"button.default\">\n\t\t\t\t<div class=\"elementor-widget-container\">\n\t\t\t\t\t\t\t\t\t<div class=\"elementor-button-wrapper\">\n\t\t\t\t\t<a class=\"elementor-button elementor-button-link elementor-size-sm\" href=\"https:\/\/www.ksarighnda.com\/it\/activites-alentours\/activites-au-maroc\/\">\n\t\t\t\t\t\t<span class=\"elementor-button-content-wrapper\">\n\t\t\t\t\t\t<span class=\"elementor-button-icon\">\n\t\t\t\t<svg xmlns=\"http:\/\/www.w3.org\/2000\/svg\" viewbox=\"0 0 28 20\" width=\"28\" height=\"20\"><title>Gruppo 80-svg<\/title><style>\t\t.s0 { fill: none;stroke: #5c4932;stroke-linecap: round } \t<\/style><g id=\"Group 80\"><path id=\"Line 11\" fill-rule=\"evenodd\" class=\"s0\" d=\"m27 10h-26\"><\/path><path id=\"Vector 12\" fill-rule=\"evenodd\" class=\"s0\" d=\"m1 9.5c2-1.2 6.9-4.6 10.5-9\"><\/path><path id=\"Vector 13\" fill-rule=\"evenodd\" class=\"s0\" d=\"m1 10c2 1.2 6.9 4.6 10.5 9\"><\/path><\/g><\/svg>\t\t\t<\/span>\n\t\t\t\t\t\t\t\t\t<span class=\"elementor-button-text\">Torna alle attivit\u00e0<\/span>\n\t\t\t\t\t<\/span>\n\t\t\t\t\t<\/a>\n\t\t\t\t<\/div>\n\t\t\t\t\t\t\t\t<\/div>\n\t\t\t\t<\/div>\n\t\t\t\t<\/div>\n\t\t<div class=\"elementor-element elementor-element-00f4bd6 e-con-full e-flex e-con e-parent\" data-id=\"00f4bd6\" data-element_type=\"container\" data-e-type=\"container\">\n\t\t<div class=\"elementor-element elementor-element-0dcec10 e-con-full e-flex e-con e-child\" data-id=\"0dcec10\" data-element_type=\"container\" data-e-type=\"container\">\n\t\t\t\t<div class=\"elementor-element elementor-element-013e121 elementor-widget__width-inherit entrance-left elementor-widget elementor-widget-image\" data-id=\"013e121\" data-element_type=\"widget\" data-e-type=\"widget\" data-widget_type=\"image.default\">\n\t\t\t\t<div class=\"elementor-widget-container\">\n\t\t\t\t\t\t\t\t\t\t\t\t\t\t\t<img decoding=\"async\" width=\"2222\" height=\"1349\" src=\"https:\/\/www.ksarighnda.com\/wp-content\/uploads\/2024\/08\/GettyImages-1475556602.jpg\" class=\"attachment-full size-full wp-image-2461\" alt=\"\" srcset=\"https:\/\/www.ksarighnda.com\/wp-content\/uploads\/2024\/08\/GettyImages-1475556602.jpg 2222w, https:\/\/www.ksarighnda.com\/wp-content\/uploads\/2024\/08\/GettyImages-1475556602-300x182.jpg 300w, https:\/\/www.ksarighnda.com\/wp-content\/uploads\/2024\/08\/GettyImages-1475556602-1024x622.jpg 1024w, https:\/\/www.ksarighnda.com\/wp-content\/uploads\/2024\/08\/GettyImages-1475556602-768x466.jpg 768w, https:\/\/www.ksarighnda.com\/wp-content\/uploads\/2024\/08\/GettyImages-1475556602-1536x933.jpg 1536w, https:\/\/www.ksarighnda.com\/wp-content\/uploads\/2024\/08\/GettyImages-1475556602-2048x1243.jpg 2048w, https:\/\/www.ksarighnda.com\/wp-content\/uploads\/2024\/08\/GettyImages-1475556602-18x12.jpg 18w\" sizes=\"(max-width: 2222px) 100vw, 2222px\" title=\"\">\t\t\t\t\t\t\t\t\t\t\t\t\t\t\t<\/div>\n\t\t\t\t<\/div>\n\t\t\t\t<\/div>\n\t\t<div class=\"elementor-element elementor-element-0858a40 e-con-full e-flex e-con e-child\" data-id=\"0858a40\" data-element_type=\"container\" data-e-type=\"container\">\n\t\t<div class=\"elementor-element elementor-element-d8a6d7a e-con-full e-flex e-con e-child\" data-id=\"d8a6d7a\" data-element_type=\"container\" data-e-type=\"container\">\n\t\t\t\t<div class=\"elementor-element elementor-element-43cc36a entrance-bottom elementor-widget elementor-widget-heading\" data-id=\"43cc36a\" data-element_type=\"widget\" data-e-type=\"widget\" data-widget_type=\"heading.default\">\n\t\t\t\t<div class=\"elementor-widget-container\">\n\t\t\t\t\t<span class=\"elementor-heading-title elementor-size-default\">Kasbah <\/span>\t\t\t\t<\/div>\n\t\t\t\t<\/div>\n\t\t\t\t<div class=\"elementor-element elementor-element-4d863d2 entrance-bottom elementor-widget elementor-widget-heading\" data-id=\"4d863d2\" data-element_type=\"widget\" data-e-type=\"widget\" data-widget_type=\"heading.default\">\n\t\t\t\t<div class=\"elementor-widget-container\">\n\t\t\t\t\t<h2 class=\"elementor-heading-title elementor-size-default\">A\u00eft Ben-Haddou<\/h2>\t\t\t\t<\/div>\n\t\t\t\t<\/div>\n\t\t\t\t<div class=\"elementor-element elementor-element-4e62208 elementor-widget-laptop__width-initial entrance-bottom elementor-widget elementor-widget-text-editor\" data-id=\"4e62208\" data-element_type=\"widget\" data-e-type=\"widget\" data-widget_type=\"text-editor.default\">\n\t\t\t\t<div class=\"elementor-widget-container\">\n\t\t\t\t\t\t\t\t\t<p>Situato a 3 km da Ksar Ighnda, il villaggio \u00e8 un gruppo di edifici in terra circondati da mura.\u00a0<a href=\"https:\/\/fr.wikipedia.org\/wiki\/Ksar_(fortification)\" rel=\"nofollow noopener\" target=\"_blank\">ksar<\/a>Si tratta di un tipo tradizionale di abitazione pre-sahariana. Le case sono raggruppate all'interno di mura difensive rinforzate da torri angolari. Alcune di queste abitazioni sembrano piccoli castelli, con le loro alte torri decorate con motivi di mattoni di fango. Gli edifici pi\u00f9 antichi risalgono al XVII secolo.<sup>e<\/sup>\u00a0secolo. Si dice che il sito sia stato uno dei tanti punti di scambio sulla rotta commerciale tra l'Africa sahariana e Marrakesh - \u00e8 ancora possibile vedere una\u00a0<a href=\"https:\/\/fr.wikipedia.org\/wiki\/Fondouk\" rel=\"nofollow noopener\" target=\"_blank\">fondouk<\/a>\u00a0(<a href=\"https:\/\/fr.wikipedia.org\/wiki\/Caravans%C3%A9rail\" rel=\"nofollow noopener\" target=\"_blank\">caravanserraglio<\/a>).<\/p><p>Tutto intorno a questo\u00a0<a href=\"https:\/\/fr.wikipedia.org\/wiki\/Douar\" rel=\"nofollow noopener\" target=\"_blank\">douar<\/a>\u00a0un gruppo di villaggi si riunisce. Ai piedi della collina scorre l'oued Maleh, il cui nome significa \"fiume salato\". L'acqua non \u00e8 potabile perch\u00e9 \u00e8 molto salata.<\/p><p>Gli abitanti di queste douar sono in gran parte\u00a0<a href=\"https:\/\/fr.wikipedia.org\/wiki\/Berb%C3%A8res\" rel=\"nofollow noopener\" target=\"_blank\">Berberi<\/a>\u00a0in precedenza\u00a0<a href=\"https:\/\/fr.wikipedia.org\/wiki\/Nomadisme\" rel=\"nofollow noopener\" target=\"_blank\">nomadi<\/a>\u00a0che ha poi scelto il\u00a0<a href=\"https:\/\/fr.wikipedia.org\/wiki\/S%C3%A9dentarit%C3%A9_(sant%C3%A9)\" rel=\"nofollow noopener\" target=\"_blank\">stile di vita sedentario<\/a>\u00a0per una serie di motivi.<\/p><p><strong>Amghar Ben Haddou<\/strong>l'antico capo del villaggio, il cui eponimo \u00e8 stato poi attribuito al sito, viveva nello ksar dall'epoca del\u00a0<a href=\"https:\/\/fr.wikipedia.org\/wiki\/Almoravides\" rel=\"nofollow noopener\" target=\"_blank\">Almoravides<\/a>\u00a0(XI<sup>e<\/sup>\u00a0secolo) per governarlo<sup>.<\/sup><\/p>\t\t\t\t\t\t\t\t<\/div>\n\t\t\t\t<\/div>\n\t\t\t\t<\/div>\n\t\t\t\t<\/div>\n\t\t\t\t<\/div>\n\t\t<div class=\"elementor-element elementor-element-6534ea4 e-con-full e-flex e-con e-parent\" data-id=\"6534ea4\" data-element_type=\"container\" data-e-type=\"container\">\n\t\t<div class=\"elementor-element elementor-element-386bcb5 e-con-full e-flex e-con e-child\" data-id=\"386bcb5\" data-element_type=\"container\" data-e-type=\"container\">\n\t\t<div class=\"elementor-element elementor-element-5e8e520 e-con-full e-flex e-con e-child\" data-id=\"5e8e520\" data-element_type=\"container\" data-e-type=\"container\">\n\t\t\t\t<div class=\"elementor-element elementor-element-fb8d501 entrance-bottom elementor-widget elementor-widget-heading\" data-id=\"fb8d501\" data-element_type=\"widget\" data-e-type=\"widget\" data-widget_type=\"heading.default\">\n\t\t\t\t<div class=\"elementor-widget-container\">\n\t\t\t\t\t<h2 class=\"elementor-heading-title elementor-size-default\">Asfalou<\/h2>\t\t\t\t<\/div>\n\t\t\t\t<\/div>\n\t\t\t\t<div class=\"elementor-element elementor-element-6221646 entrance-bottom elementor-widget elementor-widget-heading\" data-id=\"6221646\" data-element_type=\"widget\" data-e-type=\"widget\" data-widget_type=\"heading.default\">\n\t\t\t\t<div class=\"elementor-widget-container\">\n\t\t\t\t\t<span class=\"elementor-heading-title elementor-size-default\">Storia e ristrutturazione<\/span>\t\t\t\t<\/div>\n\t\t\t\t<\/div>\n\t\t\t\t<div class=\"elementor-element elementor-element-07c89d3 elementor-widget-laptop__width-initial entrance-bottom elementor-widget elementor-widget-text-editor\" data-id=\"07c89d3\" data-element_type=\"widget\" data-e-type=\"widget\" data-widget_type=\"text-editor.default\">\n\t\t\t\t<div class=\"elementor-widget-container\">\n\t\t\t\t\t\t\t\t\t<p>Situato a 3 km da A\u00eft Ben Haddou, Asfalou \u00e8 un piccolo villaggio berbero tipico del sud del Marocco, autentico e unico. Qui vivono 500 persone tutto l'anno, 40 delle quali sono impiegate a Ksar Ighnda, il che dimostra quanto sia importante il Riad per la vita del villaggio.<br \/>Da quando Pascal ha acquistato la sua prima casa 20 anni fa, il villaggio ha preso una nuova piega, attirando molti turisti. Ristrutturazione dopo ristrutturazione, i vecchi edifici di cocco vengono aggiornati e il grande terremoto del 2023, bench\u00e9 distruttivo, non ha intaccato questo slancio. Avrete la possibilit\u00e0 di passeggiare per le strette vie del villaggio come era all'epoca.<br \/>Ksar Ighnda non \u00e8 solo un hotel, \u00e8 soprattutto un'esperienza che pu\u00f2 essere vissuta come un vero e proprio museo, una testimonianza a cielo aperto del passato. \u00c8 facile rivivere scene di vita d'altri tempi tra le stradine strette e luminose del villaggio di Asfalou, l'antico ingresso del paese dove si rifugiavano i pellegrini.<\/p>\t\t\t\t\t\t\t\t<\/div>\n\t\t\t\t<\/div>\n\t\t\t\t<\/div>\n\t\t\t\t<\/div>\n\t\t<div class=\"elementor-element elementor-element-f852753 e-con-full e-flex e-con e-child\" data-id=\"f852753\" data-element_type=\"container\" data-e-type=\"container\">\n\t\t\t\t<div class=\"elementor-element elementor-element-412bbf7 elementor-widget__width-inherit entrance-right elementor-widget elementor-widget-image\" data-id=\"412bbf7\" data-element_type=\"widget\" data-e-type=\"widget\" data-widget_type=\"image.default\">\n\t\t\t\t<div class=\"elementor-widget-container\">\n\t\t\t\t\t\t\t\t\t\t\t\t\t\t\t<img decoding=\"async\" width=\"1223\" height=\"817\" src=\"https:\/\/www.ksarighnda.com\/wp-content\/uploads\/2024\/08\/Jardin-exterieur-global-10.jpg\" class=\"attachment-full size-full wp-image-2434\" alt=\"\" srcset=\"https:\/\/www.ksarighnda.com\/wp-content\/uploads\/2024\/08\/Jardin-exterieur-global-10.jpg 1223w, https:\/\/www.ksarighnda.com\/wp-content\/uploads\/2024\/08\/Jardin-exterieur-global-10-300x200.jpg 300w, https:\/\/www.ksarighnda.com\/wp-content\/uploads\/2024\/08\/Jardin-exterieur-global-10-1024x684.jpg 1024w, https:\/\/www.ksarighnda.com\/wp-content\/uploads\/2024\/08\/Jardin-exterieur-global-10-768x513.jpg 768w, https:\/\/www.ksarighnda.com\/wp-content\/uploads\/2024\/08\/Jardin-exterieur-global-10-18x12.jpg 18w\" sizes=\"(max-width: 1223px) 100vw, 1223px\" title=\"\">\t\t\t\t\t\t\t\t\t\t\t\t\t\t\t<\/div>\n\t\t\t\t<\/div>\n\t\t\t\t<\/div>\n\t\t\t\t<\/div>\n\t\t<div class=\"elementor-element elementor-element-9fd4957 e-con-full e-flex e-con e-parent\" data-id=\"9fd4957\" data-element_type=\"container\" data-e-type=\"container\">\n\t\t<div class=\"elementor-element elementor-element-b7c6b49 e-con-full e-flex e-con e-child\" data-id=\"b7c6b49\" data-element_type=\"container\" data-e-type=\"container\">\n\t\t\t\t<div class=\"elementor-element elementor-element-f65ff5b elementor-widget__width-inherit entrance-left elementor-widget elementor-widget-image\" data-id=\"f65ff5b\" data-element_type=\"widget\" data-e-type=\"widget\" data-widget_type=\"image.default\">\n\t\t\t\t<div class=\"elementor-widget-container\">\n\t\t\t\t\t\t\t\t\t\t\t\t\t\t\t<img loading=\"lazy\" decoding=\"async\" width=\"817\" height=\"1223\" src=\"https:\/\/www.ksarighnda.com\/wp-content\/uploads\/2024\/08\/Mosquee-et-grenier-3.jpg\" class=\"attachment-full size-full wp-image-2432\" alt=\"\" srcset=\"https:\/\/www.ksarighnda.com\/wp-content\/uploads\/2024\/08\/Mosquee-et-grenier-3.jpg 817w, https:\/\/www.ksarighnda.com\/wp-content\/uploads\/2024\/08\/Mosquee-et-grenier-3-200x300.jpg 200w, https:\/\/www.ksarighnda.com\/wp-content\/uploads\/2024\/08\/Mosquee-et-grenier-3-684x1024.jpg 684w, https:\/\/www.ksarighnda.com\/wp-content\/uploads\/2024\/08\/Mosquee-et-grenier-3-768x1150.jpg 768w, https:\/\/www.ksarighnda.com\/wp-content\/uploads\/2024\/08\/Mosquee-et-grenier-3-8x12.jpg 8w\" sizes=\"(max-width: 817px) 100vw, 817px\" title=\"\">\t\t\t\t\t\t\t\t\t\t\t\t\t\t\t<\/div>\n\t\t\t\t<\/div>\n\t\t\t\t<\/div>\n\t\t<div class=\"elementor-element elementor-element-b418bbe e-con-full e-flex e-con e-child\" data-id=\"b418bbe\" data-element_type=\"container\" data-e-type=\"container\">\n\t\t<div class=\"elementor-element elementor-element-57a2742 e-con-full e-flex e-con e-child\" data-id=\"57a2742\" data-element_type=\"container\" data-e-type=\"container\">\n\t\t\t\t<div class=\"elementor-element elementor-element-547af61 entrance-bottom elementor-widget elementor-widget-heading\" data-id=\"547af61\" data-element_type=\"widget\" data-e-type=\"widget\" data-widget_type=\"heading.default\">\n\t\t\t\t<div class=\"elementor-widget-container\">\n\t\t\t\t\t<span class=\"elementor-heading-title elementor-size-default\">La <\/span>\t\t\t\t<\/div>\n\t\t\t\t<\/div>\n\t\t\t\t<div class=\"elementor-element elementor-element-b73e29d entrance-bottom elementor-widget elementor-widget-heading\" data-id=\"b73e29d\" data-element_type=\"widget\" data-e-type=\"widget\" data-widget_type=\"heading.default\">\n\t\t\t\t<div class=\"elementor-widget-container\">\n\t\t\t\t\t<h2 class=\"elementor-heading-title elementor-size-default\">moschea<\/h2>\t\t\t\t<\/div>\n\t\t\t\t<\/div>\n\t\t\t\t<div class=\"elementor-element elementor-element-8dd964d elementor-widget-laptop__width-initial entrance-bottom elementor-widget elementor-widget-text-editor\" data-id=\"8dd964d\" data-element_type=\"widget\" data-e-type=\"widget\" data-widget_type=\"text-editor.default\">\n\t\t\t\t<div class=\"elementor-widget-container\">\n\t\t\t\t\t\t\t\t\t<p>Mentre ad Asfalou \u00e8 stata costruita una nuova moschea, l'antica moschea del villaggio \u00e8 ancora in piedi e pu\u00f2 essere visitata. I suoi muri in pietra testimoniano la storia del luogo, mentre la sala di preghiera, il minareto e l'area per le abluzioni offrono l'opportunit\u00e0 di immergersi in questo luogo di culto.<\/p>\t\t\t\t\t\t\t\t<\/div>\n\t\t\t\t<\/div>\n\t\t\t\t<\/div>\n\t\t\t\t<\/div>\n\t\t\t\t<\/div>\n\t\t<div class=\"elementor-element elementor-element-cfd4389 e-con-full e-flex e-con e-parent\" data-id=\"cfd4389\" data-element_type=\"container\" data-e-type=\"container\">\n\t\t<div class=\"elementor-element elementor-element-943cbe7 e-con-full e-flex e-con e-child\" data-id=\"943cbe7\" data-element_type=\"container\" data-e-type=\"container\">\n\t\t<div class=\"elementor-element elementor-element-efdba76 e-con-full e-flex e-con e-child\" data-id=\"efdba76\" data-element_type=\"container\" data-e-type=\"container\">\n\t\t\t\t<div class=\"elementor-element elementor-element-2d67eb0 entrance-bottom elementor-widget elementor-widget-heading\" data-id=\"2d67eb0\" data-element_type=\"widget\" data-e-type=\"widget\" data-widget_type=\"heading.default\">\n\t\t\t\t<div class=\"elementor-widget-container\">\n\t\t\t\t\t<span class=\"elementor-heading-title elementor-size-default\">Il <\/span>\t\t\t\t<\/div>\n\t\t\t\t<\/div>\n\t\t\t\t<div class=\"elementor-element elementor-element-e368cc0 entrance-bottom elementor-widget elementor-widget-heading\" data-id=\"e368cc0\" data-element_type=\"widget\" data-e-type=\"widget\" data-widget_type=\"heading.default\">\n\t\t\t\t<div class=\"elementor-widget-container\">\n\t\t\t\t\t<h2 class=\"elementor-heading-title elementor-size-default\">soffitte<\/h2>\t\t\t\t<\/div>\n\t\t\t\t<\/div>\n\t\t\t\t<div class=\"elementor-element elementor-element-16a7ebb elementor-widget-laptop__width-initial entrance-bottom elementor-widget elementor-widget-text-editor\" data-id=\"16a7ebb\" data-element_type=\"widget\" data-e-type=\"widget\" data-widget_type=\"text-editor.default\">\n\t\t\t\t<div class=\"elementor-widget-container\">\n\t\t\t\t\t\t\t\t\t<p>Dietro la curva del vicolo si trovano i vecchi granai. Qui la gente del posto conservava l'orzo e altre derrate alimentari. Anche se oggi sono vuoti, il Riad vi invita a visitarli per immergervi nella vita di un'altra epoca, poich\u00e9 questa tradizione non ha resistito alla prova del tempo. In passato, gli abitanti del villaggio usavano il legno per fabbricare ogni sorta di documento, come certificati di nascita, di matrimonio e cos\u00ec via. Questi \"manoscritti\" venivano conservati nella soffitta del villaggio.<\/p><p>Sebbene i locali siano ora dotati di elettricit\u00e0, l'essenza stessa del luogo \u00e8 stata mantenuta intatta per ricreare il pi\u00f9 fedelmente possibile le soffitte come esistevano un tempo.<\/p>\t\t\t\t\t\t\t\t<\/div>\n\t\t\t\t<\/div>\n\t\t\t\t<\/div>\n\t\t\t\t<\/div>\n\t\t<div class=\"elementor-element elementor-element-3691478 e-con-full e-flex e-con e-child\" data-id=\"3691478\" data-element_type=\"container\" data-e-type=\"container\">\n\t\t\t\t<div class=\"elementor-element elementor-element-c183edc elementor-widget__width-inherit entrance-right elementor-widget elementor-widget-image\" data-id=\"c183edc\" data-element_type=\"widget\" data-e-type=\"widget\" data-widget_type=\"image.default\">\n\t\t\t\t<div class=\"elementor-widget-container\">\n\t\t\t\t\t\t\t\t\t\t\t\t\t\t\t<img loading=\"lazy\" decoding=\"async\" width=\"816\" height=\"1224\" src=\"https:\/\/www.ksarighnda.com\/wp-content\/uploads\/2024\/08\/Mosquee-et-grenier-8.jpg\" class=\"attachment-full size-full wp-image-2433\" alt=\"\" srcset=\"https:\/\/www.ksarighnda.com\/wp-content\/uploads\/2024\/08\/Mosquee-et-grenier-8.jpg 816w, https:\/\/www.ksarighnda.com\/wp-content\/uploads\/2024\/08\/Mosquee-et-grenier-8-200x300.jpg 200w, https:\/\/www.ksarighnda.com\/wp-content\/uploads\/2024\/08\/Mosquee-et-grenier-8-683x1024.jpg 683w, https:\/\/www.ksarighnda.com\/wp-content\/uploads\/2024\/08\/Mosquee-et-grenier-8-768x1152.jpg 768w, https:\/\/www.ksarighnda.com\/wp-content\/uploads\/2024\/08\/Mosquee-et-grenier-8-8x12.jpg 8w\" sizes=\"(max-width: 816px) 100vw, 816px\" title=\"\">\t\t\t\t\t\t\t\t\t\t\t\t\t\t\t<\/div>\n\t\t\t\t<\/div>\n\t\t\t\t<\/div>\n\t\t\t\t<\/div>\n\t\t\t\t<\/div>","protected":false},"excerpt":{"rendered":"<p>D\u00e9couvrez et Asfalou Group 80-svg Retour aux activit\u00e9s Kasbah A\u00eft Ben-Haddou Situ\u00e9 \u00e0 3 km du Ksar Ighnda, le village se pr\u00e9sente comme un ensemble de b\u00e2timents de terre entour\u00e9s de murailles, le\u00a0ksar, qui est un type d&rsquo;habitat traditionnel pr\u00e9saharien. Les maisons se regroupent \u00e0 l&rsquo;int\u00e9rieur de ses murs d\u00e9fensifs renforc\u00e9s par des tours d&rsquo;angle. [&hellip;]<\/p>\n","protected":false},"author":5,"featured_media":0,"parent":110,"menu_order":0,"comment_status":"closed","ping_status":"closed","template":"","meta":{"inline_featured_image":false,"footnotes":""},"class_list":["post-113","page","type-page","status-publish","hentry"],"_links":{"self":[{"href":"https:\/\/www.ksarighnda.com\/it\/wp-json\/wp\/v2\/pages\/113","targetHints":{"allow":["GET"]}}],"collection":[{"href":"https:\/\/www.ksarighnda.com\/it\/wp-json\/wp\/v2\/pages"}],"about":[{"href":"https:\/\/www.ksarighnda.com\/it\/wp-json\/wp\/v2\/types\/page"}],"author":[{"embeddable":true,"href":"https:\/\/www.ksarighnda.com\/it\/wp-json\/wp\/v2\/users\/5"}],"replies":[{"embeddable":true,"href":"https:\/\/www.ksarighnda.com\/it\/wp-json\/wp\/v2\/comments?post=113"}],"version-history":[{"count":51,"href":"https:\/\/www.ksarighnda.com\/it\/wp-json\/wp\/v2\/pages\/113\/revisions"}],"predecessor-version":[{"id":5539,"href":"https:\/\/www.ksarighnda.com\/it\/wp-json\/wp\/v2\/pages\/113\/revisions\/5539"}],"up":[{"embeddable":true,"href":"https:\/\/www.ksarighnda.com\/it\/wp-json\/wp\/v2\/pages\/110"}],"wp:attachment":[{"href":"https:\/\/www.ksarighnda.com\/it\/wp-json\/wp\/v2\/media?parent=113"}],"curies":[{"name":"wp","href":"https:\/\/api.w.org\/{rel}","templated":true}]}}