{"id":109,"date":"2024-07-17T16:44:25","date_gmt":"2024-07-17T14:44:25","guid":{"rendered":"https:\/\/www.ksarighnda.com\/activites-alentours\/"},"modified":"2024-10-07T10:31:30","modified_gmt":"2024-10-07T09:31:30","slug":"attivita-nelle-vicinanze","status":"publish","type":"page","link":"https:\/\/www.ksarighnda.com\/it\/activites-alentours\/","title":{"rendered":"Attivit\u00e0 e dintorni"},"content":{"rendered":"<div data-elementor-type=\"wp-page\" data-elementor-id=\"109\" class=\"elementor elementor-109\" data-elementor-post-type=\"page\">\n\t\t\t\t<div class=\"elementor-element elementor-element-d5d30e0 e-con-full e-flex e-con e-parent\" data-id=\"d5d30e0\" data-element_type=\"container\" data-e-type=\"container\">\n\t\t<div class=\"elementor-element elementor-element-6fbf6b3 e-con-full e-flex e-con e-child\" data-id=\"6fbf6b3\" data-element_type=\"container\" data-e-type=\"container\" data-settings=\"{&quot;background_background&quot;:&quot;classic&quot;}\">\n\t\t\t\t<div class=\"elementor-element elementor-element-a1d81a7 elementor-widget elementor-widget-image\" data-id=\"a1d81a7\" data-element_type=\"widget\" data-e-type=\"widget\" data-widget_type=\"image.default\">\n\t\t\t\t<div class=\"elementor-widget-container\">\n\t\t\t\t\t\t\t\t\t\t\t\t\t\t\t<img fetchpriority=\"high\" decoding=\"async\" width=\"2560\" height=\"1707\" src=\"https:\/\/www.ksarighnda.com\/wp-content\/uploads\/2024\/07\/desert-scaled.jpg\" class=\"attachment-full size-full wp-image-1490\" alt=\"\" srcset=\"https:\/\/www.ksarighnda.com\/wp-content\/uploads\/2024\/07\/desert-scaled.jpg 2560w, https:\/\/www.ksarighnda.com\/wp-content\/uploads\/2024\/07\/desert-300x200.jpg 300w, https:\/\/www.ksarighnda.com\/wp-content\/uploads\/2024\/07\/desert-1024x683.jpg 1024w, https:\/\/www.ksarighnda.com\/wp-content\/uploads\/2024\/07\/desert-768x512.jpg 768w, https:\/\/www.ksarighnda.com\/wp-content\/uploads\/2024\/07\/desert-1536x1024.jpg 1536w, https:\/\/www.ksarighnda.com\/wp-content\/uploads\/2024\/07\/desert-2048x1365.jpg 2048w, https:\/\/www.ksarighnda.com\/wp-content\/uploads\/2024\/07\/desert-18x12.jpg 18w\" sizes=\"(max-width: 2560px) 100vw, 2560px\" title=\"\">\t\t\t\t\t\t\t\t\t\t\t\t\t\t\t<\/div>\n\t\t\t\t<\/div>\n\t\t\t\t<div class=\"elementor-element elementor-element-72fd42c elementor-absolute entrance-scale translateXYright elementor-widget elementor-widget-image\" data-id=\"72fd42c\" data-element_type=\"widget\" data-e-type=\"widget\" data-settings=\"{&quot;_position&quot;:&quot;absolute&quot;}\" data-widget_type=\"image.default\">\n\t\t\t\t<div class=\"elementor-widget-container\">\n\t\t\t\t\t\t\t\t\t\t\t\t\t\t\t<img decoding=\"async\" width=\"683\" height=\"1024\" src=\"https:\/\/www.ksarighnda.com\/wp-content\/uploads\/2024\/07\/guerab-683x1024.jpg\" class=\"attachment-large size-large wp-image-1489\" alt=\"\" srcset=\"https:\/\/www.ksarighnda.com\/wp-content\/uploads\/2024\/07\/guerab-683x1024.jpg 683w, https:\/\/www.ksarighnda.com\/wp-content\/uploads\/2024\/07\/guerab-200x300.jpg 200w, https:\/\/www.ksarighnda.com\/wp-content\/uploads\/2024\/07\/guerab-768x1152.jpg 768w, https:\/\/www.ksarighnda.com\/wp-content\/uploads\/2024\/07\/guerab-1024x1536.jpg 1024w, https:\/\/www.ksarighnda.com\/wp-content\/uploads\/2024\/07\/guerab-1366x2048.jpg 1366w, https:\/\/www.ksarighnda.com\/wp-content\/uploads\/2024\/07\/guerab-8x12.jpg 8w, https:\/\/www.ksarighnda.com\/wp-content\/uploads\/2024\/07\/guerab-scaled.jpg 1707w\" sizes=\"(max-width: 683px) 100vw, 683px\" title=\"\">\t\t\t\t\t\t\t\t\t\t\t\t\t\t\t<\/div>\n\t\t\t\t<\/div>\n\t\t\t\t<\/div>\n\t\t<div class=\"elementor-element elementor-element-50504ee e-con-full e-flex e-con e-child\" data-id=\"50504ee\" data-element_type=\"container\" data-e-type=\"container\">\n\t\t\t\t<div class=\"elementor-element elementor-element-8455de0 entrance-bottom elementor-widget elementor-widget-heading\" data-id=\"8455de0\" data-element_type=\"widget\" data-e-type=\"widget\" data-widget_type=\"heading.default\">\n\t\t\t\t<div class=\"elementor-widget-container\">\n\t\t\t\t\t<h1 class=\"elementor-heading-title elementor-size-default\">Visitare Ouarzazate<\/h1>\t\t\t\t<\/div>\n\t\t\t\t<\/div>\n\t\t\t\t<div class=\"elementor-element elementor-element-6b21077 elementor-widget__width-initial elementor-widget-tablet__width-inherit entrance-bottom elementor-widget elementor-widget-heading\" data-id=\"6b21077\" data-element_type=\"widget\" data-e-type=\"widget\" data-widget_type=\"heading.default\">\n\t\t\t\t<div class=\"elementor-widget-container\">\n\t\t\t\t\t<div class=\"elementor-heading-title elementor-size-default\">Attivit\u00e0 e dintorni<\/div>\t\t\t\t<\/div>\n\t\t\t\t<\/div>\n\t\t\t\t<div class=\"elementor-element elementor-element-986018e elementor-widget__width-initial elementor-widget-tablet__width-inherit elementor-widget-mobile__width-inherit entrance-bottom elementor-widget elementor-widget-text-editor\" data-id=\"986018e\" data-element_type=\"widget\" data-e-type=\"widget\" data-widget_type=\"text-editor.default\">\n\t\t\t\t<div class=\"elementor-widget-container\">\n\t\t\t\t\t\t\t\t\t<p>Scoprite le attivit\u00e0 e i magnifici dintorni di Ksar Ighnda. Escursioni, visite storiche o relax nella natura: i nostri dintorni offrono esperienze memorabili per un soggiorno indimenticabile. Ksar Ighnda \u00e8 il punto di partenza per le oasi, il deserto e le numerose gole.<\/p>\t\t\t\t\t\t\t\t<\/div>\n\t\t\t\t<\/div>\n\t\t\t\t<\/div>\n\t\t\t\t<\/div>\n\t\t<div class=\"elementor-element elementor-element-420f40b e-con-full entrance-bottom e-flex e-con e-parent\" data-id=\"420f40b\" data-element_type=\"container\" data-e-type=\"container\">\n\t\t\t\t<div class=\"elementor-element elementor-element-1614088 elementor-widget elementor-widget-heading\" data-id=\"1614088\" data-element_type=\"widget\" data-e-type=\"widget\" data-widget_type=\"heading.default\">\n\t\t\t\t<div class=\"elementor-widget-container\">\n\t\t\t\t\t<span class=\"elementor-heading-title elementor-size-default\">Scoprire<\/span>\t\t\t\t<\/div>\n\t\t\t\t<\/div>\n\t\t\t\t<div class=\"elementor-element elementor-element-13a0248 elementor-widget elementor-widget-heading\" data-id=\"13a0248\" data-element_type=\"widget\" data-e-type=\"widget\" data-widget_type=\"heading.default\">\n\t\t\t\t<div class=\"elementor-widget-container\">\n\t\t\t\t\t<div class=\"elementor-heading-title elementor-size-default\">attivit\u00e0 e dintorni<\/div>\t\t\t\t<\/div>\n\t\t\t\t<\/div>\n\t\t\t\t<\/div>\n\t\t<div class=\"elementor-element elementor-element-7bbd432 e-con-full e-flex e-con e-parent\" data-id=\"7bbd432\" data-element_type=\"container\" data-e-type=\"container\">\n\t\t<div class=\"elementor-element elementor-element-76aac56 e-con-full e-flex e-con e-child\" data-id=\"76aac56\" data-element_type=\"container\" data-e-type=\"container\">\n\t\t\t\t<div class=\"elementor-element elementor-element-9d05475 cta-fleche elementor-cta--skin-classic elementor-animated-content elementor-widget elementor-widget-call-to-action\" data-id=\"9d05475\" data-element_type=\"widget\" data-e-type=\"widget\" data-widget_type=\"call-to-action.default\">\n\t\t\t\t<div class=\"elementor-widget-container\">\n\t\t\t\t\t\t\t<a class=\"elementor-cta\" href=\"https:\/\/www.ksarighnda.com\/it\/activites-alentours\/activites-au-maroc\/\">\n\t\t\t\t\t<div class=\"elementor-cta__bg-wrapper\">\n\t\t\t\t<div class=\"elementor-cta__bg elementor-bg\" style=\"background-image: url(https:\/\/www.ksarighnda.com\/wp-content\/uploads\/2024\/08\/Activites-balade-ane-9.jpg);\" role=\"img\" aria-label=\"Attivit\u00e0 con gli asini-9\"><\/div>\n\t\t\t\t<div class=\"elementor-cta__bg-overlay\"><\/div>\n\t\t\t<\/div>\n\t\t\t\t\t\t\t<div class=\"elementor-cta__content\">\n\t\t\t\t\t\t\t\t\t<div class=\"elementor-content-item elementor-cta__content-item elementor-icon-wrapper elementor-cta__icon elementor-view-default\">\n\t\t\t\t\t\t<div class=\"elementor-icon\">\n\t\t\t\t\t\t\t<svg xmlns=\"http:\/\/www.w3.org\/2000\/svg\" width=\"62\" height=\"20\" viewbox=\"0 0 62 20\" fill=\"none\"><g id=\"arrow_simple\"><path id=\"Line 11\" d=\"M1 10L61 10\" stroke=\"#5C4932\" stroke-linecap=\"round\"><\/path><path id=\"Vector 12\" d=\"M61 10.5C59 11.6667 54.1 15.1 50.5 19.5\" stroke=\"#5C4932\" stroke-linecap=\"round\"><\/path><path id=\"Vector 13\" d=\"M61 10C59 8.83333 54.1 5.4 50.5 1\" stroke=\"#5C4932\" stroke-linecap=\"round\"><\/path><\/g><\/svg>\t\t\t\t\t\t<\/div>\n\t\t\t\t\t<\/div>\n\t\t\t\t\n\t\t\t\t\t\t\t\t\t<span class=\"elementor-cta__title elementor-cta__content-item elementor-content-item\">\n\t\t\t\t\t\tLe attivit\u00e0\t\t\t\t\t<\/span>\n\t\t\t\t\n\t\t\t\t\n\t\t\t\t\t\t\t<\/div>\n\t\t\t\t\t\t<\/a>\n\t\t\t\t\t\t<\/div>\n\t\t\t\t<\/div>\n\t\t\t\t<\/div>\n\t\t<div class=\"elementor-element elementor-element-2698d49 e-con-full e-flex e-con e-child\" data-id=\"2698d49\" data-element_type=\"container\" data-e-type=\"container\">\n\t\t\t\t<div class=\"elementor-element elementor-element-5c6bd99 cta-fleche elementor-cta--skin-classic elementor-animated-content elementor-widget elementor-widget-call-to-action\" data-id=\"5c6bd99\" data-element_type=\"widget\" data-e-type=\"widget\" data-widget_type=\"call-to-action.default\">\n\t\t\t\t<div class=\"elementor-widget-container\">\n\t\t\t\t\t\t\t<a class=\"elementor-cta\" href=\"https:\/\/www.ksarighnda.com\/it\/activites-alentours\/que-visiter-au-maroc\/\">\n\t\t\t\t\t<div class=\"elementor-cta__bg-wrapper\">\n\t\t\t\t<div class=\"elementor-cta__bg elementor-bg\" style=\"background-image: url(https:\/\/www.ksarighnda.com\/wp-content\/uploads\/2024\/07\/alentours-scaled.jpg);\" role=\"img\" aria-label=\"dintorni\"><\/div>\n\t\t\t\t<div class=\"elementor-cta__bg-overlay\"><\/div>\n\t\t\t<\/div>\n\t\t\t\t\t\t\t<div class=\"elementor-cta__content\">\n\t\t\t\t\t\t\t\t\t<div class=\"elementor-content-item elementor-cta__content-item elementor-icon-wrapper elementor-cta__icon elementor-view-default\">\n\t\t\t\t\t\t<div class=\"elementor-icon\">\n\t\t\t\t\t\t\t<svg xmlns=\"http:\/\/www.w3.org\/2000\/svg\" width=\"62\" height=\"20\" viewbox=\"0 0 62 20\" fill=\"none\"><g id=\"arrow_simple\"><path id=\"Line 11\" d=\"M1 10L61 10\" stroke=\"#5C4932\" stroke-linecap=\"round\"><\/path><path id=\"Vector 12\" d=\"M61 10.5C59 11.6667 54.1 15.1 50.5 19.5\" stroke=\"#5C4932\" stroke-linecap=\"round\"><\/path><path id=\"Vector 13\" d=\"M61 10C59 8.83333 54.1 5.4 50.5 1\" stroke=\"#5C4932\" stroke-linecap=\"round\"><\/path><\/g><\/svg>\t\t\t\t\t\t<\/div>\n\t\t\t\t\t<\/div>\n\t\t\t\t\n\t\t\t\t\t\t\t\t\t<span class=\"elementor-cta__title elementor-cta__content-item elementor-content-item\">\n\t\t\t\t\t\tL'area circostante\t\t\t\t\t<\/span>\n\t\t\t\t\n\t\t\t\t\n\t\t\t\t\t\t\t<\/div>\n\t\t\t\t\t\t<\/a>\n\t\t\t\t\t\t<\/div>\n\t\t\t\t<\/div>\n\t\t\t\t<\/div>\n\t\t<div class=\"elementor-element elementor-element-0e8ff97 e-con-full e-flex e-con e-child\" data-id=\"0e8ff97\" data-element_type=\"container\" data-e-type=\"container\">\n\t\t\t\t<div class=\"elementor-element elementor-element-f26e0a3 cta-fleche elementor-cta--skin-classic elementor-animated-content elementor-widget elementor-widget-call-to-action\" data-id=\"f26e0a3\" data-element_type=\"widget\" data-e-type=\"widget\" data-widget_type=\"call-to-action.default\">\n\t\t\t\t<div class=\"elementor-widget-container\">\n\t\t\t\t\t\t\t<a class=\"elementor-cta\" href=\"https:\/\/www.ksarighnda.com\/it\/activites-alentours\/excursions\/\">\n\t\t\t\t\t<div class=\"elementor-cta__bg-wrapper\">\n\t\t\t\t<div class=\"elementor-cta__bg elementor-bg\" style=\"background-image: url(https:\/\/www.ksarighnda.com\/wp-content\/uploads\/2024\/08\/GettyImages-1280956360.jpg);\" role=\"img\" aria-label=\"Il fiume Dades, in un brillante colore arancione, scorre in una valle fuori Skoura, in Marocco.\"><\/div>\n\t\t\t\t<div class=\"elementor-cta__bg-overlay\"><\/div>\n\t\t\t<\/div>\n\t\t\t\t\t\t\t<div class=\"elementor-cta__content\">\n\t\t\t\t\t\t\t\t\t<div class=\"elementor-content-item elementor-cta__content-item elementor-icon-wrapper elementor-cta__icon elementor-view-default\">\n\t\t\t\t\t\t<div class=\"elementor-icon\">\n\t\t\t\t\t\t\t<svg xmlns=\"http:\/\/www.w3.org\/2000\/svg\" width=\"62\" height=\"20\" viewbox=\"0 0 62 20\" fill=\"none\"><g id=\"arrow_simple\"><path id=\"Line 11\" d=\"M1 10L61 10\" stroke=\"#5C4932\" stroke-linecap=\"round\"><\/path><path id=\"Vector 12\" d=\"M61 10.5C59 11.6667 54.1 15.1 50.5 19.5\" stroke=\"#5C4932\" stroke-linecap=\"round\"><\/path><path id=\"Vector 13\" d=\"M61 10C59 8.83333 54.1 5.4 50.5 1\" stroke=\"#5C4932\" stroke-linecap=\"round\"><\/path><\/g><\/svg>\t\t\t\t\t\t<\/div>\n\t\t\t\t\t<\/div>\n\t\t\t\t\n\t\t\t\t\t\t\t\t\t<span class=\"elementor-cta__title elementor-cta__content-item elementor-content-item\">\n\t\t\t\t\t\tEscursioni\t\t\t\t\t<\/span>\n\t\t\t\t\n\t\t\t\t\n\t\t\t\t\t\t\t<\/div>\n\t\t\t\t\t\t<\/a>\n\t\t\t\t\t\t<\/div>\n\t\t\t\t<\/div>\n\t\t\t\t<\/div>\n\t\t\t\t<\/div>\n\t\t<a class=\"elementor-element elementor-element-752c2d4 entrance-clip-path-both  bloc-hover-fleche e-flex e-con-boxed e-con e-parent\" data-id=\"752c2d4\" data-element_type=\"container\" data-e-type=\"container\" data-settings=\"{&quot;background_background&quot;:&quot;classic&quot;}\">\n\t\t\t\t\t<div class=\"e-con-inner\">\n\t\t\t\t<div class=\"elementor-element elementor-element-552669e entrance-bottom elementor-widget elementor-widget-heading\" data-id=\"552669e\" data-element_type=\"widget\" data-e-type=\"widget\" data-widget_type=\"heading.default\">\n\t\t\t\t<div class=\"elementor-widget-container\">\n\t\t\t\t\t<span class=\"elementor-heading-title elementor-size-default\">tempo<\/span>\t\t\t\t<\/div>\n\t\t\t\t<\/div>\n\t\t\t\t<div class=\"elementor-element elementor-element-b102a32 entrance-bottom elementor-widget__width-initial elementor-widget elementor-widget-heading\" data-id=\"b102a32\" data-element_type=\"widget\" data-e-type=\"widget\" data-widget_type=\"heading.default\">\n\t\t\t\t<div class=\"elementor-widget-container\">\n\t\t\t\t\t<h2 class=\"elementor-heading-title elementor-size-default\">Ouarzazate <\/h2>\t\t\t\t<\/div>\n\t\t\t\t<\/div>\n\t\t<div class=\"elementor-element elementor-element-b8ecc3d e-con-full e-flex e-con e-child\" data-id=\"b8ecc3d\" data-element_type=\"container\" data-e-type=\"container\">\n\t\t\t\t<div class=\"elementor-element elementor-element-473cb8a elementor-widget elementor-widget-shortcode\" data-id=\"473cb8a\" data-element_type=\"widget\" data-e-type=\"widget\" id=\"horloge\" data-widget_type=\"shortcode.default\">\n\t\t\t\t<div class=\"elementor-widget-container\">\n\t\t\t\t\t\t\t<div class=\"elementor-shortcode\"><span class=\"hmclock\" data-offset=\"1\">09:37<\/span><\/div>\n\t\t\t\t\t\t<\/div>\n\t\t\t\t<\/div>\n\t\t\t\t<div class=\"elementor-element elementor-element-08e1943 elementor-widget elementor-widget-html\" data-id=\"08e1943\" data-element_type=\"widget\" data-e-type=\"widget\" id=\"widget-meteo\" data-widget_type=\"html.default\">\n\t\t\t\t<div class=\"elementor-widget-container\">\n\t\t\t\t\t <script src=\"https:\/\/static.elfsight.com\/platform\/platform.js\" data-use-service-core defer><\/script> <div class=\"elfsight-app-9a611eb7-5a12-43b0-a0c8-472e5a135e8b\" data-elfsight-app-lazy><\/div> \t\t\t\t<\/div>\n\t\t\t\t<\/div>\n\t\t\t\t<\/div>\n\t\t\t\t\t<\/div>\n\t\t\t\t<\/a>\n\t\t\t\t<\/div>","protected":false},"excerpt":{"rendered":"<p>Visiter Ouarzazate Les activit\u00e9s &amp; les alentours D\u00e9couvrez les activit\u00e9s et les magnifiques environs du Ksar Ighnda. Randonn\u00e9es, visites historiques ou d\u00e9tente dans la nature : nos alentours offrent des exp\u00e9riences m\u00e9morables pour un s\u00e9jour inoubliable. Ksar Ighnda est le point de d\u00e9part pour les oasis, le d\u00e9sert ou encore de nombreuses gorges. D\u00e9couvrez les [&hellip;]<\/p>\n","protected":false},"author":5,"featured_media":0,"parent":0,"menu_order":0,"comment_status":"closed","ping_status":"closed","template":"","meta":{"inline_featured_image":false,"footnotes":""},"class_list":["post-109","page","type-page","status-publish","hentry"],"_links":{"self":[{"href":"https:\/\/www.ksarighnda.com\/it\/wp-json\/wp\/v2\/pages\/109","targetHints":{"allow":["GET"]}}],"collection":[{"href":"https:\/\/www.ksarighnda.com\/it\/wp-json\/wp\/v2\/pages"}],"about":[{"href":"https:\/\/www.ksarighnda.com\/it\/wp-json\/wp\/v2\/types\/page"}],"author":[{"embeddable":true,"href":"https:\/\/www.ksarighnda.com\/it\/wp-json\/wp\/v2\/users\/5"}],"replies":[{"embeddable":true,"href":"https:\/\/www.ksarighnda.com\/it\/wp-json\/wp\/v2\/comments?post=109"}],"version-history":[{"count":104,"href":"https:\/\/www.ksarighnda.com\/it\/wp-json\/wp\/v2\/pages\/109\/revisions"}],"predecessor-version":[{"id":5741,"href":"https:\/\/www.ksarighnda.com\/it\/wp-json\/wp\/v2\/pages\/109\/revisions\/5741"}],"wp:attachment":[{"href":"https:\/\/www.ksarighnda.com\/it\/wp-json\/wp\/v2\/media?parent=109"}],"curies":[{"name":"wp","href":"https:\/\/api.w.org\/{rel}","templated":true}]}}