{"id":5444,"date":"2025-08-05T17:09:53","date_gmt":"2025-08-05T16:09:53","guid":{"rendered":"https:\/\/www.ksarighnda.com\/?page_id=5444"},"modified":"2025-08-08T16:49:07","modified_gmt":"2025-08-08T15:49:07","slug":"taliouine-el-valle-del-azafran","status":"publish","type":"page","link":"https:\/\/www.ksarighnda.com\/es\/activites-alentours\/excursions\/taliouine-la-vallee-du-safran\/","title":{"rendered":"Taliouine - Valle del Azafr\u00e1n"},"content":{"rendered":"<div data-elementor-type=\"wp-page\" data-elementor-id=\"5444\" class=\"elementor elementor-5444\" data-elementor-post-type=\"page\">\n\t\t\t\t<div class=\"elementor-element elementor-element-280cb79 e-con-full e-flex e-con e-parent\" data-id=\"280cb79\" data-element_type=\"container\" data-e-type=\"container\" data-settings=\"{&quot;background_background&quot;:&quot;classic&quot;}\">\n\t\t<div class=\"elementor-element elementor-element-733b7ac e-con-full entrance-clip-path-both e-flex e-con e-child\" data-id=\"733b7ac\" data-element_type=\"container\" data-e-type=\"container\">\n\t\t\t\t<div class=\"elementor-element elementor-element-508cee1 elementor-widget__width-inherit elementor-widget elementor-widget-image\" data-id=\"508cee1\" data-element_type=\"widget\" data-e-type=\"widget\" data-widget_type=\"image.default\">\n\t\t\t\t<div class=\"elementor-widget-container\">\n\t\t\t\t\t\t\t\t\t\t\t\t\t\t\t<img fetchpriority=\"high\" decoding=\"async\" width=\"448\" height=\"369\" src=\"https:\/\/www.ksarighnda.com\/wp-content\/uploads\/2025\/08\/TALIOUINE-4.jpeg\" class=\"attachment-full size-full wp-image-5445\" alt=\"\" srcset=\"https:\/\/www.ksarighnda.com\/wp-content\/uploads\/2025\/08\/TALIOUINE-4.jpeg 448w, https:\/\/www.ksarighnda.com\/wp-content\/uploads\/2025\/08\/TALIOUINE-4-300x247.jpeg 300w, https:\/\/www.ksarighnda.com\/wp-content\/uploads\/2025\/08\/TALIOUINE-4-15x12.jpeg 15w\" sizes=\"(max-width: 448px) 100vw, 448px\" title=\"\">\t\t\t\t\t\t\t\t\t\t\t\t\t\t\t<\/div>\n\t\t\t\t<\/div>\n\t\t\t\t<\/div>\n\t\t\t\t<div class=\"elementor-element elementor-element-400074c entrance-bottom  titre-barre elementor-widget elementor-widget-heading\" data-id=\"400074c\" data-element_type=\"widget\" data-e-type=\"widget\" data-widget_type=\"heading.default\">\n\t\t\t\t<div class=\"elementor-widget-container\">\n\t\t\t\t\t<span class=\"elementor-heading-title elementor-size-default\">Descubra <\/span>\t\t\t\t<\/div>\n\t\t\t\t<\/div>\n\t\t\t\t<div class=\"elementor-element elementor-element-5849029 entrance-bottom elementor-widget elementor-widget-heading\" data-id=\"5849029\" data-element_type=\"widget\" data-e-type=\"widget\" data-widget_type=\"heading.default\">\n\t\t\t\t<div class=\"elementor-widget-container\">\n\t\t\t\t\t<h1 class=\"elementor-heading-title elementor-size-default\">TALIOUINE Y EL VALLE DEL AZAFR\u00c1N<\/h1>\t\t\t\t<\/div>\n\t\t\t\t<\/div>\n\t\t\t\t<div class=\"elementor-element elementor-element-80b97dc btn-fleche-gauche entrance-bottom elementor-align-left elementor-widget elementor-widget-button\" data-id=\"80b97dc\" data-element_type=\"widget\" data-e-type=\"widget\" data-widget_type=\"button.default\">\n\t\t\t\t<div class=\"elementor-widget-container\">\n\t\t\t\t\t\t\t\t\t<div class=\"elementor-button-wrapper\">\n\t\t\t\t\t<a class=\"elementor-button elementor-button-link elementor-size-sm\" href=\"https:\/\/www.ksarighnda.com\/es\/activites-alentours\/que-visiter-au-maroc\/\">\n\t\t\t\t\t\t<span class=\"elementor-button-content-wrapper\">\n\t\t\t\t\t\t<span class=\"elementor-button-icon\">\n\t\t\t\t<svg xmlns=\"http:\/\/www.w3.org\/2000\/svg\" viewbox=\"0 0 28 20\" width=\"28\" height=\"20\"><title>Grupo 80-svg<\/title><style>\t\t.s0 { fill: none;stroke: #5c4932;stroke-linecap: round } \t<\/style><g id=\"Group 80\"><path id=\"Line 11\" fill-rule=\"evenodd\" class=\"s0\" d=\"m27 10h-26\"><\/path><path id=\"Vector 12\" fill-rule=\"evenodd\" class=\"s0\" d=\"m1 9.5c2-1.2 6.9-4.6 10.5-9\"><\/path><path id=\"Vector 13\" fill-rule=\"evenodd\" class=\"s0\" d=\"m1 10c2 1.2 6.9 4.6 10.5 9\"><\/path><\/g><\/svg>\t\t\t<\/span>\n\t\t\t\t\t\t\t\t\t<span class=\"elementor-button-text\">Volver a los alrededores<\/span>\n\t\t\t\t\t<\/span>\n\t\t\t\t\t<\/a>\n\t\t\t\t<\/div>\n\t\t\t\t\t\t\t\t<\/div>\n\t\t\t\t<\/div>\n\t\t\t\t<\/div>\n\t\t<div class=\"elementor-element elementor-element-67240b0 e-con-full e-flex e-con e-parent\" data-id=\"67240b0\" data-element_type=\"container\" data-e-type=\"container\">\n\t\t<div class=\"elementor-element elementor-element-49c5494 e-con-full e-flex e-con e-child\" data-id=\"49c5494\" data-element_type=\"container\" data-e-type=\"container\">\n\t\t<div class=\"elementor-element elementor-element-0119585 e-con-full e-flex e-con e-child\" data-id=\"0119585\" data-element_type=\"container\" data-e-type=\"container\">\n\t\t\t\t<div class=\"elementor-element elementor-element-01e9723 entrance-bottom elementor-widget elementor-widget-heading\" data-id=\"01e9723\" data-element_type=\"widget\" data-e-type=\"widget\" data-widget_type=\"heading.default\">\n\t\t\t\t<div class=\"elementor-widget-container\">\n\t\t\t\t\t<h2 class=\"elementor-heading-title elementor-size-default\">TALIOUINE<\/h2>\t\t\t\t<\/div>\n\t\t\t\t<\/div>\n\t\t\t\t<div class=\"elementor-element elementor-element-5673309 entrance-bottom elementor-widget elementor-widget-heading\" data-id=\"5673309\" data-element_type=\"widget\" data-e-type=\"widget\" data-widget_type=\"heading.default\">\n\t\t\t\t<div class=\"elementor-widget-container\">\n\t\t\t\t\t<span class=\"elementor-heading-title elementor-size-default\">la capital del oro rojo<\/span>\t\t\t\t<\/div>\n\t\t\t\t<\/div>\n\t\t\t\t<div class=\"elementor-element elementor-element-71a67a4 elementor-widget-laptop__width-initial entrance-bottom elementor-widget elementor-widget-text-editor\" data-id=\"71a67a4\" data-element_type=\"widget\" data-e-type=\"widget\" data-widget_type=\"text-editor.default\">\n\t\t\t\t<div class=\"elementor-widget-container\">\n\t\t\t\t\t\t\t\t\t<p>Taliouine es conocida como la capital del oro rojo, y el cultivo del azafr\u00e1n es uno de los m\u00e1s importantes, ya que da empleo a gran parte de la poblaci\u00f3n local y les brinda la oportunidad de trabajar y obtener ingresos, al ser un cultivo necesario debido al elevado precio del azafr\u00e1n, por lo que su cultivo y comercio se han convertido en una importante fuente de ingresos para las familias.<\/p><p>Enclavado en el coraz\u00f3n de encantadores paisajes de la magn\u00edfica regi\u00f3n de Souss Massa, este peque\u00f1o pueblo se encuentra a 1.080 metros de altitud, a s\u00f3lo 2,5 horas del Mediterr\u00e1neo. <strong>Ksar Ighnda.<\/strong><\/p><p>\u00a0Rodeada de una impresionante belleza natural, alberga uno de los pliegues geol\u00f3gicos m\u00e1s impresionantes de Marruecos.<\/p><p>Su rico patrimonio cultural y sus tesoros naturales \u00fanicos la convierten en un destino ineludible para los viajeros en busca de autenticidad y descubrimientos.<\/p><h4><strong>La historia de Taliouine<\/strong><\/h4><p>La historia de Taliouine se remonta a la Antig\u00fcedad, testimonio de la riqueza cultural e hist\u00f3rica de la regi\u00f3n. Situada en el valle del Souss, la ciudad ha recibido la influencia de diversas civilizaciones que han dejado su huella a lo largo de los siglos.<\/p><p>Desde la prehistoria, la regi\u00f3n ha estado habitada por comunidades bereberes, que viv\u00edan en armon\u00eda con la naturaleza circundante. Con el tiempo, se desarroll\u00f3 el comercio con otras civilizaciones mediterr\u00e1neas, sobre todo fenicios y romanos.<\/p><p>Durante el periodo isl\u00e1mico, Taliouine se integr\u00f3 en las dinast\u00edas bereberes locales, como los almor\u00e1vides y los almohades. Estas dinast\u00edas fomentaron el desarrollo econ\u00f3mico y cultural de la regi\u00f3n, contribuyendo al crecimiento de la agricultura y el comercio.<\/p><p>El azafr\u00e1n, a menudo llamado oro rojo, ha desempe\u00f1ado un papel crucial en la econom\u00eda y la reputaci\u00f3n de la regi\u00f3n. Durante siglos, los habitantes de Taliouine han cultivado y cosechado esta preciada especia, contribuyendo a forjar su identidad y a convertirla en la capital del azafr\u00e1n de Marruecos.\u00a0<\/p><p>El arg\u00e1n tambi\u00e9n ha desempe\u00f1ado un papel importante en el desarrollo de Taliouine. Desde tiempos inmemoriales, los bereberes descubren las virtudes del arg\u00e1n y utilizan sus frutos para extraer el aceite de arg\u00e1n, famoso por sus propiedades nutritivas y medicinales.<\/p><p>Hoy, la historia de Taliouine es preservada con orgullo por su comunidad, testimonio del rico y diverso patrimonio de la regi\u00f3n. Las tradiciones bereberes perduran, y el floreciente cultivo del azafr\u00e1n y la producci\u00f3n de aceite de arg\u00e1n siguen siendo los pilares de la econom\u00eda local.<\/p>\t\t\t\t\t\t\t\t<\/div>\n\t\t\t\t<\/div>\n\t\t\t\t<\/div>\n\t\t\t\t<\/div>\n\t\t<div class=\"elementor-element elementor-element-4036eec e-con-full e-flex e-con e-child\" data-id=\"4036eec\" data-element_type=\"container\" data-e-type=\"container\">\n\t\t\t\t<div class=\"elementor-element elementor-element-e21863a elementor-widget__width-inherit entrance-right elementor-widget elementor-widget-image\" data-id=\"e21863a\" data-element_type=\"widget\" data-e-type=\"widget\" data-widget_type=\"image.default\">\n\t\t\t\t<div class=\"elementor-widget-container\">\n\t\t\t\t\t\t\t\t\t\t\t\t\t\t\t<img decoding=\"async\" width=\"548\" height=\"361\" src=\"https:\/\/www.ksarighnda.com\/wp-content\/uploads\/2025\/08\/taliouine-6.jpeg\" class=\"attachment-full size-full wp-image-5452\" alt=\"\" srcset=\"https:\/\/www.ksarighnda.com\/wp-content\/uploads\/2025\/08\/taliouine-6.jpeg 548w, https:\/\/www.ksarighnda.com\/wp-content\/uploads\/2025\/08\/taliouine-6-300x198.jpeg 300w, https:\/\/www.ksarighnda.com\/wp-content\/uploads\/2025\/08\/taliouine-6-18x12.jpeg 18w\" sizes=\"(max-width: 548px) 100vw, 548px\" title=\"\">\t\t\t\t\t\t\t\t\t\t\t\t\t\t\t<\/div>\n\t\t\t\t<\/div>\n\t\t\t\t<div class=\"elementor-element elementor-element-cf18149 elementor-widget__width-inherit entrance-right elementor-widget elementor-widget-image\" data-id=\"cf18149\" data-element_type=\"widget\" data-e-type=\"widget\" data-widget_type=\"image.default\">\n\t\t\t\t<div class=\"elementor-widget-container\">\n\t\t\t\t\t\t\t\t\t\t\t\t\t\t\t<img decoding=\"async\" width=\"515\" height=\"372\" src=\"https:\/\/www.ksarighnda.com\/wp-content\/uploads\/2025\/08\/SAFRAN-1.jpeg\" class=\"attachment-full size-full wp-image-5474\" alt=\"\" srcset=\"https:\/\/www.ksarighnda.com\/wp-content\/uploads\/2025\/08\/SAFRAN-1.jpeg 515w, https:\/\/www.ksarighnda.com\/wp-content\/uploads\/2025\/08\/SAFRAN-1-300x217.jpeg 300w, https:\/\/www.ksarighnda.com\/wp-content\/uploads\/2025\/08\/SAFRAN-1-18x12.jpeg 18w\" sizes=\"(max-width: 515px) 100vw, 515px\" title=\"\">\t\t\t\t\t\t\t\t\t\t\t\t\t\t\t<\/div>\n\t\t\t\t<\/div>\n\t\t\t\t<\/div>\n\t\t\t\t<\/div>\n\t\t<div class=\"elementor-element elementor-element-a1503d0 e-con-full e-flex e-con e-parent\" data-id=\"a1503d0\" data-element_type=\"container\" data-e-type=\"container\">\n\t\t<div class=\"elementor-element elementor-element-27c6639 e-con-full e-flex e-con e-child\" data-id=\"27c6639\" data-element_type=\"container\" data-e-type=\"container\">\n\t\t\t\t<div class=\"elementor-element elementor-element-057dcd0 elementor-widget__width-inherit entrance-left elementor-widget elementor-widget-image\" data-id=\"057dcd0\" data-element_type=\"widget\" data-e-type=\"widget\" data-widget_type=\"image.default\">\n\t\t\t\t<div class=\"elementor-widget-container\">\n\t\t\t\t\t\t\t\t\t\t\t\t\t\t\t<img loading=\"lazy\" decoding=\"async\" width=\"566\" height=\"380\" src=\"https:\/\/www.ksarighnda.com\/wp-content\/uploads\/2025\/08\/TALIOUINE-3.jpeg\" class=\"attachment-full size-full wp-image-5446\" alt=\"\" srcset=\"https:\/\/www.ksarighnda.com\/wp-content\/uploads\/2025\/08\/TALIOUINE-3.jpeg 566w, https:\/\/www.ksarighnda.com\/wp-content\/uploads\/2025\/08\/TALIOUINE-3-300x201.jpeg 300w, https:\/\/www.ksarighnda.com\/wp-content\/uploads\/2025\/08\/TALIOUINE-3-18x12.jpeg 18w\" sizes=\"(max-width: 566px) 100vw, 566px\" title=\"\">\t\t\t\t\t\t\t\t\t\t\t\t\t\t\t<\/div>\n\t\t\t\t<\/div>\n\t\t\t\t<div class=\"elementor-element elementor-element-fe23f21 elementor-widget__width-inherit entrance-left elementor-widget elementor-widget-image\" data-id=\"fe23f21\" data-element_type=\"widget\" data-e-type=\"widget\" data-widget_type=\"image.default\">\n\t\t\t\t<div class=\"elementor-widget-container\">\n\t\t\t\t\t\t\t\t\t\t\t\t\t\t\t<img loading=\"lazy\" decoding=\"async\" width=\"237\" height=\"376\" src=\"https:\/\/www.ksarighnda.com\/wp-content\/uploads\/2025\/08\/TALIOUINE-2.jpeg\" class=\"attachment-full size-full wp-image-5447\" alt=\"\" srcset=\"https:\/\/www.ksarighnda.com\/wp-content\/uploads\/2025\/08\/TALIOUINE-2.jpeg 237w, https:\/\/www.ksarighnda.com\/wp-content\/uploads\/2025\/08\/TALIOUINE-2-189x300.jpeg 189w, https:\/\/www.ksarighnda.com\/wp-content\/uploads\/2025\/08\/TALIOUINE-2-8x12.jpeg 8w\" sizes=\"(max-width: 237px) 100vw, 237px\" title=\"\">\t\t\t\t\t\t\t\t\t\t\t\t\t\t\t<\/div>\n\t\t\t\t<\/div>\n\t\t\t\t<\/div>\n\t\t<div class=\"elementor-element elementor-element-159af14 e-con-full e-flex e-con e-child\" data-id=\"159af14\" data-element_type=\"container\" data-e-type=\"container\">\n\t\t<div class=\"elementor-element elementor-element-017dc56 e-con-full e-flex e-con e-child\" data-id=\"017dc56\" data-element_type=\"container\" data-e-type=\"container\">\n\t\t\t\t<div class=\"elementor-element elementor-element-b3307b4 entrance-bottom elementor-widget-laptop__width-initial elementor-widget elementor-widget-heading\" data-id=\"b3307b4\" data-element_type=\"widget\" data-e-type=\"widget\" data-widget_type=\"heading.default\">\n\t\t\t\t<div class=\"elementor-widget-container\">\n\t\t\t\t\t<h2 class=\"elementor-heading-title elementor-size-default\">HISTORIA Y CULTURA<\/h2>\t\t\t\t<\/div>\n\t\t\t\t<\/div>\n\t\t\t\t<div class=\"elementor-element elementor-element-0a0dc57 entrance-bottom elementor-widget elementor-widget-heading\" data-id=\"0a0dc57\" data-element_type=\"widget\" data-e-type=\"widget\" data-widget_type=\"heading.default\">\n\t\t\t\t<div class=\"elementor-widget-container\">\n\t\t\t\t\t<span class=\"elementor-heading-title elementor-size-default\">una regi\u00f3n aut\u00e9ntica<\/span>\t\t\t\t<\/div>\n\t\t\t\t<\/div>\n\t\t\t\t<div class=\"elementor-element elementor-element-7199959 elementor-widget-laptop__width-initial entrance-bottom elementor-widget elementor-widget-text-editor\" data-id=\"7199959\" data-element_type=\"widget\" data-e-type=\"widget\" data-widget_type=\"text-editor.default\">\n\t\t\t\t<div class=\"elementor-widget-container\">\n\t\t\t\t\t\t\t\t\t<h4><strong>Explorando los campos de Safran.<\/strong>\u00a0<\/h4><p>El magn\u00edfico pueblo de Taliouine es famoso por su producci\u00f3n de azafr\u00e1n. De hecho, esta regi\u00f3n alberga el 90 % de la producci\u00f3n nacional de esta preciada especia. Los campos de azafr\u00e1n se extienden hasta donde alcanza la vista, ofreciendo un espect\u00e1culo impresionante.<\/p><p>Mientras pasea por los campos de azafr\u00e1n, se maravillar\u00e1 ante las hileras de flores p\u00farpuras, rebosantes de color y que desprenden una fragancia embriagadora. Tambi\u00e9n tendr\u00e1 la oportunidad de participar activamente en el proceso de recolecci\u00f3n del azafr\u00e1n.<\/p><p>Los visitantes pueden aprender las t\u00e9cnicas tradicionales de recolecci\u00f3n de las flores de azafr\u00e1n, que luego se separan suavemente para extraer los preciados pistilos. Esta experiencia de inmersi\u00f3n permite a los visitantes comprender el minucioso esfuerzo necesario para producir esta apreciada especia.<\/p><h4><strong>Exploraci\u00f3n de cuevas.<\/strong><\/h4><p>La visita a las cuevas bereberes es una experiencia cautivadora que permite explorar el patrimonio hist\u00f3rico y cultural de las comunidades bereberes de la regi\u00f3n.<\/p><p>Estas cuevas han desempe\u00f1ado un papel importante en la vida bereber durante siglos.<\/p><p>Antiguamente se utilizaban como viviendas y ofrec\u00edan un refugio natural contra los elementos.<\/p><p>Los bereberes se asentaron aqu\u00ed, creando c\u00f3modos espacios de vida en el interior de estas formaciones rocosas. Hoy en d\u00eda, algunas de estas cuevas siguen habitadas por familias bereberes, perpetuando una tradici\u00f3n milenaria.<\/p><p>Visitar estas cuevas brinda a los viajeros una oportunidad \u00fanica de descubrir el modo de vida tradicional bereber y apreciar el ingenio de su arquitectura.\u00a0<\/p><h4><strong>Descubrir los agadirs<\/strong><\/h4><p>Visitar los agadirs es una oportunidad \u00fanica para adentrarse en la fascinante historia de Taliouine y sus alrededores.<\/p><p>Los agadirs son construcciones fortificadas tradicionales, a menudo encaramadas en colinas, que desempe\u00f1aban un papel crucial en la vida cotidiana de las comunidades bereberes locales.<\/p><p>Estas estructuras arquitect\u00f3nicas ancestrales son testimonio del ingenio y el saber hacer de los antiguos habitantes de la regi\u00f3n. Tambi\u00e9n son un recordatorio tangible de la importancia de la agricultura y la seguridad alimentaria en la vida de las comunidades locales.<\/p><p>Entre los Agadir m\u00e1s interesantes que visitar en Taliouine, hay uno que no puede perderse, situado en el lado este de la ciudad y f\u00e1cilmente accesible cruzando el uadi y ascendiendo ligeramente. El segundo Agadir se encuentra frente al puente de Taliouine, en el lado oeste.<\/p>\t\t\t\t\t\t\t\t<\/div>\n\t\t\t\t<\/div>\n\t\t\t\t<\/div>\n\t\t\t\t<\/div>\n\t\t\t\t<\/div>\n\t\t\t\t<\/div>","protected":false},"excerpt":{"rendered":"<p>D\u00e9couvrez TALIOUINE &amp; LA VALLEE DU SAFRAN Group 80-svg Retour aux alentours TALIOUINE la capitale de l&rsquo;or rouge Taliouine est appel\u00e9e la capitale de l&rsquo;or rouge, et la culture du safran est l&rsquo;une des cultures les plus importantes qui emploie une grande partie de la population locale et leur donne la possibilit\u00e9 de travailler et [&hellip;]<\/p>\n","protected":false},"author":20,"featured_media":0,"parent":111,"menu_order":0,"comment_status":"closed","ping_status":"closed","template":"","meta":{"inline_featured_image":false,"footnotes":""},"class_list":["post-5444","page","type-page","status-publish","hentry"],"_links":{"self":[{"href":"https:\/\/www.ksarighnda.com\/es\/wp-json\/wp\/v2\/pages\/5444","targetHints":{"allow":["GET"]}}],"collection":[{"href":"https:\/\/www.ksarighnda.com\/es\/wp-json\/wp\/v2\/pages"}],"about":[{"href":"https:\/\/www.ksarighnda.com\/es\/wp-json\/wp\/v2\/types\/page"}],"author":[{"embeddable":true,"href":"https:\/\/www.ksarighnda.com\/es\/wp-json\/wp\/v2\/users\/20"}],"replies":[{"embeddable":true,"href":"https:\/\/www.ksarighnda.com\/es\/wp-json\/wp\/v2\/comments?post=5444"}],"version-history":[{"count":14,"href":"https:\/\/www.ksarighnda.com\/es\/wp-json\/wp\/v2\/pages\/5444\/revisions"}],"predecessor-version":[{"id":5477,"href":"https:\/\/www.ksarighnda.com\/es\/wp-json\/wp\/v2\/pages\/5444\/revisions\/5477"}],"up":[{"embeddable":true,"href":"https:\/\/www.ksarighnda.com\/es\/wp-json\/wp\/v2\/pages\/111"}],"wp:attachment":[{"href":"https:\/\/www.ksarighnda.com\/es\/wp-json\/wp\/v2\/media?parent=5444"}],"curies":[{"name":"wp","href":"https:\/\/api.w.org\/{rel}","templated":true}]}}