{"id":5397,"date":"2025-08-04T17:15:52","date_gmt":"2025-08-04T16:15:52","guid":{"rendered":"https:\/\/www.ksarighnda.com\/?page_id=5397"},"modified":"2025-08-08T16:54:46","modified_gmt":"2025-08-08T15:54:46","slug":"el-desierto-de-chegaga","status":"publish","type":"page","link":"https:\/\/www.ksarighnda.com\/es\/activites-alentours\/excursions\/le-desert-chegaga\/","title":{"rendered":"El desierto de CHEGAGA"},"content":{"rendered":"<div data-elementor-type=\"wp-page\" data-elementor-id=\"5397\" class=\"elementor elementor-5397\" data-elementor-post-type=\"page\">\n\t\t\t\t<div class=\"elementor-element elementor-element-280cb79 e-con-full e-flex e-con e-parent\" data-id=\"280cb79\" data-element_type=\"container\" data-e-type=\"container\" data-settings=\"{&quot;background_background&quot;:&quot;classic&quot;}\">\n\t\t<div class=\"elementor-element elementor-element-733b7ac e-con-full entrance-clip-path-both e-flex e-con e-child\" data-id=\"733b7ac\" data-element_type=\"container\" data-e-type=\"container\">\n\t\t\t\t<div class=\"elementor-element elementor-element-508cee1 elementor-widget__width-inherit elementor-widget elementor-widget-image\" data-id=\"508cee1\" data-element_type=\"widget\" data-e-type=\"widget\" data-widget_type=\"image.default\">\n\t\t\t\t<div class=\"elementor-widget-container\">\n\t\t\t\t\t\t\t\t\t\t\t\t\t\t\t<img fetchpriority=\"high\" decoding=\"async\" width=\"2560\" height=\"1912\" src=\"https:\/\/www.ksarighnda.com\/wp-content\/uploads\/2025\/08\/IMG_1396-scaled.jpg\" class=\"attachment-full size-full wp-image-5398\" alt=\"\" srcset=\"https:\/\/www.ksarighnda.com\/wp-content\/uploads\/2025\/08\/IMG_1396-scaled.jpg 2560w, https:\/\/www.ksarighnda.com\/wp-content\/uploads\/2025\/08\/IMG_1396-300x224.jpg 300w, https:\/\/www.ksarighnda.com\/wp-content\/uploads\/2025\/08\/IMG_1396-1024x765.jpg 1024w, https:\/\/www.ksarighnda.com\/wp-content\/uploads\/2025\/08\/IMG_1396-768x574.jpg 768w, https:\/\/www.ksarighnda.com\/wp-content\/uploads\/2025\/08\/IMG_1396-1536x1147.jpg 1536w, https:\/\/www.ksarighnda.com\/wp-content\/uploads\/2025\/08\/IMG_1396-2048x1530.jpg 2048w, https:\/\/www.ksarighnda.com\/wp-content\/uploads\/2025\/08\/IMG_1396-16x12.jpg 16w\" sizes=\"(max-width: 2560px) 100vw, 2560px\" title=\"\">\t\t\t\t\t\t\t\t\t\t\t\t\t\t\t<\/div>\n\t\t\t\t<\/div>\n\t\t\t\t<\/div>\n\t\t\t\t<div class=\"elementor-element elementor-element-400074c entrance-bottom  titre-barre elementor-widget elementor-widget-heading\" data-id=\"400074c\" data-element_type=\"widget\" data-e-type=\"widget\" data-widget_type=\"heading.default\">\n\t\t\t\t<div class=\"elementor-widget-container\">\n\t\t\t\t\t<span class=\"elementor-heading-title elementor-size-default\">Descubra <\/span>\t\t\t\t<\/div>\n\t\t\t\t<\/div>\n\t\t\t\t<div class=\"elementor-element elementor-element-5849029 entrance-bottom elementor-widget elementor-widget-heading\" data-id=\"5849029\" data-element_type=\"widget\" data-e-type=\"widget\" data-widget_type=\"heading.default\">\n\t\t\t\t<div class=\"elementor-widget-container\">\n\t\t\t\t\t<h1 class=\"elementor-heading-title elementor-size-default\">El desierto erg chegaga<\/h1>\t\t\t\t<\/div>\n\t\t\t\t<\/div>\n\t\t\t\t<div class=\"elementor-element elementor-element-80b97dc btn-fleche-gauche entrance-bottom elementor-align-left elementor-widget elementor-widget-button\" data-id=\"80b97dc\" data-element_type=\"widget\" data-e-type=\"widget\" data-widget_type=\"button.default\">\n\t\t\t\t<div class=\"elementor-widget-container\">\n\t\t\t\t\t\t\t\t\t<div class=\"elementor-button-wrapper\">\n\t\t\t\t\t<a class=\"elementor-button elementor-button-link elementor-size-sm\" href=\"https:\/\/www.ksarighnda.com\/es\/activites-alentours\/que-visiter-au-maroc\/\">\n\t\t\t\t\t\t<span class=\"elementor-button-content-wrapper\">\n\t\t\t\t\t\t<span class=\"elementor-button-icon\">\n\t\t\t\t<svg xmlns=\"http:\/\/www.w3.org\/2000\/svg\" viewbox=\"0 0 28 20\" width=\"28\" height=\"20\"><title>Grupo 80-svg<\/title><style>\t\t.s0 { fill: none;stroke: #5c4932;stroke-linecap: round } \t<\/style><g id=\"Group 80\"><path id=\"Line 11\" fill-rule=\"evenodd\" class=\"s0\" d=\"m27 10h-26\"><\/path><path id=\"Vector 12\" fill-rule=\"evenodd\" class=\"s0\" d=\"m1 9.5c2-1.2 6.9-4.6 10.5-9\"><\/path><path id=\"Vector 13\" fill-rule=\"evenodd\" class=\"s0\" d=\"m1 10c2 1.2 6.9 4.6 10.5 9\"><\/path><\/g><\/svg>\t\t\t<\/span>\n\t\t\t\t\t\t\t\t\t<span class=\"elementor-button-text\">Volver a los alrededores<\/span>\n\t\t\t\t\t<\/span>\n\t\t\t\t\t<\/a>\n\t\t\t\t<\/div>\n\t\t\t\t\t\t\t\t<\/div>\n\t\t\t\t<\/div>\n\t\t\t\t<\/div>\n\t\t<div class=\"elementor-element elementor-element-67240b0 e-con-full e-flex e-con e-parent\" data-id=\"67240b0\" data-element_type=\"container\" data-e-type=\"container\">\n\t\t<div class=\"elementor-element elementor-element-49c5494 e-con-full e-flex e-con e-child\" data-id=\"49c5494\" data-element_type=\"container\" data-e-type=\"container\">\n\t\t<div class=\"elementor-element elementor-element-0119585 e-con-full e-flex e-con e-child\" data-id=\"0119585\" data-element_type=\"container\" data-e-type=\"container\">\n\t\t\t\t<div class=\"elementor-element elementor-element-01e9723 entrance-bottom elementor-widget elementor-widget-heading\" data-id=\"01e9723\" data-element_type=\"widget\" data-e-type=\"widget\" data-widget_type=\"heading.default\">\n\t\t\t\t<div class=\"elementor-widget-container\">\n\t\t\t\t\t<h2 class=\"elementor-heading-title elementor-size-default\">chegaga<\/h2>\t\t\t\t<\/div>\n\t\t\t\t<\/div>\n\t\t\t\t<div class=\"elementor-element elementor-element-5673309 entrance-bottom elementor-widget elementor-widget-heading\" data-id=\"5673309\" data-element_type=\"widget\" data-e-type=\"widget\" data-widget_type=\"heading.default\">\n\t\t\t\t<div class=\"elementor-widget-container\">\n\t\t\t\t\t<span class=\"elementor-heading-title elementor-size-default\">la aventura sahariana<\/span>\t\t\t\t<\/div>\n\t\t\t\t<\/div>\n\t\t\t\t<div class=\"elementor-element elementor-element-71a67a4 elementor-widget-laptop__width-initial entrance-bottom elementor-widget elementor-widget-text-editor\" data-id=\"71a67a4\" data-element_type=\"widget\" data-e-type=\"widget\" data-widget_type=\"text-editor.default\">\n\t\t\t\t<div class=\"elementor-widget-container\">\n\t\t\t\t\t\t\t\t\t<p>Cuando se piensa en el desierto marroqu\u00ed, a menudo viene a la mente Merzouga. Pero m\u00e1s all\u00e1, m\u00e1s all\u00e1 de las carreteras asfaltadas, se revela otro S\u00e1hara. M\u00e1s salvaje, m\u00e1s tranquilo, m\u00e1s verdadero: Erg Chegaga.<\/p><p>Aqu\u00ed, las dunas se extienden sin fin, el cielo parece m\u00e1s amplio y el silencio se apodera de todo. No hay multitudes, ni atracciones tur\u00edsticas. S\u00f3lo la arena y el viento. Chegaga no es algo que se recorre, es algo que se domestica. Lentamente. Profundamente.<\/p><h4><strong>Erg Chegaga, desierto de Marruecos: la aventura sahariana definitiva<\/strong><\/h4><p>Si hay un lugar en Marruecos donde el desierto se revela en toda su grandeza, \u00e9se es Erg Chegaga. Lejos de los caminos trillados, este santuario de arena despliega sus dunas monumentales bajo un cielo infinito. Una invitaci\u00f3n a la aventura, cruda y majestuosa.<\/p><h4><strong>Un desierto salvaje y aut\u00e9ntico en el sur de Marruecos<\/strong><\/h4><p>Situado a unos cincuenta kil\u00f3metros al oeste de M'Hamid El Ghizlane, Erg Chegaga se encuentra en el coraz\u00f3n del gran desierto del sur de Marruecos. Accesible s\u00f3lo por pista, este erg es uno de los m\u00e1s remotos y espectaculares del pa\u00eds. Una tierra de silencio e inmensidad, modelada por el viento y habitada por la luz.<\/p><p>Aqu\u00ed, el S\u00e1hara se expresa en toda su pureza: dunas rubias hasta donde alcanza la vista, crestas cambiantes esculpidas por los vientos, alternancia de arena fina y mesetas rocosas. Un mar de arena cruda y viva, donde uno se siente solo en el mundo.<\/p>\t\t\t\t\t\t\t\t<\/div>\n\t\t\t\t<\/div>\n\t\t\t\t<\/div>\n\t\t\t\t<\/div>\n\t\t<div class=\"elementor-element elementor-element-4036eec e-con-full e-flex e-con e-child\" data-id=\"4036eec\" data-element_type=\"container\" data-e-type=\"container\">\n\t\t\t\t<div class=\"elementor-element elementor-element-e21863a elementor-widget__width-inherit entrance-right elementor-widget elementor-widget-image\" data-id=\"e21863a\" data-element_type=\"widget\" data-e-type=\"widget\" data-widget_type=\"image.default\">\n\t\t\t\t<div class=\"elementor-widget-container\">\n\t\t\t\t\t\t\t\t\t\t\t\t\t\t\t<img decoding=\"async\" width=\"2560\" height=\"1920\" src=\"https:\/\/www.ksarighnda.com\/wp-content\/uploads\/2025\/08\/GOPR0668-scaled.jpg\" class=\"attachment-full size-full wp-image-5399\" alt=\"\" srcset=\"https:\/\/www.ksarighnda.com\/wp-content\/uploads\/2025\/08\/GOPR0668-scaled.jpg 2560w, https:\/\/www.ksarighnda.com\/wp-content\/uploads\/2025\/08\/GOPR0668-300x225.jpg 300w, https:\/\/www.ksarighnda.com\/wp-content\/uploads\/2025\/08\/GOPR0668-1024x768.jpg 1024w, https:\/\/www.ksarighnda.com\/wp-content\/uploads\/2025\/08\/GOPR0668-768x576.jpg 768w, https:\/\/www.ksarighnda.com\/wp-content\/uploads\/2025\/08\/GOPR0668-1536x1152.jpg 1536w, https:\/\/www.ksarighnda.com\/wp-content\/uploads\/2025\/08\/GOPR0668-2048x1536.jpg 2048w, https:\/\/www.ksarighnda.com\/wp-content\/uploads\/2025\/08\/GOPR0668-16x12.jpg 16w\" sizes=\"(max-width: 2560px) 100vw, 2560px\" title=\"\">\t\t\t\t\t\t\t\t\t\t\t\t\t\t\t<\/div>\n\t\t\t\t<\/div>\n\t\t\t\t<\/div>\n\t\t\t\t<\/div>\n\t\t<div class=\"elementor-element elementor-element-a1503d0 e-con-full e-flex e-con e-parent\" data-id=\"a1503d0\" data-element_type=\"container\" data-e-type=\"container\">\n\t\t<div class=\"elementor-element elementor-element-27c6639 e-con-full e-flex e-con e-child\" data-id=\"27c6639\" data-element_type=\"container\" data-e-type=\"container\">\n\t\t\t\t<div class=\"elementor-element elementor-element-057dcd0 elementor-widget__width-inherit entrance-left elementor-widget elementor-widget-image\" data-id=\"057dcd0\" data-element_type=\"widget\" data-e-type=\"widget\" data-widget_type=\"image.default\">\n\t\t\t\t<div class=\"elementor-widget-container\">\n\t\t\t\t\t\t\t\t\t\t\t\t\t\t\t<img decoding=\"async\" width=\"2560\" height=\"1920\" src=\"https:\/\/www.ksarighnda.com\/wp-content\/uploads\/2025\/08\/IMG_3923-scaled.jpg\" class=\"attachment-full size-full wp-image-5400\" alt=\"\" srcset=\"https:\/\/www.ksarighnda.com\/wp-content\/uploads\/2025\/08\/IMG_3923-scaled.jpg 2560w, https:\/\/www.ksarighnda.com\/wp-content\/uploads\/2025\/08\/IMG_3923-300x225.jpg 300w, https:\/\/www.ksarighnda.com\/wp-content\/uploads\/2025\/08\/IMG_3923-1024x768.jpg 1024w, https:\/\/www.ksarighnda.com\/wp-content\/uploads\/2025\/08\/IMG_3923-768x576.jpg 768w, https:\/\/www.ksarighnda.com\/wp-content\/uploads\/2025\/08\/IMG_3923-1536x1152.jpg 1536w, https:\/\/www.ksarighnda.com\/wp-content\/uploads\/2025\/08\/IMG_3923-2048x1536.jpg 2048w, https:\/\/www.ksarighnda.com\/wp-content\/uploads\/2025\/08\/IMG_3923-16x12.jpg 16w\" sizes=\"(max-width: 2560px) 100vw, 2560px\" title=\"\">\t\t\t\t\t\t\t\t\t\t\t\t\t\t\t<\/div>\n\t\t\t\t<\/div>\n\t\t\t\t<div class=\"elementor-element elementor-element-16a8f6f elementor-widget__width-inherit entrance-left elementor-widget elementor-widget-image\" data-id=\"16a8f6f\" data-element_type=\"widget\" data-e-type=\"widget\" data-widget_type=\"image.default\">\n\t\t\t\t<div class=\"elementor-widget-container\">\n\t\t\t\t\t\t\t\t\t\t\t\t\t\t\t<img loading=\"lazy\" decoding=\"async\" width=\"1000\" height=\"704\" src=\"https:\/\/www.ksarighnda.com\/wp-content\/uploads\/2024\/11\/randonnee-desert.jpg\" class=\"attachment-full size-full wp-image-4090\" alt=\"\" srcset=\"https:\/\/www.ksarighnda.com\/wp-content\/uploads\/2024\/11\/randonnee-desert.jpg 1000w, https:\/\/www.ksarighnda.com\/wp-content\/uploads\/2024\/11\/randonnee-desert-300x211.jpg 300w, https:\/\/www.ksarighnda.com\/wp-content\/uploads\/2024\/11\/randonnee-desert-768x541.jpg 768w, https:\/\/www.ksarighnda.com\/wp-content\/uploads\/2024\/11\/randonnee-desert-18x12.jpg 18w\" sizes=\"(max-width: 1000px) 100vw, 1000px\" title=\"\">\t\t\t\t\t\t\t\t\t\t\t\t\t\t\t<\/div>\n\t\t\t\t<\/div>\n\t\t\t\t<\/div>\n\t\t<div class=\"elementor-element elementor-element-159af14 e-con-full e-flex e-con e-child\" data-id=\"159af14\" data-element_type=\"container\" data-e-type=\"container\">\n\t\t<div class=\"elementor-element elementor-element-017dc56 e-con-full e-flex e-con e-child\" data-id=\"017dc56\" data-element_type=\"container\" data-e-type=\"container\">\n\t\t\t\t<div class=\"elementor-element elementor-element-b3307b4 entrance-bottom elementor-widget elementor-widget-heading\" data-id=\"b3307b4\" data-element_type=\"widget\" data-e-type=\"widget\" data-widget_type=\"heading.default\">\n\t\t\t\t<div class=\"elementor-widget-container\">\n\t\t\t\t\t<h2 class=\"elementor-heading-title elementor-size-default\">historia<\/h2>\t\t\t\t<\/div>\n\t\t\t\t<\/div>\n\t\t\t\t<div class=\"elementor-element elementor-element-0a0dc57 entrance-bottom elementor-widget elementor-widget-heading\" data-id=\"0a0dc57\" data-element_type=\"widget\" data-e-type=\"widget\" data-widget_type=\"heading.default\">\n\t\t\t\t<div class=\"elementor-widget-container\">\n\t\t\t\t\t<span class=\"elementor-heading-title elementor-size-default\">en la \u00e9poca de los n\u00f3madas<\/span>\t\t\t\t<\/div>\n\t\t\t\t<\/div>\n\t\t\t\t<div class=\"elementor-element elementor-element-7199959 elementor-widget-laptop__width-initial entrance-bottom elementor-widget elementor-widget-text-editor\" data-id=\"7199959\" data-element_type=\"widget\" data-e-type=\"widget\" data-widget_type=\"text-editor.default\">\n\t\t\t\t<div class=\"elementor-widget-container\">\n\t\t\t\t\t\t\t\t\t<h4><strong>Entre tradiciones n\u00f3madas y patrimonio natural<\/strong><\/h4><p>Erg Chegaga pertenece al territorio ancestral de las tribus A\u00eft Atta, guardianas de un estilo de vida n\u00f3mada en armon\u00eda con el desierto. En las cercan\u00edas, <a href=\"https:\/\/desert-maroc.com\/loasis-sacree-doum-laalag\/\" rel=\"nofollow noopener\" target=\"_blank\">el oasis sagrado de Oum L\u00e2alag<\/a> protegida por palmeras y alimentada por un ins\u00f3lito manantial de agua fresca en medio de la arena. Este lugar de descanso ha sido un punto de referencia espiritual para los caravaneros durante siglos.<\/p><p>Todo el sitio forma parte del Parque Nacional de Iriki, que protege los ecosistemas des\u00e9rticos y semi\u00e1ridos de la regi\u00f3n. Un reconocimiento oficial para esta joya del desierto marroqu\u00ed, cuya belleza es tan fr\u00e1gil como extraordinaria.<\/p><h4><strong>\u00bfQu\u00e9 hacer en Erg Chegaga?<\/strong><\/h4><p>El desierto se descubre vivi\u00e9ndolo. En Chegaga, los d\u00edas est\u00e1n salpicados de gestos sencillos que adquieren otra dimensi\u00f3n: caminar por la arena, escalar una duna, escuchar el silencio. Estos momentos dejan huella, porque nos vuelven a centrar.<\/p><p>Durante su estancia en<strong> Ksar Ighnda<\/strong> organizamos excursiones por el desierto. Tras una buena noche en el Ksar, al d\u00eda siguiente, desde Ouarzazate, la carretera se dirige hacia el Sur, en direcci\u00f3n a Zagora, bordeando el palmeral de Dr\u00e2a y su ksour de adobe. Aldeas, oasis y kasbahs salpican este apacible tramo, que pasa por Agdz y Tamgroute (la ciudad de los alfareros).<\/p><p>M'Hamid marca el final del asfalto. Aqu\u00ed comienza realmente la aventura sahariana.<\/p><p>Lejos de las multitudes y los circuitos se\u00f1alizados, Erg Chegaga invita a una rara inmersi\u00f3n en el desierto marroqu\u00ed. Aqu\u00ed no hay decorados ni puestas en escena recargadas: s\u00f3lo arena, luz y silencio. Es un desierto vivo, inmenso y crudo, para descubrir despacio y recordar durante mucho tiempo.<\/p><p>Viajar a Chegaga significa elegir un viaje sin florituras. Una aventura sencilla pero poderosa. Una noche bajo las estrellas, un amanecer sobre las dunas, una taza de t\u00e9 compartida junto al fuego... a veces es suficiente para desconectar de verdad.<\/p><p>Pero para un primer paso en el S\u00e1hara, Chegaga sigue siendo la elecci\u00f3n acertada: sincera, accesible e inolvidable.<\/p>\t\t\t\t\t\t\t\t<\/div>\n\t\t\t\t<\/div>\n\t\t\t\t<\/div>\n\t\t\t\t<\/div>\n\t\t\t\t<\/div>\n\t\t\t\t<\/div>","protected":false},"excerpt":{"rendered":"<p>D\u00e9couvrez Le desert erg chegaga Group 80-svg Retour aux alentours chegaga l&rsquo;aventure saharienne Quand on pense au d\u00e9sert marocain, c\u2019est souvent Merzouga qui vient en t\u00eate. Mais plus loin, au-del\u00e0 des routes goudronn\u00e9es, un autre Sahara se d\u00e9voile. Plus sauvage, plus silencieux, plus vrai : l\u2019Erg Chegaga. Ici, les dunes s\u2019\u00e9tendent sans fin, le ciel [&hellip;]<\/p>\n","protected":false},"author":20,"featured_media":0,"parent":111,"menu_order":0,"comment_status":"closed","ping_status":"closed","template":"","meta":{"inline_featured_image":false,"footnotes":""},"class_list":["post-5397","page","type-page","status-publish","hentry"],"_links":{"self":[{"href":"https:\/\/www.ksarighnda.com\/es\/wp-json\/wp\/v2\/pages\/5397","targetHints":{"allow":["GET"]}}],"collection":[{"href":"https:\/\/www.ksarighnda.com\/es\/wp-json\/wp\/v2\/pages"}],"about":[{"href":"https:\/\/www.ksarighnda.com\/es\/wp-json\/wp\/v2\/types\/page"}],"author":[{"embeddable":true,"href":"https:\/\/www.ksarighnda.com\/es\/wp-json\/wp\/v2\/users\/20"}],"replies":[{"embeddable":true,"href":"https:\/\/www.ksarighnda.com\/es\/wp-json\/wp\/v2\/comments?post=5397"}],"version-history":[{"count":20,"href":"https:\/\/www.ksarighnda.com\/es\/wp-json\/wp\/v2\/pages\/5397\/revisions"}],"predecessor-version":[{"id":5480,"href":"https:\/\/www.ksarighnda.com\/es\/wp-json\/wp\/v2\/pages\/5397\/revisions\/5480"}],"up":[{"embeddable":true,"href":"https:\/\/www.ksarighnda.com\/es\/wp-json\/wp\/v2\/pages\/111"}],"wp:attachment":[{"href":"https:\/\/www.ksarighnda.com\/es\/wp-json\/wp\/v2\/media?parent=5397"}],"curies":[{"name":"wp","href":"https:\/\/api.w.org\/{rel}","templated":true}]}}