{"id":4925,"date":"2025-07-14T06:26:30","date_gmt":"2025-07-14T05:26:30","guid":{"rendered":"https:\/\/www.ksarighnda.com\/?page_id=4925"},"modified":"2025-07-14T06:39:26","modified_gmt":"2025-07-14T05:39:26","slug":"tamdakhte","status":"publish","type":"page","link":"https:\/\/www.ksarighnda.com\/es\/activites-alentours\/que-visiter-au-maroc\/tamdakhte\/","title":{"rendered":"Tamdakhte"},"content":{"rendered":"<div data-elementor-type=\"wp-page\" data-elementor-id=\"4925\" class=\"elementor elementor-4925\" data-elementor-post-type=\"page\">\n\t\t\t\t<div class=\"elementor-element elementor-element-477596f e-con-full e-flex e-con e-parent\" data-id=\"477596f\" data-element_type=\"container\" data-e-type=\"container\" data-settings=\"{&quot;background_background&quot;:&quot;classic&quot;}\">\n\t\t<div class=\"elementor-element elementor-element-d702551 e-con-full entrance-clip-path-both e-flex e-con e-child\" data-id=\"d702551\" data-element_type=\"container\" data-e-type=\"container\">\n\t\t\t\t<div class=\"elementor-element elementor-element-fa491ed elementor-widget__width-inherit elementor-widget elementor-widget-image\" data-id=\"fa491ed\" data-element_type=\"widget\" data-e-type=\"widget\" data-widget_type=\"image.default\">\n\t\t\t\t<div class=\"elementor-widget-container\">\n\t\t\t\t\t\t\t\t\t\t\t\t\t\t\t<img fetchpriority=\"high\" decoding=\"async\" width=\"2048\" height=\"1536\" src=\"https:\/\/www.ksarighnda.com\/wp-content\/uploads\/2025\/07\/tamdakht-1.jpg\" class=\"attachment-full size-full wp-image-4929\" alt=\"\" srcset=\"https:\/\/www.ksarighnda.com\/wp-content\/uploads\/2025\/07\/tamdakht-1.jpg 2048w, https:\/\/www.ksarighnda.com\/wp-content\/uploads\/2025\/07\/tamdakht-1-300x225.jpg 300w, https:\/\/www.ksarighnda.com\/wp-content\/uploads\/2025\/07\/tamdakht-1-1024x768.jpg 1024w, https:\/\/www.ksarighnda.com\/wp-content\/uploads\/2025\/07\/tamdakht-1-768x576.jpg 768w, https:\/\/www.ksarighnda.com\/wp-content\/uploads\/2025\/07\/tamdakht-1-1536x1152.jpg 1536w, https:\/\/www.ksarighnda.com\/wp-content\/uploads\/2025\/07\/tamdakht-1-16x12.jpg 16w\" sizes=\"(max-width: 2048px) 100vw, 2048px\" title=\"\">\t\t\t\t\t\t\t\t\t\t\t\t\t\t\t<\/div>\n\t\t\t\t<\/div>\n\t\t\t\t<\/div>\n\t\t\t\t<div class=\"elementor-element elementor-element-b988b92 entrance-bottom  titre-barre elementor-widget elementor-widget-heading\" data-id=\"b988b92\" data-element_type=\"widget\" data-e-type=\"widget\" data-widget_type=\"heading.default\">\n\t\t\t\t<div class=\"elementor-widget-container\">\n\t\t\t\t\t<span class=\"elementor-heading-title elementor-size-default\">Descubra <\/span>\t\t\t\t<\/div>\n\t\t\t\t<\/div>\n\t\t\t\t<div class=\"elementor-element elementor-element-0587ec8 entrance-bottom elementor-widget elementor-widget-heading\" data-id=\"0587ec8\" data-element_type=\"widget\" data-e-type=\"widget\" data-widget_type=\"heading.default\">\n\t\t\t\t<div class=\"elementor-widget-container\">\n\t\t\t\t\t<h1 class=\"elementor-heading-title elementor-size-default\">TAMDAKHTE<\/h1>\t\t\t\t<\/div>\n\t\t\t\t<\/div>\n\t\t\t\t<div class=\"elementor-element elementor-element-cb23156 btn-fleche-gauche entrance-bottom elementor-align-left elementor-widget elementor-widget-button\" data-id=\"cb23156\" data-element_type=\"widget\" data-e-type=\"widget\" data-widget_type=\"button.default\">\n\t\t\t\t<div class=\"elementor-widget-container\">\n\t\t\t\t\t\t\t\t\t<div class=\"elementor-button-wrapper\">\n\t\t\t\t\t<a class=\"elementor-button elementor-button-link elementor-size-sm\" href=\"https:\/\/www.ksarighnda.com\/es\/activites-alentours\/que-visiter-au-maroc\/\">\n\t\t\t\t\t\t<span class=\"elementor-button-content-wrapper\">\n\t\t\t\t\t\t<span class=\"elementor-button-icon\">\n\t\t\t\t<svg xmlns=\"http:\/\/www.w3.org\/2000\/svg\" viewbox=\"0 0 28 20\" width=\"28\" height=\"20\"><title>Grupo 80-svg<\/title><style>\t\t.s0 { fill: none;stroke: #5c4932;stroke-linecap: round } \t<\/style><g id=\"Group 80\"><path id=\"Line 11\" fill-rule=\"evenodd\" class=\"s0\" d=\"m27 10h-26\"><\/path><path id=\"Vector 12\" fill-rule=\"evenodd\" class=\"s0\" d=\"m1 9.5c2-1.2 6.9-4.6 10.5-9\"><\/path><path id=\"Vector 13\" fill-rule=\"evenodd\" class=\"s0\" d=\"m1 10c2 1.2 6.9 4.6 10.5 9\"><\/path><\/g><\/svg>\t\t\t<\/span>\n\t\t\t\t\t\t\t\t\t<span class=\"elementor-button-text\">Volver a los alrededores<\/span>\n\t\t\t\t\t<\/span>\n\t\t\t\t\t<\/a>\n\t\t\t\t<\/div>\n\t\t\t\t\t\t\t\t<\/div>\n\t\t\t\t<\/div>\n\t\t\t\t<\/div>\n\t\t<div class=\"elementor-element elementor-element-671d852 e-con-full e-flex e-con e-parent\" data-id=\"671d852\" data-element_type=\"container\" data-e-type=\"container\">\n\t\t<div class=\"elementor-element elementor-element-91e8837 e-con-full e-flex e-con e-child\" data-id=\"91e8837\" data-element_type=\"container\" data-e-type=\"container\">\n\t\t<div class=\"elementor-element elementor-element-9ce792d e-con-full e-flex e-con e-child\" data-id=\"9ce792d\" data-element_type=\"container\" data-e-type=\"container\">\n\t\t\t\t<div class=\"elementor-element elementor-element-a8aac88 entrance-bottom elementor-widget-laptop__width-initial elementor-widget elementor-widget-heading\" data-id=\"a8aac88\" data-element_type=\"widget\" data-e-type=\"widget\" data-widget_type=\"heading.default\">\n\t\t\t\t<div class=\"elementor-widget-container\">\n\t\t\t\t\t<h2 class=\"elementor-heading-title elementor-size-default\">UN PUEBLO AMAZIGH<\/h2>\t\t\t\t<\/div>\n\t\t\t\t<\/div>\n\t\t\t\t<div class=\"elementor-element elementor-element-5534c59 elementor-widget-laptop__width-initial entrance-bottom elementor-widget elementor-widget-text-editor\" data-id=\"5534c59\" data-element_type=\"widget\" data-e-type=\"widget\" data-widget_type=\"text-editor.default\">\n\t\t\t\t<div class=\"elementor-widget-container\">\n\t\t\t\t\t\t\t\t\t<p>A s\u00f3lo 3 km de Ksar Ighnda, lejos de las multitudes y los autobuses de Ait Ben Haddou, el pueblo de Tamdakhte le ofrece una aut\u00e9ntica inmersi\u00f3n en el coraz\u00f3n de la cultura y la tradici\u00f3n amazigh. Conozca a los lugare\u00f1os, pasee por los jardines, participe en las fiestas, sin olvidar hacer una parada en el <strong><em>tafarnout<\/em><\/strong>\u00a0(el horno tradicional en el que se cuece el pan del mismo nombre). El pueblo de Tamdakhte est\u00e1 situado en el valle de Ounila (Alto Atlas), entre Telouet y Ouarzazate, punto de partida de la ruta de las mil kasbahs.<\/p><p align=\"justify\">La kasbah de Tamdakhte es una joya arquitect\u00f3nica centenaria que, por desgracia, se est\u00e1 arruinando. La historia cuenta que en su origen fue la residencia de un jefe amazigh, el<em><strong>amghar<\/strong><\/em>\u00a0Ali Ou Brahim n'A\u00eft Haddou se opuso a los glau\u00edes. Cuando fue derrotado y ejecutado en 1900, su residencia pas\u00f3 a manos de los glau\u00edes. Ca\u00efd Hamou la ampli\u00f3 hacia 1920 y Ca\u00efd Brahim a\u00f1adi\u00f3 anexos hacia 1940.<\/p><p>Tras la independencia, la Kasbah fue utilizada como prisi\u00f3n por la familia Oufkir despu\u00e9s del intento de golpe de Estado del general Oufkir en 1972. Oufkir era comandante en jefe del ej\u00e9rcito y ministro de Defensa de Hassan II. En esta ocasi\u00f3n, la kasbah fue modificada para impedir el contacto con el mundo exterior.<\/p>\t\t\t\t\t\t\t\t<\/div>\n\t\t\t\t<\/div>\n\t\t\t\t<\/div>\n\t\t\t\t<\/div>\n\t\t<div class=\"elementor-element elementor-element-1fd1aaf e-con-full e-flex e-con e-child\" data-id=\"1fd1aaf\" data-element_type=\"container\" data-e-type=\"container\">\n\t\t\t\t<div class=\"elementor-element elementor-element-cdb3650 elementor-widget__width-inherit entrance-right elementor-widget elementor-widget-image\" data-id=\"cdb3650\" data-element_type=\"widget\" data-e-type=\"widget\" data-widget_type=\"image.default\">\n\t\t\t\t<div class=\"elementor-widget-container\">\n\t\t\t\t\t\t\t\t\t\t\t\t\t\t\t<img decoding=\"async\" width=\"1537\" height=\"2049\" src=\"https:\/\/www.ksarighnda.com\/wp-content\/uploads\/2025\/07\/tamdakht-2.jpg\" class=\"attachment-full size-full wp-image-4930\" alt=\"\" srcset=\"https:\/\/www.ksarighnda.com\/wp-content\/uploads\/2025\/07\/tamdakht-2.jpg 1537w, https:\/\/www.ksarighnda.com\/wp-content\/uploads\/2025\/07\/tamdakht-2-225x300.jpg 225w, https:\/\/www.ksarighnda.com\/wp-content\/uploads\/2025\/07\/tamdakht-2-768x1024.jpg 768w, https:\/\/www.ksarighnda.com\/wp-content\/uploads\/2025\/07\/tamdakht-2-1152x1536.jpg 1152w, https:\/\/www.ksarighnda.com\/wp-content\/uploads\/2025\/07\/tamdakht-2-9x12.jpg 9w\" sizes=\"(max-width: 1537px) 100vw, 1537px\" title=\"\">\t\t\t\t\t\t\t\t\t\t\t\t\t\t\t<\/div>\n\t\t\t\t<\/div>\n\t\t\t\t<\/div>\n\t\t\t\t<\/div>\n\t\t<div class=\"elementor-element elementor-element-7664dff e-con-full e-flex e-con e-parent\" data-id=\"7664dff\" data-element_type=\"container\" data-e-type=\"container\">\n\t\t<div class=\"elementor-element elementor-element-bcb5931 e-con-full e-flex e-con e-child\" data-id=\"bcb5931\" data-element_type=\"container\" data-e-type=\"container\">\n\t\t\t\t<div class=\"elementor-element elementor-element-62c8995 elementor-widget__width-inherit entrance-left elementor-widget elementor-widget-image\" data-id=\"62c8995\" data-element_type=\"widget\" data-e-type=\"widget\" data-widget_type=\"image.default\">\n\t\t\t\t<div class=\"elementor-widget-container\">\n\t\t\t\t\t\t\t\t\t\t\t\t\t\t\t<img decoding=\"async\" width=\"1707\" height=\"2560\" src=\"https:\/\/www.ksarighnda.com\/wp-content\/uploads\/2025\/07\/tamdakht-4-scaled.jpg\" class=\"attachment-full size-full wp-image-4932\" alt=\"\" srcset=\"https:\/\/www.ksarighnda.com\/wp-content\/uploads\/2025\/07\/tamdakht-4-scaled.jpg 1707w, https:\/\/www.ksarighnda.com\/wp-content\/uploads\/2025\/07\/tamdakht-4-200x300.jpg 200w, https:\/\/www.ksarighnda.com\/wp-content\/uploads\/2025\/07\/tamdakht-4-683x1024.jpg 683w, https:\/\/www.ksarighnda.com\/wp-content\/uploads\/2025\/07\/tamdakht-4-768x1152.jpg 768w, https:\/\/www.ksarighnda.com\/wp-content\/uploads\/2025\/07\/tamdakht-4-1024x1536.jpg 1024w, https:\/\/www.ksarighnda.com\/wp-content\/uploads\/2025\/07\/tamdakht-4-1365x2048.jpg 1365w, https:\/\/www.ksarighnda.com\/wp-content\/uploads\/2025\/07\/tamdakht-4-8x12.jpg 8w\" sizes=\"(max-width: 1707px) 100vw, 1707px\" title=\"\">\t\t\t\t\t\t\t\t\t\t\t\t\t\t\t<\/div>\n\t\t\t\t<\/div>\n\t\t\t\t<\/div>\n\t\t<div class=\"elementor-element elementor-element-86c7d6b e-con-full e-flex e-con e-child\" data-id=\"86c7d6b\" data-element_type=\"container\" data-e-type=\"container\">\n\t\t<div class=\"elementor-element elementor-element-1188f5e e-con-full e-flex e-con e-child\" data-id=\"1188f5e\" data-element_type=\"container\" data-e-type=\"container\">\n\t\t\t\t<div class=\"elementor-element elementor-element-e513251 entrance-bottom elementor-widget elementor-widget-heading\" data-id=\"e513251\" data-element_type=\"widget\" data-e-type=\"widget\" data-widget_type=\"heading.default\">\n\t\t\t\t<div class=\"elementor-widget-container\">\n\t\t\t\t\t<h2 class=\"elementor-heading-title elementor-size-default\">Un encuentro con la naturaleza mineral <\/h2>\t\t\t\t<\/div>\n\t\t\t\t<\/div>\n\t\t\t\t<div class=\"elementor-element elementor-element-e189f1d elementor-widget-laptop__width-initial entrance-bottom elementor-widget elementor-widget-text-editor\" data-id=\"e189f1d\" data-element_type=\"widget\" data-e-type=\"widget\" data-widget_type=\"text-editor.default\">\n\t\t\t\t<div class=\"elementor-widget-container\">\n\t\t\t\t\t\t\t\t\t<p>El t\u00e9rmino \"kasbah\" se utiliza generalmente para describir un edificio cuadrado hecho de barro. Este tipo de vivienda es de origen amazigh y en esta lengua se denomina\u00a0<em>tighremt<\/em>. La palabra kasbah es reciente.<\/p><p>La construcci\u00f3n de las kasbahs obedece a una serie de reglas arquitect\u00f3nicas. Los muros son de\u00a0<strong>adobe<\/strong>\u00a0(<em>una mezcla de tierra y paja mediante un proceso ancestral que a\u00edsla del fr\u00edo y del calor<\/em>.) El centro de la casa es un patio, que proporciona luz a todo el edificio.<\/p><p>En cuanto a la ornamentaci\u00f3n exterior de las torres y la parte superior de los muros, est\u00e1 en\u00a0<strong>adobe.<\/strong>\u00a0Ladrillo fabricado con arcilla cruda, con la que se pueden crear dibujos en hueco y relieve que abren las partes superiores. Los tejados est\u00e1n formados por vigas espaciadas cubiertas de juncos apretados, que luego se cubren con arcilla.<\/p>\t\t\t\t\t\t\t\t<\/div>\n\t\t\t\t<\/div>\n\t\t\t\t<\/div>\n\t\t\t\t<\/div>\n\t\t\t\t<\/div>\n\t\t\t\t<\/div>","protected":false},"excerpt":{"rendered":"<p>D\u00e9couvrez TAMDAKHTE Group 80-svg Retour aux alentours UN VILLAGE AMAZIGH A 3km du Ksar Ighnda, loin de la foule et des cars d\u2019Ait Ben haddou, le village de Tamdakhte vous propose une v\u00e9ritable plong\u00e9e au c\u0153ur de la culture et de la tradition amazighe. Partez \u00e0 la rencontre des villageois, baladez-vous dans les jardins, participez [&hellip;]<\/p>\n","protected":false},"author":20,"featured_media":0,"parent":114,"menu_order":0,"comment_status":"closed","ping_status":"closed","template":"","meta":{"inline_featured_image":false,"footnotes":""},"class_list":["post-4925","page","type-page","status-publish","hentry"],"_links":{"self":[{"href":"https:\/\/www.ksarighnda.com\/es\/wp-json\/wp\/v2\/pages\/4925","targetHints":{"allow":["GET"]}}],"collection":[{"href":"https:\/\/www.ksarighnda.com\/es\/wp-json\/wp\/v2\/pages"}],"about":[{"href":"https:\/\/www.ksarighnda.com\/es\/wp-json\/wp\/v2\/types\/page"}],"author":[{"embeddable":true,"href":"https:\/\/www.ksarighnda.com\/es\/wp-json\/wp\/v2\/users\/20"}],"replies":[{"embeddable":true,"href":"https:\/\/www.ksarighnda.com\/es\/wp-json\/wp\/v2\/comments?post=4925"}],"version-history":[{"count":4,"href":"https:\/\/www.ksarighnda.com\/es\/wp-json\/wp\/v2\/pages\/4925\/revisions"}],"predecessor-version":[{"id":4944,"href":"https:\/\/www.ksarighnda.com\/es\/wp-json\/wp\/v2\/pages\/4925\/revisions\/4944"}],"up":[{"embeddable":true,"href":"https:\/\/www.ksarighnda.com\/es\/wp-json\/wp\/v2\/pages\/114"}],"wp:attachment":[{"href":"https:\/\/www.ksarighnda.com\/es\/wp-json\/wp\/v2\/media?parent=4925"}],"curies":[{"name":"wp","href":"https:\/\/api.w.org\/{rel}","templated":true}]}}