{"id":4777,"date":"2025-07-08T06:53:38","date_gmt":"2025-07-08T05:53:38","guid":{"rendered":"https:\/\/www.ksarighnda.com\/?page_id=4777"},"modified":"2025-08-04T17:25:28","modified_gmt":"2025-08-04T16:25:28","slug":"mhamid-la-puerta-del-desierto","status":"publish","type":"page","link":"https:\/\/www.ksarighnda.com\/es\/activites-alentours\/excursions\/mhamid-la-porte-du-desert\/","title":{"rendered":"M'HAMID, la puerta del desierto"},"content":{"rendered":"<div data-elementor-type=\"wp-page\" data-elementor-id=\"4777\" class=\"elementor elementor-4777\" data-elementor-post-type=\"page\">\n\t\t\t\t<div class=\"elementor-element elementor-element-280cb79 e-con-full e-flex e-con e-parent\" data-id=\"280cb79\" data-element_type=\"container\" data-e-type=\"container\" data-settings=\"{&quot;background_background&quot;:&quot;classic&quot;}\">\n\t\t<div class=\"elementor-element elementor-element-733b7ac e-con-full entrance-clip-path-both e-flex e-con e-child\" data-id=\"733b7ac\" data-element_type=\"container\" data-e-type=\"container\">\n\t\t\t\t<div class=\"elementor-element elementor-element-508cee1 elementor-widget__width-inherit elementor-widget elementor-widget-image\" data-id=\"508cee1\" data-element_type=\"widget\" data-e-type=\"widget\" data-widget_type=\"image.default\">\n\t\t\t\t<div class=\"elementor-widget-container\">\n\t\t\t\t\t\t\t\t\t\t\t\t\t\t\t<img fetchpriority=\"high\" decoding=\"async\" width=\"1000\" height=\"666\" src=\"https:\/\/www.ksarighnda.com\/wp-content\/uploads\/2024\/11\/trek-et-randonne-dans-le-desert.jpg\" class=\"attachment-full size-full wp-image-4106\" alt=\"\" srcset=\"https:\/\/www.ksarighnda.com\/wp-content\/uploads\/2024\/11\/trek-et-randonne-dans-le-desert.jpg 1000w, https:\/\/www.ksarighnda.com\/wp-content\/uploads\/2024\/11\/trek-et-randonne-dans-le-desert-300x200.jpg 300w, https:\/\/www.ksarighnda.com\/wp-content\/uploads\/2024\/11\/trek-et-randonne-dans-le-desert-768x511.jpg 768w, https:\/\/www.ksarighnda.com\/wp-content\/uploads\/2024\/11\/trek-et-randonne-dans-le-desert-18x12.jpg 18w\" sizes=\"(max-width: 1000px) 100vw, 1000px\" title=\"\">\t\t\t\t\t\t\t\t\t\t\t\t\t\t\t<\/div>\n\t\t\t\t<\/div>\n\t\t\t\t<\/div>\n\t\t\t\t<div class=\"elementor-element elementor-element-400074c entrance-bottom  titre-barre elementor-widget elementor-widget-heading\" data-id=\"400074c\" data-element_type=\"widget\" data-e-type=\"widget\" data-widget_type=\"heading.default\">\n\t\t\t\t<div class=\"elementor-widget-container\">\n\t\t\t\t\t<span class=\"elementor-heading-title elementor-size-default\">Descubra <\/span>\t\t\t\t<\/div>\n\t\t\t\t<\/div>\n\t\t\t\t<div class=\"elementor-element elementor-element-5849029 entrance-bottom elementor-widget elementor-widget-heading\" data-id=\"5849029\" data-element_type=\"widget\" data-e-type=\"widget\" data-widget_type=\"heading.default\">\n\t\t\t\t<div class=\"elementor-widget-container\">\n\t\t\t\t\t<h1 class=\"elementor-heading-title elementor-size-default\">M'HAMID \u00daLTIMO PUEBLO ANTES DEL DESIERTO <\/h1>\t\t\t\t<\/div>\n\t\t\t\t<\/div>\n\t\t\t\t<div class=\"elementor-element elementor-element-80b97dc btn-fleche-gauche entrance-bottom elementor-align-left elementor-widget elementor-widget-button\" data-id=\"80b97dc\" data-element_type=\"widget\" data-e-type=\"widget\" data-widget_type=\"button.default\">\n\t\t\t\t<div class=\"elementor-widget-container\">\n\t\t\t\t\t\t\t\t\t<div class=\"elementor-button-wrapper\">\n\t\t\t\t\t<a class=\"elementor-button elementor-button-link elementor-size-sm\" href=\"https:\/\/www.ksarighnda.com\/es\/activites-alentours\/que-visiter-au-maroc\/\">\n\t\t\t\t\t\t<span class=\"elementor-button-content-wrapper\">\n\t\t\t\t\t\t<span class=\"elementor-button-icon\">\n\t\t\t\t<svg xmlns=\"http:\/\/www.w3.org\/2000\/svg\" viewbox=\"0 0 28 20\" width=\"28\" height=\"20\"><title>Grupo 80-svg<\/title><style>\t\t.s0 { fill: none;stroke: #5c4932;stroke-linecap: round } \t<\/style><g id=\"Group 80\"><path id=\"Line 11\" fill-rule=\"evenodd\" class=\"s0\" d=\"m27 10h-26\"><\/path><path id=\"Vector 12\" fill-rule=\"evenodd\" class=\"s0\" d=\"m1 9.5c2-1.2 6.9-4.6 10.5-9\"><\/path><path id=\"Vector 13\" fill-rule=\"evenodd\" class=\"s0\" d=\"m1 10c2 1.2 6.9 4.6 10.5 9\"><\/path><\/g><\/svg>\t\t\t<\/span>\n\t\t\t\t\t\t\t\t\t<span class=\"elementor-button-text\">Volver a los alrededores<\/span>\n\t\t\t\t\t<\/span>\n\t\t\t\t\t<\/a>\n\t\t\t\t<\/div>\n\t\t\t\t\t\t\t\t<\/div>\n\t\t\t\t<\/div>\n\t\t\t\t<\/div>\n\t\t<div class=\"elementor-element elementor-element-67240b0 e-con-full e-flex e-con e-parent\" data-id=\"67240b0\" data-element_type=\"container\" data-e-type=\"container\">\n\t\t<div class=\"elementor-element elementor-element-49c5494 e-con-full e-flex e-con e-child\" data-id=\"49c5494\" data-element_type=\"container\" data-e-type=\"container\">\n\t\t<div class=\"elementor-element elementor-element-0119585 e-con-full e-flex e-con e-child\" data-id=\"0119585\" data-element_type=\"container\" data-e-type=\"container\">\n\t\t\t\t<div class=\"elementor-element elementor-element-01e9723 entrance-bottom elementor-widget elementor-widget-heading\" data-id=\"01e9723\" data-element_type=\"widget\" data-e-type=\"widget\" data-widget_type=\"heading.default\">\n\t\t\t\t<div class=\"elementor-widget-container\">\n\t\t\t\t\t<h2 class=\"elementor-heading-title elementor-size-default\">M'HAMID<\/h2>\t\t\t\t<\/div>\n\t\t\t\t<\/div>\n\t\t\t\t<div class=\"elementor-element elementor-element-5673309 entrance-bottom elementor-widget elementor-widget-heading\" data-id=\"5673309\" data-element_type=\"widget\" data-e-type=\"widget\" data-widget_type=\"heading.default\">\n\t\t\t\t<div class=\"elementor-widget-container\">\n\t\t\t\t\t<span class=\"elementor-heading-title elementor-size-default\">la puerta del desierto<\/span>\t\t\t\t<\/div>\n\t\t\t\t<\/div>\n\t\t\t\t<div class=\"elementor-element elementor-element-71a67a4 elementor-widget-laptop__width-initial entrance-bottom elementor-widget elementor-widget-text-editor\" data-id=\"71a67a4\" data-element_type=\"widget\" data-e-type=\"widget\" data-widget_type=\"text-editor.default\">\n\t\t\t\t<div class=\"elementor-widget-container\">\n\t\t\t\t\t\t\t\t\t<p><b>M'Hamid El Ghizlane<\/b>\u00a0 antes llamado <b>Targala<\/b>\u00a0<sup id=\"cite_ref-geonames_1-0\" class=\"reference\"><\/sup>y por error de medios taragalt, es un <a title=\"Municipio (Marruecos)\" href=\"https:\/\/fr.wikipedia.org\/wiki\/Commune_(Maroc)\" rel=\"nofollow noopener\" target=\"_blank\">municipio<\/a>\u00a0rural\u00a0<a title=\"Marruecos\" href=\"https:\/\/fr.wikipedia.org\/wiki\/Maroc\" rel=\"nofollow noopener\" target=\"_blank\">Mujer marroqu\u00ed<\/a>\u00a0de la\u00a0<a title=\"Provincia de Zagora\" href=\"https:\/\/fr.wikipedia.org\/wiki\/Province_de_Zagora\" rel=\"nofollow noopener\" target=\"_blank\">Provincia de Zagora<\/a>en la regi\u00f3n de Dr\u00e2a-Tafilalet, al borde del S\u00e1hara, en la frontera argelino-marroqu\u00ed.<\/p>\n<p>Su territorio, que anta\u00f1o fue una escala en el\u00a0<a title=\"Comercio transahariano\" href=\"https:\/\/fr.wikipedia.org\/wiki\/Commerce_transsaharien\" rel=\"nofollow noopener\" target=\"_blank\">comercio transahariano<\/a>se ha convertido en una zona tur\u00edstica, especialmente el punto de partida de excursiones al desierto, en particular a las dunas del<a class=\"mw-redirect\" title=\"Erg Chegaga\" href=\"https:\/\/fr.wikipedia.org\/wiki\/Erg_Chegaga\" rel=\"nofollow noopener\" target=\"_blank\">erg Chegaga.  Se cree que su nombre significa \"la llanura de las gacelas\", <\/a>es posible observar <a class=\"mw-redirect\" title=\"Gacelas\" href=\"https:\/\/fr.wikipedia.org\/wiki\/Gazelles\" rel=\"nofollow noopener\" target=\"_blank\">gacelas<\/a>\u00a0en su entorno natural.<\/p>\n<p>Forma parte de un\u00a0<a title=\"Nomadismo\" href=\"https:\/\/fr.wikipedia.org\/wiki\/Nomadisme\" rel=\"nofollow noopener\" target=\"_blank\">nomadismo <\/a><sup id=\"cite_ref-4\" class=\"reference\"><\/sup>a unos 500 metros de altitud.\u00a0<abbr class=\"abbr\" title=\"metro\">m<\/abbr><sup id=\"cite_ref-geonames_1-1\" class=\"reference\"><\/sup>a\u00a0<a title=\"Oasis en Marruecos\" href=\"https:\/\/fr.wikipedia.org\/wiki\/Oasis_au_Maroc\" rel=\"nofollow noopener\" target=\"_blank\">oasis<\/a>con un <a title=\"Palmeraie\" href=\"https:\/\/fr.wikipedia.org\/wiki\/Palmeraie\" rel=\"nofollow noopener\" target=\"_blank\">palmeral<\/a> extendi\u00e9ndose hasta el oued Draa.<\/p>\t\t\t\t\t\t\t\t<\/div>\n\t\t\t\t<\/div>\n\t\t\t\t<\/div>\n\t\t\t\t<\/div>\n\t\t<div class=\"elementor-element elementor-element-4036eec e-con-full e-flex e-con e-child\" data-id=\"4036eec\" data-element_type=\"container\" data-e-type=\"container\">\n\t\t\t\t<div class=\"elementor-element elementor-element-e21863a elementor-widget__width-inherit entrance-right elementor-widget elementor-widget-image\" data-id=\"e21863a\" data-element_type=\"widget\" data-e-type=\"widget\" data-widget_type=\"image.default\">\n\t\t\t\t<div class=\"elementor-widget-container\">\n\t\t\t\t\t\t\t\t\t\t\t\t\t\t\t<img decoding=\"async\" width=\"2048\" height=\"1536\" src=\"https:\/\/www.ksarighnda.com\/wp-content\/uploads\/2025\/07\/IMG-20230505-WA0029.jpg\" class=\"attachment-full size-full wp-image-4779\" alt=\"\" srcset=\"https:\/\/www.ksarighnda.com\/wp-content\/uploads\/2025\/07\/IMG-20230505-WA0029.jpg 2048w, https:\/\/www.ksarighnda.com\/wp-content\/uploads\/2025\/07\/IMG-20230505-WA0029-300x225.jpg 300w, https:\/\/www.ksarighnda.com\/wp-content\/uploads\/2025\/07\/IMG-20230505-WA0029-1024x768.jpg 1024w, https:\/\/www.ksarighnda.com\/wp-content\/uploads\/2025\/07\/IMG-20230505-WA0029-768x576.jpg 768w, https:\/\/www.ksarighnda.com\/wp-content\/uploads\/2025\/07\/IMG-20230505-WA0029-1536x1152.jpg 1536w, https:\/\/www.ksarighnda.com\/wp-content\/uploads\/2025\/07\/IMG-20230505-WA0029-16x12.jpg 16w\" sizes=\"(max-width: 2048px) 100vw, 2048px\" title=\"\">\t\t\t\t\t\t\t\t\t\t\t\t\t\t\t<\/div>\n\t\t\t\t<\/div>\n\t\t\t\t<\/div>\n\t\t\t\t<\/div>\n\t\t<div class=\"elementor-element elementor-element-a1503d0 e-con-full e-flex e-con e-parent\" data-id=\"a1503d0\" data-element_type=\"container\" data-e-type=\"container\">\n\t\t<div class=\"elementor-element elementor-element-27c6639 e-con-full e-flex e-con e-child\" data-id=\"27c6639\" data-element_type=\"container\" data-e-type=\"container\">\n\t\t\t\t<div class=\"elementor-element elementor-element-057dcd0 elementor-widget__width-inherit entrance-left elementor-widget elementor-widget-image\" data-id=\"057dcd0\" data-element_type=\"widget\" data-e-type=\"widget\" data-widget_type=\"image.default\">\n\t\t\t\t<div class=\"elementor-widget-container\">\n\t\t\t\t\t\t\t\t\t\t\t\t\t\t\t<img decoding=\"async\" width=\"2048\" height=\"1536\" src=\"https:\/\/www.ksarighnda.com\/wp-content\/uploads\/2025\/07\/IMG-20230505-WA0042.jpg\" class=\"attachment-full size-full wp-image-4778\" alt=\"\" srcset=\"https:\/\/www.ksarighnda.com\/wp-content\/uploads\/2025\/07\/IMG-20230505-WA0042.jpg 2048w, https:\/\/www.ksarighnda.com\/wp-content\/uploads\/2025\/07\/IMG-20230505-WA0042-300x225.jpg 300w, https:\/\/www.ksarighnda.com\/wp-content\/uploads\/2025\/07\/IMG-20230505-WA0042-1024x768.jpg 1024w, https:\/\/www.ksarighnda.com\/wp-content\/uploads\/2025\/07\/IMG-20230505-WA0042-768x576.jpg 768w, https:\/\/www.ksarighnda.com\/wp-content\/uploads\/2025\/07\/IMG-20230505-WA0042-1536x1152.jpg 1536w, https:\/\/www.ksarighnda.com\/wp-content\/uploads\/2025\/07\/IMG-20230505-WA0042-16x12.jpg 16w\" sizes=\"(max-width: 2048px) 100vw, 2048px\" title=\"\">\t\t\t\t\t\t\t\t\t\t\t\t\t\t\t<\/div>\n\t\t\t\t<\/div>\n\t\t\t\t<\/div>\n\t\t<div class=\"elementor-element elementor-element-159af14 e-con-full e-flex e-con e-child\" data-id=\"159af14\" data-element_type=\"container\" data-e-type=\"container\">\n\t\t<div class=\"elementor-element elementor-element-017dc56 e-con-full e-flex e-con e-child\" data-id=\"017dc56\" data-element_type=\"container\" data-e-type=\"container\">\n\t\t\t\t<div class=\"elementor-element elementor-element-b3307b4 entrance-bottom elementor-widget elementor-widget-heading\" data-id=\"b3307b4\" data-element_type=\"widget\" data-e-type=\"widget\" data-widget_type=\"heading.default\">\n\t\t\t\t<div class=\"elementor-widget-container\">\n\t\t\t\t\t<h2 class=\"elementor-heading-title elementor-size-default\">historia<\/h2>\t\t\t\t<\/div>\n\t\t\t\t<\/div>\n\t\t\t\t<div class=\"elementor-element elementor-element-0a0dc57 entrance-bottom elementor-widget elementor-widget-heading\" data-id=\"0a0dc57\" data-element_type=\"widget\" data-e-type=\"widget\" data-widget_type=\"heading.default\">\n\t\t\t\t<div class=\"elementor-widget-container\">\n\t\t\t\t\t<span class=\"elementor-heading-title elementor-size-default\">en la \u00e9poca de las caravanas<\/span>\t\t\t\t<\/div>\n\t\t\t\t<\/div>\n\t\t\t\t<div class=\"elementor-element elementor-element-7199959 elementor-widget-laptop__width-initial entrance-bottom elementor-widget elementor-widget-text-editor\" data-id=\"7199959\" data-element_type=\"widget\" data-e-type=\"widget\" data-widget_type=\"text-editor.default\">\n\t\t\t\t<div class=\"elementor-widget-container\">\n\t\t\t\t\t\t\t\t\t<p>El ksar de M'hamid se remonta al periodo\u00a0<a title=\"Saadianos\" href=\"https:\/\/fr.wikipedia.org\/wiki\/Saadiens\" rel=\"nofollow noopener\" target=\"_blank\">saadienne<\/a>El ksar estaba situado en la \u00faltima zona habitable antes de hundirse en las regiones totalmente n\u00f3madas y deshabitadas. El ksar de M'hamid fue descrito por el famoso explorador\u00a0<a title=\"Ren\u00e9 Cailli\u00e9\" href=\"https:\/\/fr.wikipedia.org\/wiki\/Ren%C3%A9_Cailli%C3%A9\" rel=\"nofollow noopener\" target=\"_blank\">Ren\u00e9 Cailli\u00e9<\/a>\u00a0en su libro sobre su viaje a\u00a0<a title=\"Tombuct\u00fa\" href=\"https:\/\/fr.wikipedia.org\/wiki\/Tombouctou\" rel=\"nofollow noopener\" target=\"_blank\">Tombuct\u00fa<\/a>\u00a0en 1830.<\/p>\n<p>M'Hamid se encuentra en el valle del Dr\u00e2a, una antigua ruta de caravanas entre el S\u00e1hara y el norte de Marruecos que atrajo a gentes de muy diversos or\u00edgenes, lo que dio lugar a una considerable mezcla \u00e9tnica y a una estructura socio\u00e9tnica muy diversa y jerarquizada.<sup id=\"cite_ref-8\" class=\"reference\"><\/sup>\u00a0:<\/p>\n<ul>\n<li>los Draouas (poblaci\u00f3n negra), supuestamente ind\u00edgenas<\/li>\n<li>Tribus moras saharianas (A\u00e2rib)<\/li>\n<li>tribus del norte (A\u00eft Sedrate)<\/li>\n<li>los antiguos miembros n\u00f3madas de la confederaci\u00f3n bereber\u00a0<a title=\"A\u00eft Atta\" href=\"https:\/\/fr.wikipedia.org\/wiki\/A%C3%AFt_Atta\" rel=\"nofollow noopener\" target=\"_blank\">A\u00eft Atta<\/a><\/li>\n<li>comunidades sacrosantas (Chorfas y Morabitines)<\/li>\n<li>los jud\u00edos<\/li>\n<\/ul>\n<p>La cultura de\u00a0<a class=\"mw-redirect\" title=\"Cereales\" href=\"https:\/\/fr.wikipedia.org\/wiki\/C%C3%A9r%C3%A9ales\" rel=\"nofollow noopener\" target=\"_blank\">cereales<\/a>\u00a0y el<a title=\"Horticultura\" href=\"https:\/\/fr.wikipedia.org\/wiki\/Horticulture\" rel=\"nofollow noopener\" target=\"_blank\">horticultura<\/a>\u00a0se practican en jardines mixtos, en los\u00a0<a title=\"Palmeraie\" href=\"https:\/\/fr.wikipedia.org\/wiki\/Palmeraie\" rel=\"nofollow noopener\" target=\"_blank\">palmeral<\/a>cobertura 16 <abbr class=\"abbr\" title=\"kil\u00f3metro\">km<\/abbr>\u00a0de largo y 2.700\u00a0<abbr class=\"abbr\" title=\"kil\u00f3metro cuadrado\">km2<\/abbr><sup id=\"cite_ref-pr\u00e9sentation_6-1\" class=\"reference\"><\/sup>.<\/p>\n<p>Al mismo tiempo, existe una industria tur\u00edstica: M'Hamid El Ghizlane es el punto de partida de excursiones al Erg Lehoudi, a 12 km de la ciudad.\u00a0<abbr class=\"abbr\" title=\"kil\u00f3metro\">km<\/abbr>\u00a0al norte, al que se puede llegar por carretera, y Erg Chegaga al sur, a casi 60 km.\u00a0<abbr class=\"abbr\" title=\"kil\u00f3metro\">km<\/abbr>accesible a pie (trekking), en camello o en 4x4<sup id=\"cite_ref-sud_5-1\" class=\"reference\"><\/sup>. .<\/p>\n<p>\u00a0<\/p>\t\t\t\t\t\t\t\t<\/div>\n\t\t\t\t<\/div>\n\t\t\t\t<\/div>\n\t\t\t\t<\/div>\n\t\t\t\t<\/div>\n\t\t\t\t<\/div>","protected":false},"excerpt":{"rendered":"<p>D\u00e9couvrez M&rsquo;HAMID DERNIER VILLAGE AVANT LE DESERT Group 80-svg Retour aux alentours M&rsquo;HAMID la porte du d\u00e9sert M&rsquo;Hamid El Ghizlane\u00a0 anciennement nomm\u00e9e Targala\u00a0et par erreur m\u00e9diatique taragalt, est une commune\u00a0rurale\u00a0marocaine\u00a0de la\u00a0province de Zagora, dans la r\u00e9gion de Dr\u00e2a-Tafilalet, situ\u00e9e \u00e0 la lisi\u00e8re du Sahara, sur les confins alg\u00e9ro-marocains. Son territoire, qui \u00e9tait autrefois une \u00e9tape [&hellip;]<\/p>\n","protected":false},"author":20,"featured_media":0,"parent":111,"menu_order":0,"comment_status":"closed","ping_status":"closed","template":"","meta":{"inline_featured_image":false,"footnotes":""},"class_list":["post-4777","page","type-page","status-publish","hentry"],"_links":{"self":[{"href":"https:\/\/www.ksarighnda.com\/es\/wp-json\/wp\/v2\/pages\/4777","targetHints":{"allow":["GET"]}}],"collection":[{"href":"https:\/\/www.ksarighnda.com\/es\/wp-json\/wp\/v2\/pages"}],"about":[{"href":"https:\/\/www.ksarighnda.com\/es\/wp-json\/wp\/v2\/types\/page"}],"author":[{"embeddable":true,"href":"https:\/\/www.ksarighnda.com\/es\/wp-json\/wp\/v2\/users\/20"}],"replies":[{"embeddable":true,"href":"https:\/\/www.ksarighnda.com\/es\/wp-json\/wp\/v2\/comments?post=4777"}],"version-history":[{"count":14,"href":"https:\/\/www.ksarighnda.com\/es\/wp-json\/wp\/v2\/pages\/4777\/revisions"}],"predecessor-version":[{"id":5412,"href":"https:\/\/www.ksarighnda.com\/es\/wp-json\/wp\/v2\/pages\/4777\/revisions\/5412"}],"up":[{"embeddable":true,"href":"https:\/\/www.ksarighnda.com\/es\/wp-json\/wp\/v2\/pages\/111"}],"wp:attachment":[{"href":"https:\/\/www.ksarighnda.com\/es\/wp-json\/wp\/v2\/media?parent=4777"}],"curies":[{"name":"wp","href":"https:\/\/api.w.org\/{rel}","templated":true}]}}