{"id":3523,"date":"2024-10-07T10:38:10","date_gmt":"2024-10-07T09:38:10","guid":{"rendered":"https:\/\/www.ksarighnda.com\/?page_id=3523"},"modified":"2025-07-14T12:41:21","modified_gmt":"2025-07-14T11:41:21","slug":"estudio-de-cine","status":"publish","type":"page","link":"https:\/\/www.ksarighnda.com\/es\/activites-alentours\/que-visiter-au-maroc\/studio-de-cinema\/","title":{"rendered":"Estudio de cine"},"content":{"rendered":"<div data-elementor-type=\"wp-page\" data-elementor-id=\"3523\" class=\"elementor elementor-3523\" data-elementor-post-type=\"page\">\n\t\t\t\t<div class=\"elementor-element elementor-element-50f2e12 e-con-full e-flex e-con e-parent\" data-id=\"50f2e12\" data-element_type=\"container\" data-e-type=\"container\" data-settings=\"{&quot;background_background&quot;:&quot;classic&quot;}\">\n\t\t<div class=\"elementor-element elementor-element-b4cb4ee e-con-full entrance-clip-path-both e-flex e-con e-child\" data-id=\"b4cb4ee\" data-element_type=\"container\" data-e-type=\"container\">\n\t\t\t\t<div class=\"elementor-element elementor-element-a83fea9 elementor-widget__width-inherit elementor-widget elementor-widget-image\" data-id=\"a83fea9\" data-element_type=\"widget\" data-e-type=\"widget\" data-widget_type=\"image.default\">\n\t\t\t\t<div class=\"elementor-widget-container\">\n\t\t\t\t\t\t\t\t\t\t\t\t\t\t\t<img fetchpriority=\"high\" decoding=\"async\" width=\"1246\" height=\"700\" src=\"https:\/\/www.ksarighnda.com\/wp-content\/uploads\/2025\/07\/CINEMA-ZAZATE-1.jpeg\" class=\"attachment-full size-full wp-image-4963\" alt=\"\" srcset=\"https:\/\/www.ksarighnda.com\/wp-content\/uploads\/2025\/07\/CINEMA-ZAZATE-1.jpeg 1246w, https:\/\/www.ksarighnda.com\/wp-content\/uploads\/2025\/07\/CINEMA-ZAZATE-1-300x169.jpeg 300w, https:\/\/www.ksarighnda.com\/wp-content\/uploads\/2025\/07\/CINEMA-ZAZATE-1-1024x575.jpeg 1024w, https:\/\/www.ksarighnda.com\/wp-content\/uploads\/2025\/07\/CINEMA-ZAZATE-1-768x431.jpeg 768w, https:\/\/www.ksarighnda.com\/wp-content\/uploads\/2025\/07\/CINEMA-ZAZATE-1-18x10.jpeg 18w\" sizes=\"(max-width: 1246px) 100vw, 1246px\" title=\"\">\t\t\t\t\t\t\t\t\t\t\t\t\t\t\t<\/div>\n\t\t\t\t<\/div>\n\t\t\t\t<\/div>\n\t\t\t\t<div class=\"elementor-element elementor-element-32bbe05 entrance-bottom  titre-barre elementor-widget elementor-widget-heading\" data-id=\"32bbe05\" data-element_type=\"widget\" data-e-type=\"widget\" data-widget_type=\"heading.default\">\n\t\t\t\t<div class=\"elementor-widget-container\">\n\t\t\t\t\t<span class=\"elementor-heading-title elementor-size-default\">Descubra <\/span>\t\t\t\t<\/div>\n\t\t\t\t<\/div>\n\t\t\t\t<div class=\"elementor-element elementor-element-9116641 entrance-bottom elementor-widget elementor-widget-heading\" data-id=\"9116641\" data-element_type=\"widget\" data-e-type=\"widget\" data-widget_type=\"heading.default\">\n\t\t\t\t<div class=\"elementor-widget-container\">\n\t\t\t\t\t<h1 class=\"elementor-heading-title elementor-size-default\">Los estudios<\/h1>\t\t\t\t<\/div>\n\t\t\t\t<\/div>\n\t\t\t\t<div class=\"elementor-element elementor-element-eba7de9 entrance-bottom elementor-widget elementor-widget-heading\" data-id=\"eba7de9\" data-element_type=\"widget\" data-e-type=\"widget\" data-widget_type=\"heading.default\">\n\t\t\t\t<div class=\"elementor-widget-container\">\n\t\t\t\t\t<span class=\"elementor-heading-title elementor-size-default\">cine<\/span>\t\t\t\t<\/div>\n\t\t\t\t<\/div>\n\t\t\t\t<div class=\"elementor-element elementor-element-79fb17a btn-fleche-gauche entrance-bottom elementor-align-left elementor-widget elementor-widget-button\" data-id=\"79fb17a\" data-element_type=\"widget\" data-e-type=\"widget\" data-widget_type=\"button.default\">\n\t\t\t\t<div class=\"elementor-widget-container\">\n\t\t\t\t\t\t\t\t\t<div class=\"elementor-button-wrapper\">\n\t\t\t\t\t<a class=\"elementor-button elementor-button-link elementor-size-sm\" href=\"https:\/\/www.ksarighnda.com\/es\/activites-alentours\/que-visiter-au-maroc\/\">\n\t\t\t\t\t\t<span class=\"elementor-button-content-wrapper\">\n\t\t\t\t\t\t<span class=\"elementor-button-icon\">\n\t\t\t\t<svg xmlns=\"http:\/\/www.w3.org\/2000\/svg\" viewbox=\"0 0 28 20\" width=\"28\" height=\"20\"><title>Grupo 80-svg<\/title><style>\t\t.s0 { fill: none;stroke: #5c4932;stroke-linecap: round } \t<\/style><g id=\"Group 80\"><path id=\"Line 11\" fill-rule=\"evenodd\" class=\"s0\" d=\"m27 10h-26\"><\/path><path id=\"Vector 12\" fill-rule=\"evenodd\" class=\"s0\" d=\"m1 9.5c2-1.2 6.9-4.6 10.5-9\"><\/path><path id=\"Vector 13\" fill-rule=\"evenodd\" class=\"s0\" d=\"m1 10c2 1.2 6.9 4.6 10.5 9\"><\/path><\/g><\/svg>\t\t\t<\/span>\n\t\t\t\t\t\t\t\t\t<span class=\"elementor-button-text\">Volver a los alrededores<\/span>\n\t\t\t\t\t<\/span>\n\t\t\t\t\t<\/a>\n\t\t\t\t<\/div>\n\t\t\t\t\t\t\t\t<\/div>\n\t\t\t\t<\/div>\n\t\t\t\t<\/div>\n\t\t<div class=\"elementor-element elementor-element-5d214f1 e-con-full e-flex e-con e-parent\" data-id=\"5d214f1\" data-element_type=\"container\" data-e-type=\"container\">\n\t\t<div class=\"elementor-element elementor-element-542c64d e-con-full e-flex e-con e-child\" data-id=\"542c64d\" data-element_type=\"container\" data-e-type=\"container\">\n\t\t\t\t<div class=\"elementor-element elementor-element-e42931d elementor-widget__width-inherit entrance-left elementor-widget elementor-widget-image\" data-id=\"e42931d\" data-element_type=\"widget\" data-e-type=\"widget\" data-widget_type=\"image.default\">\n\t\t\t\t<div class=\"elementor-widget-container\">\n\t\t\t\t\t\t\t\t\t\t\t\t\t\t\t<img decoding=\"async\" width=\"508\" height=\"700\" src=\"https:\/\/www.ksarighnda.com\/wp-content\/uploads\/2025\/07\/CINEMA-ZAZATE-2-e1752491995183.jpeg\" class=\"attachment-full size-full wp-image-4964\" alt=\"\" srcset=\"https:\/\/www.ksarighnda.com\/wp-content\/uploads\/2025\/07\/CINEMA-ZAZATE-2-e1752491995183.jpeg 508w, https:\/\/www.ksarighnda.com\/wp-content\/uploads\/2025\/07\/CINEMA-ZAZATE-2-e1752491995183-218x300.jpeg 218w, https:\/\/www.ksarighnda.com\/wp-content\/uploads\/2025\/07\/CINEMA-ZAZATE-2-e1752491995183-9x12.jpeg 9w\" sizes=\"(max-width: 508px) 100vw, 508px\" title=\"\">\t\t\t\t\t\t\t\t\t\t\t\t\t\t\t<\/div>\n\t\t\t\t<\/div>\n\t\t\t\t<\/div>\n\t\t<div class=\"elementor-element elementor-element-abbc103 e-con-full e-flex e-con e-child\" data-id=\"abbc103\" data-element_type=\"container\" data-e-type=\"container\">\n\t\t<div class=\"elementor-element elementor-element-25c184d e-con-full e-flex e-con e-child\" data-id=\"25c184d\" data-element_type=\"container\" data-e-type=\"container\">\n\t\t\t\t<div class=\"elementor-element elementor-element-4c5e098 entrance-bottom elementor-widget elementor-widget-heading\" data-id=\"4c5e098\" data-element_type=\"widget\" data-e-type=\"widget\" data-widget_type=\"heading.default\">\n\t\t\t\t<div class=\"elementor-widget-container\">\n\t\t\t\t\t<span class=\"elementor-heading-title elementor-size-default\"><b>Ouarzawood<\/b><\/span>\t\t\t\t<\/div>\n\t\t\t\t<\/div>\n\t\t\t\t<div class=\"elementor-element elementor-element-f78a833 entrance-bottom elementor-widget elementor-widget-heading\" data-id=\"f78a833\" data-element_type=\"widget\" data-e-type=\"widget\" data-widget_type=\"heading.default\">\n\t\t\t\t<div class=\"elementor-widget-container\">\n\t\t\t\t\t<span class=\"elementor-heading-title elementor-size-default\">Hollywood en el desierto<\/span>\t\t\t\t<\/div>\n\t\t\t\t<\/div>\n\t\t\t\t<div class=\"elementor-element elementor-element-b37bbc1 elementor-widget-laptop__width-initial entrance-bottom elementor-widget elementor-widget-text-editor\" data-id=\"b37bbc1\" data-element_type=\"widget\" data-e-type=\"widget\" data-widget_type=\"text-editor.default\">\n\t\t\t\t<div class=\"elementor-widget-container\">\n\t\t\t\t\t\t\t\t\t<p>Ouarzazate recibe el sobrenombre de\u00a0<strong>\"Hollywood africano<\/strong>. \u00bfPor qu\u00e9 la regi\u00f3n de Ouarzazate es tan popular entre la industria de 7 estrellas?<sup>th<\/sup>\u00a0\u00bfarte?<\/p><ol><li>Por sus impresionantes paisajes: Kasbahs y pueblos de barro, oasis y frondosos palmerales, monta\u00f1as nevadas y mesetas des\u00e9rticas... Una diversidad de\u00a0<strong>entornos naturales<\/strong>\u00a0que han inspirado a cineastas de todo el mundo, como Ridley Scott, Martin Scorsese, Bernardo Bertolucci, Sergio Leone, Orson Wells...<\/li><li>Con 350 d\u00edas de sol al a\u00f1o y sin contaminaci\u00f3n, es el lugar perfecto para relajarse.\u00a0<strong>luz \u00f3ptima<\/strong>\u00a0para filmar.<\/li><\/ol><p>Estos activos han hecho de la ciudad un\u00a0<strong>un destino cinematogr\u00e1fico imprescindible<\/strong>.<\/p><p>Por ello, Ouarzazate ha tenido la suerte de ver grandes\u00a0<strong>estrellas de cine<\/strong>\u00a0Russel Crowe, Brad Pitt, Nicole Kidman, Cate Blanchet, Orlando Bloom, Colin Farrel...<\/p>\t\t\t\t\t\t\t\t<\/div>\n\t\t\t\t<\/div>\n\t\t\t\t<\/div>\n\t\t\t\t<\/div>\n\t\t\t\t<\/div>\n\t\t\t\t<\/div>","protected":false},"excerpt":{"rendered":"<p>D\u00e9couvrez Les studios de cin\u00e9ma Group 80-svg Retour aux alentours Ouarzawood Hollywood au d\u00e9sert Ouarzazate est surnomm\u00e9e\u00a0\u00ab\u00a0Le Hollywood africain\u00a0\u00bb. Pourquoi la r\u00e9gion de Ouarzazate est-elle si pris\u00e9e par l\u2019industrie du 7\u00e8me\u00a0art\u00a0? Pour ses paysages \u00e0 couper le souffle\u00a0: Kasbahs &amp; villages en terre, oasis &amp; palmeraies luxuriantes, montagnes enneig\u00e9es &amp; plateaux d\u00e9sertiques\u2026 Une diversit\u00e9 de\u00a0d\u00e9cors [&hellip;]<\/p>\n","protected":false},"author":5,"featured_media":0,"parent":114,"menu_order":0,"comment_status":"closed","ping_status":"closed","template":"","meta":{"inline_featured_image":false,"footnotes":""},"class_list":["post-3523","page","type-page","status-publish","hentry"],"_links":{"self":[{"href":"https:\/\/www.ksarighnda.com\/es\/wp-json\/wp\/v2\/pages\/3523","targetHints":{"allow":["GET"]}}],"collection":[{"href":"https:\/\/www.ksarighnda.com\/es\/wp-json\/wp\/v2\/pages"}],"about":[{"href":"https:\/\/www.ksarighnda.com\/es\/wp-json\/wp\/v2\/types\/page"}],"author":[{"embeddable":true,"href":"https:\/\/www.ksarighnda.com\/es\/wp-json\/wp\/v2\/users\/5"}],"replies":[{"embeddable":true,"href":"https:\/\/www.ksarighnda.com\/es\/wp-json\/wp\/v2\/comments?post=3523"}],"version-history":[{"count":37,"href":"https:\/\/www.ksarighnda.com\/es\/wp-json\/wp\/v2\/pages\/3523\/revisions"}],"predecessor-version":[{"id":4997,"href":"https:\/\/www.ksarighnda.com\/es\/wp-json\/wp\/v2\/pages\/3523\/revisions\/4997"}],"up":[{"embeddable":true,"href":"https:\/\/www.ksarighnda.com\/es\/wp-json\/wp\/v2\/pages\/114"}],"wp:attachment":[{"href":"https:\/\/www.ksarighnda.com\/es\/wp-json\/wp\/v2\/media?parent=3523"}],"curies":[{"name":"wp","href":"https:\/\/api.w.org\/{rel}","templated":true}]}}