{"id":3510,"date":"2024-10-07T10:25:02","date_gmt":"2024-10-07T09:25:02","guid":{"rendered":"https:\/\/www.ksarighnda.com\/?page_id=3510"},"modified":"2024-10-17T15:14:22","modified_gmt":"2024-10-17T14:14:22","slug":"zagora","status":"publish","type":"page","link":"https:\/\/www.ksarighnda.com\/es\/activites-alentours\/excursions\/zagora\/","title":{"rendered":"Zagora"},"content":{"rendered":"<div data-elementor-type=\"wp-page\" data-elementor-id=\"3510\" class=\"elementor elementor-3510\" data-elementor-post-type=\"page\">\n\t\t\t\t<div class=\"elementor-element elementor-element-50f2e12 e-con-full e-flex e-con e-parent\" data-id=\"50f2e12\" data-element_type=\"container\" data-e-type=\"container\" data-settings=\"{&quot;background_background&quot;:&quot;classic&quot;}\">\n\t\t<div class=\"elementor-element elementor-element-b4cb4ee e-con-full entrance-clip-path-both e-flex e-con e-child\" data-id=\"b4cb4ee\" data-element_type=\"container\" data-e-type=\"container\">\n\t\t\t\t<div class=\"elementor-element elementor-element-a83fea9 elementor-widget__width-inherit elementor-widget elementor-widget-image\" data-id=\"a83fea9\" data-element_type=\"widget\" data-e-type=\"widget\" data-widget_type=\"image.default\">\n\t\t\t\t<div class=\"elementor-widget-container\">\n\t\t\t\t\t\t\t\t\t\t\t\t\t\t\t<img fetchpriority=\"high\" decoding=\"async\" width=\"2121\" height=\"1414\" src=\"https:\/\/www.ksarighnda.com\/wp-content\/uploads\/2024\/10\/GettyImages-1197546275.jpg\" class=\"attachment-full size-full wp-image-3709\" alt=\"\" srcset=\"https:\/\/www.ksarighnda.com\/wp-content\/uploads\/2024\/10\/GettyImages-1197546275.jpg 2121w, https:\/\/www.ksarighnda.com\/wp-content\/uploads\/2024\/10\/GettyImages-1197546275-300x200.jpg 300w, https:\/\/www.ksarighnda.com\/wp-content\/uploads\/2024\/10\/GettyImages-1197546275-1024x683.jpg 1024w, https:\/\/www.ksarighnda.com\/wp-content\/uploads\/2024\/10\/GettyImages-1197546275-768x512.jpg 768w, https:\/\/www.ksarighnda.com\/wp-content\/uploads\/2024\/10\/GettyImages-1197546275-1536x1024.jpg 1536w, https:\/\/www.ksarighnda.com\/wp-content\/uploads\/2024\/10\/GettyImages-1197546275-2048x1365.jpg 2048w, https:\/\/www.ksarighnda.com\/wp-content\/uploads\/2024\/10\/GettyImages-1197546275-18x12.jpg 18w\" sizes=\"(max-width: 2121px) 100vw, 2121px\" title=\"\">\t\t\t\t\t\t\t\t\t\t\t\t\t\t\t<\/div>\n\t\t\t\t<\/div>\n\t\t\t\t<\/div>\n\t\t\t\t<div class=\"elementor-element elementor-element-32bbe05 entrance-bottom  titre-barre elementor-widget elementor-widget-heading\" data-id=\"32bbe05\" data-element_type=\"widget\" data-e-type=\"widget\" data-widget_type=\"heading.default\">\n\t\t\t\t<div class=\"elementor-widget-container\">\n\t\t\t\t\t<span class=\"elementor-heading-title elementor-size-default\">Descubra <\/span>\t\t\t\t<\/div>\n\t\t\t\t<\/div>\n\t\t\t\t<div class=\"elementor-element elementor-element-9116641 entrance-bottom elementor-widget elementor-widget-heading\" data-id=\"9116641\" data-element_type=\"widget\" data-e-type=\"widget\" data-widget_type=\"heading.default\">\n\t\t\t\t<div class=\"elementor-widget-container\">\n\t\t\t\t\t<h1 class=\"elementor-heading-title elementor-size-default\">Zagora<\/h1>\t\t\t\t<\/div>\n\t\t\t\t<\/div>\n\t\t\t\t<div class=\"elementor-element elementor-element-eba7de9 entrance-bottom elementor-widget elementor-widget-heading\" data-id=\"eba7de9\" data-element_type=\"widget\" data-e-type=\"widget\" data-widget_type=\"heading.default\">\n\t\t\t\t<div class=\"elementor-widget-container\">\n\t\t\t\t\t<span class=\"elementor-heading-title elementor-size-default\">Las puertas del desierto<\/span>\t\t\t\t<\/div>\n\t\t\t\t<\/div>\n\t\t\t\t<div class=\"elementor-element elementor-element-79fb17a btn-fleche-gauche entrance-bottom elementor-align-left elementor-widget elementor-widget-button\" data-id=\"79fb17a\" data-element_type=\"widget\" data-e-type=\"widget\" data-widget_type=\"button.default\">\n\t\t\t\t<div class=\"elementor-widget-container\">\n\t\t\t\t\t\t\t\t\t<div class=\"elementor-button-wrapper\">\n\t\t\t\t\t<a class=\"elementor-button elementor-button-link elementor-size-sm\" href=\"https:\/\/www.ksarighnda.com\/es\/activites-alentours\/que-visiter-au-maroc\/\">\n\t\t\t\t\t\t<span class=\"elementor-button-content-wrapper\">\n\t\t\t\t\t\t<span class=\"elementor-button-icon\">\n\t\t\t\t<svg xmlns=\"http:\/\/www.w3.org\/2000\/svg\" viewbox=\"0 0 28 20\" width=\"28\" height=\"20\"><title>Grupo 80-svg<\/title><style>\t\t.s0 { fill: none;stroke: #5c4932;stroke-linecap: round } \t<\/style><g id=\"Group 80\"><path id=\"Line 11\" fill-rule=\"evenodd\" class=\"s0\" d=\"m27 10h-26\"><\/path><path id=\"Vector 12\" fill-rule=\"evenodd\" class=\"s0\" d=\"m1 9.5c2-1.2 6.9-4.6 10.5-9\"><\/path><path id=\"Vector 13\" fill-rule=\"evenodd\" class=\"s0\" d=\"m1 10c2 1.2 6.9 4.6 10.5 9\"><\/path><\/g><\/svg>\t\t\t<\/span>\n\t\t\t\t\t\t\t\t\t<span class=\"elementor-button-text\">Volver a los alrededores<\/span>\n\t\t\t\t\t<\/span>\n\t\t\t\t\t<\/a>\n\t\t\t\t<\/div>\n\t\t\t\t\t\t\t\t<\/div>\n\t\t\t\t<\/div>\n\t\t\t\t<\/div>\n\t\t<div class=\"elementor-element elementor-element-ce7c837 e-con-full e-flex e-con e-parent\" data-id=\"ce7c837\" data-element_type=\"container\" data-e-type=\"container\">\n\t\t<div class=\"elementor-element elementor-element-80e997a e-con-full e-flex e-con e-child\" data-id=\"80e997a\" data-element_type=\"container\" data-e-type=\"container\">\n\t\t<div class=\"elementor-element elementor-element-8f50b58 e-con-full e-flex e-con e-child\" data-id=\"8f50b58\" data-element_type=\"container\" data-e-type=\"container\">\n\t\t\t\t<div class=\"elementor-element elementor-element-9ccca70 entrance-bottom elementor-widget elementor-widget-heading\" data-id=\"9ccca70\" data-element_type=\"widget\" data-e-type=\"widget\" data-widget_type=\"heading.default\">\n\t\t\t\t<div class=\"elementor-widget-container\">\n\t\t\t\t\t<h2 class=\"elementor-heading-title elementor-size-default\">La puerta<\/h2>\t\t\t\t<\/div>\n\t\t\t\t<\/div>\n\t\t\t\t<div class=\"elementor-element elementor-element-44d3a89 entrance-bottom elementor-widget elementor-widget-heading\" data-id=\"44d3a89\" data-element_type=\"widget\" data-e-type=\"widget\" data-widget_type=\"heading.default\">\n\t\t\t\t<div class=\"elementor-widget-container\">\n\t\t\t\t\t<span class=\"elementor-heading-title elementor-size-default\">del desierto<\/span>\t\t\t\t<\/div>\n\t\t\t\t<\/div>\n\t\t\t\t<div class=\"elementor-element elementor-element-c9bce02 elementor-widget-laptop__width-initial entrance-bottom elementor-widget elementor-widget-text-editor\" data-id=\"c9bce02\" data-element_type=\"widget\" data-e-type=\"widget\" data-widget_type=\"text-editor.default\">\n\t\t\t\t<div class=\"elementor-widget-container\">\n\t\t\t\t\t\t\t\t\t<p>Conocida como la puerta de entrada al desierto del S\u00e1hara, Ouarzazate es mucho m\u00e1s que eso y guarda un sinf\u00edn de sorpresas.<\/p><p>Zagora, peque\u00f1a ciudad del sur de Marruecos, suele considerarse la puerta de entrada ideal al desierto. A unos 160 km al sur de Ouarzazate, ofrece un acceso privilegiado a las vastas extensiones del S\u00e1hara, incluidas las famosas dunas de Tinfou y Chegaga, que fascinan a los viajeros en busca de aventura y autenticidad. Es una visita obligada para todo aquel que desee descubrir la magia del desierto y disfrutar de una experiencia \u00fanica, como pasar una noche bajo las estrellas en este entorno hechizante.<\/p>\t\t\t\t\t\t\t\t<\/div>\n\t\t\t\t<\/div>\n\t\t\t\t<\/div>\n\t\t\t\t<\/div>\n\t\t<div class=\"elementor-element elementor-element-e7dc86d e-con-full e-flex e-con e-child\" data-id=\"e7dc86d\" data-element_type=\"container\" data-e-type=\"container\">\n\t\t\t\t<div class=\"elementor-element elementor-element-e6e5159 elementor-widget__width-inherit entrance-right elementor-widget elementor-widget-image\" data-id=\"e6e5159\" data-element_type=\"widget\" data-e-type=\"widget\" data-widget_type=\"image.default\">\n\t\t\t\t<div class=\"elementor-widget-container\">\n\t\t\t\t\t\t\t\t\t\t\t\t\t\t\t<img decoding=\"async\" width=\"2119\" height=\"1415\" src=\"https:\/\/www.ksarighnda.com\/wp-content\/uploads\/2024\/10\/GettyImages-1499527257.jpg\" class=\"attachment-full size-full wp-image-3710\" alt=\"\" srcset=\"https:\/\/www.ksarighnda.com\/wp-content\/uploads\/2024\/10\/GettyImages-1499527257.jpg 2119w, https:\/\/www.ksarighnda.com\/wp-content\/uploads\/2024\/10\/GettyImages-1499527257-300x200.jpg 300w, https:\/\/www.ksarighnda.com\/wp-content\/uploads\/2024\/10\/GettyImages-1499527257-1024x684.jpg 1024w, https:\/\/www.ksarighnda.com\/wp-content\/uploads\/2024\/10\/GettyImages-1499527257-768x513.jpg 768w, https:\/\/www.ksarighnda.com\/wp-content\/uploads\/2024\/10\/GettyImages-1499527257-1536x1026.jpg 1536w, https:\/\/www.ksarighnda.com\/wp-content\/uploads\/2024\/10\/GettyImages-1499527257-2048x1368.jpg 2048w, https:\/\/www.ksarighnda.com\/wp-content\/uploads\/2024\/10\/GettyImages-1499527257-18x12.jpg 18w\" sizes=\"(max-width: 2119px) 100vw, 2119px\" title=\"\">\t\t\t\t\t\t\t\t\t\t\t\t\t\t\t<\/div>\n\t\t\t\t<\/div>\n\t\t\t\t<\/div>\n\t\t\t\t<\/div>\n\t\t<div class=\"elementor-element elementor-element-e178519 e-con-full e-flex e-con e-parent\" data-id=\"e178519\" data-element_type=\"container\" data-e-type=\"container\">\n\t\t<div class=\"elementor-element elementor-element-730b90b e-con-full e-flex e-con e-child\" data-id=\"730b90b\" data-element_type=\"container\" data-e-type=\"container\">\n\t\t\t\t<div class=\"elementor-element elementor-element-3362ff4 elementor-widget__width-inherit entrance-left elementor-widget elementor-widget-image\" data-id=\"3362ff4\" data-element_type=\"widget\" data-e-type=\"widget\" data-widget_type=\"image.default\">\n\t\t\t\t<div class=\"elementor-widget-container\">\n\t\t\t\t\t\t\t\t\t\t\t\t\t\t\t<img decoding=\"async\" width=\"1998\" height=\"1500\" src=\"https:\/\/www.ksarighnda.com\/wp-content\/uploads\/2024\/10\/GettyImages-1917130949.jpg\" class=\"attachment-full size-full wp-image-3711\" alt=\"\" srcset=\"https:\/\/www.ksarighnda.com\/wp-content\/uploads\/2024\/10\/GettyImages-1917130949.jpg 1998w, https:\/\/www.ksarighnda.com\/wp-content\/uploads\/2024\/10\/GettyImages-1917130949-300x225.jpg 300w, https:\/\/www.ksarighnda.com\/wp-content\/uploads\/2024\/10\/GettyImages-1917130949-1024x769.jpg 1024w, https:\/\/www.ksarighnda.com\/wp-content\/uploads\/2024\/10\/GettyImages-1917130949-768x577.jpg 768w, https:\/\/www.ksarighnda.com\/wp-content\/uploads\/2024\/10\/GettyImages-1917130949-1536x1153.jpg 1536w, https:\/\/www.ksarighnda.com\/wp-content\/uploads\/2024\/10\/GettyImages-1917130949-16x12.jpg 16w\" sizes=\"(max-width: 1998px) 100vw, 1998px\" title=\"\">\t\t\t\t\t\t\t\t\t\t\t\t\t\t\t<\/div>\n\t\t\t\t<\/div>\n\t\t\t\t<\/div>\n\t\t<div class=\"elementor-element elementor-element-3cc0e4f e-con-full e-flex e-con e-child\" data-id=\"3cc0e4f\" data-element_type=\"container\" data-e-type=\"container\">\n\t\t<div class=\"elementor-element elementor-element-e029c5d e-con-full e-flex e-con e-child\" data-id=\"e029c5d\" data-element_type=\"container\" data-e-type=\"container\">\n\t\t\t\t<div class=\"elementor-element elementor-element-c2afbc1 entrance-bottom elementor-widget elementor-widget-heading\" data-id=\"c2afbc1\" data-element_type=\"widget\" data-e-type=\"widget\" data-widget_type=\"heading.default\">\n\t\t\t\t<div class=\"elementor-widget-container\">\n\t\t\t\t\t<h2 class=\"elementor-heading-title elementor-size-default\">Descubra<\/h2>\t\t\t\t<\/div>\n\t\t\t\t<\/div>\n\t\t\t\t<div class=\"elementor-element elementor-element-3eecbfa entrance-bottom elementor-widget elementor-widget-heading\" data-id=\"3eecbfa\" data-element_type=\"widget\" data-e-type=\"widget\" data-widget_type=\"heading.default\">\n\t\t\t\t<div class=\"elementor-widget-container\">\n\t\t\t\t\t<span class=\"elementor-heading-title elementor-size-default\">las grandes dunas<\/span>\t\t\t\t<\/div>\n\t\t\t\t<\/div>\n\t\t\t\t<div class=\"elementor-element elementor-element-38baa58 elementor-widget-laptop__width-initial entrance-bottom elementor-widget elementor-widget-text-editor\" data-id=\"38baa58\" data-element_type=\"widget\" data-e-type=\"widget\" data-widget_type=\"text-editor.default\">\n\t\t\t\t<div class=\"elementor-widget-container\">\n\t\t\t\t\t\t\t\t\t<p>Zagora es el punto de partida perfecto para explorar las grandes dunas que se extienden hasta donde alcanza la vista. A pocos kil\u00f3metros de la ciudad, las dunas de Tinfou le dan la bienvenida para su primera inmersi\u00f3n en el desierto. De f\u00e1cil acceso, ofrecen una muestra de los grandiosos paisajes del S\u00e1hara, con espectaculares puestas de sol que ti\u00f1en las dunas de tonos dorados y anaranjados. Pero para vivir una aut\u00e9ntica aventura, hay que continuar hasta las dunas de Chegaga, a unas dos horas por pista. Menos concurridas que las de Merzouga, ofrecen una experiencia m\u00e1s salvaje y aut\u00e9ntica. Aqu\u00ed podr\u00e1 sentirse solo en el mundo, rodeado de paisajes infinitos donde reina el silencio.<\/p>\t\t\t\t\t\t\t\t<\/div>\n\t\t\t\t<\/div>\n\t\t\t\t<\/div>\n\t\t\t\t<\/div>\n\t\t\t\t<\/div>\n\t\t<div class=\"elementor-element elementor-element-89040f8 e-con-full e-flex e-con e-parent\" data-id=\"89040f8\" data-element_type=\"container\" data-e-type=\"container\">\n\t\t<div class=\"elementor-element elementor-element-9efe59d e-con-full e-flex e-con e-child\" data-id=\"9efe59d\" data-element_type=\"container\" data-e-type=\"container\">\n\t\t<div class=\"elementor-element elementor-element-0db0ce3 e-con-full e-flex e-con e-child\" data-id=\"0db0ce3\" data-element_type=\"container\" data-e-type=\"container\">\n\t\t\t\t<div class=\"elementor-element elementor-element-a0350c6 entrance-bottom elementor-widget elementor-widget-heading\" data-id=\"a0350c6\" data-element_type=\"widget\" data-e-type=\"widget\" data-widget_type=\"heading.default\">\n\t\t\t\t<div class=\"elementor-widget-container\">\n\t\t\t\t\t<h2 class=\"elementor-heading-title elementor-size-default\">Inicio hist\u00f3rico<\/h2>\t\t\t\t<\/div>\n\t\t\t\t<\/div>\n\t\t\t\t<div class=\"elementor-element elementor-element-eff49a8 entrance-bottom elementor-widget elementor-widget-heading\" data-id=\"eff49a8\" data-element_type=\"widget\" data-e-type=\"widget\" data-widget_type=\"heading.default\">\n\t\t\t\t<div class=\"elementor-widget-container\">\n\t\t\t\t\t<span class=\"elementor-heading-title elementor-size-default\">para Tombuct\u00fa<\/span>\t\t\t\t<\/div>\n\t\t\t\t<\/div>\n\t\t\t\t<div class=\"elementor-element elementor-element-554cf03 elementor-widget-laptop__width-initial entrance-bottom elementor-widget elementor-widget-text-editor\" data-id=\"554cf03\" data-element_type=\"widget\" data-e-type=\"widget\" data-widget_type=\"text-editor.default\">\n\t\t\t\t<div class=\"elementor-widget-container\">\n\t\t\t\t\t\t\t\t\t<p>La propia ciudad de Zagora es un punto de partida tradicional para las expediciones al desierto. Hist\u00f3ricamente, era la primera parada de las caravanas que cruzaban el S\u00e1hara hacia Tombuct\u00fa. A\u00fan hoy, el famoso cartel de camellos \"Tombuct\u00fa, 52 d\u00edas\" recuerda la antigua ruta de las caravanas.<\/p><p>Uno de los momentos culminantes de cualquier estancia en Zagora es la inolvidable experiencia de pasar una noche en el desierto. Los campamentos bereberes tradicionales, a menudo instalados al pie de las dunas, ofrecen una inmersi\u00f3n total en la cultura n\u00f3mada. Dormir en una tienda bereber, rodeado de arena hasta donde alcanza la vista, permite saborear la tranquilidad y la serenidad del desierto. El cielo nocturno, libre de contaminaci\u00f3n lum\u00ednica, revela una mir\u00edada de estrellas, creando un espect\u00e1culo celeste que pocos lugares pueden igualar. A la ma\u00f1ana siguiente, el amanecer sobre las dunas es igual de m\u00e1gico, ba\u00f1ando el desierto con una luz suave y dorada.<\/p>\t\t\t\t\t\t\t\t<\/div>\n\t\t\t\t<\/div>\n\t\t\t\t<\/div>\n\t\t\t\t<\/div>\n\t\t<div class=\"elementor-element elementor-element-cb8cd8e e-con-full e-flex e-con e-child\" data-id=\"cb8cd8e\" data-element_type=\"container\" data-e-type=\"container\">\n\t\t\t\t<div class=\"elementor-element elementor-element-6d3bb3e elementor-widget__width-inherit entrance-right elementor-widget elementor-widget-image\" data-id=\"6d3bb3e\" data-element_type=\"widget\" data-e-type=\"widget\" data-widget_type=\"image.default\">\n\t\t\t\t<div class=\"elementor-widget-container\">\n\t\t\t\t\t\t\t\t\t\t\t\t\t\t\t<img loading=\"lazy\" decoding=\"async\" width=\"2121\" height=\"1414\" src=\"https:\/\/www.ksarighnda.com\/wp-content\/uploads\/2024\/10\/GettyImages-648544248.jpg\" class=\"attachment-full size-full wp-image-3712\" alt=\"\" srcset=\"https:\/\/www.ksarighnda.com\/wp-content\/uploads\/2024\/10\/GettyImages-648544248.jpg 2121w, https:\/\/www.ksarighnda.com\/wp-content\/uploads\/2024\/10\/GettyImages-648544248-300x200.jpg 300w, https:\/\/www.ksarighnda.com\/wp-content\/uploads\/2024\/10\/GettyImages-648544248-1024x683.jpg 1024w, https:\/\/www.ksarighnda.com\/wp-content\/uploads\/2024\/10\/GettyImages-648544248-768x512.jpg 768w, https:\/\/www.ksarighnda.com\/wp-content\/uploads\/2024\/10\/GettyImages-648544248-1536x1024.jpg 1536w, https:\/\/www.ksarighnda.com\/wp-content\/uploads\/2024\/10\/GettyImages-648544248-2048x1365.jpg 2048w, https:\/\/www.ksarighnda.com\/wp-content\/uploads\/2024\/10\/GettyImages-648544248-18x12.jpg 18w\" sizes=\"(max-width: 2121px) 100vw, 2121px\" title=\"\">\t\t\t\t\t\t\t\t\t\t\t\t\t\t\t<\/div>\n\t\t\t\t<\/div>\n\t\t\t\t<\/div>\n\t\t\t\t<\/div>\n\t\t<div class=\"elementor-element elementor-element-5d214f1 e-con-full e-flex e-con e-parent\" data-id=\"5d214f1\" data-element_type=\"container\" data-e-type=\"container\">\n\t\t<div class=\"elementor-element elementor-element-542c64d e-con-full e-flex e-con e-child\" data-id=\"542c64d\" data-element_type=\"container\" data-e-type=\"container\">\n\t\t\t\t<div class=\"elementor-element elementor-element-e42931d elementor-widget__width-inherit entrance-left elementor-widget elementor-widget-image\" data-id=\"e42931d\" data-element_type=\"widget\" data-e-type=\"widget\" data-widget_type=\"image.default\">\n\t\t\t\t<div class=\"elementor-widget-container\">\n\t\t\t\t\t\t\t\t\t\t\t\t\t\t\t<img loading=\"lazy\" decoding=\"async\" width=\"2121\" height=\"1414\" src=\"https:\/\/www.ksarighnda.com\/wp-content\/uploads\/2024\/10\/GettyImages-180331613.jpg\" class=\"attachment-full size-full wp-image-3713\" alt=\"\" srcset=\"https:\/\/www.ksarighnda.com\/wp-content\/uploads\/2024\/10\/GettyImages-180331613.jpg 2121w, https:\/\/www.ksarighnda.com\/wp-content\/uploads\/2024\/10\/GettyImages-180331613-300x200.jpg 300w, https:\/\/www.ksarighnda.com\/wp-content\/uploads\/2024\/10\/GettyImages-180331613-1024x683.jpg 1024w, https:\/\/www.ksarighnda.com\/wp-content\/uploads\/2024\/10\/GettyImages-180331613-768x512.jpg 768w, https:\/\/www.ksarighnda.com\/wp-content\/uploads\/2024\/10\/GettyImages-180331613-1536x1024.jpg 1536w, https:\/\/www.ksarighnda.com\/wp-content\/uploads\/2024\/10\/GettyImages-180331613-2048x1365.jpg 2048w, https:\/\/www.ksarighnda.com\/wp-content\/uploads\/2024\/10\/GettyImages-180331613-18x12.jpg 18w\" sizes=\"(max-width: 2121px) 100vw, 2121px\" title=\"\">\t\t\t\t\t\t\t\t\t\t\t\t\t\t\t<\/div>\n\t\t\t\t<\/div>\n\t\t\t\t<\/div>\n\t\t<div class=\"elementor-element elementor-element-abbc103 e-con-full e-flex e-con e-child\" data-id=\"abbc103\" data-element_type=\"container\" data-e-type=\"container\">\n\t\t<div class=\"elementor-element elementor-element-25c184d e-con-full e-flex e-con e-child\" data-id=\"25c184d\" data-element_type=\"container\" data-e-type=\"container\">\n\t\t\t\t<div class=\"elementor-element elementor-element-4c5e098 entrance-bottom elementor-widget elementor-widget-heading\" data-id=\"4c5e098\" data-element_type=\"widget\" data-e-type=\"widget\" data-widget_type=\"heading.default\">\n\t\t\t\t<div class=\"elementor-widget-container\">\n\t\t\t\t\t<h2 class=\"elementor-heading-title elementor-size-default\">Destino<\/h2>\t\t\t\t<\/div>\n\t\t\t\t<\/div>\n\t\t\t\t<div class=\"elementor-element elementor-element-f78a833 entrance-bottom elementor-widget elementor-widget-heading\" data-id=\"f78a833\" data-element_type=\"widget\" data-e-type=\"widget\" data-widget_type=\"heading.default\">\n\t\t\t\t<div class=\"elementor-widget-container\">\n\t\t\t\t\t<span class=\"elementor-heading-title elementor-size-default\">imperdible<\/span>\t\t\t\t<\/div>\n\t\t\t\t<\/div>\n\t\t\t\t<div class=\"elementor-element elementor-element-b37bbc1 elementor-widget-laptop__width-initial entrance-bottom elementor-widget elementor-widget-text-editor\" data-id=\"b37bbc1\" data-element_type=\"widget\" data-e-type=\"widget\" data-widget_type=\"text-editor.default\">\n\t\t\t\t<div class=\"elementor-widget-container\">\n\t\t\t\t\t\t\t\t\t<p>La privilegiada situaci\u00f3n de Zagora la convierte en la puerta ideal para descubrir las maravillas del desierto marroqu\u00ed. Ya sea una excursi\u00f3n de un d\u00eda en camello, una caminata por las dunas o una noche m\u00e1gica bajo el cielo estrellado del S\u00e1hara, esta regi\u00f3n promete recuerdos inolvidables y una profunda conexi\u00f3n con la naturaleza. Para los viajeros que buscan un cambio de aires y aventura, Zagora es un destino que no deben perderse.<\/p>\t\t\t\t\t\t\t\t<\/div>\n\t\t\t\t<\/div>\n\t\t\t\t<\/div>\n\t\t\t\t<\/div>\n\t\t\t\t<\/div>\n\t\t\t\t<\/div>","protected":false},"excerpt":{"rendered":"<p>D\u00e9couvrez Les portes du d\u00e9sert Group 80-svg Retour aux alentours La porte du d\u00e9sert Connue comme la porte du d\u00e9sert du Sahara, Ouarzazate est bien plus que \u00e7a et r\u00e9serve de nombreuses sua Zagora, petite ville situ\u00e9e au sud du Maroc, est souvent consid\u00e9r\u00e9e comme la porte d\u2019entr\u00e9e id\u00e9ale pour le d\u00e9sert. \u00c0 environ 160 [&hellip;]<\/p>\n","protected":false},"author":5,"featured_media":0,"parent":111,"menu_order":0,"comment_status":"closed","ping_status":"closed","template":"","meta":{"inline_featured_image":false,"footnotes":""},"class_list":["post-3510","page","type-page","status-publish","hentry"],"_links":{"self":[{"href":"https:\/\/www.ksarighnda.com\/es\/wp-json\/wp\/v2\/pages\/3510","targetHints":{"allow":["GET"]}}],"collection":[{"href":"https:\/\/www.ksarighnda.com\/es\/wp-json\/wp\/v2\/pages"}],"about":[{"href":"https:\/\/www.ksarighnda.com\/es\/wp-json\/wp\/v2\/types\/page"}],"author":[{"embeddable":true,"href":"https:\/\/www.ksarighnda.com\/es\/wp-json\/wp\/v2\/users\/5"}],"replies":[{"embeddable":true,"href":"https:\/\/www.ksarighnda.com\/es\/wp-json\/wp\/v2\/comments?post=3510"}],"version-history":[{"count":10,"href":"https:\/\/www.ksarighnda.com\/es\/wp-json\/wp\/v2\/pages\/3510\/revisions"}],"predecessor-version":[{"id":3767,"href":"https:\/\/www.ksarighnda.com\/es\/wp-json\/wp\/v2\/pages\/3510\/revisions\/3767"}],"up":[{"embeddable":true,"href":"https:\/\/www.ksarighnda.com\/es\/wp-json\/wp\/v2\/pages\/111"}],"wp:attachment":[{"href":"https:\/\/www.ksarighnda.com\/es\/wp-json\/wp\/v2\/media?parent=3510"}],"curies":[{"name":"wp","href":"https:\/\/api.w.org\/{rel}","templated":true}]}}