{"id":3507,"date":"2024-10-07T10:23:49","date_gmt":"2024-10-07T09:23:49","guid":{"rendered":"https:\/\/www.ksarighnda.com\/?page_id=3507"},"modified":"2025-08-04T17:28:21","modified_gmt":"2025-08-04T16:28:21","slug":"alrededores-de-ouarzazate","status":"publish","type":"page","link":"https:\/\/www.ksarighnda.com\/es\/activites-alentours\/excursions\/autour-de-ouarzazate\/","title":{"rendered":"Alrededores de OUARZAZATE"},"content":{"rendered":"<div data-elementor-type=\"wp-page\" data-elementor-id=\"3507\" class=\"elementor elementor-3507\" data-elementor-post-type=\"page\">\n\t\t\t\t<div class=\"elementor-element elementor-element-50f2e12 e-con-full e-flex e-con e-parent\" data-id=\"50f2e12\" data-element_type=\"container\" data-e-type=\"container\" data-settings=\"{&quot;background_background&quot;:&quot;classic&quot;}\">\n\t\t<div class=\"elementor-element elementor-element-b4cb4ee e-con-full entrance-clip-path-both e-flex e-con e-child\" data-id=\"b4cb4ee\" data-element_type=\"container\" data-e-type=\"container\">\n\t\t\t\t<div class=\"elementor-element elementor-element-a83fea9 elementor-widget__width-inherit elementor-widget elementor-widget-image\" data-id=\"a83fea9\" data-element_type=\"widget\" data-e-type=\"widget\" data-widget_type=\"image.default\">\n\t\t\t\t<div class=\"elementor-widget-container\">\n\t\t\t\t\t\t\t\t\t\t\t\t\t\t\t<img fetchpriority=\"high\" decoding=\"async\" width=\"2117\" height=\"1416\" src=\"https:\/\/www.ksarighnda.com\/wp-content\/uploads\/2024\/08\/GettyImages-1346038016.jpg\" class=\"attachment-full size-full wp-image-2462\" alt=\"\" srcset=\"https:\/\/www.ksarighnda.com\/wp-content\/uploads\/2024\/08\/GettyImages-1346038016.jpg 2117w, https:\/\/www.ksarighnda.com\/wp-content\/uploads\/2024\/08\/GettyImages-1346038016-300x201.jpg 300w, https:\/\/www.ksarighnda.com\/wp-content\/uploads\/2024\/08\/GettyImages-1346038016-1024x685.jpg 1024w, https:\/\/www.ksarighnda.com\/wp-content\/uploads\/2024\/08\/GettyImages-1346038016-768x514.jpg 768w, https:\/\/www.ksarighnda.com\/wp-content\/uploads\/2024\/08\/GettyImages-1346038016-1536x1027.jpg 1536w, https:\/\/www.ksarighnda.com\/wp-content\/uploads\/2024\/08\/GettyImages-1346038016-2048x1370.jpg 2048w, https:\/\/www.ksarighnda.com\/wp-content\/uploads\/2024\/08\/GettyImages-1346038016-18x12.jpg 18w\" sizes=\"(max-width: 2117px) 100vw, 2117px\" title=\"\">\t\t\t\t\t\t\t\t\t\t\t\t\t\t\t<\/div>\n\t\t\t\t<\/div>\n\t\t\t\t<\/div>\n\t\t\t\t<div class=\"elementor-element elementor-element-32bbe05 entrance-bottom  titre-barre elementor-widget elementor-widget-heading\" data-id=\"32bbe05\" data-element_type=\"widget\" data-e-type=\"widget\" data-widget_type=\"heading.default\">\n\t\t\t\t<div class=\"elementor-widget-container\">\n\t\t\t\t\t<span class=\"elementor-heading-title elementor-size-default\">OUARZAZATE Y ALREDEDORES<\/span>\t\t\t\t<\/div>\n\t\t\t\t<\/div>\n\t\t\t\t<div class=\"elementor-element elementor-element-79fb17a btn-fleche-gauche entrance-bottom elementor-align-left elementor-widget elementor-widget-button\" data-id=\"79fb17a\" data-element_type=\"widget\" data-e-type=\"widget\" data-widget_type=\"button.default\">\n\t\t\t\t<div class=\"elementor-widget-container\">\n\t\t\t\t\t\t\t\t\t<div class=\"elementor-button-wrapper\">\n\t\t\t\t\t<a class=\"elementor-button elementor-button-link elementor-size-sm\" href=\"https:\/\/www.ksarighnda.com\/es\/activites-alentours\/que-visiter-au-maroc\/\">\n\t\t\t\t\t\t<span class=\"elementor-button-content-wrapper\">\n\t\t\t\t\t\t<span class=\"elementor-button-icon\">\n\t\t\t\t<svg xmlns=\"http:\/\/www.w3.org\/2000\/svg\" viewbox=\"0 0 28 20\" width=\"28\" height=\"20\"><title>Grupo 80-svg<\/title><style>\t\t.s0 { fill: none;stroke: #5c4932;stroke-linecap: round } \t<\/style><g id=\"Group 80\"><path id=\"Line 11\" fill-rule=\"evenodd\" class=\"s0\" d=\"m27 10h-26\"><\/path><path id=\"Vector 12\" fill-rule=\"evenodd\" class=\"s0\" d=\"m1 9.5c2-1.2 6.9-4.6 10.5-9\"><\/path><path id=\"Vector 13\" fill-rule=\"evenodd\" class=\"s0\" d=\"m1 10c2 1.2 6.9 4.6 10.5 9\"><\/path><\/g><\/svg>\t\t\t<\/span>\n\t\t\t\t\t\t\t\t\t<span class=\"elementor-button-text\">Volver a los alrededores<\/span>\n\t\t\t\t\t<\/span>\n\t\t\t\t\t<\/a>\n\t\t\t\t<\/div>\n\t\t\t\t\t\t\t\t<\/div>\n\t\t\t\t<\/div>\n\t\t\t\t<\/div>\n\t\t<div class=\"elementor-element elementor-element-ce7c837 e-con-full e-flex e-con e-parent\" data-id=\"ce7c837\" data-element_type=\"container\" data-e-type=\"container\">\n\t\t<div class=\"elementor-element elementor-element-80e997a e-con-full e-flex e-con e-child\" data-id=\"80e997a\" data-element_type=\"container\" data-e-type=\"container\">\n\t\t<div class=\"elementor-element elementor-element-8f50b58 e-con-full e-flex e-con e-child\" data-id=\"8f50b58\" data-element_type=\"container\" data-e-type=\"container\">\n\t\t\t\t<div class=\"elementor-element elementor-element-9ccca70 entrance-bottom elementor-widget elementor-widget-heading\" data-id=\"9ccca70\" data-element_type=\"widget\" data-e-type=\"widget\" data-widget_type=\"heading.default\">\n\t\t\t\t<div class=\"elementor-widget-container\">\n\t\t\t\t\t<h2 class=\"elementor-heading-title elementor-size-default\">Presentaci\u00f3n <\/h2>\t\t\t\t<\/div>\n\t\t\t\t<\/div>\n\t\t\t\t<div class=\"elementor-element elementor-element-44d3a89 entrance-bottom elementor-widget elementor-widget-heading\" data-id=\"44d3a89\" data-element_type=\"widget\" data-e-type=\"widget\" data-widget_type=\"heading.default\">\n\t\t\t\t<div class=\"elementor-widget-container\">\n\t\t\t\t\t<span class=\"elementor-heading-title elementor-size-default\">de Ouarzazate<\/span>\t\t\t\t<\/div>\n\t\t\t\t<\/div>\n\t\t\t\t<div class=\"elementor-element elementor-element-c9bce02 elementor-widget-laptop__width-initial entrance-bottom elementor-widget elementor-widget-text-editor\" data-id=\"c9bce02\" data-element_type=\"widget\" data-e-type=\"widget\" data-widget_type=\"text-editor.default\">\n\t\t\t\t<div class=\"elementor-widget-container\">\n\t\t\t\t\t\t\t\t\t<p>Conocida como la puerta de entrada al desierto del S\u00e1hara, Ouarzazate es mucho m\u00e1s que eso, y reserva muchas sorpresas a quienes se aventuren a visitarla. Por supuesto, es el punto de partida ideal para aventurarse en el Alto Atlas marroqu\u00ed, pero tambi\u00e9n hay mucho que ver en la propia ciudad y sus alrededores.<\/p>\t\t\t\t\t\t\t\t<\/div>\n\t\t\t\t<\/div>\n\t\t\t\t<\/div>\n\t\t\t\t<\/div>\n\t\t<div class=\"elementor-element elementor-element-e7dc86d e-con-full e-flex e-con e-child\" data-id=\"e7dc86d\" data-element_type=\"container\" data-e-type=\"container\">\n\t\t\t\t<div class=\"elementor-element elementor-element-e6e5159 elementor-widget__width-inherit entrance-right elementor-widget elementor-widget-image\" data-id=\"e6e5159\" data-element_type=\"widget\" data-e-type=\"widget\" data-widget_type=\"image.default\">\n\t\t\t\t<div class=\"elementor-widget-container\">\n\t\t\t\t\t\t\t\t\t\t\t\t\t\t\t<img decoding=\"async\" width=\"2560\" height=\"1707\" src=\"https:\/\/www.ksarighnda.com\/wp-content\/uploads\/2024\/07\/alentours-scaled.jpg\" class=\"attachment-full size-full wp-image-1491\" alt=\"\" srcset=\"https:\/\/www.ksarighnda.com\/wp-content\/uploads\/2024\/07\/alentours-scaled.jpg 2560w, https:\/\/www.ksarighnda.com\/wp-content\/uploads\/2024\/07\/alentours-300x200.jpg 300w, https:\/\/www.ksarighnda.com\/wp-content\/uploads\/2024\/07\/alentours-1024x683.jpg 1024w, https:\/\/www.ksarighnda.com\/wp-content\/uploads\/2024\/07\/alentours-768x512.jpg 768w, https:\/\/www.ksarighnda.com\/wp-content\/uploads\/2024\/07\/alentours-1536x1024.jpg 1536w, https:\/\/www.ksarighnda.com\/wp-content\/uploads\/2024\/07\/alentours-2048x1366.jpg 2048w, https:\/\/www.ksarighnda.com\/wp-content\/uploads\/2024\/07\/alentours-18x12.jpg 18w\" sizes=\"(max-width: 2560px) 100vw, 2560px\" title=\"\">\t\t\t\t\t\t\t\t\t\t\t\t\t\t\t<\/div>\n\t\t\t\t<\/div>\n\t\t\t\t<\/div>\n\t\t\t\t<\/div>\n\t\t<div class=\"elementor-element elementor-element-e178519 e-con-full e-flex e-con e-parent\" data-id=\"e178519\" data-element_type=\"container\" data-e-type=\"container\">\n\t\t<div class=\"elementor-element elementor-element-730b90b e-con-full e-flex e-con e-child\" data-id=\"730b90b\" data-element_type=\"container\" data-e-type=\"container\">\n\t\t\t\t<div class=\"elementor-element elementor-element-3362ff4 elementor-widget__width-inherit entrance-left elementor-widget elementor-widget-image\" data-id=\"3362ff4\" data-element_type=\"widget\" data-e-type=\"widget\" data-widget_type=\"image.default\">\n\t\t\t\t<div class=\"elementor-widget-container\">\n\t\t\t\t\t\t\t\t\t\t\t\t\t\t\t<img decoding=\"async\" width=\"2122\" height=\"1412\" src=\"https:\/\/www.ksarighnda.com\/wp-content\/uploads\/2024\/08\/GettyImages-2156798010.jpg\" class=\"attachment-full size-full wp-image-2468\" alt=\"\" srcset=\"https:\/\/www.ksarighnda.com\/wp-content\/uploads\/2024\/08\/GettyImages-2156798010.jpg 2122w, https:\/\/www.ksarighnda.com\/wp-content\/uploads\/2024\/08\/GettyImages-2156798010-300x200.jpg 300w, https:\/\/www.ksarighnda.com\/wp-content\/uploads\/2024\/08\/GettyImages-2156798010-1024x681.jpg 1024w, https:\/\/www.ksarighnda.com\/wp-content\/uploads\/2024\/08\/GettyImages-2156798010-768x511.jpg 768w, https:\/\/www.ksarighnda.com\/wp-content\/uploads\/2024\/08\/GettyImages-2156798010-1536x1022.jpg 1536w, https:\/\/www.ksarighnda.com\/wp-content\/uploads\/2024\/08\/GettyImages-2156798010-2048x1363.jpg 2048w, https:\/\/www.ksarighnda.com\/wp-content\/uploads\/2024\/08\/GettyImages-2156798010-18x12.jpg 18w\" sizes=\"(max-width: 2122px) 100vw, 2122px\" title=\"\">\t\t\t\t\t\t\t\t\t\t\t\t\t\t\t<\/div>\n\t\t\t\t<\/div>\n\t\t\t\t<\/div>\n\t\t<div class=\"elementor-element elementor-element-3cc0e4f e-con-full e-flex e-con e-child\" data-id=\"3cc0e4f\" data-element_type=\"container\" data-e-type=\"container\">\n\t\t<div class=\"elementor-element elementor-element-e029c5d e-con-full e-flex e-con e-child\" data-id=\"e029c5d\" data-element_type=\"container\" data-e-type=\"container\">\n\t\t\t\t<div class=\"elementor-element elementor-element-c2afbc1 entrance-bottom elementor-widget elementor-widget-heading\" data-id=\"c2afbc1\" data-element_type=\"widget\" data-e-type=\"widget\" data-widget_type=\"heading.default\">\n\t\t\t\t<div class=\"elementor-widget-container\">\n\t\t\t\t\t<h2 class=\"elementor-heading-title elementor-size-default\">Kasbah <\/h2>\t\t\t\t<\/div>\n\t\t\t\t<\/div>\n\t\t\t\t<div class=\"elementor-element elementor-element-3eecbfa entrance-bottom elementor-widget elementor-widget-heading\" data-id=\"3eecbfa\" data-element_type=\"widget\" data-e-type=\"widget\" data-widget_type=\"heading.default\">\n\t\t\t\t<div class=\"elementor-widget-container\">\n\t\t\t\t\t<span class=\"elementor-heading-title elementor-size-default\">de Taourirt<\/span>\t\t\t\t<\/div>\n\t\t\t\t<\/div>\n\t\t\t\t<div class=\"elementor-element elementor-element-38baa58 elementor-widget-laptop__width-initial entrance-bottom elementor-widget elementor-widget-text-editor\" data-id=\"38baa58\" data-element_type=\"widget\" data-e-type=\"widget\" data-widget_type=\"text-editor.default\">\n\t\t\t\t<div class=\"elementor-widget-container\">\n\t\t\t\t\t\t\t\t\t<p>Inscrita en la Lista del Patrimonio Mundial de la UNESCO, la Kasbah de Taourirt es testigo del esplendor de la arquitectura amazigh. Con su t\u00edpico color ocre y sus fachadas de tierra, se cree que este ksar fue construido en el siglo XVII. En aquella \u00e9poca, era el coraz\u00f3n de la ciudad de Ouarzazate. Visitar la Kasbah de Taourirt es como retroceder en el tiempo y descubrir elementos arquitect\u00f3nicos de varios siglos de antig\u00fcedad. Hoy en d\u00eda, no podr\u00e1 visitar las 300 habitaciones que compon\u00edan Taourirt, pero tendr\u00e1 acceso a la azotea desde la que podr\u00e1 contemplar el oasis y Ouarzazate, \u00a1un mirador ineludible!<\/p>\t\t\t\t\t\t\t\t<\/div>\n\t\t\t\t<\/div>\n\t\t\t\t<\/div>\n\t\t\t\t<\/div>\n\t\t\t\t<\/div>\n\t\t<div class=\"elementor-element elementor-element-89040f8 e-con-full e-flex e-con e-parent\" data-id=\"89040f8\" data-element_type=\"container\" data-e-type=\"container\">\n\t\t<div class=\"elementor-element elementor-element-9efe59d e-con-full e-flex e-con e-child\" data-id=\"9efe59d\" data-element_type=\"container\" data-e-type=\"container\">\n\t\t<div class=\"elementor-element elementor-element-0db0ce3 e-con-full e-flex e-con e-child\" data-id=\"0db0ce3\" data-element_type=\"container\" data-e-type=\"container\">\n\t\t\t\t<div class=\"elementor-element elementor-element-a0350c6 entrance-bottom elementor-widget elementor-widget-heading\" data-id=\"a0350c6\" data-element_type=\"widget\" data-e-type=\"widget\" data-widget_type=\"heading.default\">\n\t\t\t\t<div class=\"elementor-widget-container\">\n\t\t\t\t\t<h2 class=\"elementor-heading-title elementor-size-default\">Kasbah <\/h2>\t\t\t\t<\/div>\n\t\t\t\t<\/div>\n\t\t\t\t<div class=\"elementor-element elementor-element-eff49a8 entrance-bottom elementor-widget elementor-widget-heading\" data-id=\"eff49a8\" data-element_type=\"widget\" data-e-type=\"widget\" data-widget_type=\"heading.default\">\n\t\t\t\t<div class=\"elementor-widget-container\">\n\t\t\t\t\t<span class=\"elementor-heading-title elementor-size-default\">Ait Ben Haddou<\/span>\t\t\t\t<\/div>\n\t\t\t\t<\/div>\n\t\t\t\t<div class=\"elementor-element elementor-element-554cf03 elementor-widget-laptop__width-initial entrance-bottom elementor-widget elementor-widget-text-editor\" data-id=\"554cf03\" data-element_type=\"widget\" data-e-type=\"widget\" data-widget_type=\"text-editor.default\">\n\t\t\t\t<div class=\"elementor-widget-container\">\n\t\t\t\t\t\t\t\t\t<p>Tambi\u00e9n Patrimonio Mundial de la UNESCO, A\u00eft-Ben-Haddou es otro ejemplo de la arquitectura del Alto Atlas marroqu\u00ed. Situado a 3 km del Riad, se puede acceder a \u00e9l a trav\u00e9s de los jardines que bordean el r\u00edo, a pie o en burro con gu\u00eda, o por carretera, a pie o en coche. A\u00eft Ben Haddou se encuentra en la ladera de una colina. Construida hacia el siglo XVII, est\u00e1 inscrita en el Patrimonio Mundial de la UNESCO desde 1987, ya que ilustra perfectamente el tipo de construcci\u00f3n de tierra utilizado en la \u00e9poca, as\u00ed como las viviendas tradicionales de la cultura del sur de Marruecos. Su agadir (granero fortificado) acog\u00eda a las caravanas procedentes de Mal\u00ed que se dirig\u00edan a Marrakech.\u00a0<\/p>\t\t\t\t\t\t\t\t<\/div>\n\t\t\t\t<\/div>\n\t\t\t\t<\/div>\n\t\t\t\t<\/div>\n\t\t<div class=\"elementor-element elementor-element-cb8cd8e e-con-full e-flex e-con e-child\" data-id=\"cb8cd8e\" data-element_type=\"container\" data-e-type=\"container\">\n\t\t\t\t<div class=\"elementor-element elementor-element-6d3bb3e elementor-widget__width-inherit entrance-right elementor-widget elementor-widget-image\" data-id=\"6d3bb3e\" data-element_type=\"widget\" data-e-type=\"widget\" data-widget_type=\"image.default\">\n\t\t\t\t<div class=\"elementor-widget-container\">\n\t\t\t\t\t\t\t\t\t\t\t\t\t\t\t<img loading=\"lazy\" decoding=\"async\" width=\"2222\" height=\"1349\" src=\"https:\/\/www.ksarighnda.com\/wp-content\/uploads\/2024\/08\/GettyImages-1475556602.jpg\" class=\"attachment-full size-full wp-image-2461\" alt=\"\" srcset=\"https:\/\/www.ksarighnda.com\/wp-content\/uploads\/2024\/08\/GettyImages-1475556602.jpg 2222w, https:\/\/www.ksarighnda.com\/wp-content\/uploads\/2024\/08\/GettyImages-1475556602-300x182.jpg 300w, https:\/\/www.ksarighnda.com\/wp-content\/uploads\/2024\/08\/GettyImages-1475556602-1024x622.jpg 1024w, https:\/\/www.ksarighnda.com\/wp-content\/uploads\/2024\/08\/GettyImages-1475556602-768x466.jpg 768w, https:\/\/www.ksarighnda.com\/wp-content\/uploads\/2024\/08\/GettyImages-1475556602-1536x933.jpg 1536w, https:\/\/www.ksarighnda.com\/wp-content\/uploads\/2024\/08\/GettyImages-1475556602-2048x1243.jpg 2048w, https:\/\/www.ksarighnda.com\/wp-content\/uploads\/2024\/08\/GettyImages-1475556602-18x12.jpg 18w\" sizes=\"(max-width: 2222px) 100vw, 2222px\" title=\"\">\t\t\t\t\t\t\t\t\t\t\t\t\t\t\t<\/div>\n\t\t\t\t<\/div>\n\t\t\t\t<\/div>\n\t\t\t\t<\/div>\n\t\t<div class=\"elementor-element elementor-element-5d214f1 e-con-full e-flex e-con e-parent\" data-id=\"5d214f1\" data-element_type=\"container\" data-e-type=\"container\">\n\t\t<div class=\"elementor-element elementor-element-542c64d e-con-full e-flex e-con e-child\" data-id=\"542c64d\" data-element_type=\"container\" data-e-type=\"container\">\n\t\t\t\t<div class=\"elementor-element elementor-element-e42931d elementor-widget__width-inherit entrance-left elementor-widget elementor-widget-image\" data-id=\"e42931d\" data-element_type=\"widget\" data-e-type=\"widget\" data-widget_type=\"image.default\">\n\t\t\t\t<div class=\"elementor-widget-container\">\n\t\t\t\t\t\t\t\t\t\t\t\t\t\t\t<img loading=\"lazy\" decoding=\"async\" width=\"2121\" height=\"1414\" src=\"https:\/\/www.ksarighnda.com\/wp-content\/uploads\/2024\/08\/GettyImages-884569286.jpg\" class=\"attachment-full size-full wp-image-2470\" alt=\"\" srcset=\"https:\/\/www.ksarighnda.com\/wp-content\/uploads\/2024\/08\/GettyImages-884569286.jpg 2121w, https:\/\/www.ksarighnda.com\/wp-content\/uploads\/2024\/08\/GettyImages-884569286-300x200.jpg 300w, https:\/\/www.ksarighnda.com\/wp-content\/uploads\/2024\/08\/GettyImages-884569286-1024x683.jpg 1024w, https:\/\/www.ksarighnda.com\/wp-content\/uploads\/2024\/08\/GettyImages-884569286-768x512.jpg 768w, https:\/\/www.ksarighnda.com\/wp-content\/uploads\/2024\/08\/GettyImages-884569286-1536x1024.jpg 1536w, https:\/\/www.ksarighnda.com\/wp-content\/uploads\/2024\/08\/GettyImages-884569286-2048x1365.jpg 2048w, https:\/\/www.ksarighnda.com\/wp-content\/uploads\/2024\/08\/GettyImages-884569286-18x12.jpg 18w\" sizes=\"(max-width: 2121px) 100vw, 2121px\" title=\"\">\t\t\t\t\t\t\t\t\t\t\t\t\t\t\t<\/div>\n\t\t\t\t<\/div>\n\t\t\t\t<\/div>\n\t\t<div class=\"elementor-element elementor-element-abbc103 e-con-full e-flex e-con e-child\" data-id=\"abbc103\" data-element_type=\"container\" data-e-type=\"container\">\n\t\t<div class=\"elementor-element elementor-element-25c184d e-con-full e-flex e-con e-child\" data-id=\"25c184d\" data-element_type=\"container\" data-e-type=\"container\">\n\t\t\t\t<div class=\"elementor-element elementor-element-4c5e098 entrance-bottom elementor-widget elementor-widget-heading\" data-id=\"4c5e098\" data-element_type=\"widget\" data-e-type=\"widget\" data-widget_type=\"heading.default\">\n\t\t\t\t<div class=\"elementor-widget-container\">\n\t\t\t\t\t<h2 class=\"elementor-heading-title elementor-size-default\">Atlas<\/h2>\t\t\t\t<\/div>\n\t\t\t\t<\/div>\n\t\t\t\t<div class=\"elementor-element elementor-element-f78a833 entrance-bottom elementor-widget elementor-widget-heading\" data-id=\"f78a833\" data-element_type=\"widget\" data-e-type=\"widget\" data-widget_type=\"heading.default\">\n\t\t\t\t<div class=\"elementor-widget-container\">\n\t\t\t\t\t<span class=\"elementor-heading-title elementor-size-default\">Estudio corporativo<\/span>\t\t\t\t<\/div>\n\t\t\t\t<\/div>\n\t\t\t\t<div class=\"elementor-element elementor-element-b37bbc1 elementor-widget-laptop__width-initial entrance-bottom elementor-widget elementor-widget-text-editor\" data-id=\"b37bbc1\" data-element_type=\"widget\" data-e-type=\"widget\" data-widget_type=\"text-editor.default\">\n\t\t\t\t<div class=\"elementor-widget-container\">\n\t\t\t\t\t\t\t\t\t<p>Atlas Corporation Studio es la meca del cine mundial, donde podr\u00e1 sumergirse en sus pel\u00edculas y series de televisi\u00f3n favoritas. Donde se siguen rodando pel\u00edculas durante todo el a\u00f1o, tendr\u00e1 la oportunidad de ver los decorados de Gladiator, La Momia, Prince of Persia y Juego de Tronos. Podr\u00e1 revivir escenas de culto y escuchar an\u00e9cdotas del rodaje. Tendr\u00e1 la oportunidad de visitar ciudades b\u00edblicas, templos egipcios y monasterios tibetanos, todo ello a pocos minutos en coche del Riad.<\/p>\t\t\t\t\t\t\t\t<\/div>\n\t\t\t\t<\/div>\n\t\t\t\t<\/div>\n\t\t\t\t<\/div>\n\t\t\t\t<\/div>\n\t\t\t\t<\/div>","protected":false},"excerpt":{"rendered":"<p>OUARZAZATE &amp; SES ENVIRONS Group 80-svg Retour aux alentours Pr\u00e9sentation de Ouarzazate Connue comme la porte du d\u00e9sert du Sahara, Ouarzazate est bien plus que \u00e7a et r\u00e9serve de nombreuses surprises \u00e0 ceux qui s\u2019aventurent \u00e0 la visiter\u2026 Certes, c\u2019est le point de d\u00e9part id\u00e9al pour vous aventurer dans le Haut Atlas marocain, mais il [&hellip;]<\/p>\n","protected":false},"author":5,"featured_media":0,"parent":111,"menu_order":0,"comment_status":"closed","ping_status":"closed","template":"","meta":{"inline_featured_image":false,"footnotes":""},"class_list":["post-3507","page","type-page","status-publish","hentry"],"_links":{"self":[{"href":"https:\/\/www.ksarighnda.com\/es\/wp-json\/wp\/v2\/pages\/3507","targetHints":{"allow":["GET"]}}],"collection":[{"href":"https:\/\/www.ksarighnda.com\/es\/wp-json\/wp\/v2\/pages"}],"about":[{"href":"https:\/\/www.ksarighnda.com\/es\/wp-json\/wp\/v2\/types\/page"}],"author":[{"embeddable":true,"href":"https:\/\/www.ksarighnda.com\/es\/wp-json\/wp\/v2\/users\/5"}],"replies":[{"embeddable":true,"href":"https:\/\/www.ksarighnda.com\/es\/wp-json\/wp\/v2\/comments?post=3507"}],"version-history":[{"count":11,"href":"https:\/\/www.ksarighnda.com\/es\/wp-json\/wp\/v2\/pages\/3507\/revisions"}],"predecessor-version":[{"id":5413,"href":"https:\/\/www.ksarighnda.com\/es\/wp-json\/wp\/v2\/pages\/3507\/revisions\/5413"}],"up":[{"embeddable":true,"href":"https:\/\/www.ksarighnda.com\/es\/wp-json\/wp\/v2\/pages\/111"}],"wp:attachment":[{"href":"https:\/\/www.ksarighnda.com\/es\/wp-json\/wp\/v2\/media?parent=3507"}],"curies":[{"name":"wp","href":"https:\/\/api.w.org\/{rel}","templated":true}]}}