{"id":3503,"date":"2024-10-07T10:23:59","date_gmt":"2024-10-07T09:23:59","guid":{"rendered":"https:\/\/www.ksarighnda.com\/?page_id=3503"},"modified":"2024-10-17T15:13:57","modified_gmt":"2024-10-17T14:13:57","slug":"marrackech","status":"publish","type":"page","link":"https:\/\/www.ksarighnda.com\/es\/activites-alentours\/excursions\/marrackech\/","title":{"rendered":"Marrackech"},"content":{"rendered":"<div data-elementor-type=\"wp-page\" data-elementor-id=\"3503\" class=\"elementor elementor-3503\" data-elementor-post-type=\"page\">\n\t\t\t\t<div class=\"elementor-element elementor-element-50f2e12 e-con-full e-flex e-con e-parent\" data-id=\"50f2e12\" data-element_type=\"container\" data-e-type=\"container\" data-settings=\"{&quot;background_background&quot;:&quot;classic&quot;}\">\n\t\t<div class=\"elementor-element elementor-element-b4cb4ee e-con-full entrance-clip-path-both e-flex e-con e-child\" data-id=\"b4cb4ee\" data-element_type=\"container\" data-e-type=\"container\">\n\t\t\t\t<div class=\"elementor-element elementor-element-a83fea9 elementor-widget__width-inherit elementor-widget elementor-widget-image\" data-id=\"a83fea9\" data-element_type=\"widget\" data-e-type=\"widget\" data-widget_type=\"image.default\">\n\t\t\t\t<div class=\"elementor-widget-container\">\n\t\t\t\t\t\t\t\t\t\t\t\t\t\t\t<img fetchpriority=\"high\" decoding=\"async\" width=\"2274\" height=\"1318\" src=\"https:\/\/www.ksarighnda.com\/wp-content\/uploads\/2024\/10\/GettyImages-1294325441.jpg\" class=\"attachment-full size-full wp-image-3717\" alt=\"\" srcset=\"https:\/\/www.ksarighnda.com\/wp-content\/uploads\/2024\/10\/GettyImages-1294325441.jpg 2274w, https:\/\/www.ksarighnda.com\/wp-content\/uploads\/2024\/10\/GettyImages-1294325441-300x174.jpg 300w, https:\/\/www.ksarighnda.com\/wp-content\/uploads\/2024\/10\/GettyImages-1294325441-1024x594.jpg 1024w, https:\/\/www.ksarighnda.com\/wp-content\/uploads\/2024\/10\/GettyImages-1294325441-768x445.jpg 768w, https:\/\/www.ksarighnda.com\/wp-content\/uploads\/2024\/10\/GettyImages-1294325441-1536x890.jpg 1536w, https:\/\/www.ksarighnda.com\/wp-content\/uploads\/2024\/10\/GettyImages-1294325441-2048x1187.jpg 2048w, https:\/\/www.ksarighnda.com\/wp-content\/uploads\/2024\/10\/GettyImages-1294325441-18x10.jpg 18w\" sizes=\"(max-width: 2274px) 100vw, 2274px\" title=\"\">\t\t\t\t\t\t\t\t\t\t\t\t\t\t\t<\/div>\n\t\t\t\t<\/div>\n\t\t\t\t<\/div>\n\t\t\t\t<div class=\"elementor-element elementor-element-32bbe05 entrance-bottom  titre-barre elementor-widget elementor-widget-heading\" data-id=\"32bbe05\" data-element_type=\"widget\" data-e-type=\"widget\" data-widget_type=\"heading.default\">\n\t\t\t\t<div class=\"elementor-widget-container\">\n\t\t\t\t\t<span class=\"elementor-heading-title elementor-size-default\">Descubra <\/span>\t\t\t\t<\/div>\n\t\t\t\t<\/div>\n\t\t\t\t<div class=\"elementor-element elementor-element-9116641 entrance-bottom elementor-widget elementor-widget-heading\" data-id=\"9116641\" data-element_type=\"widget\" data-e-type=\"widget\" data-widget_type=\"heading.default\">\n\t\t\t\t<div class=\"elementor-widget-container\">\n\t\t\t\t\t<h1 class=\"elementor-heading-title elementor-size-default\">Marrakech<\/h1>\t\t\t\t<\/div>\n\t\t\t\t<\/div>\n\t\t\t\t<div class=\"elementor-element elementor-element-eba7de9 entrance-bottom elementor-widget elementor-widget-heading\" data-id=\"eba7de9\" data-element_type=\"widget\" data-e-type=\"widget\" data-widget_type=\"heading.default\">\n\t\t\t\t<div class=\"elementor-widget-container\">\n\t\t\t\t\t<span class=\"elementor-heading-title elementor-size-default\">y sus alrededores<\/span>\t\t\t\t<\/div>\n\t\t\t\t<\/div>\n\t\t\t\t<div class=\"elementor-element elementor-element-79fb17a btn-fleche-gauche entrance-bottom elementor-align-left elementor-widget elementor-widget-button\" data-id=\"79fb17a\" data-element_type=\"widget\" data-e-type=\"widget\" data-widget_type=\"button.default\">\n\t\t\t\t<div class=\"elementor-widget-container\">\n\t\t\t\t\t\t\t\t\t<div class=\"elementor-button-wrapper\">\n\t\t\t\t\t<a class=\"elementor-button elementor-button-link elementor-size-sm\" href=\"https:\/\/www.ksarighnda.com\/es\/activites-alentours\/que-visiter-au-maroc\/\">\n\t\t\t\t\t\t<span class=\"elementor-button-content-wrapper\">\n\t\t\t\t\t\t<span class=\"elementor-button-icon\">\n\t\t\t\t<svg xmlns=\"http:\/\/www.w3.org\/2000\/svg\" viewbox=\"0 0 28 20\" width=\"28\" height=\"20\"><title>Grupo 80-svg<\/title><style>\t\t.s0 { fill: none;stroke: #5c4932;stroke-linecap: round } \t<\/style><g id=\"Group 80\"><path id=\"Line 11\" fill-rule=\"evenodd\" class=\"s0\" d=\"m27 10h-26\"><\/path><path id=\"Vector 12\" fill-rule=\"evenodd\" class=\"s0\" d=\"m1 9.5c2-1.2 6.9-4.6 10.5-9\"><\/path><path id=\"Vector 13\" fill-rule=\"evenodd\" class=\"s0\" d=\"m1 10c2 1.2 6.9 4.6 10.5 9\"><\/path><\/g><\/svg>\t\t\t<\/span>\n\t\t\t\t\t\t\t\t\t<span class=\"elementor-button-text\">Volver a los alrededores<\/span>\n\t\t\t\t\t<\/span>\n\t\t\t\t\t<\/a>\n\t\t\t\t<\/div>\n\t\t\t\t\t\t\t\t<\/div>\n\t\t\t\t<\/div>\n\t\t\t\t<\/div>\n\t\t<div class=\"elementor-element elementor-element-ce7c837 e-con-full e-flex e-con e-parent\" data-id=\"ce7c837\" data-element_type=\"container\" data-e-type=\"container\">\n\t\t<div class=\"elementor-element elementor-element-80e997a e-con-full e-flex e-con e-child\" data-id=\"80e997a\" data-element_type=\"container\" data-e-type=\"container\">\n\t\t<div class=\"elementor-element elementor-element-8f50b58 e-con-full e-flex e-con e-child\" data-id=\"8f50b58\" data-element_type=\"container\" data-e-type=\"container\">\n\t\t\t\t<div class=\"elementor-element elementor-element-9ccca70 entrance-bottom elementor-widget elementor-widget-heading\" data-id=\"9ccca70\" data-element_type=\"widget\" data-e-type=\"widget\" data-widget_type=\"heading.default\">\n\t\t\t\t<div class=\"elementor-widget-container\">\n\t\t\t\t\t<h2 class=\"elementor-heading-title elementor-size-default\">La Perle<\/h2>\t\t\t\t<\/div>\n\t\t\t\t<\/div>\n\t\t\t\t<div class=\"elementor-element elementor-element-44d3a89 entrance-bottom elementor-widget elementor-widget-heading\" data-id=\"44d3a89\" data-element_type=\"widget\" data-e-type=\"widget\" data-widget_type=\"heading.default\">\n\t\t\t\t<div class=\"elementor-widget-container\">\n\t\t\t\t\t<span class=\"elementor-heading-title elementor-size-default\">du Sud<\/span>\t\t\t\t<\/div>\n\t\t\t\t<\/div>\n\t\t\t\t<div class=\"elementor-element elementor-element-c9bce02 elementor-widget-laptop__width-initial entrance-bottom elementor-widget elementor-widget-text-editor\" data-id=\"c9bce02\" data-element_type=\"widget\" data-e-type=\"widget\" data-widget_type=\"text-editor.default\">\n\t\t\t\t<div class=\"elementor-widget-container\">\n\t\t\t\t\t\t\t\t\t<p>Marrakech, apodada la \"Perla del Sur\", es una legendaria ciudad marroqu\u00ed que fascina a viajeros de todo el mundo por su ambiente encantador y su rica cultura. Situada a los pies de la cordillera del Atlas, es un destino obligado para todo aquel que desee descubrir el alma de Marruecos. Ya sea amante de la historia, de la gastronom\u00eda o de un cambio de aires, Marrakech ofrece un sinf\u00edn de tesoros por explorar.<\/p><p>Una de las primeras paradas de cualquier visitante de Marrakech es la medina, el coraz\u00f3n hist\u00f3rico de la ciudad. Declarada Patrimonio de la Humanidad por la UNESCO, la medina es un laberinto de callejuelas donde se mezclan colores, olores y sonidos. Aqu\u00ed se encuentra la famosa plaza Jemaa el-Fna, s\u00edmbolo de la ciudad. A cualquier hora del d\u00eda o de la noche, esta plaza es un espect\u00e1culo viviente, con sus encantadores de serpientes, cuentacuentos, m\u00fasicos y puestos de comida que cobran vida en cuanto cae la noche. Jemaa el-Fna es el punto de partida ideal para descubrir los zocos de Marrakech, mercados laber\u00ednticos que venden de todo, desde especias y alfombras bereberes hasta babuchas y artesan\u00eda local.<\/p>\t\t\t\t\t\t\t\t<\/div>\n\t\t\t\t<\/div>\n\t\t\t\t<\/div>\n\t\t\t\t<\/div>\n\t\t<div class=\"elementor-element elementor-element-e7dc86d e-con-full e-flex e-con e-child\" data-id=\"e7dc86d\" data-element_type=\"container\" data-e-type=\"container\">\n\t\t\t\t<div class=\"elementor-element elementor-element-e6e5159 elementor-widget__width-inherit entrance-right elementor-widget elementor-widget-image\" data-id=\"e6e5159\" data-element_type=\"widget\" data-e-type=\"widget\" data-widget_type=\"image.default\">\n\t\t\t\t<div class=\"elementor-widget-container\">\n\t\t\t\t\t\t\t\t\t\t\t\t\t\t\t<img decoding=\"async\" width=\"2233\" height=\"1343\" src=\"https:\/\/www.ksarighnda.com\/wp-content\/uploads\/2024\/10\/GettyImages-1472457155.jpg\" class=\"attachment-full size-full wp-image-3722\" alt=\"\" srcset=\"https:\/\/www.ksarighnda.com\/wp-content\/uploads\/2024\/10\/GettyImages-1472457155.jpg 2233w, https:\/\/www.ksarighnda.com\/wp-content\/uploads\/2024\/10\/GettyImages-1472457155-300x180.jpg 300w, https:\/\/www.ksarighnda.com\/wp-content\/uploads\/2024\/10\/GettyImages-1472457155-1024x616.jpg 1024w, https:\/\/www.ksarighnda.com\/wp-content\/uploads\/2024\/10\/GettyImages-1472457155-768x462.jpg 768w, https:\/\/www.ksarighnda.com\/wp-content\/uploads\/2024\/10\/GettyImages-1472457155-1536x924.jpg 1536w, https:\/\/www.ksarighnda.com\/wp-content\/uploads\/2024\/10\/GettyImages-1472457155-2048x1232.jpg 2048w, https:\/\/www.ksarighnda.com\/wp-content\/uploads\/2024\/10\/GettyImages-1472457155-18x12.jpg 18w\" sizes=\"(max-width: 2233px) 100vw, 2233px\" title=\"\">\t\t\t\t\t\t\t\t\t\t\t\t\t\t\t<\/div>\n\t\t\t\t<\/div>\n\t\t\t\t<\/div>\n\t\t\t\t<\/div>\n\t\t<div class=\"elementor-element elementor-element-e178519 e-con-full e-flex e-con e-parent\" data-id=\"e178519\" data-element_type=\"container\" data-e-type=\"container\">\n\t\t<div class=\"elementor-element elementor-element-730b90b e-con-full e-flex e-con e-child\" data-id=\"730b90b\" data-element_type=\"container\" data-e-type=\"container\">\n\t\t\t\t<div class=\"elementor-element elementor-element-3362ff4 elementor-widget__width-inherit entrance-left elementor-widget elementor-widget-image\" data-id=\"3362ff4\" data-element_type=\"widget\" data-e-type=\"widget\" data-widget_type=\"image.default\">\n\t\t\t\t<div class=\"elementor-widget-container\">\n\t\t\t\t\t\t\t\t\t\t\t\t\t\t\t<img decoding=\"async\" width=\"2121\" height=\"1414\" src=\"https:\/\/www.ksarighnda.com\/wp-content\/uploads\/2024\/10\/GettyImages-1285636122.jpg\" class=\"attachment-full size-full wp-image-3721\" alt=\"\" srcset=\"https:\/\/www.ksarighnda.com\/wp-content\/uploads\/2024\/10\/GettyImages-1285636122.jpg 2121w, https:\/\/www.ksarighnda.com\/wp-content\/uploads\/2024\/10\/GettyImages-1285636122-300x200.jpg 300w, https:\/\/www.ksarighnda.com\/wp-content\/uploads\/2024\/10\/GettyImages-1285636122-1024x683.jpg 1024w, https:\/\/www.ksarighnda.com\/wp-content\/uploads\/2024\/10\/GettyImages-1285636122-768x512.jpg 768w, https:\/\/www.ksarighnda.com\/wp-content\/uploads\/2024\/10\/GettyImages-1285636122-1536x1024.jpg 1536w, https:\/\/www.ksarighnda.com\/wp-content\/uploads\/2024\/10\/GettyImages-1285636122-2048x1365.jpg 2048w, https:\/\/www.ksarighnda.com\/wp-content\/uploads\/2024\/10\/GettyImages-1285636122-18x12.jpg 18w\" sizes=\"(max-width: 2121px) 100vw, 2121px\" title=\"\">\t\t\t\t\t\t\t\t\t\t\t\t\t\t\t<\/div>\n\t\t\t\t<\/div>\n\t\t\t\t<\/div>\n\t\t<div class=\"elementor-element elementor-element-3cc0e4f e-con-full e-flex e-con e-child\" data-id=\"3cc0e4f\" data-element_type=\"container\" data-e-type=\"container\">\n\t\t<div class=\"elementor-element elementor-element-e029c5d e-con-full e-flex e-con e-child\" data-id=\"e029c5d\" data-element_type=\"container\" data-e-type=\"container\">\n\t\t\t\t<div class=\"elementor-element elementor-element-c2afbc1 entrance-bottom elementor-widget elementor-widget-heading\" data-id=\"c2afbc1\" data-element_type=\"widget\" data-e-type=\"widget\" data-widget_type=\"heading.default\">\n\t\t\t\t<div class=\"elementor-widget-container\">\n\t\t\t\t\t<h2 class=\"elementor-heading-title elementor-size-default\">Jardines<\/h2>\t\t\t\t<\/div>\n\t\t\t\t<\/div>\n\t\t\t\t<div class=\"elementor-element elementor-element-3eecbfa entrance-bottom elementor-widget elementor-widget-heading\" data-id=\"3eecbfa\" data-element_type=\"widget\" data-e-type=\"widget\" data-widget_type=\"heading.default\">\n\t\t\t\t<div class=\"elementor-widget-container\">\n\t\t\t\t\t<span class=\"elementor-heading-title elementor-size-default\">para ver<\/span>\t\t\t\t<\/div>\n\t\t\t\t<\/div>\n\t\t\t\t<div class=\"elementor-element elementor-element-38baa58 elementor-widget-laptop__width-initial entrance-bottom elementor-widget elementor-widget-text-editor\" data-id=\"38baa58\" data-element_type=\"widget\" data-e-type=\"widget\" data-widget_type=\"text-editor.default\">\n\t\t\t\t<div class=\"elementor-widget-container\">\n\t\t\t\t\t\t\t\t\t<p>Mientras pasea por la medina, no deje de visitar algunos de sus monumentos m\u00e1s emblem\u00e1ticos. El Palacio de la Bah\u00eda, con sus exuberantes jardines y su refinada arquitectura, es un ejemplo perfecto del arte morisco. Es un verdadero oasis de tranquilidad en el coraz\u00f3n de la ciudad. No muy lejos, la mezquita de la Koutoubia, con su minarete de 77 metros de altura, domina la ciudad y es un punto de referencia imprescindible tanto para los habitantes como para los visitantes.<\/p><p>Marrakech tambi\u00e9n es famosa por sus jardines. El m\u00e1s famoso es el Jard\u00edn Majorelle, creado por el artista franc\u00e9s Jacques Majorelle y restaurado posteriormente por Yves Saint Laurent. Este jard\u00edn bot\u00e1nico de vivos colores, con sus plantas ex\u00f3ticas y su arquitectura art d\u00e9co, es un remanso de paz y tranquilidad alejado del bullicio de la ciudad. A pocos kil\u00f3metros, los jardines de la Menara, con su gran piscina rodeada de olivos, tambi\u00e9n ofrecen un marco id\u00edlico para un paseo al atardecer.<\/p>\t\t\t\t\t\t\t\t<\/div>\n\t\t\t\t<\/div>\n\t\t\t\t<\/div>\n\t\t\t\t<\/div>\n\t\t\t\t<\/div>\n\t\t<div class=\"elementor-element elementor-element-89040f8 e-con-full e-flex e-con e-parent\" data-id=\"89040f8\" data-element_type=\"container\" data-e-type=\"container\">\n\t\t<div class=\"elementor-element elementor-element-9efe59d e-con-full e-flex e-con e-child\" data-id=\"9efe59d\" data-element_type=\"container\" data-e-type=\"container\">\n\t\t<div class=\"elementor-element elementor-element-0db0ce3 e-con-full e-flex e-con e-child\" data-id=\"0db0ce3\" data-element_type=\"container\" data-e-type=\"container\">\n\t\t\t\t<div class=\"elementor-element elementor-element-a0350c6 entrance-bottom elementor-widget elementor-widget-heading\" data-id=\"a0350c6\" data-element_type=\"widget\" data-e-type=\"widget\" data-widget_type=\"heading.default\">\n\t\t\t\t<div class=\"elementor-widget-container\">\n\t\t\t\t\t<h2 class=\"elementor-heading-title elementor-size-default\">Cultura<\/h2>\t\t\t\t<\/div>\n\t\t\t\t<\/div>\n\t\t\t\t<div class=\"elementor-element elementor-element-eff49a8 entrance-bottom elementor-widget elementor-widget-heading\" data-id=\"eff49a8\" data-element_type=\"widget\" data-e-type=\"widget\" data-widget_type=\"heading.default\">\n\t\t\t\t<div class=\"elementor-widget-container\">\n\t\t\t\t\t<span class=\"elementor-heading-title elementor-size-default\">y gastronom\u00eda<\/span>\t\t\t\t<\/div>\n\t\t\t\t<\/div>\n\t\t\t\t<div class=\"elementor-element elementor-element-554cf03 elementor-widget-laptop__width-initial entrance-bottom elementor-widget elementor-widget-text-editor\" data-id=\"554cf03\" data-element_type=\"widget\" data-e-type=\"widget\" data-widget_type=\"text-editor.default\">\n\t\t\t\t<div class=\"elementor-widget-container\">\n\t\t\t\t\t\t\t\t\t<p>Para los amantes de la cultura, Marrakech alberga varios museos que bien merecen una visita. El Museo de Marrakech, ubicado en un antiguo palacio, posee una magn\u00edfica colecci\u00f3n de arte marroqu\u00ed y objetos hist\u00f3ricos. El museo Yves Saint Laurent, por su parte, es un homenaje al famoso dise\u00f1ador de moda que encontr\u00f3 en la ciudad una fuente de inspiraci\u00f3n para sus creaciones.<\/p><p>Por \u00faltimo, ninguna visita a Marrakech estar\u00eda completa sin probar la gastronom\u00eda local. La ciudad est\u00e1 repleta de restaurantes y caf\u00e9s donde degustar platos tradicionales como el tajine, el cusc\u00fas y los famosos pasteles marroqu\u00edes acompa\u00f1ados de t\u00e9 a la menta. Los visitantes que busquen una experiencia m\u00e1s aut\u00e9ntica tambi\u00e9n pueden aventurarse en los puestos de Jemaa el-Fna, donde las especialidades locales se preparan ante sus propios ojos en un ambiente animado.<\/p>\t\t\t\t\t\t\t\t<\/div>\n\t\t\t\t<\/div>\n\t\t\t\t<\/div>\n\t\t\t\t<\/div>\n\t\t<div class=\"elementor-element elementor-element-cb8cd8e e-con-full e-flex e-con e-child\" data-id=\"cb8cd8e\" data-element_type=\"container\" data-e-type=\"container\">\n\t\t\t\t<div class=\"elementor-element elementor-element-6d3bb3e elementor-widget__width-inherit entrance-right elementor-widget elementor-widget-image\" data-id=\"6d3bb3e\" data-element_type=\"widget\" data-e-type=\"widget\" data-widget_type=\"image.default\">\n\t\t\t\t<div class=\"elementor-widget-container\">\n\t\t\t\t\t\t\t\t\t\t\t\t\t\t\t<img loading=\"lazy\" decoding=\"async\" width=\"2139\" height=\"1401\" src=\"https:\/\/www.ksarighnda.com\/wp-content\/uploads\/2024\/10\/GettyImages-1147478209.jpg\" class=\"attachment-full size-full wp-image-3718\" alt=\"\" srcset=\"https:\/\/www.ksarighnda.com\/wp-content\/uploads\/2024\/10\/GettyImages-1147478209.jpg 2139w, https:\/\/www.ksarighnda.com\/wp-content\/uploads\/2024\/10\/GettyImages-1147478209-300x196.jpg 300w, https:\/\/www.ksarighnda.com\/wp-content\/uploads\/2024\/10\/GettyImages-1147478209-1024x671.jpg 1024w, https:\/\/www.ksarighnda.com\/wp-content\/uploads\/2024\/10\/GettyImages-1147478209-768x503.jpg 768w, https:\/\/www.ksarighnda.com\/wp-content\/uploads\/2024\/10\/GettyImages-1147478209-1536x1006.jpg 1536w, https:\/\/www.ksarighnda.com\/wp-content\/uploads\/2024\/10\/GettyImages-1147478209-2048x1341.jpg 2048w, https:\/\/www.ksarighnda.com\/wp-content\/uploads\/2024\/10\/GettyImages-1147478209-18x12.jpg 18w\" sizes=\"(max-width: 2139px) 100vw, 2139px\" title=\"\">\t\t\t\t\t\t\t\t\t\t\t\t\t\t\t<\/div>\n\t\t\t\t<\/div>\n\t\t\t\t<\/div>\n\t\t\t\t<\/div>\n\t\t<div class=\"elementor-element elementor-element-5d214f1 e-con-full e-flex e-con e-parent\" data-id=\"5d214f1\" data-element_type=\"container\" data-e-type=\"container\">\n\t\t<div class=\"elementor-element elementor-element-542c64d e-con-full e-flex e-con e-child\" data-id=\"542c64d\" data-element_type=\"container\" data-e-type=\"container\">\n\t\t\t\t<div class=\"elementor-element elementor-element-e42931d elementor-widget__width-inherit entrance-left elementor-widget elementor-widget-image\" data-id=\"e42931d\" data-element_type=\"widget\" data-e-type=\"widget\" data-widget_type=\"image.default\">\n\t\t\t\t<div class=\"elementor-widget-container\">\n\t\t\t\t\t\t\t\t\t\t\t\t\t\t\t<img loading=\"lazy\" decoding=\"async\" width=\"2121\" height=\"1414\" src=\"https:\/\/www.ksarighnda.com\/wp-content\/uploads\/2024\/10\/GettyImages-530236509.jpg\" class=\"attachment-full size-full wp-image-3719\" alt=\"\" srcset=\"https:\/\/www.ksarighnda.com\/wp-content\/uploads\/2024\/10\/GettyImages-530236509.jpg 2121w, https:\/\/www.ksarighnda.com\/wp-content\/uploads\/2024\/10\/GettyImages-530236509-300x200.jpg 300w, https:\/\/www.ksarighnda.com\/wp-content\/uploads\/2024\/10\/GettyImages-530236509-1024x683.jpg 1024w, https:\/\/www.ksarighnda.com\/wp-content\/uploads\/2024\/10\/GettyImages-530236509-768x512.jpg 768w, https:\/\/www.ksarighnda.com\/wp-content\/uploads\/2024\/10\/GettyImages-530236509-1536x1024.jpg 1536w, https:\/\/www.ksarighnda.com\/wp-content\/uploads\/2024\/10\/GettyImages-530236509-2048x1365.jpg 2048w, https:\/\/www.ksarighnda.com\/wp-content\/uploads\/2024\/10\/GettyImages-530236509-18x12.jpg 18w\" sizes=\"(max-width: 2121px) 100vw, 2121px\" title=\"\">\t\t\t\t\t\t\t\t\t\t\t\t\t\t\t<\/div>\n\t\t\t\t<\/div>\n\t\t\t\t<\/div>\n\t\t<div class=\"elementor-element elementor-element-abbc103 e-con-full e-flex e-con e-child\" data-id=\"abbc103\" data-element_type=\"container\" data-e-type=\"container\">\n\t\t<div class=\"elementor-element elementor-element-25c184d e-con-full e-flex e-con e-child\" data-id=\"25c184d\" data-element_type=\"container\" data-e-type=\"container\">\n\t\t\t\t<div class=\"elementor-element elementor-element-4c5e098 entrance-bottom elementor-widget elementor-widget-heading\" data-id=\"4c5e098\" data-element_type=\"widget\" data-e-type=\"widget\" data-widget_type=\"heading.default\">\n\t\t\t\t<div class=\"elementor-widget-container\">\n\t\t\t\t\t<h2 class=\"elementor-heading-title elementor-size-default\">Un destino<\/h2>\t\t\t\t<\/div>\n\t\t\t\t<\/div>\n\t\t\t\t<div class=\"elementor-element elementor-element-f78a833 entrance-bottom elementor-widget elementor-widget-heading\" data-id=\"f78a833\" data-element_type=\"widget\" data-e-type=\"widget\" data-widget_type=\"heading.default\">\n\t\t\t\t<div class=\"elementor-widget-container\">\n\t\t\t\t\t<span class=\"elementor-heading-title elementor-size-default\">ideal para todos<\/span>\t\t\t\t<\/div>\n\t\t\t\t<\/div>\n\t\t\t\t<div class=\"elementor-element elementor-element-b37bbc1 elementor-widget-laptop__width-initial entrance-bottom elementor-widget elementor-widget-text-editor\" data-id=\"b37bbc1\" data-element_type=\"widget\" data-e-type=\"widget\" data-widget_type=\"text-editor.default\">\n\t\t\t\t<div class=\"elementor-widget-container\">\n\t\t\t\t\t\t\t\t\t<p>La diversidad de Marrakech ofrece una experiencia \u00fanica que combina tradici\u00f3n y modernidad. Tanto si le apasiona la historia, la naturaleza o simplemente busca nuevas experiencias, esta m\u00e1gica ciudad tiene algo para cada visitante. Aproveche su estancia en nuestro hotel para descubrir las maravillas de esta ciudad imperial, a s\u00f3lo unas horas en coche de su lugar de residencia, y d\u00e9jese llevar por el hechizante encanto de Marrakech.<\/p><p>\u00a0<\/p><p>\u00a0<\/p>\t\t\t\t\t\t\t\t<\/div>\n\t\t\t\t<\/div>\n\t\t\t\t<\/div>\n\t\t\t\t<\/div>\n\t\t\t\t<\/div>\n\t\t\t\t<\/div>","protected":false},"excerpt":{"rendered":"<p>D\u00e9couvrez Marrakech et ses alentours Group 80-svg Retour aux alentours La Perle du Sud Marrakech, surnomm\u00e9e la \u00ab\u00a0Perle du Sud\u00a0\u00bb, est une ville marocaine l\u00e9gendaire qui fascine les voyageurs du monde entier par son ambiance envo\u00fbtante et sa richesse culturelle. Situ\u00e9e au pied des montagnes de l\u2019Atlas, elle est une destination incontournable pour quiconque souhaite [&hellip;]<\/p>\n","protected":false},"author":5,"featured_media":0,"parent":111,"menu_order":0,"comment_status":"closed","ping_status":"closed","template":"","meta":{"inline_featured_image":false,"footnotes":""},"class_list":["post-3503","page","type-page","status-publish","hentry"],"_links":{"self":[{"href":"https:\/\/www.ksarighnda.com\/es\/wp-json\/wp\/v2\/pages\/3503","targetHints":{"allow":["GET"]}}],"collection":[{"href":"https:\/\/www.ksarighnda.com\/es\/wp-json\/wp\/v2\/pages"}],"about":[{"href":"https:\/\/www.ksarighnda.com\/es\/wp-json\/wp\/v2\/types\/page"}],"author":[{"embeddable":true,"href":"https:\/\/www.ksarighnda.com\/es\/wp-json\/wp\/v2\/users\/5"}],"replies":[{"embeddable":true,"href":"https:\/\/www.ksarighnda.com\/es\/wp-json\/wp\/v2\/comments?post=3503"}],"version-history":[{"count":13,"href":"https:\/\/www.ksarighnda.com\/es\/wp-json\/wp\/v2\/pages\/3503\/revisions"}],"predecessor-version":[{"id":3764,"href":"https:\/\/www.ksarighnda.com\/es\/wp-json\/wp\/v2\/pages\/3503\/revisions\/3764"}],"up":[{"embeddable":true,"href":"https:\/\/www.ksarighnda.com\/es\/wp-json\/wp\/v2\/pages\/111"}],"wp:attachment":[{"href":"https:\/\/www.ksarighnda.com\/es\/wp-json\/wp\/v2\/media?parent=3503"}],"curies":[{"name":"wp","href":"https:\/\/api.w.org\/{rel}","templated":true}]}}