{"id":122,"date":"2024-07-17T16:45:21","date_gmt":"2024-07-17T14:45:21","guid":{"rendered":"https:\/\/www.ksarighnda.com\/offres-speciales\/"},"modified":"2025-10-03T17:51:23","modified_gmt":"2025-10-03T16:51:23","slug":"ofertas-especiales","status":"publish","type":"page","link":"https:\/\/www.ksarighnda.com\/es\/offres-speciales\/","title":{"rendered":"Ofertas especiales"},"content":{"rendered":"\t\t<div data-elementor-type=\"wp-page\" data-elementor-id=\"122\" class=\"elementor elementor-122\" data-elementor-post-type=\"page\">\n\t\t\t\t<div class=\"elementor-element elementor-element-3705f69d e-con-full e-flex e-con e-parent\" data-id=\"3705f69d\" data-element_type=\"container\" data-e-type=\"container\" data-settings=\"{&quot;background_background&quot;:&quot;classic&quot;}\">\n\t\t<div class=\"elementor-element elementor-element-70945997 e-con-full entrance-clip-path-both e-flex e-con e-child\" data-id=\"70945997\" data-element_type=\"container\" data-e-type=\"container\">\n\t\t\t\t<div class=\"elementor-element elementor-element-71e7d32a elementor-widget__width-inherit elementor-widget elementor-widget-image\" data-id=\"71e7d32a\" data-element_type=\"widget\" data-e-type=\"widget\" data-widget_type=\"image.default\">\n\t\t\t\t<div class=\"elementor-widget-container\">\n\t\t\t\t\t\t\t\t\t\t\t\t\t\t\t<img fetchpriority=\"high\" decoding=\"async\" width=\"1000\" height=\"666\" src=\"https:\/\/www.ksarighnda.com\/wp-content\/uploads\/2024\/11\/trek-et-randonne-dans-le-desert.jpg\" class=\"attachment-full size-full wp-image-4106\" alt=\"\" srcset=\"https:\/\/www.ksarighnda.com\/wp-content\/uploads\/2024\/11\/trek-et-randonne-dans-le-desert.jpg 1000w, https:\/\/www.ksarighnda.com\/wp-content\/uploads\/2024\/11\/trek-et-randonne-dans-le-desert-300x200.jpg 300w, https:\/\/www.ksarighnda.com\/wp-content\/uploads\/2024\/11\/trek-et-randonne-dans-le-desert-768x511.jpg 768w, https:\/\/www.ksarighnda.com\/wp-content\/uploads\/2024\/11\/trek-et-randonne-dans-le-desert-18x12.jpg 18w\" sizes=\"(max-width: 1000px) 100vw, 1000px\" title=\"\">\t\t\t\t\t\t\t\t\t\t\t\t\t\t\t<\/div>\n\t\t\t\t<\/div>\n\t\t\t\t<\/div>\n\t\t\t\t<div class=\"elementor-element elementor-element-1119db80 entrance-bottom  titre-barre elementor-widget elementor-widget-heading\" data-id=\"1119db80\" data-element_type=\"widget\" data-e-type=\"widget\" data-widget_type=\"heading.default\">\n\t\t\t\t<div class=\"elementor-widget-container\">\n\t\t\t\t\t<span class=\"elementor-heading-title elementor-size-default\">D\u00e9couvrez  nos<\/span>\t\t\t\t<\/div>\n\t\t\t\t<\/div>\n\t\t\t\t<div class=\"elementor-element elementor-element-3dedc820 entrance-bottom elementor-widget elementor-widget-heading\" data-id=\"3dedc820\" data-element_type=\"widget\" data-e-type=\"widget\" data-widget_type=\"heading.default\">\n\t\t\t\t<div class=\"elementor-widget-container\">\n\t\t\t\t\t<span class=\"elementor-heading-title elementor-size-default\">NOS SEJOURS<\/span>\t\t\t\t<\/div>\n\t\t\t\t<\/div>\n\t\t\t\t<div class=\"elementor-element elementor-element-77f39172 entrance-bottom elementor-widget elementor-widget-heading\" data-id=\"77f39172\" data-element_type=\"widget\" data-e-type=\"widget\" data-widget_type=\"heading.default\">\n\t\t\t\t<div class=\"elementor-widget-container\">\n\t\t\t\t\t<span class=\"elementor-heading-title elementor-size-default\">Ksar Ighnda<\/span>\t\t\t\t<\/div>\n\t\t\t\t<\/div>\n\t\t\t\t<\/div>\n\t\t<div class=\"elementor-element elementor-element-731a9e2 e-flex e-con-boxed e-con e-parent\" data-id=\"731a9e2\" data-element_type=\"container\" data-e-type=\"container\">\n\t\t\t\t\t<div class=\"e-con-inner\">\n\t\t\t\t<div class=\"elementor-element elementor-element-0f50005 elementor-grid-2 elementor-grid-tablet-2 elementor-grid-mobile-1 elementor-widget elementor-widget-loop-grid\" data-id=\"0f50005\" data-element_type=\"widget\" data-e-type=\"widget\" data-settings=\"{&quot;template_id&quot;:&quot;1919&quot;,&quot;columns&quot;:2,&quot;pagination_type&quot;:&quot;load_more_on_click&quot;,&quot;_skin&quot;:&quot;post&quot;,&quot;columns_tablet&quot;:&quot;2&quot;,&quot;columns_mobile&quot;:&quot;1&quot;,&quot;edit_handle_selector&quot;:&quot;[data-elementor-type=\\&quot;loop-item\\&quot;]&quot;,&quot;load_more_spinner&quot;:{&quot;value&quot;:&quot;fas fa-spinner&quot;,&quot;library&quot;:&quot;fa-solid&quot;},&quot;row_gap&quot;:{&quot;unit&quot;:&quot;px&quot;,&quot;size&quot;:&quot;&quot;,&quot;sizes&quot;:[]},&quot;row_gap_laptop&quot;:{&quot;unit&quot;:&quot;px&quot;,&quot;size&quot;:&quot;&quot;,&quot;sizes&quot;:[]},&quot;row_gap_tablet_extra&quot;:{&quot;unit&quot;:&quot;px&quot;,&quot;size&quot;:&quot;&quot;,&quot;sizes&quot;:[]},&quot;row_gap_tablet&quot;:{&quot;unit&quot;:&quot;px&quot;,&quot;size&quot;:&quot;&quot;,&quot;sizes&quot;:[]},&quot;row_gap_mobile&quot;:{&quot;unit&quot;:&quot;px&quot;,&quot;size&quot;:&quot;&quot;,&quot;sizes&quot;:[]}}\" data-widget_type=\"loop-grid.post\">\n\t\t\t\t<div class=\"elementor-widget-container\">\n\t\t\t\t\t\t\t<div class=\"elementor-loop-container elementor-grid\" role=\"list\">\n\t\t<style id=\"loop-1919\">.elementor-1919 .elementor-element.elementor-element-2781b80{--display:flex;}.elementor-widget-call-to-action .elementor-cta__title{font-family:var( --e-global-typography-primary-font-family ), Sans-serif;font-weight:var( --e-global-typography-primary-font-weight );}.elementor-widget-call-to-action .elementor-cta__description{font-family:var( --e-global-typography-text-font-family ), Sans-serif;font-size:var( --e-global-typography-text-font-size );font-weight:var( --e-global-typography-text-font-weight );}.elementor-widget-call-to-action .elementor-cta__button{font-family:var( --e-global-typography-accent-font-family ), Sans-serif;font-weight:var( --e-global-typography-accent-font-weight );}.elementor-widget-call-to-action .elementor-ribbon-inner{background-color:var( --e-global-color-accent );font-family:var( --e-global-typography-accent-font-family ), Sans-serif;font-weight:var( --e-global-typography-accent-font-weight );}.elementor-1919 .elementor-element.elementor-element-ee7777e .elementor-cta__content{text-align:start;padding:15px 40px 0px 0px;background-color:var( --e-global-color-0937897 );}.elementor-1919 .elementor-element.elementor-element-ee7777e .elementor-cta__bg-wrapper{min-height:500px;}.elementor-1919 .elementor-element.elementor-element-ee7777e .elementor-view-stacked .elementor-icon{background-color:var( --e-global-color-primary );}.elementor-1919 .elementor-element.elementor-element-ee7777e .elementor-view-stacked .elementor-icon svg{stroke:var( --e-global-color-primary );}.elementor-1919 .elementor-element.elementor-element-ee7777e .elementor-view-framed .elementor-icon, .elementor-1919 .elementor-element.elementor-element-ee7777e .elementor-view-default .elementor-icon{color:var( --e-global-color-primary );border-color:var( --e-global-color-primary );}.elementor-1919 .elementor-element.elementor-element-ee7777e .elementor-view-framed .elementor-icon, .elementor-1919 .elementor-element.elementor-element-ee7777e .elementor-view-default .elementor-icon svg{fill:var( --e-global-color-primary );}.elementor-1919 .elementor-element.elementor-element-ee7777e .elementor-icon{font-size:45px;}.elementor-1919 .elementor-element.elementor-element-ee7777e .elementor-cta__title{font-family:var( --e-global-typography-8237abc-font-family ), Sans-serif;font-size:var( --e-global-typography-8237abc-font-size );font-weight:var( --e-global-typography-8237abc-font-weight );text-transform:var( --e-global-typography-8237abc-text-transform );font-style:var( --e-global-typography-8237abc-font-style );line-height:var( --e-global-typography-8237abc-line-height );letter-spacing:var( --e-global-typography-8237abc-letter-spacing );word-spacing:var( --e-global-typography-8237abc-word-spacing );color:var( --e-global-color-text );}.elementor-1919 .elementor-element.elementor-element-ee7777e .elementor-cta__title:not(:last-child){margin-bottom:9px;}.elementor-1919 .elementor-element.elementor-element-ee7777e .elementor-cta .elementor-cta__bg, .elementor-1919 .elementor-element.elementor-element-ee7777e .elementor-cta .elementor-cta__bg-overlay{transition-duration:1500ms;}.elementor-1919 .elementor-element.elementor-element-ee7777e > .elementor-widget-container{margin:0px 0px 0px 0px;}@media(max-width:1366px){.elementor-widget-call-to-action .elementor-cta__description{font-size:var( --e-global-typography-text-font-size );}.elementor-1919 .elementor-element.elementor-element-ee7777e .elementor-cta__bg-wrapper{min-height:400px;}.elementor-1919 .elementor-element.elementor-element-ee7777e .elementor-cta__title{font-size:var( --e-global-typography-8237abc-font-size );line-height:var( --e-global-typography-8237abc-line-height );letter-spacing:var( --e-global-typography-8237abc-letter-spacing );word-spacing:var( --e-global-typography-8237abc-word-spacing );}}@media(max-width:1200px){.elementor-1919 .elementor-element.elementor-element-ee7777e .elementor-cta__bg-wrapper{min-height:400px;}}@media(max-width:1024px){.elementor-widget-call-to-action .elementor-cta__description{font-size:var( --e-global-typography-text-font-size );}.elementor-1919 .elementor-element.elementor-element-ee7777e .elementor-cta__bg-wrapper{min-height:350px;}.elementor-1919 .elementor-element.elementor-element-ee7777e .elementor-cta__title{font-size:var( --e-global-typography-8237abc-font-size );line-height:var( --e-global-typography-8237abc-line-height );letter-spacing:var( --e-global-typography-8237abc-letter-spacing );word-spacing:var( --e-global-typography-8237abc-word-spacing );}}@media(max-width:767px){.elementor-widget-call-to-action .elementor-cta__description{font-size:var( --e-global-typography-text-font-size );}.elementor-1919 .elementor-element.elementor-element-ee7777e .elementor-cta__bg-wrapper{min-height:176px;}.elementor-1919 .elementor-element.elementor-element-ee7777e .elementor-cta__title{font-size:var( --e-global-typography-8237abc-font-size );line-height:var( --e-global-typography-8237abc-line-height );letter-spacing:var( --e-global-typography-8237abc-letter-spacing );word-spacing:var( --e-global-typography-8237abc-word-spacing );}}<\/style>\t\t<div data-elementor-type=\"loop-item\" data-elementor-id=\"1919\" class=\"elementor elementor-1919 e-loop-item e-loop-item-5631 post-5631 core_special_offers type-core_special_offers status-publish has-post-thumbnail hentry\" data-elementor-post-type=\"elementor_library\" data-custom-edit-handle=\"1\">\n\t\t\t<div class=\"elementor-element elementor-element-2781b80 e-flex e-con-boxed e-con e-parent\" data-id=\"2781b80\" data-element_type=\"container\" data-e-type=\"container\">\n\t\t\t\t\t<div class=\"e-con-inner\">\n\t\t\t\t<div class=\"elementor-element elementor-element-ee7777e cta-fleche elementor-cta--skin-classic elementor-animated-content elementor-widget elementor-widget-call-to-action\" data-id=\"ee7777e\" data-element_type=\"widget\" data-e-type=\"widget\" data-widget_type=\"call-to-action.default\">\n\t\t\t\t<div class=\"elementor-widget-container\">\n\t\t\t\t\t\t\t<a class=\"elementor-cta\" href=\"https:\/\/www.ksarighnda.com\/es\/core_special_offers\/yoga-trek-juin-2026\/\">\n\t\t\t\t\t<div class=\"elementor-cta__bg-wrapper\">\n\t\t\t\t<div class=\"elementor-cta__bg elementor-bg\" style=\"background-image: url(https:\/\/www.ksarighnda.com\/wp-content\/uploads\/2025\/12\/TREK-AU-MAROC.jpeg);\" role=\"img\" aria-label=\"TREK AU MAROC\"><\/div>\n\t\t\t\t<div class=\"elementor-cta__bg-overlay\"><\/div>\n\t\t\t<\/div>\n\t\t\t\t\t\t\t<div class=\"elementor-cta__content\">\n\t\t\t\t\t\t\t\t\t<div class=\"elementor-content-item elementor-cta__content-item elementor-icon-wrapper elementor-cta__icon elementor-view-default\">\n\t\t\t\t\t\t<div class=\"elementor-icon\">\n\t\t\t\t\t\t\t<svg xmlns=\"http:\/\/www.w3.org\/2000\/svg\" width=\"62\" height=\"20\" viewBox=\"0 0 62 20\" fill=\"none\"><g id=\"arrow_simple\"><path id=\"Line 11\" d=\"M1 10L61 10\" stroke=\"#5C4932\" stroke-linecap=\"round\"><\/path><path id=\"Vector 12\" d=\"M61 10.5C59 11.6667 54.1 15.1 50.5 19.5\" stroke=\"#5C4932\" stroke-linecap=\"round\"><\/path><path id=\"Vector 13\" d=\"M61 10C59 8.83333 54.1 5.4 50.5 1\" stroke=\"#5C4932\" stroke-linecap=\"round\"><\/path><\/g><\/svg>\t\t\t\t\t\t<\/div>\n\t\t\t\t\t<\/div>\n\t\t\t\t\n\t\t\t\t\t\t\t\t\t<span class=\"elementor-cta__title elementor-cta__content-item elementor-content-item\">\n\t\t\t\t\t\tYOGA &#038; TREK Juin 2026\t\t\t\t\t<\/span>\n\t\t\t\t\n\t\t\t\t\n\t\t\t\t\t\t\t<\/div>\n\t\t\t\t\t\t<\/a>\n\t\t\t\t\t\t<\/div>\n\t\t\t\t<\/div>\n\t\t\t\t\t<\/div>\n\t\t\t\t<\/div>\n\t\t\t\t<\/div>\n\t\t\t\t<div data-elementor-type=\"loop-item\" data-elementor-id=\"1919\" class=\"elementor elementor-1919 e-loop-item e-loop-item-4597 post-4597 core_special_offers type-core_special_offers status-publish has-post-thumbnail hentry\" data-elementor-post-type=\"elementor_library\" data-custom-edit-handle=\"1\">\n\t\t\t<div class=\"elementor-element elementor-element-2781b80 e-flex e-con-boxed e-con e-parent\" data-id=\"2781b80\" data-element_type=\"container\" data-e-type=\"container\">\n\t\t\t\t\t<div class=\"e-con-inner\">\n\t\t\t\t<div class=\"elementor-element elementor-element-ee7777e cta-fleche elementor-cta--skin-classic elementor-animated-content elementor-widget elementor-widget-call-to-action\" data-id=\"ee7777e\" data-element_type=\"widget\" data-e-type=\"widget\" data-widget_type=\"call-to-action.default\">\n\t\t\t\t<div class=\"elementor-widget-container\">\n\t\t\t\t\t\t\t<a class=\"elementor-cta\" href=\"https:\/\/www.ksarighnda.com\/es\/core_special_offers\/yoga-desert-octobre-2026\/\">\n\t\t\t\t\t<div class=\"elementor-cta__bg-wrapper\">\n\t\t\t\t<div class=\"elementor-cta__bg elementor-bg\" style=\"background-image: url(https:\/\/www.ksarighnda.com\/wp-content\/uploads\/2025\/07\/IMG_1404-scaled.jpg);\" role=\"img\" aria-label=\"IMG_1404\"><\/div>\n\t\t\t\t<div class=\"elementor-cta__bg-overlay\"><\/div>\n\t\t\t<\/div>\n\t\t\t\t\t\t\t<div class=\"elementor-cta__content\">\n\t\t\t\t\t\t\t\t\t<div class=\"elementor-content-item elementor-cta__content-item elementor-icon-wrapper elementor-cta__icon elementor-view-default\">\n\t\t\t\t\t\t<div class=\"elementor-icon\">\n\t\t\t\t\t\t\t<svg xmlns=\"http:\/\/www.w3.org\/2000\/svg\" width=\"62\" height=\"20\" viewBox=\"0 0 62 20\" fill=\"none\"><g id=\"arrow_simple\"><path id=\"Line 11\" d=\"M1 10L61 10\" stroke=\"#5C4932\" stroke-linecap=\"round\"><\/path><path id=\"Vector 12\" d=\"M61 10.5C59 11.6667 54.1 15.1 50.5 19.5\" stroke=\"#5C4932\" stroke-linecap=\"round\"><\/path><path id=\"Vector 13\" d=\"M61 10C59 8.83333 54.1 5.4 50.5 1\" stroke=\"#5C4932\" stroke-linecap=\"round\"><\/path><\/g><\/svg>\t\t\t\t\t\t<\/div>\n\t\t\t\t\t<\/div>\n\t\t\t\t\n\t\t\t\t\t\t\t\t\t<span class=\"elementor-cta__title elementor-cta__content-item elementor-content-item\">\n\t\t\t\t\t\tYoga &#038; D\u00e9sert &#8211; octobre 2026\t\t\t\t\t<\/span>\n\t\t\t\t\n\t\t\t\t\n\t\t\t\t\t\t\t<\/div>\n\t\t\t\t\t\t<\/a>\n\t\t\t\t\t\t<\/div>\n\t\t\t\t<\/div>\n\t\t\t\t\t<\/div>\n\t\t\t\t<\/div>\n\t\t\t\t<\/div>\n\t\t\t\t<div data-elementor-type=\"loop-item\" data-elementor-id=\"1919\" class=\"elementor elementor-1919 e-loop-item e-loop-item-4599 post-4599 core_special_offers type-core_special_offers status-publish has-post-thumbnail hentry\" data-elementor-post-type=\"elementor_library\" data-custom-edit-handle=\"1\">\n\t\t\t<div class=\"elementor-element elementor-element-2781b80 e-flex e-con-boxed e-con e-parent\" data-id=\"2781b80\" data-element_type=\"container\" data-e-type=\"container\">\n\t\t\t\t\t<div class=\"e-con-inner\">\n\t\t\t\t<div class=\"elementor-element elementor-element-ee7777e cta-fleche elementor-cta--skin-classic elementor-animated-content elementor-widget elementor-widget-call-to-action\" data-id=\"ee7777e\" data-element_type=\"widget\" data-e-type=\"widget\" data-widget_type=\"call-to-action.default\">\n\t\t\t\t<div class=\"elementor-widget-container\">\n\t\t\t\t\t\t\t<a class=\"elementor-cta\" href=\"https:\/\/www.ksarighnda.com\/es\/core_special_offers\/yoga-juin-juillet-2026\/\">\n\t\t\t\t\t<div class=\"elementor-cta__bg-wrapper\">\n\t\t\t\t<div class=\"elementor-cta__bg elementor-bg\" style=\"background-image: url(https:\/\/www.ksarighnda.com\/wp-content\/uploads\/2025\/07\/YOGA-1.jpg);\" role=\"img\" aria-label=\"YOGA 1\"><\/div>\n\t\t\t\t<div class=\"elementor-cta__bg-overlay\"><\/div>\n\t\t\t<\/div>\n\t\t\t\t\t\t\t<div class=\"elementor-cta__content\">\n\t\t\t\t\t\t\t\t\t<div class=\"elementor-content-item elementor-cta__content-item elementor-icon-wrapper elementor-cta__icon elementor-view-default\">\n\t\t\t\t\t\t<div class=\"elementor-icon\">\n\t\t\t\t\t\t\t<svg xmlns=\"http:\/\/www.w3.org\/2000\/svg\" width=\"62\" height=\"20\" viewBox=\"0 0 62 20\" fill=\"none\"><g id=\"arrow_simple\"><path id=\"Line 11\" d=\"M1 10L61 10\" stroke=\"#5C4932\" stroke-linecap=\"round\"><\/path><path id=\"Vector 12\" d=\"M61 10.5C59 11.6667 54.1 15.1 50.5 19.5\" stroke=\"#5C4932\" stroke-linecap=\"round\"><\/path><path id=\"Vector 13\" d=\"M61 10C59 8.83333 54.1 5.4 50.5 1\" stroke=\"#5C4932\" stroke-linecap=\"round\"><\/path><\/g><\/svg>\t\t\t\t\t\t<\/div>\n\t\t\t\t\t<\/div>\n\t\t\t\t\n\t\t\t\t\t\t\t\t\t<span class=\"elementor-cta__title elementor-cta__content-item elementor-content-item\">\n\t\t\t\t\t\tYoga &#8211; juin &#038; juillet 2026\t\t\t\t\t<\/span>\n\t\t\t\t\n\t\t\t\t\n\t\t\t\t\t\t\t<\/div>\n\t\t\t\t\t\t<\/a>\n\t\t\t\t\t\t<\/div>\n\t\t\t\t<\/div>\n\t\t\t\t\t<\/div>\n\t\t\t\t<\/div>\n\t\t\t\t<\/div>\n\t\t\t\t<div data-elementor-type=\"loop-item\" data-elementor-id=\"1919\" class=\"elementor elementor-1919 e-loop-item e-loop-item-4586 post-4586 core_special_offers type-core_special_offers status-publish has-post-thumbnail hentry\" data-elementor-post-type=\"elementor_library\" data-custom-edit-handle=\"1\">\n\t\t\t<div class=\"elementor-element elementor-element-2781b80 e-flex e-con-boxed e-con e-parent\" data-id=\"2781b80\" data-element_type=\"container\" data-e-type=\"container\">\n\t\t\t\t\t<div class=\"e-con-inner\">\n\t\t\t\t<div class=\"elementor-element elementor-element-ee7777e cta-fleche elementor-cta--skin-classic elementor-animated-content elementor-widget elementor-widget-call-to-action\" data-id=\"ee7777e\" data-element_type=\"widget\" data-e-type=\"widget\" data-widget_type=\"call-to-action.default\">\n\t\t\t\t<div class=\"elementor-widget-container\">\n\t\t\t\t\t\t\t<a class=\"elementor-cta\" href=\"https:\/\/www.ksarighnda.com\/es\/core_special_offers\/aventure-4x4-off-road-desert\/\">\n\t\t\t\t\t<div class=\"elementor-cta__bg-wrapper\">\n\t\t\t\t<div class=\"elementor-cta__bg elementor-bg\" style=\"background-image: url(https:\/\/www.ksarighnda.com\/wp-content\/uploads\/2025\/07\/AVENTURE-4X4-1-scaled.jpg);\" role=\"img\" aria-label=\"AVENTURE 4X4 1\"><\/div>\n\t\t\t\t<div class=\"elementor-cta__bg-overlay\"><\/div>\n\t\t\t<\/div>\n\t\t\t\t\t\t\t<div class=\"elementor-cta__content\">\n\t\t\t\t\t\t\t\t\t<div class=\"elementor-content-item elementor-cta__content-item elementor-icon-wrapper elementor-cta__icon elementor-view-default\">\n\t\t\t\t\t\t<div class=\"elementor-icon\">\n\t\t\t\t\t\t\t<svg xmlns=\"http:\/\/www.w3.org\/2000\/svg\" width=\"62\" height=\"20\" viewBox=\"0 0 62 20\" fill=\"none\"><g id=\"arrow_simple\"><path id=\"Line 11\" d=\"M1 10L61 10\" stroke=\"#5C4932\" stroke-linecap=\"round\"><\/path><path id=\"Vector 12\" d=\"M61 10.5C59 11.6667 54.1 15.1 50.5 19.5\" stroke=\"#5C4932\" stroke-linecap=\"round\"><\/path><path id=\"Vector 13\" d=\"M61 10C59 8.83333 54.1 5.4 50.5 1\" stroke=\"#5C4932\" stroke-linecap=\"round\"><\/path><\/g><\/svg>\t\t\t\t\t\t<\/div>\n\t\t\t\t\t<\/div>\n\t\t\t\t\n\t\t\t\t\t\t\t\t\t<span class=\"elementor-cta__title elementor-cta__content-item elementor-content-item\">\n\t\t\t\t\t\tAventure 4&#215;4 &#8211; Off road &#038; d\u00e9sert\t\t\t\t\t<\/span>\n\t\t\t\t\n\t\t\t\t\n\t\t\t\t\t\t\t<\/div>\n\t\t\t\t\t\t<\/a>\n\t\t\t\t\t\t<\/div>\n\t\t\t\t<\/div>\n\t\t\t\t\t<\/div>\n\t\t\t\t<\/div>\n\t\t\t\t<\/div>\n\t\t\t\t<div data-elementor-type=\"loop-item\" data-elementor-id=\"1919\" class=\"elementor elementor-1919 e-loop-item e-loop-item-4593 post-4593 core_special_offers type-core_special_offers status-publish has-post-thumbnail hentry\" data-elementor-post-type=\"elementor_library\" data-custom-edit-handle=\"1\">\n\t\t\t<div class=\"elementor-element elementor-element-2781b80 e-flex e-con-boxed e-con e-parent\" data-id=\"2781b80\" data-element_type=\"container\" data-e-type=\"container\">\n\t\t\t\t\t<div class=\"e-con-inner\">\n\t\t\t\t<div class=\"elementor-element elementor-element-ee7777e cta-fleche elementor-cta--skin-classic elementor-animated-content elementor-widget elementor-widget-call-to-action\" data-id=\"ee7777e\" data-element_type=\"widget\" data-e-type=\"widget\" data-widget_type=\"call-to-action.default\">\n\t\t\t\t<div class=\"elementor-widget-container\">\n\t\t\t\t\t\t\t<a class=\"elementor-cta\" href=\"https:\/\/www.ksarighnda.com\/es\/core_special_offers\/sante-bien-etre-desert-septembre-2026\/\">\n\t\t\t\t\t<div class=\"elementor-cta__bg-wrapper\">\n\t\t\t\t<div class=\"elementor-cta__bg elementor-bg\" style=\"background-image: url(https:\/\/www.ksarighnda.com\/wp-content\/uploads\/2024\/11\/maroc-octobre.jpg);\" role=\"img\" aria-label=\"maroc-octobre\"><\/div>\n\t\t\t\t<div class=\"elementor-cta__bg-overlay\"><\/div>\n\t\t\t<\/div>\n\t\t\t\t\t\t\t<div class=\"elementor-cta__content\">\n\t\t\t\t\t\t\t\t\t<div class=\"elementor-content-item elementor-cta__content-item elementor-icon-wrapper elementor-cta__icon elementor-view-default\">\n\t\t\t\t\t\t<div class=\"elementor-icon\">\n\t\t\t\t\t\t\t<svg xmlns=\"http:\/\/www.w3.org\/2000\/svg\" width=\"62\" height=\"20\" viewBox=\"0 0 62 20\" fill=\"none\"><g id=\"arrow_simple\"><path id=\"Line 11\" d=\"M1 10L61 10\" stroke=\"#5C4932\" stroke-linecap=\"round\"><\/path><path id=\"Vector 12\" d=\"M61 10.5C59 11.6667 54.1 15.1 50.5 19.5\" stroke=\"#5C4932\" stroke-linecap=\"round\"><\/path><path id=\"Vector 13\" d=\"M61 10C59 8.83333 54.1 5.4 50.5 1\" stroke=\"#5C4932\" stroke-linecap=\"round\"><\/path><\/g><\/svg>\t\t\t\t\t\t<\/div>\n\t\t\t\t\t<\/div>\n\t\t\t\t\n\t\t\t\t\t\t\t\t\t<span class=\"elementor-cta__title elementor-cta__content-item elementor-content-item\">\n\t\t\t\t\t\tSant\u00e9 bien-\u00eatre &#038; d\u00e9sert &#8211; septembre 2026\t\t\t\t\t<\/span>\n\t\t\t\t\n\t\t\t\t\n\t\t\t\t\t\t\t<\/div>\n\t\t\t\t\t\t<\/a>\n\t\t\t\t\t\t<\/div>\n\t\t\t\t<\/div>\n\t\t\t\t\t<\/div>\n\t\t\t\t<\/div>\n\t\t\t\t<\/div>\n\t\t\t\t<div data-elementor-type=\"loop-item\" data-elementor-id=\"1919\" class=\"elementor elementor-1919 e-loop-item e-loop-item-4600 post-4600 core_special_offers type-core_special_offers status-publish has-post-thumbnail hentry\" data-elementor-post-type=\"elementor_library\" data-custom-edit-handle=\"1\">\n\t\t\t<div class=\"elementor-element elementor-element-2781b80 e-flex e-con-boxed e-con e-parent\" data-id=\"2781b80\" data-element_type=\"container\" data-e-type=\"container\">\n\t\t\t\t\t<div class=\"e-con-inner\">\n\t\t\t\t<div class=\"elementor-element elementor-element-ee7777e cta-fleche elementor-cta--skin-classic elementor-animated-content elementor-widget elementor-widget-call-to-action\" data-id=\"ee7777e\" data-element_type=\"widget\" data-e-type=\"widget\" data-widget_type=\"call-to-action.default\">\n\t\t\t\t<div class=\"elementor-widget-container\">\n\t\t\t\t\t\t\t<a class=\"elementor-cta\" href=\"https:\/\/www.ksarighnda.com\/es\/core_special_offers\/yoga-aout-2026-4-ou-7-jours\/\">\n\t\t\t\t\t<div class=\"elementor-cta__bg-wrapper\">\n\t\t\t\t<div class=\"elementor-cta__bg elementor-bg\" style=\"background-image: url(https:\/\/www.ksarighnda.com\/wp-content\/uploads\/2025\/07\/SATYA.jpg);\" role=\"img\" aria-label=\"SATYA\"><\/div>\n\t\t\t\t<div class=\"elementor-cta__bg-overlay\"><\/div>\n\t\t\t<\/div>\n\t\t\t\t\t\t\t<div class=\"elementor-cta__content\">\n\t\t\t\t\t\t\t\t\t<div class=\"elementor-content-item elementor-cta__content-item elementor-icon-wrapper elementor-cta__icon elementor-view-default\">\n\t\t\t\t\t\t<div class=\"elementor-icon\">\n\t\t\t\t\t\t\t<svg xmlns=\"http:\/\/www.w3.org\/2000\/svg\" width=\"62\" height=\"20\" viewBox=\"0 0 62 20\" fill=\"none\"><g id=\"arrow_simple\"><path id=\"Line 11\" d=\"M1 10L61 10\" stroke=\"#5C4932\" stroke-linecap=\"round\"><\/path><path id=\"Vector 12\" d=\"M61 10.5C59 11.6667 54.1 15.1 50.5 19.5\" stroke=\"#5C4932\" stroke-linecap=\"round\"><\/path><path id=\"Vector 13\" d=\"M61 10C59 8.83333 54.1 5.4 50.5 1\" stroke=\"#5C4932\" stroke-linecap=\"round\"><\/path><\/g><\/svg>\t\t\t\t\t\t<\/div>\n\t\t\t\t\t<\/div>\n\t\t\t\t\n\t\t\t\t\t\t\t\t\t<span class=\"elementor-cta__title elementor-cta__content-item elementor-content-item\">\n\t\t\t\t\t\tYoga &#8211; Ao\u00fbt 2026 &#8211; 4 ou 7 jours &#8211; 15% de remise\t\t\t\t\t<\/span>\n\t\t\t\t\n\t\t\t\t\n\t\t\t\t\t\t\t<\/div>\n\t\t\t\t\t\t<\/a>\n\t\t\t\t\t\t<\/div>\n\t\t\t\t<\/div>\n\t\t\t\t\t<\/div>\n\t\t\t\t<\/div>\n\t\t\t\t<\/div>\n\t\t\t\t<\/div>\n\t\t\t\t\t<span class=\"e-load-more-spinner\">\n\t\t\t\t<i aria-hidden=\"true\" class=\"fas fa-spinner\"><\/i>\t\t\t<\/span>\n\t\t\n\t\t\t\t<div class=\"e-load-more-anchor\" data-page=\"1\" data-max-page=\"2\" data-next-page=\"https:\/\/www.ksarighnda.com\/es\/wp-json\/wp\/v2\/pages\/122\/page\/2\/\"><\/div>\n\t\t\t\t<div class=\"e-loop__load-more elementor-button-wrapper\">\n\t\t\t<a class=\"elementor-button elementor-size-sm\" role=\"button\">\n\t\t\t\t\t\t<span class=\"elementor-button-content-wrapper\">\n\t\t\t\t\t\t\t\t\t<span class=\"elementor-button-text\">Voir plus<\/span>\n\t\t\t\t\t<\/span>\n\t\t\t\t\t<\/a>\n\t\t<\/div>\n\t\t\t\t<div class=\"e-load-more-message\"><\/div>\n\t\t\t\t\t\t<\/div>\n\t\t\t\t<\/div>\n\t\t\t\t\t<\/div>\n\t\t\t\t<\/div>\n\t\t\t\t<\/div>\n\t\t","protected":false},"excerpt":{"rendered":"<p>Descubra nuestras VACACIONES en Ksar Ighnda<\/p>","protected":false},"author":5,"featured_media":0,"parent":0,"menu_order":0,"comment_status":"closed","ping_status":"closed","template":"","meta":{"inline_featured_image":false,"footnotes":""},"class_list":["post-122","page","type-page","status-publish","hentry"],"_links":{"self":[{"href":"https:\/\/www.ksarighnda.com\/es\/wp-json\/wp\/v2\/pages\/122","targetHints":{"allow":["GET"]}}],"collection":[{"href":"https:\/\/www.ksarighnda.com\/es\/wp-json\/wp\/v2\/pages"}],"about":[{"href":"https:\/\/www.ksarighnda.com\/es\/wp-json\/wp\/v2\/types\/page"}],"author":[{"embeddable":true,"href":"https:\/\/www.ksarighnda.com\/es\/wp-json\/wp\/v2\/users\/5"}],"replies":[{"embeddable":true,"href":"https:\/\/www.ksarighnda.com\/es\/wp-json\/wp\/v2\/comments?post=122"}],"version-history":[{"count":25,"href":"https:\/\/www.ksarighnda.com\/es\/wp-json\/wp\/v2\/pages\/122\/revisions"}],"predecessor-version":[{"id":5574,"href":"https:\/\/www.ksarighnda.com\/es\/wp-json\/wp\/v2\/pages\/122\/revisions\/5574"}],"wp:attachment":[{"href":"https:\/\/www.ksarighnda.com\/es\/wp-json\/wp\/v2\/media?parent=122"}],"curies":[{"name":"wp","href":"https:\/\/api.w.org\/{rel}","templated":true}]}}