{"id":118,"date":"2024-07-17T16:44:26","date_gmt":"2024-07-17T14:44:26","guid":{"rendered":"https:\/\/www.ksarighnda.com\/activites-alentours\/alentours\/vallee-du-dades-gorges-du-dades\/"},"modified":"2025-07-27T10:58:14","modified_gmt":"2025-07-27T09:58:14","slug":"las-gargantas-del-dades","status":"publish","type":"page","link":"https:\/\/www.ksarighnda.com\/es\/activites-alentours\/excursions\/les-gorges-du-dades\/","title":{"rendered":"Gargantas del Dades"},"content":{"rendered":"<div data-elementor-type=\"wp-page\" data-elementor-id=\"118\" class=\"elementor elementor-118\" data-elementor-post-type=\"page\">\n\t\t\t\t<div class=\"elementor-element elementor-element-280cb79 e-con-full e-flex e-con e-parent\" data-id=\"280cb79\" data-element_type=\"container\" data-e-type=\"container\" data-settings=\"{&quot;background_background&quot;:&quot;classic&quot;}\">\n\t\t<div class=\"elementor-element elementor-element-733b7ac e-con-full entrance-clip-path-both e-flex e-con e-child\" data-id=\"733b7ac\" data-element_type=\"container\" data-e-type=\"container\">\n\t\t\t\t<div class=\"elementor-element elementor-element-508cee1 elementor-widget__width-inherit elementor-widget elementor-widget-image\" data-id=\"508cee1\" data-element_type=\"widget\" data-e-type=\"widget\" data-widget_type=\"image.default\">\n\t\t\t\t<div class=\"elementor-widget-container\">\n\t\t\t\t\t\t\t\t\t\t\t\t\t\t\t<img fetchpriority=\"high\" decoding=\"async\" width=\"2121\" height=\"1414\" src=\"https:\/\/www.ksarighnda.com\/wp-content\/uploads\/2024\/08\/GettyImages-1280956360.jpg\" class=\"attachment-full size-full wp-image-2496\" alt=\"\" srcset=\"https:\/\/www.ksarighnda.com\/wp-content\/uploads\/2024\/08\/GettyImages-1280956360.jpg 2121w, https:\/\/www.ksarighnda.com\/wp-content\/uploads\/2024\/08\/GettyImages-1280956360-300x200.jpg 300w, https:\/\/www.ksarighnda.com\/wp-content\/uploads\/2024\/08\/GettyImages-1280956360-1024x683.jpg 1024w, https:\/\/www.ksarighnda.com\/wp-content\/uploads\/2024\/08\/GettyImages-1280956360-768x512.jpg 768w, https:\/\/www.ksarighnda.com\/wp-content\/uploads\/2024\/08\/GettyImages-1280956360-1536x1024.jpg 1536w, https:\/\/www.ksarighnda.com\/wp-content\/uploads\/2024\/08\/GettyImages-1280956360-2048x1365.jpg 2048w, https:\/\/www.ksarighnda.com\/wp-content\/uploads\/2024\/08\/GettyImages-1280956360-18x12.jpg 18w\" sizes=\"(max-width: 2121px) 100vw, 2121px\" title=\"\">\t\t\t\t\t\t\t\t\t\t\t\t\t\t\t<\/div>\n\t\t\t\t<\/div>\n\t\t\t\t<\/div>\n\t\t\t\t<div class=\"elementor-element elementor-element-400074c entrance-bottom  titre-barre elementor-widget elementor-widget-heading\" data-id=\"400074c\" data-element_type=\"widget\" data-e-type=\"widget\" data-widget_type=\"heading.default\">\n\t\t\t\t<div class=\"elementor-widget-container\">\n\t\t\t\t\t<span class=\"elementor-heading-title elementor-size-default\">Descubra <\/span>\t\t\t\t<\/div>\n\t\t\t\t<\/div>\n\t\t\t\t<div class=\"elementor-element elementor-element-5849029 entrance-bottom elementor-widget elementor-widget-heading\" data-id=\"5849029\" data-element_type=\"widget\" data-e-type=\"widget\" data-widget_type=\"heading.default\">\n\t\t\t\t<div class=\"elementor-widget-container\">\n\t\t\t\t\t<h1 class=\"elementor-heading-title elementor-size-default\">GORGES du DADES<\/h1>\t\t\t\t<\/div>\n\t\t\t\t<\/div>\n\t\t\t\t<div class=\"elementor-element elementor-element-80b97dc btn-fleche-gauche entrance-bottom elementor-align-left elementor-widget elementor-widget-button\" data-id=\"80b97dc\" data-element_type=\"widget\" data-e-type=\"widget\" data-widget_type=\"button.default\">\n\t\t\t\t<div class=\"elementor-widget-container\">\n\t\t\t\t\t\t\t\t\t<div class=\"elementor-button-wrapper\">\n\t\t\t\t\t<a class=\"elementor-button elementor-button-link elementor-size-sm\" href=\"https:\/\/www.ksarighnda.com\/es\/activites-alentours\/que-visiter-au-maroc\/\">\n\t\t\t\t\t\t<span class=\"elementor-button-content-wrapper\">\n\t\t\t\t\t\t<span class=\"elementor-button-icon\">\n\t\t\t\t<svg xmlns=\"http:\/\/www.w3.org\/2000\/svg\" viewbox=\"0 0 28 20\" width=\"28\" height=\"20\"><title>Grupo 80-svg<\/title><style>\t\t.s0 { fill: none;stroke: #5c4932;stroke-linecap: round } \t<\/style><g id=\"Group 80\"><path id=\"Line 11\" fill-rule=\"evenodd\" class=\"s0\" d=\"m27 10h-26\"><\/path><path id=\"Vector 12\" fill-rule=\"evenodd\" class=\"s0\" d=\"m1 9.5c2-1.2 6.9-4.6 10.5-9\"><\/path><path id=\"Vector 13\" fill-rule=\"evenodd\" class=\"s0\" d=\"m1 10c2 1.2 6.9 4.6 10.5 9\"><\/path><\/g><\/svg>\t\t\t<\/span>\n\t\t\t\t\t\t\t\t\t<span class=\"elementor-button-text\">Volver a los alrededores<\/span>\n\t\t\t\t\t<\/span>\n\t\t\t\t\t<\/a>\n\t\t\t\t<\/div>\n\t\t\t\t\t\t\t\t<\/div>\n\t\t\t\t<\/div>\n\t\t\t\t<\/div>\n\t\t<div class=\"elementor-element elementor-element-67240b0 e-con-full e-flex e-con e-parent\" data-id=\"67240b0\" data-element_type=\"container\" data-e-type=\"container\">\n\t\t<div class=\"elementor-element elementor-element-49c5494 e-con-full e-flex e-con e-child\" data-id=\"49c5494\" data-element_type=\"container\" data-e-type=\"container\">\n\t\t<div class=\"elementor-element elementor-element-0119585 e-con-full e-flex e-con e-child\" data-id=\"0119585\" data-element_type=\"container\" data-e-type=\"container\">\n\t\t\t\t<div class=\"elementor-element elementor-element-01e9723 entrance-bottom elementor-widget elementor-widget-heading\" data-id=\"01e9723\" data-element_type=\"widget\" data-e-type=\"widget\" data-widget_type=\"heading.default\">\n\t\t\t\t<div class=\"elementor-widget-container\">\n\t\t\t\t\t<h2 class=\"elementor-heading-title elementor-size-default\">Paisajes<\/h2>\t\t\t\t<\/div>\n\t\t\t\t<\/div>\n\t\t\t\t<div class=\"elementor-element elementor-element-5673309 entrance-bottom elementor-widget elementor-widget-heading\" data-id=\"5673309\" data-element_type=\"widget\" data-e-type=\"widget\" data-widget_type=\"heading.default\">\n\t\t\t\t<div class=\"elementor-widget-container\">\n\t\t\t\t\t<span class=\"elementor-heading-title elementor-size-default\">impresionante<\/span>\t\t\t\t<\/div>\n\t\t\t\t<\/div>\n\t\t\t\t<div class=\"elementor-element elementor-element-71a67a4 elementor-widget-laptop__width-initial entrance-bottom elementor-widget elementor-widget-text-editor\" data-id=\"71a67a4\" data-element_type=\"widget\" data-e-type=\"widget\" data-widget_type=\"text-editor.default\">\n\t\t\t\t<div class=\"elementor-widget-container\">\n\t\t\t\t\t\t\t\t\t<p>Situadas a 2h30 en coche de Ksar Ighnda, las gargantas del Dades son un destino imprescindible. Estas gargantas se extienden a lo largo de 25 km y presentan impresionantes acantilados de color ocre. Las viviendas del mismo color se funden con la roca, y la puesta de sol promete momentos m\u00e1gicos vestidos con magn\u00edficos tonos bermell\u00f3n. Al recorrer las gargantas del Dades, ver\u00e1 una sucesi\u00f3n de rasgos distintivos que no se parecen necesariamente entre s\u00ed.\u00a0<\/p>\n<h5>Primera serie de desfiladeros<\/h5>\n<p>En aquella \u00e9poca, el uadi a\u00fan estaba dividido en dos ramales, cada uno de los cuales hab\u00eda tallado sus gargantas de casi 300 m de profundidad en piedra caliza de color ocre que databa del periodo Jur\u00e1sico.<\/p>\n<div class=\"mw-heading mw-heading3\">\n<h5 id=\"Deuxi\u00e8me_s\u00e9rie_de_gorges\">Segunda serie de desfiladeros<\/h5>\n<\/div>\n<p>Est\u00e1n separadas de las anteriores por el\u00a0<a title=\"M&#039;semrir\" href=\"https:\/\/fr.wikipedia.org\/wiki\/M%27semrir\" rel=\"nofollow noopener\" target=\"_blank\">M'semrir<\/a>Tambi\u00e9n est\u00e1n talladas en piedra caliza del periodo Dogger. A lo largo de m\u00e1s de 500 m, el uadi ha abierto un estrecho camino a trav\u00e9s de las rocas, de casi 400 m de profundidad.<sup id=\"cite_ref-merv_1-3\" class=\"reference\"><\/sup><\/p>\n<div class=\"mw-heading mw-heading3\">\n<h5 id=\"Troisi\u00e8me_s\u00e9rie_de_gorges\">Tercera serie de desfiladeros<\/h5>\n<\/div>\n<p>Est\u00e1n separadas de las anteriores por una estrecha cuenca, encajonadas entre escarpes, y est\u00e1n excavadas a lo largo de varios kil\u00f3metros en roca caliza.\u00a0<a title=\"Arrecife\" href=\"https:\/\/fr.wikipedia.org\/wiki\/R%C3%A9cif\" rel=\"nofollow noopener\" target=\"_blank\">arrecifes<\/a>\u00a0ocre o a veces rojizo. Estas calizas, m\u00e1s antiguas que las anteriores, datan del\u00a0<a class=\"mw-redirect\" title=\"Lias (periodo)\" href=\"https:\/\/fr.wikipedia.org\/wiki\/Lias_(%C3%A9poque)\" rel=\"nofollow noopener\" target=\"_blank\">Lias<\/a>\u00a0(<a title=\"Jur\u00e1sico\" href=\"https:\/\/fr.wikipedia.org\/wiki\/Jurassique\" rel=\"nofollow noopener\" target=\"_blank\">Jur\u00e1sico<\/a> inferior). Su naturaleza masiva y resistente explica la estrechez del paso cortado por la rambla, que en algunos puntos s\u00f3lo tiene unos metros de ancho.<sup id=\"cite_ref-merv_1-4\" class=\"reference\"><\/sup><\/p>\n<div class=\"mw-heading mw-heading3\">\n<h5 id=\"Quatri\u00e8me_s\u00e9rie_de_gorges\">Cuarta serie de desfiladeros<\/h5>\n<\/div>\n<p>Estas gargantas, situadas al norte del oasis de Boumalne, se diferencian por estar talladas en rocas m\u00e1s variadas que datan del\u00a0<a title=\"Cret\u00e1cico\" href=\"https:\/\/fr.wikipedia.org\/wiki\/Cr%C3%A9tac%C3%A9\" rel=\"nofollow noopener\" target=\"_blank\">Cret\u00e1cico<\/a>\u00a0y el<a title=\"Eoceno\" href=\"https:\/\/fr.wikipedia.org\/wiki\/%C3%89oc%C3%A8ne\" rel=\"nofollow noopener\" target=\"_blank\">Eoceno<\/a>. Las cl\u00e1sicas gargantas con paredes subverticales talladas en caliza ocre se alternan con estrechamientos en arenisca roja y, en algunos lugares, muestran patrones de c\u00e1rcavas en marga.<sup id=\"cite_ref-merv_1-5\" class=\"reference\"><\/sup><\/p>\n<p>\u00a0<\/p>\n<p>\u00a0<\/p>\t\t\t\t\t\t\t\t<\/div>\n\t\t\t\t<\/div>\n\t\t\t\t<\/div>\n\t\t\t\t<\/div>\n\t\t<div class=\"elementor-element elementor-element-4036eec e-con-full e-flex e-con e-child\" data-id=\"4036eec\" data-element_type=\"container\" data-e-type=\"container\">\n\t\t\t\t<div class=\"elementor-element elementor-element-e21863a elementor-widget__width-inherit entrance-right elementor-widget elementor-widget-image\" data-id=\"e21863a\" data-element_type=\"widget\" data-e-type=\"widget\" data-widget_type=\"image.default\">\n\t\t\t\t<div class=\"elementor-widget-container\">\n\t\t\t\t\t\t\t\t\t\t\t\t\t\t\t<img decoding=\"async\" width=\"1080\" height=\"1173\" src=\"https:\/\/www.ksarighnda.com\/wp-content\/uploads\/2025\/07\/GORGE-DU-DADES-5.jpg\" class=\"attachment-full size-full wp-image-5061\" alt=\"\" srcset=\"https:\/\/www.ksarighnda.com\/wp-content\/uploads\/2025\/07\/GORGE-DU-DADES-5.jpg 1080w, https:\/\/www.ksarighnda.com\/wp-content\/uploads\/2025\/07\/GORGE-DU-DADES-5-276x300.jpg 276w, https:\/\/www.ksarighnda.com\/wp-content\/uploads\/2025\/07\/GORGE-DU-DADES-5-943x1024.jpg 943w, https:\/\/www.ksarighnda.com\/wp-content\/uploads\/2025\/07\/GORGE-DU-DADES-5-768x834.jpg 768w, https:\/\/www.ksarighnda.com\/wp-content\/uploads\/2025\/07\/GORGE-DU-DADES-5-11x12.jpg 11w\" sizes=\"(max-width: 1080px) 100vw, 1080px\" title=\"\">\t\t\t\t\t\t\t\t\t\t\t\t\t\t\t<\/div>\n\t\t\t\t<\/div>\n\t\t\t\t<\/div>\n\t\t\t\t<\/div>\n\t\t<div class=\"elementor-element elementor-element-a1503d0 e-con-full e-flex e-con e-parent\" data-id=\"a1503d0\" data-element_type=\"container\" data-e-type=\"container\">\n\t\t<div class=\"elementor-element elementor-element-27c6639 e-con-full e-flex e-con e-child\" data-id=\"27c6639\" data-element_type=\"container\" data-e-type=\"container\">\n\t\t\t\t<div class=\"elementor-element elementor-element-057dcd0 elementor-widget__width-inherit entrance-left elementor-widget elementor-widget-image\" data-id=\"057dcd0\" data-element_type=\"widget\" data-e-type=\"widget\" data-widget_type=\"image.default\">\n\t\t\t\t<div class=\"elementor-widget-container\">\n\t\t\t\t\t\t\t\t\t\t\t\t\t\t\t<img decoding=\"async\" width=\"1200\" height=\"1600\" src=\"https:\/\/www.ksarighnda.com\/wp-content\/uploads\/2025\/07\/IMG-20241003-WA0080.jpg\" class=\"attachment-full size-full wp-image-4785\" alt=\"\" srcset=\"https:\/\/www.ksarighnda.com\/wp-content\/uploads\/2025\/07\/IMG-20241003-WA0080.jpg 1200w, https:\/\/www.ksarighnda.com\/wp-content\/uploads\/2025\/07\/IMG-20241003-WA0080-225x300.jpg 225w, https:\/\/www.ksarighnda.com\/wp-content\/uploads\/2025\/07\/IMG-20241003-WA0080-768x1024.jpg 768w, https:\/\/www.ksarighnda.com\/wp-content\/uploads\/2025\/07\/IMG-20241003-WA0080-1152x1536.jpg 1152w, https:\/\/www.ksarighnda.com\/wp-content\/uploads\/2025\/07\/IMG-20241003-WA0080-9x12.jpg 9w\" sizes=\"(max-width: 1200px) 100vw, 1200px\" title=\"\">\t\t\t\t\t\t\t\t\t\t\t\t\t\t\t<\/div>\n\t\t\t\t<\/div>\n\t\t\t\t<\/div>\n\t\t<div class=\"elementor-element elementor-element-159af14 e-con-full e-flex e-con e-child\" data-id=\"159af14\" data-element_type=\"container\" data-e-type=\"container\">\n\t\t<div class=\"elementor-element elementor-element-017dc56 e-con-full e-flex e-con e-child\" data-id=\"017dc56\" data-element_type=\"container\" data-e-type=\"container\">\n\t\t\t\t<div class=\"elementor-element elementor-element-b3307b4 entrance-bottom elementor-widget-laptop__width-initial elementor-widget elementor-widget-heading\" data-id=\"b3307b4\" data-element_type=\"widget\" data-e-type=\"widget\" data-widget_type=\"heading.default\">\n\t\t\t\t<div class=\"elementor-widget-container\">\n\t\t\t\t\t<h2 class=\"elementor-heading-title elementor-size-default\">monkey doights<\/h2>\t\t\t\t<\/div>\n\t\t\t\t<\/div>\n\t\t\t\t<div class=\"elementor-element elementor-element-0a0dc57 entrance-bottom elementor-widget elementor-widget-heading\" data-id=\"0a0dc57\" data-element_type=\"widget\" data-e-type=\"widget\" data-widget_type=\"heading.default\">\n\t\t\t\t<div class=\"elementor-widget-container\">\n\t\t\t\t\t<span class=\"elementor-heading-title elementor-size-default\">paseo por el ca\u00f1\u00f3n<\/span>\t\t\t\t<\/div>\n\t\t\t\t<\/div>\n\t\t\t\t<div class=\"elementor-element elementor-element-7199959 elementor-widget-laptop__width-initial entrance-bottom elementor-widget elementor-widget-text-editor\" data-id=\"7199959\" data-element_type=\"widget\" data-e-type=\"widget\" data-widget_type=\"text-editor.default\">\n\t\t\t\t<div class=\"elementor-widget-container\">\n\t\t\t\t\t\t\t\t\t<p>Los \"Dedos de Mono\" est\u00e1n formados por roca erosionada, formando columnas naturales que emergen del suelo.\u00a0<\/p><p>Toda la ruta es totalmente ciclable. Hay algunos obst\u00e1culos en el camino que son un poco dif\u00edciles, pero la ruta es asequible. Tienes que venir como si quisieras hacer una excursi\u00f3n de monta\u00f1a, a veces hay que ir equipado con zapatos para cruzar el agua. La mejor soluci\u00f3n es llevar un gu\u00eda, que nos parece esencial para la ruta. Un gu\u00eda no s\u00f3lo est\u00e1 ah\u00ed para ense\u00f1arte el camino, sino tambi\u00e9n para explicarte la fauna, la flora y las formaciones geol\u00f3gicas de la zona.<\/p><p>El valle del Dades es un paisaje salvaje, con nieve a un lado y semidesierto al otro. Su grandiosidad salvaje y su silencio sobrenatural s\u00f3lo pueden ser igualados por el Gran Ca\u00f1\u00f3n. El r\u00edo forma el valle a lo largo de un camino sinuoso lleno de frutales, nogales, trigales, abedules y almendros, que nos ofrece como tel\u00f3n de fondo espectaculares formaciones rocosas.<\/p><p>El valle del Dades es una de las joyas de Marruecos, un lugar que ofrece una experiencia \u00fanica a todos los que se aventuran por su recorrido, descubriendo la belleza natural y cultural de esta regi\u00f3n del pa\u00eds.<\/p>\t\t\t\t\t\t\t\t<\/div>\n\t\t\t\t<\/div>\n\t\t\t\t<\/div>\n\t\t\t\t<\/div>\n\t\t\t\t<\/div>\n\t\t\t\t<\/div>","protected":false},"excerpt":{"rendered":"<p>D\u00e9couvrez lES GORGES du DADES Group 80-svg Retour aux alentours Des paysages \u00e9poustouflants Situ\u00e9e \u00e0 2h30 de route du Ksar Ighnda, les gorges du Dad\u00e8s est un incontournable pour lequel vous devez vous d\u00e9placer. C\u2019est longues de 25 km que s\u2019\u00e9tendent ces gorges pr\u00e9sentant des falaises \u00e0 la couleur ocre impressionnante. Les habitations de la [&hellip;]<\/p>\n","protected":false},"author":5,"featured_media":0,"parent":111,"menu_order":0,"comment_status":"closed","ping_status":"closed","template":"","meta":{"inline_featured_image":false,"footnotes":""},"class_list":["post-118","page","type-page","status-publish","hentry"],"_links":{"self":[{"href":"https:\/\/www.ksarighnda.com\/es\/wp-json\/wp\/v2\/pages\/118","targetHints":{"allow":["GET"]}}],"collection":[{"href":"https:\/\/www.ksarighnda.com\/es\/wp-json\/wp\/v2\/pages"}],"about":[{"href":"https:\/\/www.ksarighnda.com\/es\/wp-json\/wp\/v2\/types\/page"}],"author":[{"embeddable":true,"href":"https:\/\/www.ksarighnda.com\/es\/wp-json\/wp\/v2\/users\/5"}],"replies":[{"embeddable":true,"href":"https:\/\/www.ksarighnda.com\/es\/wp-json\/wp\/v2\/comments?post=118"}],"version-history":[{"count":58,"href":"https:\/\/www.ksarighnda.com\/es\/wp-json\/wp\/v2\/pages\/118\/revisions"}],"predecessor-version":[{"id":5252,"href":"https:\/\/www.ksarighnda.com\/es\/wp-json\/wp\/v2\/pages\/118\/revisions\/5252"}],"up":[{"embeddable":true,"href":"https:\/\/www.ksarighnda.com\/es\/wp-json\/wp\/v2\/pages\/111"}],"wp:attachment":[{"href":"https:\/\/www.ksarighnda.com\/es\/wp-json\/wp\/v2\/media?parent=118"}],"curies":[{"name":"wp","href":"https:\/\/api.w.org\/{rel}","templated":true}]}}