{"id":115,"date":"2024-07-17T16:44:26","date_gmt":"2024-07-17T14:44:26","guid":{"rendered":"https:\/\/www.ksarighnda.com\/activites-alentours\/alentours\/visiter-ouarzazate\/"},"modified":"2025-07-20T18:31:16","modified_gmt":"2025-07-20T17:31:16","slug":"visitar-ouarzazate","status":"publish","type":"page","link":"https:\/\/www.ksarighnda.com\/es\/activites-alentours\/que-visiter-au-maroc\/visiter-ouarzazate\/","title":{"rendered":"Visitar Ouarzazate"},"content":{"rendered":"<div data-elementor-type=\"wp-page\" data-elementor-id=\"115\" class=\"elementor elementor-115\" data-elementor-post-type=\"page\">\n\t\t\t\t<div class=\"elementor-element elementor-element-50f2e12 e-con-full e-flex e-con e-parent\" data-id=\"50f2e12\" data-element_type=\"container\" data-e-type=\"container\" data-settings=\"{&quot;background_background&quot;:&quot;classic&quot;}\">\n\t\t<div class=\"elementor-element elementor-element-b4cb4ee e-con-full entrance-clip-path-both e-flex e-con e-child\" data-id=\"b4cb4ee\" data-element_type=\"container\" data-e-type=\"container\">\n\t\t\t\t<div class=\"elementor-element elementor-element-a83fea9 elementor-widget__width-inherit elementor-widget elementor-widget-image\" data-id=\"a83fea9\" data-element_type=\"widget\" data-e-type=\"widget\" data-widget_type=\"image.default\">\n\t\t\t\t<div class=\"elementor-widget-container\">\n\t\t\t\t\t\t\t\t\t\t\t\t\t\t\t<img fetchpriority=\"high\" decoding=\"async\" width=\"2117\" height=\"1416\" src=\"https:\/\/www.ksarighnda.com\/wp-content\/uploads\/2024\/08\/GettyImages-1346038016.jpg\" class=\"attachment-full size-full wp-image-2462\" alt=\"\" srcset=\"https:\/\/www.ksarighnda.com\/wp-content\/uploads\/2024\/08\/GettyImages-1346038016.jpg 2117w, https:\/\/www.ksarighnda.com\/wp-content\/uploads\/2024\/08\/GettyImages-1346038016-300x201.jpg 300w, https:\/\/www.ksarighnda.com\/wp-content\/uploads\/2024\/08\/GettyImages-1346038016-1024x685.jpg 1024w, https:\/\/www.ksarighnda.com\/wp-content\/uploads\/2024\/08\/GettyImages-1346038016-768x514.jpg 768w, https:\/\/www.ksarighnda.com\/wp-content\/uploads\/2024\/08\/GettyImages-1346038016-1536x1027.jpg 1536w, https:\/\/www.ksarighnda.com\/wp-content\/uploads\/2024\/08\/GettyImages-1346038016-2048x1370.jpg 2048w, https:\/\/www.ksarighnda.com\/wp-content\/uploads\/2024\/08\/GettyImages-1346038016-18x12.jpg 18w\" sizes=\"(max-width: 2117px) 100vw, 2117px\" title=\"\">\t\t\t\t\t\t\t\t\t\t\t\t\t\t\t<\/div>\n\t\t\t\t<\/div>\n\t\t\t\t<\/div>\n\t\t\t\t<div class=\"elementor-element elementor-element-32bbe05 entrance-bottom  titre-barre elementor-widget elementor-widget-heading\" data-id=\"32bbe05\" data-element_type=\"widget\" data-e-type=\"widget\" data-widget_type=\"heading.default\">\n\t\t\t\t<div class=\"elementor-widget-container\">\n\t\t\t\t\t<span class=\"elementor-heading-title elementor-size-default\">Descubra <\/span>\t\t\t\t<\/div>\n\t\t\t\t<\/div>\n\t\t\t\t<div class=\"elementor-element elementor-element-9116641 entrance-bottom elementor-widget elementor-widget-heading\" data-id=\"9116641\" data-element_type=\"widget\" data-e-type=\"widget\" data-widget_type=\"heading.default\">\n\t\t\t\t<div class=\"elementor-widget-container\">\n\t\t\t\t\t<h1 class=\"elementor-heading-title elementor-size-default\">Ouarzazate<\/h1>\t\t\t\t<\/div>\n\t\t\t\t<\/div>\n\t\t\t\t<div class=\"elementor-element elementor-element-eba7de9 entrance-bottom elementor-widget elementor-widget-heading\" data-id=\"eba7de9\" data-element_type=\"widget\" data-e-type=\"widget\" data-widget_type=\"heading.default\">\n\t\t\t\t<div class=\"elementor-widget-container\">\n\t\t\t\t\t<span class=\"elementor-heading-title elementor-size-default\">y sus alrededores<\/span>\t\t\t\t<\/div>\n\t\t\t\t<\/div>\n\t\t\t\t<div class=\"elementor-element elementor-element-79fb17a btn-fleche-gauche entrance-bottom elementor-align-left elementor-widget elementor-widget-button\" data-id=\"79fb17a\" data-element_type=\"widget\" data-e-type=\"widget\" data-widget_type=\"button.default\">\n\t\t\t\t<div class=\"elementor-widget-container\">\n\t\t\t\t\t\t\t\t\t<div class=\"elementor-button-wrapper\">\n\t\t\t\t\t<a class=\"elementor-button elementor-button-link elementor-size-sm\" href=\"https:\/\/www.ksarighnda.com\/es\/activites-alentours\/que-visiter-au-maroc\/\">\n\t\t\t\t\t\t<span class=\"elementor-button-content-wrapper\">\n\t\t\t\t\t\t<span class=\"elementor-button-icon\">\n\t\t\t\t<svg xmlns=\"http:\/\/www.w3.org\/2000\/svg\" viewbox=\"0 0 28 20\" width=\"28\" height=\"20\"><title>Grupo 80-svg<\/title><style>\t\t.s0 { fill: none;stroke: #5c4932;stroke-linecap: round } \t<\/style><g id=\"Group 80\"><path id=\"Line 11\" fill-rule=\"evenodd\" class=\"s0\" d=\"m27 10h-26\"><\/path><path id=\"Vector 12\" fill-rule=\"evenodd\" class=\"s0\" d=\"m1 9.5c2-1.2 6.9-4.6 10.5-9\"><\/path><path id=\"Vector 13\" fill-rule=\"evenodd\" class=\"s0\" d=\"m1 10c2 1.2 6.9 4.6 10.5 9\"><\/path><\/g><\/svg>\t\t\t<\/span>\n\t\t\t\t\t\t\t\t\t<span class=\"elementor-button-text\">Volver a los alrededores<\/span>\n\t\t\t\t\t<\/span>\n\t\t\t\t\t<\/a>\n\t\t\t\t<\/div>\n\t\t\t\t\t\t\t\t<\/div>\n\t\t\t\t<\/div>\n\t\t\t\t<\/div>\n\t\t<div class=\"elementor-element elementor-element-ce7c837 e-con-full e-flex e-con e-parent\" data-id=\"ce7c837\" data-element_type=\"container\" data-e-type=\"container\">\n\t\t<div class=\"elementor-element elementor-element-80e997a e-con-full e-flex e-con e-child\" data-id=\"80e997a\" data-element_type=\"container\" data-e-type=\"container\">\n\t\t<div class=\"elementor-element elementor-element-8f50b58 e-con-full e-flex e-con e-child\" data-id=\"8f50b58\" data-element_type=\"container\" data-e-type=\"container\">\n\t\t\t\t<div class=\"elementor-element elementor-element-9ccca70 entrance-bottom elementor-widget elementor-widget-heading\" data-id=\"9ccca70\" data-element_type=\"widget\" data-e-type=\"widget\" data-widget_type=\"heading.default\">\n\t\t\t\t<div class=\"elementor-widget-container\">\n\t\t\t\t\t<h2 class=\"elementor-heading-title elementor-size-default\">Presentaci\u00f3n <\/h2>\t\t\t\t<\/div>\n\t\t\t\t<\/div>\n\t\t\t\t<div class=\"elementor-element elementor-element-44d3a89 entrance-bottom elementor-widget elementor-widget-heading\" data-id=\"44d3a89\" data-element_type=\"widget\" data-e-type=\"widget\" data-widget_type=\"heading.default\">\n\t\t\t\t<div class=\"elementor-widget-container\">\n\t\t\t\t\t<span class=\"elementor-heading-title elementor-size-default\">Ouarzazate<\/span>\t\t\t\t<\/div>\n\t\t\t\t<\/div>\n\t\t\t\t<div class=\"elementor-element elementor-element-c9bce02 elementor-widget-laptop__width-initial entrance-bottom elementor-widget elementor-widget-text-editor\" data-id=\"c9bce02\" data-element_type=\"widget\" data-e-type=\"widget\" data-widget_type=\"text-editor.default\">\n\t\t\t\t<div class=\"elementor-widget-container\">\n\t\t\t\t\t\t\t\t\t<p>Situado a 1.150 metros de altitud, en la confluencia del <a href=\"https:\/\/fr.wikipedia.org\/wiki\/Oued\" rel=\"nofollow noopener\" target=\"_blank\">wadis<\/a> <a href=\"https:\/\/fr.wikipedia.org\/wiki\/Dad%C3%A8s\" rel=\"nofollow noopener\" target=\"_blank\">Dades<\/a> y <a href=\"https:\/\/fr.wikipedia.org\/w\/index.php?title=Imini&amp;action=edit&amp;redlink=1\" rel=\"nofollow noopener\" target=\"_blank\">Imini<\/a> formando el <a href=\"https:\/\/fr.wikipedia.org\/wiki\/Dr%C3%A2a\" rel=\"nofollow noopener\" target=\"_blank\">Dr\u00e2a<\/a>Es el principal centro urbano del valle del r\u00edo.<\/p><p>La ciudad se encuentra en las estribaciones meridionales del Alto Atlas central, dominado al oeste por el <a href=\"https:\/\/fr.wikipedia.org\/wiki\/Djebel_Toubkal\" rel=\"nofollow noopener\" target=\"_blank\">Toubkal<\/a> y al noreste por el <a href=\"https:\/\/fr.wikipedia.org\/wiki\/Ighil_M%27Goun\" rel=\"nofollow noopener\" target=\"_blank\">M'goun<\/a>que alcanzan alturas superiores a los 4.000 metros.<\/p><p>Se encuentra en la encrucijada de las rutas que la unen al noroeste con <a href=\"https:\/\/fr.wikipedia.org\/wiki\/Marrakech\" rel=\"nofollow noopener\" target=\"_blank\">Marrakech<\/a> a trav\u00e9s de los pasos del Alto Atlas, cuyo <a href=\"https:\/\/fr.wikipedia.org\/wiki\/Tizi_n%27Tichka\" rel=\"nofollow noopener\" target=\"_blank\">Tizi n'Tichka<\/a> (2.260 metros); al este en <a href=\"https:\/\/fr.wikipedia.org\/wiki\/Tafilalet\" rel=\"nofollow noopener\" target=\"_blank\">Tafilalet<\/a>hacia el sur hasta el valle medio del \u00a0<a href=\"https:\/\/fr.wikipedia.org\/wiki\/Dr%C3%A2a\" rel=\"nofollow noopener\" target=\"_blank\">Dr\u00e2a<\/a>y m\u00e1s all\u00e1 hacia el desierto sahariano; y finalmente hacia el oeste, hacia el valle del <a href=\"https:\/\/fr.wikipedia.org\/wiki\/Souss\" rel=\"nofollow noopener\" target=\"_blank\">Souss<\/a> y la costa atl\u00e1ntica, evitando el macizo del Jebel <a href=\"https:\/\/fr.wikipedia.org\/wiki\/Djebel_Sirwa\" rel=\"nofollow noopener\" target=\"_blank\">Siroua<\/a>.<\/p><p>La zona urbana de Grand-Ouarzazate se extiende al sur del uadi con el pueblo de <a href=\"https:\/\/fr.wikipedia.org\/wiki\/Tabount\" rel=\"nofollow noopener\" target=\"_blank\">Cuenta<\/a> - a veces denominado \"Ouarzazate-Sud\" - que, junto con el <a href=\"https:\/\/fr.wikipedia.org\/wiki\/Kasbah_de_Tifoultoute\" rel=\"nofollow noopener\" target=\"_blank\">kasbah de Tifoultoute<\/a>de la comuna rural de <a href=\"https:\/\/fr.wikipedia.org\/wiki\/Tarmigt\" rel=\"nofollow noopener\" target=\"_blank\">Tarmigt<\/a>.<\/p><p>\u00a0<\/p>\t\t\t\t\t\t\t\t<\/div>\n\t\t\t\t<\/div>\n\t\t\t\t<\/div>\n\t\t\t\t<\/div>\n\t\t<div class=\"elementor-element elementor-element-e7dc86d e-con-full e-flex e-con e-child\" data-id=\"e7dc86d\" data-element_type=\"container\" data-e-type=\"container\">\n\t\t\t\t<div class=\"elementor-element elementor-element-e6e5159 elementor-widget__width-inherit entrance-right elementor-widget elementor-widget-image\" data-id=\"e6e5159\" data-element_type=\"widget\" data-e-type=\"widget\" data-widget_type=\"image.default\">\n\t\t\t\t<div class=\"elementor-widget-container\">\n\t\t\t\t\t\t\t\t\t\t\t\t\t\t\t<img decoding=\"async\" width=\"2560\" height=\"1707\" src=\"https:\/\/www.ksarighnda.com\/wp-content\/uploads\/2024\/07\/alentours-scaled.jpg\" class=\"attachment-full size-full wp-image-1491\" alt=\"\" srcset=\"https:\/\/www.ksarighnda.com\/wp-content\/uploads\/2024\/07\/alentours-scaled.jpg 2560w, https:\/\/www.ksarighnda.com\/wp-content\/uploads\/2024\/07\/alentours-300x200.jpg 300w, https:\/\/www.ksarighnda.com\/wp-content\/uploads\/2024\/07\/alentours-1024x683.jpg 1024w, https:\/\/www.ksarighnda.com\/wp-content\/uploads\/2024\/07\/alentours-768x512.jpg 768w, https:\/\/www.ksarighnda.com\/wp-content\/uploads\/2024\/07\/alentours-1536x1024.jpg 1536w, https:\/\/www.ksarighnda.com\/wp-content\/uploads\/2024\/07\/alentours-2048x1366.jpg 2048w, https:\/\/www.ksarighnda.com\/wp-content\/uploads\/2024\/07\/alentours-18x12.jpg 18w\" sizes=\"(max-width: 2560px) 100vw, 2560px\" title=\"\">\t\t\t\t\t\t\t\t\t\t\t\t\t\t\t<\/div>\n\t\t\t\t<\/div>\n\t\t\t\t<\/div>\n\t\t\t\t<\/div>\n\t\t<div class=\"elementor-element elementor-element-e178519 e-con-full e-flex e-con e-parent\" data-id=\"e178519\" data-element_type=\"container\" data-e-type=\"container\">\n\t\t<div class=\"elementor-element elementor-element-730b90b e-con-full e-flex e-con e-child\" data-id=\"730b90b\" data-element_type=\"container\" data-e-type=\"container\">\n\t\t\t\t<div class=\"elementor-element elementor-element-3362ff4 elementor-widget__width-inherit entrance-left elementor-widget elementor-widget-image\" data-id=\"3362ff4\" data-element_type=\"widget\" data-e-type=\"widget\" data-widget_type=\"image.default\">\n\t\t\t\t<div class=\"elementor-widget-container\">\n\t\t\t\t\t\t\t\t\t\t\t\t\t\t\t<img decoding=\"async\" width=\"2122\" height=\"1412\" src=\"https:\/\/www.ksarighnda.com\/wp-content\/uploads\/2024\/08\/GettyImages-2156798010.jpg\" class=\"attachment-full size-full wp-image-2468\" alt=\"\" srcset=\"https:\/\/www.ksarighnda.com\/wp-content\/uploads\/2024\/08\/GettyImages-2156798010.jpg 2122w, https:\/\/www.ksarighnda.com\/wp-content\/uploads\/2024\/08\/GettyImages-2156798010-300x200.jpg 300w, https:\/\/www.ksarighnda.com\/wp-content\/uploads\/2024\/08\/GettyImages-2156798010-1024x681.jpg 1024w, https:\/\/www.ksarighnda.com\/wp-content\/uploads\/2024\/08\/GettyImages-2156798010-768x511.jpg 768w, https:\/\/www.ksarighnda.com\/wp-content\/uploads\/2024\/08\/GettyImages-2156798010-1536x1022.jpg 1536w, https:\/\/www.ksarighnda.com\/wp-content\/uploads\/2024\/08\/GettyImages-2156798010-2048x1363.jpg 2048w, https:\/\/www.ksarighnda.com\/wp-content\/uploads\/2024\/08\/GettyImages-2156798010-18x12.jpg 18w\" sizes=\"(max-width: 2122px) 100vw, 2122px\" title=\"\">\t\t\t\t\t\t\t\t\t\t\t\t\t\t\t<\/div>\n\t\t\t\t<\/div>\n\t\t\t\t<\/div>\n\t\t<div class=\"elementor-element elementor-element-3cc0e4f e-con-full e-flex e-con e-child\" data-id=\"3cc0e4f\" data-element_type=\"container\" data-e-type=\"container\">\n\t\t<div class=\"elementor-element elementor-element-e029c5d e-con-full e-flex e-con e-child\" data-id=\"e029c5d\" data-element_type=\"container\" data-e-type=\"container\">\n\t\t\t\t<div class=\"elementor-element elementor-element-c2afbc1 entrance-bottom elementor-widget elementor-widget-heading\" data-id=\"c2afbc1\" data-element_type=\"widget\" data-e-type=\"widget\" data-widget_type=\"heading.default\">\n\t\t\t\t<div class=\"elementor-widget-container\">\n\t\t\t\t\t<h2 class=\"elementor-heading-title elementor-size-default\">Kasbah <\/h2>\t\t\t\t<\/div>\n\t\t\t\t<\/div>\n\t\t\t\t<div class=\"elementor-element elementor-element-3eecbfa entrance-bottom elementor-widget elementor-widget-heading\" data-id=\"3eecbfa\" data-element_type=\"widget\" data-e-type=\"widget\" data-widget_type=\"heading.default\">\n\t\t\t\t<div class=\"elementor-widget-container\">\n\t\t\t\t\t<span class=\"elementor-heading-title elementor-size-default\">de Taourirt<\/span>\t\t\t\t<\/div>\n\t\t\t\t<\/div>\n\t\t\t\t<div class=\"elementor-element elementor-element-38baa58 elementor-widget-laptop__width-initial entrance-bottom elementor-widget elementor-widget-text-editor\" data-id=\"38baa58\" data-element_type=\"widget\" data-e-type=\"widget\" data-widget_type=\"text-editor.default\">\n\t\t\t\t<div class=\"elementor-widget-container\">\n\t\t\t\t\t\t\t\t\t<p>Inscrita en la Lista del Patrimonio Mundial de la UNESCO, la Kasbah de Taourirt es testigo del esplendor de la arquitectura amazigh.<\/p><p>Seg\u00fan la tradici\u00f3n oral, la kasbah fue construida en el siglo XVII por los Imzwarn, una poderosa familia local. Pero lo que es m\u00e1s seguro es que la familia Glaoui se hizo cargo de la kasbah y la ampli\u00f3 en el siglo XIX. En el apogeo de su importancia, a finales del siglo XIX, la kasbah controlaba un importante emplazamiento en la confluencia de varios valles fluviales -entre ellos el del <a href=\"https:\/\/en.wikipedia.org\/wiki\/Draa_River\" rel=\"nofollow noopener\" target=\"_blank\">Draa<\/a> y el <a href=\"https:\/\/en.wikipedia.org\/wiki\/Dad%C3%A8s_River\" rel=\"nofollow noopener\" target=\"_blank\">Dades<\/a>- que formaban parte del <a href=\"https:\/\/en.wikipedia.org\/wiki\/Trans-Saharan_trade\" rel=\"nofollow noopener\" target=\"_blank\">Rutas comerciales saharianas<\/a>. Uno de los miembros de la familia Glaoui, <a href=\"https:\/\/en.wikipedia.org\/wiki\/Thami_El_Glaoui\" rel=\"nofollow noopener\" target=\"_blank\">Thami El Glaoui<\/a>era famoso por ser el <a href=\"https:\/\/en.wikipedia.org\/wiki\/Pasha\" rel=\"nofollow noopener\" target=\"_blank\">pacha<\/a> de <a href=\"https:\/\/en.wikipedia.org\/wiki\/Marrakesh\" rel=\"nofollow noopener\" target=\"_blank\">Marrakech<\/a> mientras dure el\u00a0<a href=\"https:\/\/en.wikipedia.org\/wiki\/French_Protectorate_in_Morocco\" rel=\"nofollow noopener\" target=\"_blank\">Dominaci\u00f3n colonial francesa<\/a>\u00a0sobre Marruecos en el siglo XX.<\/p><p>Tras el fin de la dominaci\u00f3n colonial francesa y del control de los Glaoui sobre la regi\u00f3n, la kasbah empez\u00f3 a deteriorarse. En 1954, se incluy\u00f3 en la lista del patrimonio nacional marroqu\u00ed. En 1956, la propiedad pas\u00f3 a manos del Estado marroqu\u00ed, aunque fue devuelta a la familia Glaoui a principios de la d\u00e9cada de 1960.<\/p><p>En 1972, la familia Glaoui vendi\u00f3 la kasbah al municipio de Ouarzazate.<\/p><p>El yacimiento, abandonado hasta finales de la d\u00e9cada de 1980, presenta una arquitectura tradicional bereber de dise\u00f1o complejo y estructuras bien conservadas.<\/p><p>La kasbah presenta paredes de tierra roja y bellos techos de madera de cedro, lo que la convierte en un importante hito cultural.<\/p><p>\u00a0<\/p>\t\t\t\t\t\t\t\t<\/div>\n\t\t\t\t<\/div>\n\t\t\t\t<\/div>\n\t\t\t\t<\/div>\n\t\t\t\t<\/div>\n\t\t\t\t<\/div>","protected":false},"excerpt":{"rendered":"<p>D\u00e9couvrez Ouarzazate et ses alentours Group 80-svg Retour aux alentours Pr\u00e9sentation d&rsquo;Ouarzazate Situ\u00e9e \u00e0 1 150 m\u00e8tres d&rsquo;altitude, \u00e0 la confluence des oueds Dad\u00e8s et Imini formant le Dr\u00e2a, elle est le principal centre urbain de la vall\u00e9e de ce fleuve. La ville se situe sur le pi\u00e9mont sud du Haut-Atlas central, domin\u00e9e \u00e0 l&rsquo;ouest [&hellip;]<\/p>\n","protected":false},"author":5,"featured_media":0,"parent":114,"menu_order":0,"comment_status":"closed","ping_status":"closed","template":"","meta":{"inline_featured_image":false,"footnotes":""},"class_list":["post-115","page","type-page","status-publish","hentry"],"_links":{"self":[{"href":"https:\/\/www.ksarighnda.com\/es\/wp-json\/wp\/v2\/pages\/115","targetHints":{"allow":["GET"]}}],"collection":[{"href":"https:\/\/www.ksarighnda.com\/es\/wp-json\/wp\/v2\/pages"}],"about":[{"href":"https:\/\/www.ksarighnda.com\/es\/wp-json\/wp\/v2\/types\/page"}],"author":[{"embeddable":true,"href":"https:\/\/www.ksarighnda.com\/es\/wp-json\/wp\/v2\/users\/5"}],"replies":[{"embeddable":true,"href":"https:\/\/www.ksarighnda.com\/es\/wp-json\/wp\/v2\/comments?post=115"}],"version-history":[{"count":49,"href":"https:\/\/www.ksarighnda.com\/es\/wp-json\/wp\/v2\/pages\/115\/revisions"}],"predecessor-version":[{"id":5176,"href":"https:\/\/www.ksarighnda.com\/es\/wp-json\/wp\/v2\/pages\/115\/revisions\/5176"}],"up":[{"embeddable":true,"href":"https:\/\/www.ksarighnda.com\/es\/wp-json\/wp\/v2\/pages\/114"}],"wp:attachment":[{"href":"https:\/\/www.ksarighnda.com\/es\/wp-json\/wp\/v2\/media?parent=115"}],"curies":[{"name":"wp","href":"https:\/\/api.w.org\/{rel}","templated":true}]}}