{"id":5397,"date":"2025-08-04T17:15:52","date_gmt":"2025-08-04T16:15:52","guid":{"rendered":"https:\/\/www.ksarighnda.com\/?page_id=5397"},"modified":"2025-08-08T16:54:46","modified_gmt":"2025-08-08T15:54:46","slug":"the-chegaga-desert","status":"publish","type":"page","link":"https:\/\/www.ksarighnda.com\/en\/activites-alentours\/excursions\/le-desert-chegaga\/","title":{"rendered":"The CHEGAGA desert"},"content":{"rendered":"<div data-elementor-type=\"wp-page\" data-elementor-id=\"5397\" class=\"elementor elementor-5397\" data-elementor-post-type=\"page\">\n\t\t\t\t<div class=\"elementor-element elementor-element-280cb79 e-con-full e-flex e-con e-parent\" data-id=\"280cb79\" data-element_type=\"container\" data-e-type=\"container\" data-settings=\"{&quot;background_background&quot;:&quot;classic&quot;}\">\n\t\t<div class=\"elementor-element elementor-element-733b7ac e-con-full entrance-clip-path-both e-flex e-con e-child\" data-id=\"733b7ac\" data-element_type=\"container\" data-e-type=\"container\">\n\t\t\t\t<div class=\"elementor-element elementor-element-508cee1 elementor-widget__width-inherit elementor-widget elementor-widget-image\" data-id=\"508cee1\" data-element_type=\"widget\" data-e-type=\"widget\" data-widget_type=\"image.default\">\n\t\t\t\t<div class=\"elementor-widget-container\">\n\t\t\t\t\t\t\t\t\t\t\t\t\t\t\t<img fetchpriority=\"high\" decoding=\"async\" width=\"2560\" height=\"1912\" src=\"https:\/\/www.ksarighnda.com\/wp-content\/uploads\/2025\/08\/IMG_1396-scaled.jpg\" class=\"attachment-full size-full wp-image-5398\" alt=\"\" srcset=\"https:\/\/www.ksarighnda.com\/wp-content\/uploads\/2025\/08\/IMG_1396-scaled.jpg 2560w, https:\/\/www.ksarighnda.com\/wp-content\/uploads\/2025\/08\/IMG_1396-300x224.jpg 300w, https:\/\/www.ksarighnda.com\/wp-content\/uploads\/2025\/08\/IMG_1396-1024x765.jpg 1024w, https:\/\/www.ksarighnda.com\/wp-content\/uploads\/2025\/08\/IMG_1396-768x574.jpg 768w, https:\/\/www.ksarighnda.com\/wp-content\/uploads\/2025\/08\/IMG_1396-1536x1147.jpg 1536w, https:\/\/www.ksarighnda.com\/wp-content\/uploads\/2025\/08\/IMG_1396-2048x1530.jpg 2048w, https:\/\/www.ksarighnda.com\/wp-content\/uploads\/2025\/08\/IMG_1396-16x12.jpg 16w\" sizes=\"(max-width: 2560px) 100vw, 2560px\" title=\"\">\t\t\t\t\t\t\t\t\t\t\t\t\t\t\t<\/div>\n\t\t\t\t<\/div>\n\t\t\t\t<\/div>\n\t\t\t\t<div class=\"elementor-element elementor-element-400074c entrance-bottom  titre-barre elementor-widget elementor-widget-heading\" data-id=\"400074c\" data-element_type=\"widget\" data-e-type=\"widget\" data-widget_type=\"heading.default\">\n\t\t\t\t<div class=\"elementor-widget-container\">\n\t\t\t\t\t<span class=\"elementor-heading-title elementor-size-default\">Discover <\/span>\t\t\t\t<\/div>\n\t\t\t\t<\/div>\n\t\t\t\t<div class=\"elementor-element elementor-element-5849029 entrance-bottom elementor-widget elementor-widget-heading\" data-id=\"5849029\" data-element_type=\"widget\" data-e-type=\"widget\" data-widget_type=\"heading.default\">\n\t\t\t\t<div class=\"elementor-widget-container\">\n\t\t\t\t\t<h1 class=\"elementor-heading-title elementor-size-default\">The erg chegaga desert<\/h1>\t\t\t\t<\/div>\n\t\t\t\t<\/div>\n\t\t\t\t<div class=\"elementor-element elementor-element-80b97dc btn-fleche-gauche entrance-bottom elementor-align-left elementor-widget elementor-widget-button\" data-id=\"80b97dc\" data-element_type=\"widget\" data-e-type=\"widget\" data-widget_type=\"button.default\">\n\t\t\t\t<div class=\"elementor-widget-container\">\n\t\t\t\t\t\t\t\t\t<div class=\"elementor-button-wrapper\">\n\t\t\t\t\t<a class=\"elementor-button elementor-button-link elementor-size-sm\" href=\"https:\/\/www.ksarighnda.com\/en\/activites-alentours\/que-visiter-au-maroc\/\">\n\t\t\t\t\t\t<span class=\"elementor-button-content-wrapper\">\n\t\t\t\t\t\t<span class=\"elementor-button-icon\">\n\t\t\t\t<svg xmlns=\"http:\/\/www.w3.org\/2000\/svg\" viewbox=\"0 0 28 20\" width=\"28\" height=\"20\"><title>Group 80-svg<\/title><style>\t\t.s0 { fill: none;stroke: #5c4932;stroke-linecap: round } \t<\/style><g id=\"Group 80\"><path id=\"Line 11\" fill-rule=\"evenodd\" class=\"s0\" d=\"m27 10h-26\"><\/path><path id=\"Vector 12\" fill-rule=\"evenodd\" class=\"s0\" d=\"m1 9.5c2-1.2 6.9-4.6 10.5-9\"><\/path><path id=\"Vector 13\" fill-rule=\"evenodd\" class=\"s0\" d=\"m1 10c2 1.2 6.9 4.6 10.5 9\"><\/path><\/g><\/svg>\t\t\t<\/span>\n\t\t\t\t\t\t\t\t\t<span class=\"elementor-button-text\">Back to the surrounding area<\/span>\n\t\t\t\t\t<\/span>\n\t\t\t\t\t<\/a>\n\t\t\t\t<\/div>\n\t\t\t\t\t\t\t\t<\/div>\n\t\t\t\t<\/div>\n\t\t\t\t<\/div>\n\t\t<div class=\"elementor-element elementor-element-67240b0 e-con-full e-flex e-con e-parent\" data-id=\"67240b0\" data-element_type=\"container\" data-e-type=\"container\">\n\t\t<div class=\"elementor-element elementor-element-49c5494 e-con-full e-flex e-con e-child\" data-id=\"49c5494\" data-element_type=\"container\" data-e-type=\"container\">\n\t\t<div class=\"elementor-element elementor-element-0119585 e-con-full e-flex e-con e-child\" data-id=\"0119585\" data-element_type=\"container\" data-e-type=\"container\">\n\t\t\t\t<div class=\"elementor-element elementor-element-01e9723 entrance-bottom elementor-widget elementor-widget-heading\" data-id=\"01e9723\" data-element_type=\"widget\" data-e-type=\"widget\" data-widget_type=\"heading.default\">\n\t\t\t\t<div class=\"elementor-widget-container\">\n\t\t\t\t\t<h2 class=\"elementor-heading-title elementor-size-default\">chegaga<\/h2>\t\t\t\t<\/div>\n\t\t\t\t<\/div>\n\t\t\t\t<div class=\"elementor-element elementor-element-5673309 entrance-bottom elementor-widget elementor-widget-heading\" data-id=\"5673309\" data-element_type=\"widget\" data-e-type=\"widget\" data-widget_type=\"heading.default\">\n\t\t\t\t<div class=\"elementor-widget-container\">\n\t\t\t\t\t<span class=\"elementor-heading-title elementor-size-default\">the Saharan adventure<\/span>\t\t\t\t<\/div>\n\t\t\t\t<\/div>\n\t\t\t\t<div class=\"elementor-element elementor-element-71a67a4 elementor-widget-laptop__width-initial entrance-bottom elementor-widget elementor-widget-text-editor\" data-id=\"71a67a4\" data-element_type=\"widget\" data-e-type=\"widget\" data-widget_type=\"text-editor.default\">\n\t\t\t\t<div class=\"elementor-widget-container\">\n\t\t\t\t\t\t\t\t\t<p>When you think of the Moroccan desert, Merzouga often springs to mind. But further afield, beyond the tarmac roads, another Sahara is revealed. Wilder, quieter, truer: Erg Chegaga.<\/p><p>Here, the dunes stretch endlessly, the sky seems wider, and silence takes over. No crowds, no tourist attractions. Just the sand and the wind. Chegaga isn't something you walk through, it's something you tame. Slowly. Deeply.<\/p><h4><strong>Erg Chegaga, Moroccan desert: the ultimate Saharan adventure<\/strong><\/h4><p>If there's one place in Morocco where the desert reveals itself in all its grandeur, it's Erg Chegaga. Far from the beaten track, this sand sanctuary unfurls its monumental dunes under an infinite sky. An invitation to adventure, raw and majestic.<\/p><h4><strong>A wild and authentic desert in southern Morocco<\/strong><\/h4><p>Located around fifty kilometres west of M'Hamid El Ghizlane, Erg Chegaga lies at the heart of the great desert of southern Morocco. Accessible only by track, this erg is one of the most remote and spectacular in the country. A land of silence and immensity, shaped by the wind and inhabited by light.<\/p><p>Here, the Sahara expresses itself in all its purity: blond dunes as far as the eye can see, shifting ridges sculpted by the winds, alternating fine sand and rocky plateaux. A sea of raw, living sand, where you feel alone in the world.<\/p>\t\t\t\t\t\t\t\t<\/div>\n\t\t\t\t<\/div>\n\t\t\t\t<\/div>\n\t\t\t\t<\/div>\n\t\t<div class=\"elementor-element elementor-element-4036eec e-con-full e-flex e-con e-child\" data-id=\"4036eec\" data-element_type=\"container\" data-e-type=\"container\">\n\t\t\t\t<div class=\"elementor-element elementor-element-e21863a elementor-widget__width-inherit entrance-right elementor-widget elementor-widget-image\" data-id=\"e21863a\" data-element_type=\"widget\" data-e-type=\"widget\" data-widget_type=\"image.default\">\n\t\t\t\t<div class=\"elementor-widget-container\">\n\t\t\t\t\t\t\t\t\t\t\t\t\t\t\t<img decoding=\"async\" width=\"2560\" height=\"1920\" src=\"https:\/\/www.ksarighnda.com\/wp-content\/uploads\/2025\/08\/GOPR0668-scaled.jpg\" class=\"attachment-full size-full wp-image-5399\" alt=\"\" srcset=\"https:\/\/www.ksarighnda.com\/wp-content\/uploads\/2025\/08\/GOPR0668-scaled.jpg 2560w, https:\/\/www.ksarighnda.com\/wp-content\/uploads\/2025\/08\/GOPR0668-300x225.jpg 300w, https:\/\/www.ksarighnda.com\/wp-content\/uploads\/2025\/08\/GOPR0668-1024x768.jpg 1024w, https:\/\/www.ksarighnda.com\/wp-content\/uploads\/2025\/08\/GOPR0668-768x576.jpg 768w, https:\/\/www.ksarighnda.com\/wp-content\/uploads\/2025\/08\/GOPR0668-1536x1152.jpg 1536w, https:\/\/www.ksarighnda.com\/wp-content\/uploads\/2025\/08\/GOPR0668-2048x1536.jpg 2048w, https:\/\/www.ksarighnda.com\/wp-content\/uploads\/2025\/08\/GOPR0668-16x12.jpg 16w\" sizes=\"(max-width: 2560px) 100vw, 2560px\" title=\"\">\t\t\t\t\t\t\t\t\t\t\t\t\t\t\t<\/div>\n\t\t\t\t<\/div>\n\t\t\t\t<\/div>\n\t\t\t\t<\/div>\n\t\t<div class=\"elementor-element elementor-element-a1503d0 e-con-full e-flex e-con e-parent\" data-id=\"a1503d0\" data-element_type=\"container\" data-e-type=\"container\">\n\t\t<div class=\"elementor-element elementor-element-27c6639 e-con-full e-flex e-con e-child\" data-id=\"27c6639\" data-element_type=\"container\" data-e-type=\"container\">\n\t\t\t\t<div class=\"elementor-element elementor-element-057dcd0 elementor-widget__width-inherit entrance-left elementor-widget elementor-widget-image\" data-id=\"057dcd0\" data-element_type=\"widget\" data-e-type=\"widget\" data-widget_type=\"image.default\">\n\t\t\t\t<div class=\"elementor-widget-container\">\n\t\t\t\t\t\t\t\t\t\t\t\t\t\t\t<img decoding=\"async\" width=\"2560\" height=\"1920\" src=\"https:\/\/www.ksarighnda.com\/wp-content\/uploads\/2025\/08\/IMG_3923-scaled.jpg\" class=\"attachment-full size-full wp-image-5400\" alt=\"\" srcset=\"https:\/\/www.ksarighnda.com\/wp-content\/uploads\/2025\/08\/IMG_3923-scaled.jpg 2560w, https:\/\/www.ksarighnda.com\/wp-content\/uploads\/2025\/08\/IMG_3923-300x225.jpg 300w, https:\/\/www.ksarighnda.com\/wp-content\/uploads\/2025\/08\/IMG_3923-1024x768.jpg 1024w, https:\/\/www.ksarighnda.com\/wp-content\/uploads\/2025\/08\/IMG_3923-768x576.jpg 768w, https:\/\/www.ksarighnda.com\/wp-content\/uploads\/2025\/08\/IMG_3923-1536x1152.jpg 1536w, https:\/\/www.ksarighnda.com\/wp-content\/uploads\/2025\/08\/IMG_3923-2048x1536.jpg 2048w, https:\/\/www.ksarighnda.com\/wp-content\/uploads\/2025\/08\/IMG_3923-16x12.jpg 16w\" sizes=\"(max-width: 2560px) 100vw, 2560px\" title=\"\">\t\t\t\t\t\t\t\t\t\t\t\t\t\t\t<\/div>\n\t\t\t\t<\/div>\n\t\t\t\t<div class=\"elementor-element elementor-element-16a8f6f elementor-widget__width-inherit entrance-left elementor-widget elementor-widget-image\" data-id=\"16a8f6f\" data-element_type=\"widget\" data-e-type=\"widget\" data-widget_type=\"image.default\">\n\t\t\t\t<div class=\"elementor-widget-container\">\n\t\t\t\t\t\t\t\t\t\t\t\t\t\t\t<img loading=\"lazy\" decoding=\"async\" width=\"1000\" height=\"704\" src=\"https:\/\/www.ksarighnda.com\/wp-content\/uploads\/2024\/11\/randonnee-desert.jpg\" class=\"attachment-full size-full wp-image-4090\" alt=\"\" srcset=\"https:\/\/www.ksarighnda.com\/wp-content\/uploads\/2024\/11\/randonnee-desert.jpg 1000w, https:\/\/www.ksarighnda.com\/wp-content\/uploads\/2024\/11\/randonnee-desert-300x211.jpg 300w, https:\/\/www.ksarighnda.com\/wp-content\/uploads\/2024\/11\/randonnee-desert-768x541.jpg 768w, https:\/\/www.ksarighnda.com\/wp-content\/uploads\/2024\/11\/randonnee-desert-18x12.jpg 18w\" sizes=\"(max-width: 1000px) 100vw, 1000px\" title=\"\">\t\t\t\t\t\t\t\t\t\t\t\t\t\t\t<\/div>\n\t\t\t\t<\/div>\n\t\t\t\t<\/div>\n\t\t<div class=\"elementor-element elementor-element-159af14 e-con-full e-flex e-con e-child\" data-id=\"159af14\" data-element_type=\"container\" data-e-type=\"container\">\n\t\t<div class=\"elementor-element elementor-element-017dc56 e-con-full e-flex e-con e-child\" data-id=\"017dc56\" data-element_type=\"container\" data-e-type=\"container\">\n\t\t\t\t<div class=\"elementor-element elementor-element-b3307b4 entrance-bottom elementor-widget elementor-widget-heading\" data-id=\"b3307b4\" data-element_type=\"widget\" data-e-type=\"widget\" data-widget_type=\"heading.default\">\n\t\t\t\t<div class=\"elementor-widget-container\">\n\t\t\t\t\t<h2 class=\"elementor-heading-title elementor-size-default\">history<\/h2>\t\t\t\t<\/div>\n\t\t\t\t<\/div>\n\t\t\t\t<div class=\"elementor-element elementor-element-0a0dc57 entrance-bottom elementor-widget elementor-widget-heading\" data-id=\"0a0dc57\" data-element_type=\"widget\" data-e-type=\"widget\" data-widget_type=\"heading.default\">\n\t\t\t\t<div class=\"elementor-widget-container\">\n\t\t\t\t\t<span class=\"elementor-heading-title elementor-size-default\">in the time of nomads<\/span>\t\t\t\t<\/div>\n\t\t\t\t<\/div>\n\t\t\t\t<div class=\"elementor-element elementor-element-7199959 elementor-widget-laptop__width-initial entrance-bottom elementor-widget elementor-widget-text-editor\" data-id=\"7199959\" data-element_type=\"widget\" data-e-type=\"widget\" data-widget_type=\"text-editor.default\">\n\t\t\t\t<div class=\"elementor-widget-container\">\n\t\t\t\t\t\t\t\t\t<h4><strong>Between nomadic traditions and natural heritage<\/strong><\/h4><p>Erg Chegaga belongs to the ancestral territory of the A\u00eft Atta tribes, guardians of a nomadic lifestyle in harmony with the desert. Nearby, <a href=\"https:\/\/desert-maroc.com\/loasis-sacree-doum-laalag\/\" rel=\"nofollow noopener\" target=\"_blank\">the sacred oasis of Oum L\u00e2alag<\/a> protected by palm trees and fed by an unlikely fresh spring in the middle of the sand. This resting place has been a spiritual landmark for caravanners for centuries.<\/p><p>The entire site is part of the Iriki National Park, which protects the region's desert and semi-arid ecosystems. Official recognition for this jewel of the Moroccan desert, whose beauty is as fragile as it is extraordinary.<\/p><h4><strong>What to do in Erg Chegaga?<\/strong><\/h4><p>You discover the desert by experiencing it. At Chegaga, the days are punctuated by simple gestures that take on another dimension: walking in the sand, climbing a dune, listening to the silence. These moments leave their mark, because they refocus.<\/p><p>During your stay at<strong> Ksar Ighnda<\/strong> we organise excursions into the desert. After a good night's sleep in the Ksar, the next day from Ouarzazate, the road heads due south towards Zagora, skirting the Dr\u00e2a palm grove and its adobe ksour. Villages, oases and kasbahs dot this peaceful stretch, which passes through Agdz and Tamgroute (the town of potters).<\/p><p>M'Hamid marks the end of the asphalt. This is where the Saharan adventure really begins.<\/p><p>Far from the crowds and signposted circuits, Erg Chegaga invites you to a rare immersion in the Moroccan desert. Here, there's no overdone d\u00e9cor or staging: just sand, light and silence. It's a living desert, immense and raw, to be discovered slowly and remembered for a long time to come.<\/p><p>Travelling to Chegaga means choosing a trip without the frills. A simple yet powerful adventure. A night under the stars, a sunrise over the dunes, a cup of tea shared by the fire... sometimes that's enough to really switch off.<\/p><p>But for a first step into the Sahara, Chegaga remains the right choice: sincere, accessible and unforgettable.<\/p>\t\t\t\t\t\t\t\t<\/div>\n\t\t\t\t<\/div>\n\t\t\t\t<\/div>\n\t\t\t\t<\/div>\n\t\t\t\t<\/div>\n\t\t\t\t<\/div>","protected":false},"excerpt":{"rendered":"<p>D\u00e9couvrez Le desert erg chegaga Group 80-svg Retour aux alentours chegaga l&rsquo;aventure saharienne Quand on pense au d\u00e9sert marocain, c\u2019est souvent Merzouga qui vient en t\u00eate. Mais plus loin, au-del\u00e0 des routes goudronn\u00e9es, un autre Sahara se d\u00e9voile. Plus sauvage, plus silencieux, plus vrai : l\u2019Erg Chegaga. Ici, les dunes s\u2019\u00e9tendent sans fin, le ciel [&hellip;]<\/p>\n","protected":false},"author":20,"featured_media":0,"parent":111,"menu_order":0,"comment_status":"closed","ping_status":"closed","template":"","meta":{"inline_featured_image":false,"footnotes":""},"class_list":["post-5397","page","type-page","status-publish","hentry"],"_links":{"self":[{"href":"https:\/\/www.ksarighnda.com\/en\/wp-json\/wp\/v2\/pages\/5397","targetHints":{"allow":["GET"]}}],"collection":[{"href":"https:\/\/www.ksarighnda.com\/en\/wp-json\/wp\/v2\/pages"}],"about":[{"href":"https:\/\/www.ksarighnda.com\/en\/wp-json\/wp\/v2\/types\/page"}],"author":[{"embeddable":true,"href":"https:\/\/www.ksarighnda.com\/en\/wp-json\/wp\/v2\/users\/20"}],"replies":[{"embeddable":true,"href":"https:\/\/www.ksarighnda.com\/en\/wp-json\/wp\/v2\/comments?post=5397"}],"version-history":[{"count":20,"href":"https:\/\/www.ksarighnda.com\/en\/wp-json\/wp\/v2\/pages\/5397\/revisions"}],"predecessor-version":[{"id":5480,"href":"https:\/\/www.ksarighnda.com\/en\/wp-json\/wp\/v2\/pages\/5397\/revisions\/5480"}],"up":[{"embeddable":true,"href":"https:\/\/www.ksarighnda.com\/en\/wp-json\/wp\/v2\/pages\/111"}],"wp:attachment":[{"href":"https:\/\/www.ksarighnda.com\/en\/wp-json\/wp\/v2\/media?parent=5397"}],"curies":[{"name":"wp","href":"https:\/\/api.w.org\/{rel}","templated":true}]}}