{"id":4732,"date":"2025-07-07T13:59:33","date_gmt":"2025-07-07T12:59:33","guid":{"rendered":"https:\/\/www.ksarighnda.com\/?page_id=4732"},"modified":"2025-07-20T11:15:03","modified_gmt":"2025-07-20T10:15:03","slug":"the-todra-gorges","status":"publish","type":"page","link":"https:\/\/www.ksarighnda.com\/en\/activites-alentours\/excursions\/les-gorges-du-todra\/","title":{"rendered":"The Todra Gorges"},"content":{"rendered":"<div data-elementor-type=\"wp-page\" data-elementor-id=\"4732\" class=\"elementor elementor-4732\" data-elementor-post-type=\"page\">\n\t\t\t\t<div class=\"elementor-element elementor-element-280cb79 e-con-full e-flex e-con e-parent\" data-id=\"280cb79\" data-element_type=\"container\" data-e-type=\"container\" data-settings=\"{&quot;background_background&quot;:&quot;classic&quot;}\">\n\t\t<div class=\"elementor-element elementor-element-733b7ac e-con-full entrance-clip-path-both e-flex e-con e-child\" data-id=\"733b7ac\" data-element_type=\"container\" data-e-type=\"container\">\n\t\t\t\t<div class=\"elementor-element elementor-element-508cee1 elementor-widget__width-inherit elementor-widget elementor-widget-image\" data-id=\"508cee1\" data-element_type=\"widget\" data-e-type=\"widget\" data-widget_type=\"image.default\">\n\t\t\t\t<div class=\"elementor-widget-container\">\n\t\t\t\t\t\t\t\t\t\t\t\t\t\t\t<img fetchpriority=\"high\" decoding=\"async\" width=\"768\" height=\"1024\" src=\"https:\/\/www.ksarighnda.com\/wp-content\/uploads\/2025\/07\/IMG-20240103-WA0027.jpg\" class=\"attachment-full size-full wp-image-4723\" alt=\"In the province of Tinghir, at an altitude of 1,300 metres, at the foot of the Grand Atlas mountains, 30km long, they are popular with climbers for their walls that can reach 300 metres. In winter, the snow-covered neighbouring peaks offer a fantastic view. In spring, however, the freshness of the climate and the greenery reveal the splendour of the area. The last nomadic shepherds can be found here.\" srcset=\"https:\/\/www.ksarighnda.com\/wp-content\/uploads\/2025\/07\/IMG-20240103-WA0027.jpg 768w, https:\/\/www.ksarighnda.com\/wp-content\/uploads\/2025\/07\/IMG-20240103-WA0027-225x300.jpg 225w, https:\/\/www.ksarighnda.com\/wp-content\/uploads\/2025\/07\/IMG-20240103-WA0027-9x12.jpg 9w\" sizes=\"(max-width: 768px) 100vw, 768px\" title=\"\">\t\t\t\t\t\t\t\t\t\t\t\t\t\t\t<\/div>\n\t\t\t\t<\/div>\n\t\t\t\t<\/div>\n\t\t\t\t<div class=\"elementor-element elementor-element-400074c entrance-bottom  titre-barre elementor-widget elementor-widget-heading\" data-id=\"400074c\" data-element_type=\"widget\" data-e-type=\"widget\" data-widget_type=\"heading.default\">\n\t\t\t\t<div class=\"elementor-widget-container\">\n\t\t\t\t\t<span class=\"elementor-heading-title elementor-size-default\">Discover <\/span>\t\t\t\t<\/div>\n\t\t\t\t<\/div>\n\t\t\t\t<div class=\"elementor-element elementor-element-5849029 entrance-bottom elementor-widget elementor-widget-heading\" data-id=\"5849029\" data-element_type=\"widget\" data-e-type=\"widget\" data-widget_type=\"heading.default\">\n\t\t\t\t<div class=\"elementor-widget-container\">\n\t\t\t\t\t<h1 class=\"elementor-heading-title elementor-size-default\">the todra gorges<\/h1>\t\t\t\t<\/div>\n\t\t\t\t<\/div>\n\t\t\t\t<div class=\"elementor-element elementor-element-80b97dc btn-fleche-gauche entrance-bottom elementor-align-left elementor-widget elementor-widget-button\" data-id=\"80b97dc\" data-element_type=\"widget\" data-e-type=\"widget\" data-widget_type=\"button.default\">\n\t\t\t\t<div class=\"elementor-widget-container\">\n\t\t\t\t\t\t\t\t\t<div class=\"elementor-button-wrapper\">\n\t\t\t\t\t<a class=\"elementor-button elementor-button-link elementor-size-sm\" href=\"https:\/\/www.ksarighnda.com\/en\/activites-alentours\/que-visiter-au-maroc\/\">\n\t\t\t\t\t\t<span class=\"elementor-button-content-wrapper\">\n\t\t\t\t\t\t<span class=\"elementor-button-icon\">\n\t\t\t\t<svg xmlns=\"http:\/\/www.w3.org\/2000\/svg\" viewbox=\"0 0 28 20\" width=\"28\" height=\"20\"><title>Group 80-svg<\/title><style>\t\t.s0 { fill: none;stroke: #5c4932;stroke-linecap: round } \t<\/style><g id=\"Group 80\"><path id=\"Line 11\" fill-rule=\"evenodd\" class=\"s0\" d=\"m27 10h-26\"><\/path><path id=\"Vector 12\" fill-rule=\"evenodd\" class=\"s0\" d=\"m1 9.5c2-1.2 6.9-4.6 10.5-9\"><\/path><path id=\"Vector 13\" fill-rule=\"evenodd\" class=\"s0\" d=\"m1 10c2 1.2 6.9 4.6 10.5 9\"><\/path><\/g><\/svg>\t\t\t<\/span>\n\t\t\t\t\t\t\t\t\t<span class=\"elementor-button-text\">Back to the surrounding area<\/span>\n\t\t\t\t\t<\/span>\n\t\t\t\t\t<\/a>\n\t\t\t\t<\/div>\n\t\t\t\t\t\t\t\t<\/div>\n\t\t\t\t<\/div>\n\t\t\t\t<\/div>\n\t\t<div class=\"elementor-element elementor-element-67240b0 e-con-full e-flex e-con e-parent\" data-id=\"67240b0\" data-element_type=\"container\" data-e-type=\"container\">\n\t\t<div class=\"elementor-element elementor-element-49c5494 e-con-full e-flex e-con e-child\" data-id=\"49c5494\" data-element_type=\"container\" data-e-type=\"container\">\n\t\t<div class=\"elementor-element elementor-element-0119585 e-con-full e-flex e-con e-child\" data-id=\"0119585\" data-element_type=\"container\" data-e-type=\"container\">\n\t\t\t\t<div class=\"elementor-element elementor-element-01e9723 entrance-bottom elementor-widget elementor-widget-heading\" data-id=\"01e9723\" data-element_type=\"widget\" data-e-type=\"widget\" data-widget_type=\"heading.default\">\n\t\t\t\t<div class=\"elementor-widget-container\">\n\t\t\t\t\t<h2 class=\"elementor-heading-title elementor-size-default\">Landscapes<\/h2>\t\t\t\t<\/div>\n\t\t\t\t<\/div>\n\t\t\t\t<div class=\"elementor-element elementor-element-5673309 entrance-bottom elementor-widget elementor-widget-heading\" data-id=\"5673309\" data-element_type=\"widget\" data-e-type=\"widget\" data-widget_type=\"heading.default\">\n\t\t\t\t<div class=\"elementor-widget-container\">\n\t\t\t\t\t<span class=\"elementor-heading-title elementor-size-default\">breathtaking<\/span>\t\t\t\t<\/div>\n\t\t\t\t<\/div>\n\t\t\t\t<div class=\"elementor-element elementor-element-71a67a4 elementor-widget-laptop__width-initial entrance-bottom elementor-widget elementor-widget-text-editor\" data-id=\"71a67a4\" data-element_type=\"widget\" data-e-type=\"widget\" data-widget_type=\"text-editor.default\">\n\t\t\t\t<div class=\"elementor-widget-container\">\n\t\t\t\t\t\t\t\t\t<p>Located 3 hours' drive from Ksar Ighnda, the Todra gorges are a must-see. The Todra Gorge is 30km long and features impressive ochre-coloured cliffs 300 metres high. The region, like the town of Tinghir and the oasis that borders the river, is populated mainly by Amazigh. Situated between the High Atlas and Anti Atlas mountains, the gorges are 1,300 metres high, with peaks reaching 3,000 metres. The Todra palm grove is very dense and extensive, made up of palm and olive trees, and nature is luxuriant. The climate is arid, with cool winters due to the altitude. The Todra gorges are the most beautiful in southern Morocco. Its walls are renowned among climbing enthusiasts.<\/p>\t\t\t\t\t\t\t\t<\/div>\n\t\t\t\t<\/div>\n\t\t\t\t<\/div>\n\t\t\t\t<\/div>\n\t\t<div class=\"elementor-element elementor-element-4036eec e-con-full e-flex e-con e-child\" data-id=\"4036eec\" data-element_type=\"container\" data-e-type=\"container\">\n\t\t\t\t<div class=\"elementor-element elementor-element-e21863a elementor-widget__width-inherit entrance-right elementor-widget elementor-widget-image\" data-id=\"e21863a\" data-element_type=\"widget\" data-e-type=\"widget\" data-widget_type=\"image.default\">\n\t\t\t\t<div class=\"elementor-widget-container\">\n\t\t\t\t\t\t\t\t\t\t\t\t\t\t\t<img decoding=\"async\" width=\"1920\" height=\"2560\" src=\"https:\/\/www.ksarighnda.com\/wp-content\/uploads\/2025\/07\/20241002_095737-scaled.jpg\" class=\"attachment-full size-full wp-image-4726\" alt=\"\" srcset=\"https:\/\/www.ksarighnda.com\/wp-content\/uploads\/2025\/07\/20241002_095737-scaled.jpg 1920w, https:\/\/www.ksarighnda.com\/wp-content\/uploads\/2025\/07\/20241002_095737-225x300.jpg 225w, https:\/\/www.ksarighnda.com\/wp-content\/uploads\/2025\/07\/20241002_095737-768x1024.jpg 768w, https:\/\/www.ksarighnda.com\/wp-content\/uploads\/2025\/07\/20241002_095737-1152x1536.jpg 1152w, https:\/\/www.ksarighnda.com\/wp-content\/uploads\/2025\/07\/20241002_095737-1536x2048.jpg 1536w, https:\/\/www.ksarighnda.com\/wp-content\/uploads\/2025\/07\/20241002_095737-9x12.jpg 9w\" sizes=\"(max-width: 1920px) 100vw, 1920px\" title=\"\">\t\t\t\t\t\t\t\t\t\t\t\t\t\t\t<\/div>\n\t\t\t\t<\/div>\n\t\t\t\t<\/div>\n\t\t\t\t<\/div>\n\t\t<div class=\"elementor-element elementor-element-a1503d0 e-con-full e-flex e-con e-parent\" data-id=\"a1503d0\" data-element_type=\"container\" data-e-type=\"container\">\n\t\t<div class=\"elementor-element elementor-element-27c6639 e-con-full e-flex e-con e-child\" data-id=\"27c6639\" data-element_type=\"container\" data-e-type=\"container\">\n\t\t\t\t<div class=\"elementor-element elementor-element-057dcd0 elementor-widget__width-inherit entrance-left elementor-widget elementor-widget-image\" data-id=\"057dcd0\" data-element_type=\"widget\" data-e-type=\"widget\" data-widget_type=\"image.default\">\n\t\t\t\t<div class=\"elementor-widget-container\">\n\t\t\t\t\t\t\t\t\t\t\t\t\t\t\t<img decoding=\"async\" width=\"1024\" height=\"768\" src=\"https:\/\/www.ksarighnda.com\/wp-content\/uploads\/2025\/07\/IMG-20240103-WA0032.jpg\" class=\"attachment-full size-full wp-image-4724\" alt=\"\" srcset=\"https:\/\/www.ksarighnda.com\/wp-content\/uploads\/2025\/07\/IMG-20240103-WA0032.jpg 1024w, https:\/\/www.ksarighnda.com\/wp-content\/uploads\/2025\/07\/IMG-20240103-WA0032-300x225.jpg 300w, https:\/\/www.ksarighnda.com\/wp-content\/uploads\/2025\/07\/IMG-20240103-WA0032-768x576.jpg 768w, https:\/\/www.ksarighnda.com\/wp-content\/uploads\/2025\/07\/IMG-20240103-WA0032-16x12.jpg 16w\" sizes=\"(max-width: 1024px) 100vw, 1024px\" title=\"\">\t\t\t\t\t\t\t\t\t\t\t\t\t\t\t<\/div>\n\t\t\t\t<\/div>\n\t\t\t\t<\/div>\n\t\t<div class=\"elementor-element elementor-element-159af14 e-con-full e-flex e-con e-child\" data-id=\"159af14\" data-element_type=\"container\" data-e-type=\"container\">\n\t\t<div class=\"elementor-element elementor-element-017dc56 e-con-full e-flex e-con e-child\" data-id=\"017dc56\" data-element_type=\"container\" data-e-type=\"container\">\n\t\t\t\t<div class=\"elementor-element elementor-element-b3307b4 entrance-bottom elementor-widget elementor-widget-heading\" data-id=\"b3307b4\" data-element_type=\"widget\" data-e-type=\"widget\" data-widget_type=\"heading.default\">\n\t\t\t\t<div class=\"elementor-widget-container\">\n\t\t\t\t\t<h2 class=\"elementor-heading-title elementor-size-default\">memorable<\/h2>\t\t\t\t<\/div>\n\t\t\t\t<\/div>\n\t\t\t\t<div class=\"elementor-element elementor-element-0a0dc57 entrance-bottom elementor-widget elementor-widget-heading\" data-id=\"0a0dc57\" data-element_type=\"widget\" data-e-type=\"widget\" data-widget_type=\"heading.default\">\n\t\t\t\t<div class=\"elementor-widget-container\">\n\t\t\t\t\t<span class=\"elementor-heading-title elementor-size-default\">unforgettable<\/span>\t\t\t\t<\/div>\n\t\t\t\t<\/div>\n\t\t\t\t<div class=\"elementor-element elementor-element-7199959 elementor-widget-laptop__width-initial entrance-bottom elementor-widget elementor-widget-text-editor\" data-id=\"7199959\" data-element_type=\"widget\" data-e-type=\"widget\" data-widget_type=\"text-editor.default\">\n\t\t\t\t<div class=\"elementor-widget-container\">\n\t\t\t\t\t\t\t\t\t<p>The Todra valley stretches between the High Atlas in the north and the Djebel Saghro in the south, before disappearing into the Sahara desert. This arid, rocky land is dotted with verdant oases planted with almond, pomegranate, peach, olive and fig trees. After passing through the gorges, the Todra valley climbs back up to the peaks of the High Atlas through a succession of passages, each more beautiful than the last. If you have a 4X4 vehicle, you can climb a track to Tamtatouchte. From there, a beautiful 4X4 excursion will take you to the heart of the Dades Valley. Continue towards M'Semrir, passing through a mineral landscape to the Aguerd N'Zegzdoun pass (2600m). Follow the road down to the bottom of the Dades Gorge, through the Valley of the Apples, to Boumalne Dades. On the way you can meet the last nomadic shepherds and their herds of goats.<\/p>\n<p>\u00a0<\/p>\t\t\t\t\t\t\t\t<\/div>\n\t\t\t\t<\/div>\n\t\t\t\t<\/div>\n\t\t\t\t<\/div>\n\t\t\t\t<\/div>\n\t\t\t\t<\/div>","protected":false},"excerpt":{"rendered":"<p>D\u00e9couvrez lES GORGES du todra Group 80-svg Retour aux alentours Des paysages \u00e9poustouflants Situ\u00e9e \u00e0 3h de route du Ksar Ighnda, les gorges du Todra sont un incontournable pour lequel vous devez vous d\u00e9placer. C&rsquo;est sur une longueur de 30 km que s\u2019\u00e9tendent ces gorges, pr\u00e9sentant des falaises \u00e0 la couleur ocre impressionnante de 300 [&hellip;]<\/p>\n","protected":false},"author":20,"featured_media":0,"parent":111,"menu_order":0,"comment_status":"closed","ping_status":"closed","template":"","meta":{"inline_featured_image":false,"footnotes":""},"class_list":["post-4732","page","type-page","status-publish","hentry"],"_links":{"self":[{"href":"https:\/\/www.ksarighnda.com\/en\/wp-json\/wp\/v2\/pages\/4732","targetHints":{"allow":["GET"]}}],"collection":[{"href":"https:\/\/www.ksarighnda.com\/en\/wp-json\/wp\/v2\/pages"}],"about":[{"href":"https:\/\/www.ksarighnda.com\/en\/wp-json\/wp\/v2\/types\/page"}],"author":[{"embeddable":true,"href":"https:\/\/www.ksarighnda.com\/en\/wp-json\/wp\/v2\/users\/20"}],"replies":[{"embeddable":true,"href":"https:\/\/www.ksarighnda.com\/en\/wp-json\/wp\/v2\/comments?post=4732"}],"version-history":[{"count":8,"href":"https:\/\/www.ksarighnda.com\/en\/wp-json\/wp\/v2\/pages\/4732\/revisions"}],"predecessor-version":[{"id":5145,"href":"https:\/\/www.ksarighnda.com\/en\/wp-json\/wp\/v2\/pages\/4732\/revisions\/5145"}],"up":[{"embeddable":true,"href":"https:\/\/www.ksarighnda.com\/en\/wp-json\/wp\/v2\/pages\/111"}],"wp:attachment":[{"href":"https:\/\/www.ksarighnda.com\/en\/wp-json\/wp\/v2\/media?parent=4732"}],"curies":[{"name":"wp","href":"https:\/\/api.w.org\/{rel}","templated":true}]}}