{"id":119,"date":"2024-07-17T16:44:26","date_gmt":"2024-07-17T14:44:26","guid":{"rendered":"https:\/\/www.ksarighnda.com\/activites-alentours\/alentours\/vallee-du-draa\/"},"modified":"2025-07-08T13:00:09","modified_gmt":"2025-07-08T12:00:09","slug":"rose-valley","status":"publish","type":"page","link":"https:\/\/www.ksarighnda.com\/en\/activites-alentours\/excursions\/vallee-des-roses\/","title":{"rendered":"Valley of the ROSES"},"content":{"rendered":"<div data-elementor-type=\"wp-page\" data-elementor-id=\"119\" class=\"elementor elementor-119\" data-elementor-post-type=\"page\">\n\t\t\t\t<div class=\"elementor-element elementor-element-2146b73 e-con-full e-flex e-con e-parent\" data-id=\"2146b73\" data-element_type=\"container\" data-e-type=\"container\" data-settings=\"{&quot;background_background&quot;:&quot;classic&quot;}\">\n\t\t<div class=\"elementor-element elementor-element-bfc2bf8 e-con-full entrance-clip-path-both e-flex e-con e-child\" data-id=\"bfc2bf8\" data-element_type=\"container\" data-e-type=\"container\">\n\t\t\t\t<div class=\"elementor-element elementor-element-4fc0d1a elementor-widget__width-inherit elementor-widget elementor-widget-image\" data-id=\"4fc0d1a\" data-element_type=\"widget\" data-e-type=\"widget\" data-widget_type=\"image.default\">\n\t\t\t\t<div class=\"elementor-widget-container\">\n\t\t\t\t\t\t\t\t\t\t\t\t\t\t\t<img fetchpriority=\"high\" decoding=\"async\" width=\"768\" height=\"520\" src=\"https:\/\/www.ksarighnda.com\/wp-content\/uploads\/2025\/07\/vallee-des-roses-Kelaat-MGouna.jpg\" class=\"attachment-full size-full wp-image-4748\" alt=\"\" srcset=\"https:\/\/www.ksarighnda.com\/wp-content\/uploads\/2025\/07\/vallee-des-roses-Kelaat-MGouna.jpg 768w, https:\/\/www.ksarighnda.com\/wp-content\/uploads\/2025\/07\/vallee-des-roses-Kelaat-MGouna-300x203.jpg 300w, https:\/\/www.ksarighnda.com\/wp-content\/uploads\/2025\/07\/vallee-des-roses-Kelaat-MGouna-18x12.jpg 18w\" sizes=\"(max-width: 768px) 100vw, 768px\" title=\"\">\t\t\t\t\t\t\t\t\t\t\t\t\t\t\t<\/div>\n\t\t\t\t<\/div>\n\t\t\t\t<\/div>\n\t\t\t\t<div class=\"elementor-element elementor-element-ccc9447 entrance-bottom  titre-barre elementor-widget elementor-widget-heading\" data-id=\"ccc9447\" data-element_type=\"widget\" data-e-type=\"widget\" data-widget_type=\"heading.default\">\n\t\t\t\t<div class=\"elementor-widget-container\">\n\t\t\t\t\t<span class=\"elementor-heading-title elementor-size-default\">Discover <\/span>\t\t\t\t<\/div>\n\t\t\t\t<\/div>\n\t\t\t\t<div class=\"elementor-element elementor-element-7175e3e entrance-bottom elementor-widget-laptop__width-initial elementor-widget elementor-widget-heading\" data-id=\"7175e3e\" data-element_type=\"widget\" data-e-type=\"widget\" data-widget_type=\"heading.default\">\n\t\t\t\t<div class=\"elementor-widget-container\">\n\t\t\t\t\t<h1 class=\"elementor-heading-title elementor-size-default\">THE VALLEY OF ROSES<\/h1>\t\t\t\t<\/div>\n\t\t\t\t<\/div>\n\t\t\t\t<div class=\"elementor-element elementor-element-8bf7ce3 btn-fleche-gauche entrance-bottom elementor-align-left elementor-widget elementor-widget-button\" data-id=\"8bf7ce3\" data-element_type=\"widget\" data-e-type=\"widget\" data-widget_type=\"button.default\">\n\t\t\t\t<div class=\"elementor-widget-container\">\n\t\t\t\t\t\t\t\t\t<div class=\"elementor-button-wrapper\">\n\t\t\t\t\t<a class=\"elementor-button elementor-button-link elementor-size-sm\" href=\"https:\/\/www.ksarighnda.com\/en\/activites-alentours\/que-visiter-au-maroc\/\">\n\t\t\t\t\t\t<span class=\"elementor-button-content-wrapper\">\n\t\t\t\t\t\t<span class=\"elementor-button-icon\">\n\t\t\t\t<svg xmlns=\"http:\/\/www.w3.org\/2000\/svg\" viewbox=\"0 0 28 20\" width=\"28\" height=\"20\"><title>Group 80-svg<\/title><style>\t\t.s0 { fill: none;stroke: #5c4932;stroke-linecap: round } \t<\/style><g id=\"Group 80\"><path id=\"Line 11\" fill-rule=\"evenodd\" class=\"s0\" d=\"m27 10h-26\"><\/path><path id=\"Vector 12\" fill-rule=\"evenodd\" class=\"s0\" d=\"m1 9.5c2-1.2 6.9-4.6 10.5-9\"><\/path><path id=\"Vector 13\" fill-rule=\"evenodd\" class=\"s0\" d=\"m1 10c2 1.2 6.9 4.6 10.5 9\"><\/path><\/g><\/svg>\t\t\t<\/span>\n\t\t\t\t\t\t\t\t\t<span class=\"elementor-button-text\">Back to the surrounding area<\/span>\n\t\t\t\t\t<\/span>\n\t\t\t\t\t<\/a>\n\t\t\t\t<\/div>\n\t\t\t\t\t\t\t\t<\/div>\n\t\t\t\t<\/div>\n\t\t\t\t<\/div>\n\t\t<div class=\"elementor-element elementor-element-3e56978 e-con-full e-flex e-con e-parent\" data-id=\"3e56978\" data-element_type=\"container\" data-e-type=\"container\">\n\t\t<div class=\"elementor-element elementor-element-34cc75a e-con-full e-flex e-con e-child\" data-id=\"34cc75a\" data-element_type=\"container\" data-e-type=\"container\">\n\t\t<div class=\"elementor-element elementor-element-1e317e2 e-con-full e-flex e-con e-child\" data-id=\"1e317e2\" data-element_type=\"container\" data-e-type=\"container\">\n\t\t\t\t<div class=\"elementor-element elementor-element-6022199 entrance-bottom elementor-widget elementor-widget-heading\" data-id=\"6022199\" data-element_type=\"widget\" data-e-type=\"widget\" data-widget_type=\"heading.default\">\n\t\t\t\t<div class=\"elementor-widget-container\">\n\t\t\t\t\t<h2 class=\"elementor-heading-title elementor-size-default\">kelaat m'gouna<\/h2>\t\t\t\t<\/div>\n\t\t\t\t<\/div>\n\t\t\t\t<div class=\"elementor-element elementor-element-e9b15a5 elementor-widget-laptop__width-initial entrance-bottom elementor-widget elementor-widget-text-editor\" data-id=\"e9b15a5\" data-element_type=\"widget\" data-e-type=\"widget\" data-widget_type=\"text-editor.default\">\n\t\t\t\t<div class=\"elementor-widget-container\">\n\t\t\t\t\t\t\t\t\t<p>The Valley of the Roses is one of the most beautiful valleys in the south of the country, with its main entrance near a fortified town called Kelaat M' Gouna. The road to this place leads through a clear valley. A valley that fades into ochre, red and pink tones that contrast with the intense green of the fields that surround the wadi. Damask roses are grown in this valley of Moroccan roses. The story goes that this rose was introduced to Morocco a long time ago by pilgrims from Damascus. Hence the name. And another story says that the famous Damascus rose comes from the Valley of the Roses. In any case, in this place, you can not only enjoy the beauty of these roses, but also the products that are derived from them: essences, cosmetics, etc.<\/p>\t\t\t\t\t\t\t\t<\/div>\n\t\t\t\t<\/div>\n\t\t\t\t<\/div>\n\t\t\t\t<\/div>\n\t\t<div class=\"elementor-element elementor-element-70f04e7 e-con-full e-flex e-con e-child\" data-id=\"70f04e7\" data-element_type=\"container\" data-e-type=\"container\">\n\t\t\t\t<div class=\"elementor-element elementor-element-0992e52 elementor-widget__width-inherit entrance-right elementor-widget elementor-widget-image\" data-id=\"0992e52\" data-element_type=\"widget\" data-e-type=\"widget\" data-widget_type=\"image.default\">\n\t\t\t\t<div class=\"elementor-widget-container\">\n\t\t\t\t\t\t\t\t\t\t\t\t\t\t\t<img decoding=\"async\" width=\"567\" height=\"377\" src=\"https:\/\/www.ksarighnda.com\/wp-content\/uploads\/2025\/07\/VALLEE-DES-ROSES-3.jpeg\" class=\"attachment-full size-full wp-image-4792\" alt=\"\" srcset=\"https:\/\/www.ksarighnda.com\/wp-content\/uploads\/2025\/07\/VALLEE-DES-ROSES-3.jpeg 567w, https:\/\/www.ksarighnda.com\/wp-content\/uploads\/2025\/07\/VALLEE-DES-ROSES-3-300x199.jpeg 300w, https:\/\/www.ksarighnda.com\/wp-content\/uploads\/2025\/07\/VALLEE-DES-ROSES-3-18x12.jpeg 18w\" sizes=\"(max-width: 567px) 100vw, 567px\" title=\"\">\t\t\t\t\t\t\t\t\t\t\t\t\t\t\t<\/div>\n\t\t\t\t<\/div>\n\t\t\t\t<\/div>\n\t\t\t\t<\/div>\n\t\t<div class=\"elementor-element elementor-element-f1827dd e-con-full e-flex e-con e-parent\" data-id=\"f1827dd\" data-element_type=\"container\" data-e-type=\"container\">\n\t\t<div class=\"elementor-element elementor-element-3c6e2bb e-con-full e-flex e-con e-child\" data-id=\"3c6e2bb\" data-element_type=\"container\" data-e-type=\"container\">\n\t\t\t\t<div class=\"elementor-element elementor-element-36e0e3f elementor-widget__width-inherit entrance-left elementor-widget elementor-widget-image\" data-id=\"36e0e3f\" data-element_type=\"widget\" data-e-type=\"widget\" data-widget_type=\"image.default\">\n\t\t\t\t<div class=\"elementor-widget-container\">\n\t\t\t\t\t\t\t\t\t\t\t\t\t\t\t<img decoding=\"async\" width=\"876\" height=\"378\" src=\"https:\/\/www.ksarighnda.com\/wp-content\/uploads\/2025\/07\/VALLEE-DES-ROSES-1.jpeg\" class=\"attachment-full size-full wp-image-4750\" alt=\"\" srcset=\"https:\/\/www.ksarighnda.com\/wp-content\/uploads\/2025\/07\/VALLEE-DES-ROSES-1.jpeg 876w, https:\/\/www.ksarighnda.com\/wp-content\/uploads\/2025\/07\/VALLEE-DES-ROSES-1-300x129.jpeg 300w, https:\/\/www.ksarighnda.com\/wp-content\/uploads\/2025\/07\/VALLEE-DES-ROSES-1-768x331.jpeg 768w, https:\/\/www.ksarighnda.com\/wp-content\/uploads\/2025\/07\/VALLEE-DES-ROSES-1-18x8.jpeg 18w\" sizes=\"(max-width: 876px) 100vw, 876px\" title=\"\">\t\t\t\t\t\t\t\t\t\t\t\t\t\t\t<\/div>\n\t\t\t\t<\/div>\n\t\t\t\t<\/div>\n\t\t<div class=\"elementor-element elementor-element-c5d6059 e-con-full e-flex e-con e-child\" data-id=\"c5d6059\" data-element_type=\"container\" data-e-type=\"container\">\n\t\t<div class=\"elementor-element elementor-element-e4d6b42 e-con-full e-flex e-con e-child\" data-id=\"e4d6b42\" data-element_type=\"container\" data-e-type=\"container\">\n\t\t\t\t<div class=\"elementor-element elementor-element-0aa3b56 entrance-bottom elementor-widget elementor-widget-heading\" data-id=\"0aa3b56\" data-element_type=\"widget\" data-e-type=\"widget\" data-widget_type=\"heading.default\">\n\t\t\t\t<div class=\"elementor-widget-container\">\n\t\t\t\t\t<h2 class=\"elementor-heading-title elementor-size-default\">WHEN TO GO?<\/h2>\t\t\t\t<\/div>\n\t\t\t\t<\/div>\n\t\t\t\t<div class=\"elementor-element elementor-element-3b470a9 elementor-widget-laptop__width-initial entrance-bottom elementor-widget elementor-widget-text-editor\" data-id=\"3b470a9\" data-element_type=\"widget\" data-e-type=\"widget\" data-widget_type=\"text-editor.default\">\n\t\t\t\t<div class=\"elementor-widget-container\">\n\t\t\t\t\t\t\t\t\t<p>In May, when the rose fields are in full bloom, the Rose Festival is celebrated! It generally begins on the first weekend in May each year. This is the best time to enjoy rural life, admire the colourful souk, enjoy the local traditional music and dance, and the election of the rose queen. During the two months when the roses continue to bloom, the landscape is truly magnificent. On average, a thousand tonnes of flowers are harvested each year. Half of the production is dried and the other half distilled to make rose water or ointment. To obtain one kilo of extract, 4 tonnes of roses are needed.<\/p>\t\t\t\t\t\t\t\t<\/div>\n\t\t\t\t<\/div>\n\t\t\t\t<\/div>\n\t\t\t\t<\/div>\n\t\t\t\t<\/div>\n\t\t\t\t<\/div>","protected":false},"excerpt":{"rendered":"<p>D\u00e9couvrez LA Vall\u00e9e des roses Group 80-svg Retour aux alentours kelaat m&rsquo;gouna La vall\u00e9e des roses est l&rsquo;une des plus belles vall\u00e9es du sud du pays, dont l&rsquo;acc\u00e8s principal se trouve aupr\u00e8s d&rsquo;une ville fortifi\u00e9e du nom de Kelaat M&rsquo; Gouna. La route qui m\u00e8ne vers cette place consiste \u00e0 traverser une vall\u00e9e claire. Une [&hellip;]<\/p>\n","protected":false},"author":5,"featured_media":0,"parent":111,"menu_order":0,"comment_status":"closed","ping_status":"closed","template":"","meta":{"inline_featured_image":false,"footnotes":""},"class_list":["post-119","page","type-page","status-publish","hentry"],"_links":{"self":[{"href":"https:\/\/www.ksarighnda.com\/en\/wp-json\/wp\/v2\/pages\/119","targetHints":{"allow":["GET"]}}],"collection":[{"href":"https:\/\/www.ksarighnda.com\/en\/wp-json\/wp\/v2\/pages"}],"about":[{"href":"https:\/\/www.ksarighnda.com\/en\/wp-json\/wp\/v2\/types\/page"}],"author":[{"embeddable":true,"href":"https:\/\/www.ksarighnda.com\/en\/wp-json\/wp\/v2\/users\/5"}],"replies":[{"embeddable":true,"href":"https:\/\/www.ksarighnda.com\/en\/wp-json\/wp\/v2\/comments?post=119"}],"version-history":[{"count":43,"href":"https:\/\/www.ksarighnda.com\/en\/wp-json\/wp\/v2\/pages\/119\/revisions"}],"predecessor-version":[{"id":4798,"href":"https:\/\/www.ksarighnda.com\/en\/wp-json\/wp\/v2\/pages\/119\/revisions\/4798"}],"up":[{"embeddable":true,"href":"https:\/\/www.ksarighnda.com\/en\/wp-json\/wp\/v2\/pages\/111"}],"wp:attachment":[{"href":"https:\/\/www.ksarighnda.com\/en\/wp-json\/wp\/v2\/media?parent=119"}],"curies":[{"name":"wp","href":"https:\/\/api.w.org\/{rel}","templated":true}]}}