{"id":5444,"date":"2025-08-05T17:09:53","date_gmt":"2025-08-05T16:09:53","guid":{"rendered":"https:\/\/www.ksarighnda.com\/?page_id=5444"},"modified":"2025-08-08T16:49:07","modified_gmt":"2025-08-08T15:49:07","slug":"taliouine-la-vallee-du-safran-tal-des-safrans","status":"publish","type":"page","link":"https:\/\/www.ksarighnda.com\/de\/activites-alentours\/excursions\/taliouine-la-vallee-du-safran\/","title":{"rendered":"Taliouine - das Tal des Safrans"},"content":{"rendered":"<div data-elementor-type=\"wp-page\" data-elementor-id=\"5444\" class=\"elementor elementor-5444\" data-elementor-post-type=\"page\">\n\t\t\t\t<div class=\"elementor-element elementor-element-280cb79 e-con-full e-flex e-con e-parent\" data-id=\"280cb79\" data-element_type=\"container\" data-e-type=\"container\" data-settings=\"{&quot;background_background&quot;:&quot;classic&quot;}\">\n\t\t<div class=\"elementor-element elementor-element-733b7ac e-con-full entrance-clip-path-both e-flex e-con e-child\" data-id=\"733b7ac\" data-element_type=\"container\" data-e-type=\"container\">\n\t\t\t\t<div class=\"elementor-element elementor-element-508cee1 elementor-widget__width-inherit elementor-widget elementor-widget-image\" data-id=\"508cee1\" data-element_type=\"widget\" data-e-type=\"widget\" data-widget_type=\"image.default\">\n\t\t\t\t<div class=\"elementor-widget-container\">\n\t\t\t\t\t\t\t\t\t\t\t\t\t\t\t<img fetchpriority=\"high\" decoding=\"async\" width=\"448\" height=\"369\" src=\"https:\/\/www.ksarighnda.com\/wp-content\/uploads\/2025\/08\/TALIOUINE-4.jpeg\" class=\"attachment-full size-full wp-image-5445\" alt=\"\" srcset=\"https:\/\/www.ksarighnda.com\/wp-content\/uploads\/2025\/08\/TALIOUINE-4.jpeg 448w, https:\/\/www.ksarighnda.com\/wp-content\/uploads\/2025\/08\/TALIOUINE-4-300x247.jpeg 300w, https:\/\/www.ksarighnda.com\/wp-content\/uploads\/2025\/08\/TALIOUINE-4-15x12.jpeg 15w\" sizes=\"(max-width: 448px) 100vw, 448px\" title=\"\">\t\t\t\t\t\t\t\t\t\t\t\t\t\t\t<\/div>\n\t\t\t\t<\/div>\n\t\t\t\t<\/div>\n\t\t\t\t<div class=\"elementor-element elementor-element-400074c entrance-bottom  titre-barre elementor-widget elementor-widget-heading\" data-id=\"400074c\" data-element_type=\"widget\" data-e-type=\"widget\" data-widget_type=\"heading.default\">\n\t\t\t\t<div class=\"elementor-widget-container\">\n\t\t\t\t\t<span class=\"elementor-heading-title elementor-size-default\">Entdecken Sie <\/span>\t\t\t\t<\/div>\n\t\t\t\t<\/div>\n\t\t\t\t<div class=\"elementor-element elementor-element-5849029 entrance-bottom elementor-widget elementor-widget-heading\" data-id=\"5849029\" data-element_type=\"widget\" data-e-type=\"widget\" data-widget_type=\"heading.default\">\n\t\t\t\t<div class=\"elementor-widget-container\">\n\t\t\t\t\t<h1 class=\"elementor-heading-title elementor-size-default\">TALIOUINE &amp; DAS TAL DES SAFRAN<\/h1>\t\t\t\t<\/div>\n\t\t\t\t<\/div>\n\t\t\t\t<div class=\"elementor-element elementor-element-80b97dc btn-fleche-gauche entrance-bottom elementor-align-left elementor-widget elementor-widget-button\" data-id=\"80b97dc\" data-element_type=\"widget\" data-e-type=\"widget\" data-widget_type=\"button.default\">\n\t\t\t\t<div class=\"elementor-widget-container\">\n\t\t\t\t\t\t\t\t\t<div class=\"elementor-button-wrapper\">\n\t\t\t\t\t<a class=\"elementor-button elementor-button-link elementor-size-sm\" href=\"https:\/\/www.ksarighnda.com\/de\/activites-alentours\/que-visiter-au-maroc\/\">\n\t\t\t\t\t\t<span class=\"elementor-button-content-wrapper\">\n\t\t\t\t\t\t<span class=\"elementor-button-icon\">\n\t\t\t\t<svg xmlns=\"http:\/\/www.w3.org\/2000\/svg\" viewbox=\"0 0 28 20\" width=\"28\" height=\"20\"><title>Gruppe 80-svg<\/title><style>\t\t.s0 { fill: none;stroke: #5c4932;stroke-linecap: round } \t<\/style><g id=\"Group 80\"><path id=\"Line 11\" fill-rule=\"evenodd\" class=\"s0\" d=\"m27 10h-26\"><\/path><path id=\"Vector 12\" fill-rule=\"evenodd\" class=\"s0\" d=\"m1 9.5c2-1.2 6.9-4.6 10.5-9\"><\/path><path id=\"Vector 13\" fill-rule=\"evenodd\" class=\"s0\" d=\"m1 10c2 1.2 6.9 4.6 10.5 9\"><\/path><\/g><\/svg>\t\t\t<\/span>\n\t\t\t\t\t\t\t\t\t<span class=\"elementor-button-text\">Zur\u00fcck in die Umgebung<\/span>\n\t\t\t\t\t<\/span>\n\t\t\t\t\t<\/a>\n\t\t\t\t<\/div>\n\t\t\t\t\t\t\t\t<\/div>\n\t\t\t\t<\/div>\n\t\t\t\t<\/div>\n\t\t<div class=\"elementor-element elementor-element-67240b0 e-con-full e-flex e-con e-parent\" data-id=\"67240b0\" data-element_type=\"container\" data-e-type=\"container\">\n\t\t<div class=\"elementor-element elementor-element-49c5494 e-con-full e-flex e-con e-child\" data-id=\"49c5494\" data-element_type=\"container\" data-e-type=\"container\">\n\t\t<div class=\"elementor-element elementor-element-0119585 e-con-full e-flex e-con e-child\" data-id=\"0119585\" data-element_type=\"container\" data-e-type=\"container\">\n\t\t\t\t<div class=\"elementor-element elementor-element-01e9723 entrance-bottom elementor-widget elementor-widget-heading\" data-id=\"01e9723\" data-element_type=\"widget\" data-e-type=\"widget\" data-widget_type=\"heading.default\">\n\t\t\t\t<div class=\"elementor-widget-container\">\n\t\t\t\t\t<h2 class=\"elementor-heading-title elementor-size-default\">TALIOUINE<\/h2>\t\t\t\t<\/div>\n\t\t\t\t<\/div>\n\t\t\t\t<div class=\"elementor-element elementor-element-5673309 entrance-bottom elementor-widget elementor-widget-heading\" data-id=\"5673309\" data-element_type=\"widget\" data-e-type=\"widget\" data-widget_type=\"heading.default\">\n\t\t\t\t<div class=\"elementor-widget-container\">\n\t\t\t\t\t<span class=\"elementor-heading-title elementor-size-default\">die Hauptstadt des roten Goldes<\/span>\t\t\t\t<\/div>\n\t\t\t\t<\/div>\n\t\t\t\t<div class=\"elementor-element elementor-element-71a67a4 elementor-widget-laptop__width-initial entrance-bottom elementor-widget elementor-widget-text-editor\" data-id=\"71a67a4\" data-element_type=\"widget\" data-e-type=\"widget\" data-widget_type=\"text-editor.default\">\n\t\t\t\t<div class=\"elementor-widget-container\">\n\t\t\t\t\t\t\t\t\t<p>Taliouine wird als Hauptstadt des roten Goldes bezeichnet, und der Safrananbau ist eine der wichtigsten Kulturen, die einen Gro\u00dfteil der lokalen Bev\u00f6lkerung besch\u00e4ftigt und ihnen die M\u00f6glichkeit gibt, zu arbeiten und ein Einkommen zu erzielen, da es sich um eine aufgrund des hohen Preises von Safran notwendige Kultur handelt und der Anbau und Handel daher zu einem wichtigen Einkommen f\u00fcr die Familien geworden ist.<\/p><p>Eingebettet in zauberhafte Landschaften in der wundersch\u00f6nen Region Souss Massa erstreckt sich dieses kleine Dorf auf einer H\u00f6he von 1080 Metern, nur 2,5 Stunden vom <strong>Ksar Ighnda.<\/strong><\/p><p>\u00a0Umgeben von einer \u00fcberw\u00e4ltigenden Natursch\u00f6nheit beherbergt es eines der beeindruckendsten geologischen Faltengebilde Marokkos.<\/p><p>Sein reiches kulturelles Erbe und seine einzigartigen Natursch\u00e4tze machen es zu einem unumg\u00e4nglichen Ziel f\u00fcr Reisende, die auf der Suche nach Authentizit\u00e4t und Entdeckungen sind.<\/p><h4><strong>Die historische Erz\u00e4hlung von Taliouine<\/strong><\/h4><p>Die Geschichte von Taliouine reicht weit in die Vergangenheit zur\u00fcck und zeugt von dem kulturellen und historischen Reichtum der Region. Die Stadt liegt im Souss-Tal und wurde von verschiedenen Zivilisationen beeinflusst, die im Laufe der Jahrhunderte ihre Spuren hinterlassen haben.<\/p><p>Schon in pr\u00e4historischer Zeit wurde die Region von Berbergemeinschaften bewohnt, die in Harmonie mit der umgebenden Natur lebten. Im Laufe der Zeit entwickelte sich ein reger Handelsaustausch mit anderen Zivilisationen des Mittelmeerraums, insbesondere mit den Ph\u00f6niziern und den R\u00f6mern.<\/p><p>W\u00e4hrend der islamischen Periode wurde Taliouine in die lokalen Berberdynastien wie die Almoraviden und Almohaden integriert. Diese Dynastien f\u00f6rderten die wirtschaftliche und kulturelle Entwicklung der Region und trugen zum Aufschwung der Landwirtschaft und des Handels bei.<\/p><p>Safran, der oft als rotes Gold bezeichnet wird, hat eine entscheidende Rolle f\u00fcr die Wirtschaft und den Ruf der Region gespielt. Seit Jahrhunderten bauen die Bewohner von Taliouine das kostbare Gew\u00fcrz an und ernten es, was zur Pr\u00e4gung ihrer Identit\u00e4t beigetragen und die Stadt zur Safranhauptstadt Marokkos gemacht hat.\u00a0<\/p><p>Ebenso spielte der Arganbaum auch eine gro\u00dfe Rolle bei der Entwicklung von Taliouine. Die Berber haben die Vorz\u00fcge des Arganbaums schon vor Urzeiten entdeckt, als sie aus seinen Fr\u00fcchten Argan\u00f6l gewannen, das f\u00fcr seine n\u00e4hrenden und medizinischen Eigenschaften bekannt ist.<\/p><p>Heute wird die Geschichte von Taliouine von seiner Gemeinschaft mit Stolz bewahrt und zeugt von dem reichen und vielf\u00e4ltigen Erbe der Region. Die Traditionen der Berber leben weiter, der bl\u00fchende Safrananbau und die Produktion von Argan\u00f6l sind nach wie vor tragende S\u00e4ulen der lokalen Wirtschaft.<\/p>\t\t\t\t\t\t\t\t<\/div>\n\t\t\t\t<\/div>\n\t\t\t\t<\/div>\n\t\t\t\t<\/div>\n\t\t<div class=\"elementor-element elementor-element-4036eec e-con-full e-flex e-con e-child\" data-id=\"4036eec\" data-element_type=\"container\" data-e-type=\"container\">\n\t\t\t\t<div class=\"elementor-element elementor-element-e21863a elementor-widget__width-inherit entrance-right elementor-widget elementor-widget-image\" data-id=\"e21863a\" data-element_type=\"widget\" data-e-type=\"widget\" data-widget_type=\"image.default\">\n\t\t\t\t<div class=\"elementor-widget-container\">\n\t\t\t\t\t\t\t\t\t\t\t\t\t\t\t<img decoding=\"async\" width=\"548\" height=\"361\" src=\"https:\/\/www.ksarighnda.com\/wp-content\/uploads\/2025\/08\/taliouine-6.jpeg\" class=\"attachment-full size-full wp-image-5452\" alt=\"\" srcset=\"https:\/\/www.ksarighnda.com\/wp-content\/uploads\/2025\/08\/taliouine-6.jpeg 548w, https:\/\/www.ksarighnda.com\/wp-content\/uploads\/2025\/08\/taliouine-6-300x198.jpeg 300w, https:\/\/www.ksarighnda.com\/wp-content\/uploads\/2025\/08\/taliouine-6-18x12.jpeg 18w\" sizes=\"(max-width: 548px) 100vw, 548px\" title=\"\">\t\t\t\t\t\t\t\t\t\t\t\t\t\t\t<\/div>\n\t\t\t\t<\/div>\n\t\t\t\t<div class=\"elementor-element elementor-element-cf18149 elementor-widget__width-inherit entrance-right elementor-widget elementor-widget-image\" data-id=\"cf18149\" data-element_type=\"widget\" data-e-type=\"widget\" data-widget_type=\"image.default\">\n\t\t\t\t<div class=\"elementor-widget-container\">\n\t\t\t\t\t\t\t\t\t\t\t\t\t\t\t<img decoding=\"async\" width=\"515\" height=\"372\" src=\"https:\/\/www.ksarighnda.com\/wp-content\/uploads\/2025\/08\/SAFRAN-1.jpeg\" class=\"attachment-full size-full wp-image-5474\" alt=\"\" srcset=\"https:\/\/www.ksarighnda.com\/wp-content\/uploads\/2025\/08\/SAFRAN-1.jpeg 515w, https:\/\/www.ksarighnda.com\/wp-content\/uploads\/2025\/08\/SAFRAN-1-300x217.jpeg 300w, https:\/\/www.ksarighnda.com\/wp-content\/uploads\/2025\/08\/SAFRAN-1-18x12.jpeg 18w\" sizes=\"(max-width: 515px) 100vw, 515px\" title=\"\">\t\t\t\t\t\t\t\t\t\t\t\t\t\t\t<\/div>\n\t\t\t\t<\/div>\n\t\t\t\t<\/div>\n\t\t\t\t<\/div>\n\t\t<div class=\"elementor-element elementor-element-a1503d0 e-con-full e-flex e-con e-parent\" data-id=\"a1503d0\" data-element_type=\"container\" data-e-type=\"container\">\n\t\t<div class=\"elementor-element elementor-element-27c6639 e-con-full e-flex e-con e-child\" data-id=\"27c6639\" data-element_type=\"container\" data-e-type=\"container\">\n\t\t\t\t<div class=\"elementor-element elementor-element-057dcd0 elementor-widget__width-inherit entrance-left elementor-widget elementor-widget-image\" data-id=\"057dcd0\" data-element_type=\"widget\" data-e-type=\"widget\" data-widget_type=\"image.default\">\n\t\t\t\t<div class=\"elementor-widget-container\">\n\t\t\t\t\t\t\t\t\t\t\t\t\t\t\t<img loading=\"lazy\" decoding=\"async\" width=\"566\" height=\"380\" src=\"https:\/\/www.ksarighnda.com\/wp-content\/uploads\/2025\/08\/TALIOUINE-3.jpeg\" class=\"attachment-full size-full wp-image-5446\" alt=\"\" srcset=\"https:\/\/www.ksarighnda.com\/wp-content\/uploads\/2025\/08\/TALIOUINE-3.jpeg 566w, https:\/\/www.ksarighnda.com\/wp-content\/uploads\/2025\/08\/TALIOUINE-3-300x201.jpeg 300w, https:\/\/www.ksarighnda.com\/wp-content\/uploads\/2025\/08\/TALIOUINE-3-18x12.jpeg 18w\" sizes=\"(max-width: 566px) 100vw, 566px\" title=\"\">\t\t\t\t\t\t\t\t\t\t\t\t\t\t\t<\/div>\n\t\t\t\t<\/div>\n\t\t\t\t<div class=\"elementor-element elementor-element-fe23f21 elementor-widget__width-inherit entrance-left elementor-widget elementor-widget-image\" data-id=\"fe23f21\" data-element_type=\"widget\" data-e-type=\"widget\" data-widget_type=\"image.default\">\n\t\t\t\t<div class=\"elementor-widget-container\">\n\t\t\t\t\t\t\t\t\t\t\t\t\t\t\t<img loading=\"lazy\" decoding=\"async\" width=\"237\" height=\"376\" src=\"https:\/\/www.ksarighnda.com\/wp-content\/uploads\/2025\/08\/TALIOUINE-2.jpeg\" class=\"attachment-full size-full wp-image-5447\" alt=\"\" srcset=\"https:\/\/www.ksarighnda.com\/wp-content\/uploads\/2025\/08\/TALIOUINE-2.jpeg 237w, https:\/\/www.ksarighnda.com\/wp-content\/uploads\/2025\/08\/TALIOUINE-2-189x300.jpeg 189w, https:\/\/www.ksarighnda.com\/wp-content\/uploads\/2025\/08\/TALIOUINE-2-8x12.jpeg 8w\" sizes=\"(max-width: 237px) 100vw, 237px\" title=\"\">\t\t\t\t\t\t\t\t\t\t\t\t\t\t\t<\/div>\n\t\t\t\t<\/div>\n\t\t\t\t<\/div>\n\t\t<div class=\"elementor-element elementor-element-159af14 e-con-full e-flex e-con e-child\" data-id=\"159af14\" data-element_type=\"container\" data-e-type=\"container\">\n\t\t<div class=\"elementor-element elementor-element-017dc56 e-con-full e-flex e-con e-child\" data-id=\"017dc56\" data-element_type=\"container\" data-e-type=\"container\">\n\t\t\t\t<div class=\"elementor-element elementor-element-b3307b4 entrance-bottom elementor-widget-laptop__width-initial elementor-widget elementor-widget-heading\" data-id=\"b3307b4\" data-element_type=\"widget\" data-e-type=\"widget\" data-widget_type=\"heading.default\">\n\t\t\t\t<div class=\"elementor-widget-container\">\n\t\t\t\t\t<h2 class=\"elementor-heading-title elementor-size-default\">GESCHICHTE &amp; KULTUR<\/h2>\t\t\t\t<\/div>\n\t\t\t\t<\/div>\n\t\t\t\t<div class=\"elementor-element elementor-element-0a0dc57 entrance-bottom elementor-widget elementor-widget-heading\" data-id=\"0a0dc57\" data-element_type=\"widget\" data-e-type=\"widget\" data-widget_type=\"heading.default\">\n\t\t\t\t<div class=\"elementor-widget-container\">\n\t\t\t\t\t<span class=\"elementor-heading-title elementor-size-default\">eine authentische Region<\/span>\t\t\t\t<\/div>\n\t\t\t\t<\/div>\n\t\t\t\t<div class=\"elementor-element elementor-element-7199959 elementor-widget-laptop__width-initial entrance-bottom elementor-widget elementor-widget-text-editor\" data-id=\"7199959\" data-element_type=\"widget\" data-e-type=\"widget\" data-widget_type=\"text-editor.default\">\n\t\t\t\t<div class=\"elementor-widget-container\">\n\t\t\t\t\t\t\t\t\t<h4><strong>Erkunden Sie die Felder von Safran.<\/strong>\u00a0<\/h4><p>Das wundersch\u00f6ne Dorf Taliouine ist f\u00fcr seine Safranproduktion bekannt. In der Tat beherbergt diese Region 90 % der nationalen Produktion dieses wertvollen Gew\u00fcrzes. Die Safranfelder erstrecken sich so weit das Auge reicht und bieten einen atemberaubenden Anblick.<\/p><p>Bei einem Spaziergang durch die Safranfelder werden Sie von den Reihen der purpurroten Bl\u00fcten begeistert sein, die in ihrer Farbe explodieren und einen bet\u00f6renden Duft verstr\u00f6men. Sie haben auch die M\u00f6glichkeit, aktiv am Prozess der Safranernte teilzunehmen.<\/p><p>Die Besucher k\u00f6nnen die traditionellen Techniken des Pfl\u00fcckens der Krokusbl\u00fcten erlernen, die dann vorsichtig getrennt werden, um die wertvollen Safranstempel zu extrahieren. Dieses immersive Erlebnis vermittelt einen Eindruck von der sorgf\u00e4ltigen Arbeit, die zur Herstellung dieses begehrten Gew\u00fcrzes erforderlich ist.<\/p><h4><strong>Erkundung von H\u00f6hlen.<\/strong><\/h4><p>Der Besuch der Berberh\u00f6hlen ist ein fesselndes Erlebnis, bei dem die Besucher das historische und kulturelle Erbe der Berbergemeinschaften in der Region erkunden k\u00f6nnen.<\/p><p>Diese H\u00f6hlen spielten jahrhundertelang eine wichtige Rolle im Leben der Berber.<\/p><p>Sie wurden fr\u00fcher als Behausungen genutzt und boten einen nat\u00fcrlichen Schutz vor den Elementen.<\/p><p>Die Berber lie\u00dfen sich dort nieder und schufen im Inneren dieser Felsformationen komfortable Lebensr\u00e4ume. Auch heute noch werden einige dieser H\u00f6hlen von Berberfamilien bewohnt, die damit eine jahrhundertealte Tradition fortsetzen.<\/p><p>Beim Besuch dieser H\u00f6hlen haben Reisende die einmalige Gelegenheit, die traditionelle Lebensweise der Berber kennenzulernen und den Einfallsreichtum ihrer Architektur zu bewundern.\u00a0<\/p><h4><strong>Die Entdeckung der Agadiren<\/strong><\/h4><p>Der Besuch der Agadire ist eine einzigartige Gelegenheit, in die faszinierende Geschichte von Taliouine und seiner Umgebung einzutauchen.<\/p><p>Agadire sind traditionelle befestigte Bauten, die oft auf H\u00fcgeln stehen und eine entscheidende Rolle im t\u00e4glichen Leben der lokalen Berbergemeinschaften spielten.<\/p><p>Diese uralten architektonischen Strukturen zeugen von dem Einfallsreichtum und dem K\u00f6nnen der fr\u00fcheren Bewohner der Region. Sie sind au\u00dferdem eine greifbare Erinnerung an die Bedeutung der Landwirtschaft und der Ern\u00e4hrungssicherheit im Leben der lokalen Gemeinschaften.<\/p><p>Zu den interessantesten Agadiren, die Sie in Taliouine besuchen k\u00f6nnen, geh\u00f6rt ein Agadir, den Sie nicht verpassen sollten. Er befindet sich auf der Ostseite der Stadt und ist leicht zu erreichen, indem Sie das Wadi \u00fcberqueren und leicht klettern. Das zweite Agadir befindet sich gegen\u00fcber der Br\u00fccke von Taliouine auf der Westseite.<\/p>\t\t\t\t\t\t\t\t<\/div>\n\t\t\t\t<\/div>\n\t\t\t\t<\/div>\n\t\t\t\t<\/div>\n\t\t\t\t<\/div>\n\t\t\t\t<\/div>","protected":false},"excerpt":{"rendered":"<p>D\u00e9couvrez TALIOUINE &amp; LA VALLEE DU SAFRAN Group 80-svg Retour aux alentours TALIOUINE la capitale de l&rsquo;or rouge Taliouine est appel\u00e9e la capitale de l&rsquo;or rouge, et la culture du safran est l&rsquo;une des cultures les plus importantes qui emploie une grande partie de la population locale et leur donne la possibilit\u00e9 de travailler et [&hellip;]<\/p>\n","protected":false},"author":20,"featured_media":0,"parent":111,"menu_order":0,"comment_status":"closed","ping_status":"closed","template":"","meta":{"inline_featured_image":false,"footnotes":""},"class_list":["post-5444","page","type-page","status-publish","hentry"],"_links":{"self":[{"href":"https:\/\/www.ksarighnda.com\/de\/wp-json\/wp\/v2\/pages\/5444","targetHints":{"allow":["GET"]}}],"collection":[{"href":"https:\/\/www.ksarighnda.com\/de\/wp-json\/wp\/v2\/pages"}],"about":[{"href":"https:\/\/www.ksarighnda.com\/de\/wp-json\/wp\/v2\/types\/page"}],"author":[{"embeddable":true,"href":"https:\/\/www.ksarighnda.com\/de\/wp-json\/wp\/v2\/users\/20"}],"replies":[{"embeddable":true,"href":"https:\/\/www.ksarighnda.com\/de\/wp-json\/wp\/v2\/comments?post=5444"}],"version-history":[{"count":14,"href":"https:\/\/www.ksarighnda.com\/de\/wp-json\/wp\/v2\/pages\/5444\/revisions"}],"predecessor-version":[{"id":5477,"href":"https:\/\/www.ksarighnda.com\/de\/wp-json\/wp\/v2\/pages\/5444\/revisions\/5477"}],"up":[{"embeddable":true,"href":"https:\/\/www.ksarighnda.com\/de\/wp-json\/wp\/v2\/pages\/111"}],"wp:attachment":[{"href":"https:\/\/www.ksarighnda.com\/de\/wp-json\/wp\/v2\/media?parent=5444"}],"curies":[{"name":"wp","href":"https:\/\/api.w.org\/{rel}","templated":true}]}}