{"id":5397,"date":"2025-08-04T17:15:52","date_gmt":"2025-08-04T16:15:52","guid":{"rendered":"https:\/\/www.ksarighnda.com\/?page_id=5397"},"modified":"2025-08-08T16:54:46","modified_gmt":"2025-08-08T15:54:46","slug":"die-chegaga-wuste","status":"publish","type":"page","link":"https:\/\/www.ksarighnda.com\/de\/activites-alentours\/excursions\/le-desert-chegaga\/","title":{"rendered":"Die W\u00fcste CHEGAGA"},"content":{"rendered":"<div data-elementor-type=\"wp-page\" data-elementor-id=\"5397\" class=\"elementor elementor-5397\" data-elementor-post-type=\"page\">\n\t\t\t\t<div class=\"elementor-element elementor-element-280cb79 e-con-full e-flex e-con e-parent\" data-id=\"280cb79\" data-element_type=\"container\" data-e-type=\"container\" data-settings=\"{&quot;background_background&quot;:&quot;classic&quot;}\">\n\t\t<div class=\"elementor-element elementor-element-733b7ac e-con-full entrance-clip-path-both e-flex e-con e-child\" data-id=\"733b7ac\" data-element_type=\"container\" data-e-type=\"container\">\n\t\t\t\t<div class=\"elementor-element elementor-element-508cee1 elementor-widget__width-inherit elementor-widget elementor-widget-image\" data-id=\"508cee1\" data-element_type=\"widget\" data-e-type=\"widget\" data-widget_type=\"image.default\">\n\t\t\t\t<div class=\"elementor-widget-container\">\n\t\t\t\t\t\t\t\t\t\t\t\t\t\t\t<img fetchpriority=\"high\" decoding=\"async\" width=\"2560\" height=\"1912\" src=\"https:\/\/www.ksarighnda.com\/wp-content\/uploads\/2025\/08\/IMG_1396-scaled.jpg\" class=\"attachment-full size-full wp-image-5398\" alt=\"\" srcset=\"https:\/\/www.ksarighnda.com\/wp-content\/uploads\/2025\/08\/IMG_1396-scaled.jpg 2560w, https:\/\/www.ksarighnda.com\/wp-content\/uploads\/2025\/08\/IMG_1396-300x224.jpg 300w, https:\/\/www.ksarighnda.com\/wp-content\/uploads\/2025\/08\/IMG_1396-1024x765.jpg 1024w, https:\/\/www.ksarighnda.com\/wp-content\/uploads\/2025\/08\/IMG_1396-768x574.jpg 768w, https:\/\/www.ksarighnda.com\/wp-content\/uploads\/2025\/08\/IMG_1396-1536x1147.jpg 1536w, https:\/\/www.ksarighnda.com\/wp-content\/uploads\/2025\/08\/IMG_1396-2048x1530.jpg 2048w, https:\/\/www.ksarighnda.com\/wp-content\/uploads\/2025\/08\/IMG_1396-16x12.jpg 16w\" sizes=\"(max-width: 2560px) 100vw, 2560px\" title=\"\">\t\t\t\t\t\t\t\t\t\t\t\t\t\t\t<\/div>\n\t\t\t\t<\/div>\n\t\t\t\t<\/div>\n\t\t\t\t<div class=\"elementor-element elementor-element-400074c entrance-bottom  titre-barre elementor-widget elementor-widget-heading\" data-id=\"400074c\" data-element_type=\"widget\" data-e-type=\"widget\" data-widget_type=\"heading.default\">\n\t\t\t\t<div class=\"elementor-widget-container\">\n\t\t\t\t\t<span class=\"elementor-heading-title elementor-size-default\">Entdecken Sie <\/span>\t\t\t\t<\/div>\n\t\t\t\t<\/div>\n\t\t\t\t<div class=\"elementor-element elementor-element-5849029 entrance-bottom elementor-widget elementor-widget-heading\" data-id=\"5849029\" data-element_type=\"widget\" data-e-type=\"widget\" data-widget_type=\"heading.default\">\n\t\t\t\t<div class=\"elementor-widget-container\">\n\t\t\t\t\t<h1 class=\"elementor-heading-title elementor-size-default\">Die W\u00fcste Erg Chegaga<\/h1>\t\t\t\t<\/div>\n\t\t\t\t<\/div>\n\t\t\t\t<div class=\"elementor-element elementor-element-80b97dc btn-fleche-gauche entrance-bottom elementor-align-left elementor-widget elementor-widget-button\" data-id=\"80b97dc\" data-element_type=\"widget\" data-e-type=\"widget\" data-widget_type=\"button.default\">\n\t\t\t\t<div class=\"elementor-widget-container\">\n\t\t\t\t\t\t\t\t\t<div class=\"elementor-button-wrapper\">\n\t\t\t\t\t<a class=\"elementor-button elementor-button-link elementor-size-sm\" href=\"https:\/\/www.ksarighnda.com\/de\/activites-alentours\/que-visiter-au-maroc\/\">\n\t\t\t\t\t\t<span class=\"elementor-button-content-wrapper\">\n\t\t\t\t\t\t<span class=\"elementor-button-icon\">\n\t\t\t\t<svg xmlns=\"http:\/\/www.w3.org\/2000\/svg\" viewbox=\"0 0 28 20\" width=\"28\" height=\"20\"><title>Gruppe 80-svg<\/title><style>\t\t.s0 { fill: none;stroke: #5c4932;stroke-linecap: round } \t<\/style><g id=\"Group 80\"><path id=\"Line 11\" fill-rule=\"evenodd\" class=\"s0\" d=\"m27 10h-26\"><\/path><path id=\"Vector 12\" fill-rule=\"evenodd\" class=\"s0\" d=\"m1 9.5c2-1.2 6.9-4.6 10.5-9\"><\/path><path id=\"Vector 13\" fill-rule=\"evenodd\" class=\"s0\" d=\"m1 10c2 1.2 6.9 4.6 10.5 9\"><\/path><\/g><\/svg>\t\t\t<\/span>\n\t\t\t\t\t\t\t\t\t<span class=\"elementor-button-text\">Zur\u00fcck in die Umgebung<\/span>\n\t\t\t\t\t<\/span>\n\t\t\t\t\t<\/a>\n\t\t\t\t<\/div>\n\t\t\t\t\t\t\t\t<\/div>\n\t\t\t\t<\/div>\n\t\t\t\t<\/div>\n\t\t<div class=\"elementor-element elementor-element-67240b0 e-con-full e-flex e-con e-parent\" data-id=\"67240b0\" data-element_type=\"container\" data-e-type=\"container\">\n\t\t<div class=\"elementor-element elementor-element-49c5494 e-con-full e-flex e-con e-child\" data-id=\"49c5494\" data-element_type=\"container\" data-e-type=\"container\">\n\t\t<div class=\"elementor-element elementor-element-0119585 e-con-full e-flex e-con e-child\" data-id=\"0119585\" data-element_type=\"container\" data-e-type=\"container\">\n\t\t\t\t<div class=\"elementor-element elementor-element-01e9723 entrance-bottom elementor-widget elementor-widget-heading\" data-id=\"01e9723\" data-element_type=\"widget\" data-e-type=\"widget\" data-widget_type=\"heading.default\">\n\t\t\t\t<div class=\"elementor-widget-container\">\n\t\t\t\t\t<h2 class=\"elementor-heading-title elementor-size-default\">chegaga<\/h2>\t\t\t\t<\/div>\n\t\t\t\t<\/div>\n\t\t\t\t<div class=\"elementor-element elementor-element-5673309 entrance-bottom elementor-widget elementor-widget-heading\" data-id=\"5673309\" data-element_type=\"widget\" data-e-type=\"widget\" data-widget_type=\"heading.default\">\n\t\t\t\t<div class=\"elementor-widget-container\">\n\t\t\t\t\t<span class=\"elementor-heading-title elementor-size-default\">das Sahara-Abenteuer<\/span>\t\t\t\t<\/div>\n\t\t\t\t<\/div>\n\t\t\t\t<div class=\"elementor-element elementor-element-71a67a4 elementor-widget-laptop__width-initial entrance-bottom elementor-widget elementor-widget-text-editor\" data-id=\"71a67a4\" data-element_type=\"widget\" data-e-type=\"widget\" data-widget_type=\"text-editor.default\">\n\t\t\t\t<div class=\"elementor-widget-container\">\n\t\t\t\t\t\t\t\t\t<p>Wenn man an die marokkanische W\u00fcste denkt, kommt einem oft Merzouga in den Sinn. Doch weiter entfernt, jenseits der asphaltierten Stra\u00dfen, offenbart sich eine andere Sahara. Wilder, stiller, echter: Erg Chegaga.<\/p><p>Hier erstrecken sich die D\u00fcnen endlos, der Himmel scheint weiter zu sein und die Stille nimmt den ganzen Raum ein. Keine Menschenmassen, keine Touristenkulisse. Nur der Sand und der Wind. Chegaga kann man nicht durchqueren, man muss es z\u00e4hmen. Ganz langsam. Tief.<\/p><h4><strong>Erg Chegaga, Marokkanische W\u00fcste: Das ultimative Sahara-Abenteuer<\/strong><\/h4><p>Wenn es einen Ort in Marokko gibt, an dem sich die W\u00fcste in ihrer ganzen Gr\u00f6\u00dfe offenbart, dann ist es Erg Chegaga. Fernab der markierten Routen entfaltet dieses Heiligtum aus Sand seine monumentalen D\u00fcnen unter einem unendlichen Himmel. Eine Einladung zum Abenteuer, roh und majest\u00e4tisch.<\/p><h4><strong>Eine wilde und authentische W\u00fcste im S\u00fcden Marokkos<\/strong><\/h4><p>Der Erg Chegaga liegt etwa 50 km westlich von M'Hamid El Ghizlane und erstreckt sich im Herzen der gro\u00dfen W\u00fcste im S\u00fcden Marokkos. Dieser Erg, der nur \u00fcber eine Piste erreichbar ist, ist einer der abgelegensten und spektakul\u00e4rsten des Landes. Ein Gebiet der Stille und Unendlichkeit, das vom Wind geformt und vom Licht bewohnt wird.<\/p><p>Hier zeigt sich die Sahara in ihrer ganzen Reinheit: blonde D\u00fcnen, soweit das Auge reicht, bewegte, vom Wind geformte K\u00e4mme, abwechselnd feiner Sand und steinige Hochebenen. Ein rohes und lebendiges Meer aus Sand, in dem man sich allein auf der Welt f\u00fchlt.<\/p>\t\t\t\t\t\t\t\t<\/div>\n\t\t\t\t<\/div>\n\t\t\t\t<\/div>\n\t\t\t\t<\/div>\n\t\t<div class=\"elementor-element elementor-element-4036eec e-con-full e-flex e-con e-child\" data-id=\"4036eec\" data-element_type=\"container\" data-e-type=\"container\">\n\t\t\t\t<div class=\"elementor-element elementor-element-e21863a elementor-widget__width-inherit entrance-right elementor-widget elementor-widget-image\" data-id=\"e21863a\" data-element_type=\"widget\" data-e-type=\"widget\" data-widget_type=\"image.default\">\n\t\t\t\t<div class=\"elementor-widget-container\">\n\t\t\t\t\t\t\t\t\t\t\t\t\t\t\t<img decoding=\"async\" width=\"2560\" height=\"1920\" src=\"https:\/\/www.ksarighnda.com\/wp-content\/uploads\/2025\/08\/GOPR0668-scaled.jpg\" class=\"attachment-full size-full wp-image-5399\" alt=\"\" srcset=\"https:\/\/www.ksarighnda.com\/wp-content\/uploads\/2025\/08\/GOPR0668-scaled.jpg 2560w, https:\/\/www.ksarighnda.com\/wp-content\/uploads\/2025\/08\/GOPR0668-300x225.jpg 300w, https:\/\/www.ksarighnda.com\/wp-content\/uploads\/2025\/08\/GOPR0668-1024x768.jpg 1024w, https:\/\/www.ksarighnda.com\/wp-content\/uploads\/2025\/08\/GOPR0668-768x576.jpg 768w, https:\/\/www.ksarighnda.com\/wp-content\/uploads\/2025\/08\/GOPR0668-1536x1152.jpg 1536w, https:\/\/www.ksarighnda.com\/wp-content\/uploads\/2025\/08\/GOPR0668-2048x1536.jpg 2048w, https:\/\/www.ksarighnda.com\/wp-content\/uploads\/2025\/08\/GOPR0668-16x12.jpg 16w\" sizes=\"(max-width: 2560px) 100vw, 2560px\" title=\"\">\t\t\t\t\t\t\t\t\t\t\t\t\t\t\t<\/div>\n\t\t\t\t<\/div>\n\t\t\t\t<\/div>\n\t\t\t\t<\/div>\n\t\t<div class=\"elementor-element elementor-element-a1503d0 e-con-full e-flex e-con e-parent\" data-id=\"a1503d0\" data-element_type=\"container\" data-e-type=\"container\">\n\t\t<div class=\"elementor-element elementor-element-27c6639 e-con-full e-flex e-con e-child\" data-id=\"27c6639\" data-element_type=\"container\" data-e-type=\"container\">\n\t\t\t\t<div class=\"elementor-element elementor-element-057dcd0 elementor-widget__width-inherit entrance-left elementor-widget elementor-widget-image\" data-id=\"057dcd0\" data-element_type=\"widget\" data-e-type=\"widget\" data-widget_type=\"image.default\">\n\t\t\t\t<div class=\"elementor-widget-container\">\n\t\t\t\t\t\t\t\t\t\t\t\t\t\t\t<img decoding=\"async\" width=\"2560\" height=\"1920\" src=\"https:\/\/www.ksarighnda.com\/wp-content\/uploads\/2025\/08\/IMG_3923-scaled.jpg\" class=\"attachment-full size-full wp-image-5400\" alt=\"\" srcset=\"https:\/\/www.ksarighnda.com\/wp-content\/uploads\/2025\/08\/IMG_3923-scaled.jpg 2560w, https:\/\/www.ksarighnda.com\/wp-content\/uploads\/2025\/08\/IMG_3923-300x225.jpg 300w, https:\/\/www.ksarighnda.com\/wp-content\/uploads\/2025\/08\/IMG_3923-1024x768.jpg 1024w, https:\/\/www.ksarighnda.com\/wp-content\/uploads\/2025\/08\/IMG_3923-768x576.jpg 768w, https:\/\/www.ksarighnda.com\/wp-content\/uploads\/2025\/08\/IMG_3923-1536x1152.jpg 1536w, https:\/\/www.ksarighnda.com\/wp-content\/uploads\/2025\/08\/IMG_3923-2048x1536.jpg 2048w, https:\/\/www.ksarighnda.com\/wp-content\/uploads\/2025\/08\/IMG_3923-16x12.jpg 16w\" sizes=\"(max-width: 2560px) 100vw, 2560px\" title=\"\">\t\t\t\t\t\t\t\t\t\t\t\t\t\t\t<\/div>\n\t\t\t\t<\/div>\n\t\t\t\t<div class=\"elementor-element elementor-element-16a8f6f elementor-widget__width-inherit entrance-left elementor-widget elementor-widget-image\" data-id=\"16a8f6f\" data-element_type=\"widget\" data-e-type=\"widget\" data-widget_type=\"image.default\">\n\t\t\t\t<div class=\"elementor-widget-container\">\n\t\t\t\t\t\t\t\t\t\t\t\t\t\t\t<img loading=\"lazy\" decoding=\"async\" width=\"1000\" height=\"704\" src=\"https:\/\/www.ksarighnda.com\/wp-content\/uploads\/2024\/11\/randonnee-desert.jpg\" class=\"attachment-full size-full wp-image-4090\" alt=\"\" srcset=\"https:\/\/www.ksarighnda.com\/wp-content\/uploads\/2024\/11\/randonnee-desert.jpg 1000w, https:\/\/www.ksarighnda.com\/wp-content\/uploads\/2024\/11\/randonnee-desert-300x211.jpg 300w, https:\/\/www.ksarighnda.com\/wp-content\/uploads\/2024\/11\/randonnee-desert-768x541.jpg 768w, https:\/\/www.ksarighnda.com\/wp-content\/uploads\/2024\/11\/randonnee-desert-18x12.jpg 18w\" sizes=\"(max-width: 1000px) 100vw, 1000px\" title=\"\">\t\t\t\t\t\t\t\t\t\t\t\t\t\t\t<\/div>\n\t\t\t\t<\/div>\n\t\t\t\t<\/div>\n\t\t<div class=\"elementor-element elementor-element-159af14 e-con-full e-flex e-con e-child\" data-id=\"159af14\" data-element_type=\"container\" data-e-type=\"container\">\n\t\t<div class=\"elementor-element elementor-element-017dc56 e-con-full e-flex e-con e-child\" data-id=\"017dc56\" data-element_type=\"container\" data-e-type=\"container\">\n\t\t\t\t<div class=\"elementor-element elementor-element-b3307b4 entrance-bottom elementor-widget elementor-widget-heading\" data-id=\"b3307b4\" data-element_type=\"widget\" data-e-type=\"widget\" data-widget_type=\"heading.default\">\n\t\t\t\t<div class=\"elementor-widget-container\">\n\t\t\t\t\t<h2 class=\"elementor-heading-title elementor-size-default\">Geschichte<\/h2>\t\t\t\t<\/div>\n\t\t\t\t<\/div>\n\t\t\t\t<div class=\"elementor-element elementor-element-0a0dc57 entrance-bottom elementor-widget elementor-widget-heading\" data-id=\"0a0dc57\" data-element_type=\"widget\" data-e-type=\"widget\" data-widget_type=\"heading.default\">\n\t\t\t\t<div class=\"elementor-widget-container\">\n\t\t\t\t\t<span class=\"elementor-heading-title elementor-size-default\">zur Zeit der Nomaden<\/span>\t\t\t\t<\/div>\n\t\t\t\t<\/div>\n\t\t\t\t<div class=\"elementor-element elementor-element-7199959 elementor-widget-laptop__width-initial entrance-bottom elementor-widget elementor-widget-text-editor\" data-id=\"7199959\" data-element_type=\"widget\" data-e-type=\"widget\" data-widget_type=\"text-editor.default\">\n\t\t\t\t<div class=\"elementor-widget-container\">\n\t\t\t\t\t\t\t\t\t<h4><strong>Zwischen Nomadentraditionen und Naturerbe<\/strong><\/h4><p>Erg Chegaga geh\u00f6rt zum angestammten Gebiet der A\u00eft Atta-St\u00e4mme, die eine nomadische Lebensweise in Harmonie mit der W\u00fcste bewahren. In der N\u00e4he <a href=\"https:\/\/desert-maroc.com\/loasis-sacree-doum-laalag\/\" rel=\"nofollow noopener\" target=\"_blank\">die heilige Oase von Oum L\u00e2alag<\/a> wacht, von Palmen gesch\u00fctzt und von einer unwahrscheinlichen s\u00fc\u00dfen Quelle inmitten des Sandes gespeist wird. Dieser Rastplatz ist seit Jahrhunderten ein spiritueller Bezugspunkt f\u00fcr Karawanenreisende.<\/p><p>Das gesamte Gebiet ist Teil des Iriki-Nationalparks, der die W\u00fcsten- und Halbw\u00fcsten-\u00d6kosysteme der Region sch\u00fctzt. Eine offizielle Anerkennung f\u00fcr dieses Juwel der marokkanischen W\u00fcste, dessen Sch\u00f6nheit ebenso zerbrechlich wie au\u00dfergew\u00f6hnlich ist.<\/p><h4><strong>Was kann man in Erg Chegaga unternehmen?<\/strong><\/h4><p>Die W\u00fcste entdeckt man, indem man sie erlebt. In Chegaga wird der Tag von einfachen Gesten bestimmt, die eine andere Dimension erhalten: durch den Sand laufen, eine D\u00fcne erklimmen, der Stille lauschen. Diese Momente pr\u00e4gen, weil sie sich neu zentrieren.<\/p><p>W\u00e4hrend Ihres Aufenthalts im<strong> Ksar Ighnda<\/strong> organisieren wir Ausfl\u00fcge in die W\u00fcste. Nach einer guten Nacht im Ksar f\u00fchrt die Stra\u00dfe am n\u00e4chsten Tag von Ouarzazate aus nach S\u00fcden in Richtung Zagora, entlang des Palmenhains des Draa mit seinen Ksour aus Lehmziegeln. D\u00f6rfer, Oasen und Kasbahs s\u00e4umen diesen ruhigen Abschnitt, der unter anderem durch Agdz und Tamgroute (Stadt der T\u00f6pfer) f\u00fchrt.<\/p><p>M'Hamid markiert das Ende des Asphalts. Hier beginnt das Sahara-Abenteuer erst richtig.<\/p><p>Fernab von Menschenmassen und markierten Routen l\u00e4dt Erg Chegaga Sie zu einem seltenen Eintauchen in die marokkanische W\u00fcste ein. Hier gibt es keine \u00fcbertriebene Kulisse oder Inszenierung: nur Sand, Licht und Stille. Es ist eine lebendige, riesige, rohe W\u00fcste, die man langsam entdeckt und sich lange einbrennt.<\/p><p>Nach Chegaga zu reisen bedeutet, sich f\u00fcr eine ungek\u00fcnstelte Reise zu entscheiden. Ein einfaches und zugleich kraftvolles Abenteuer. Eine Nacht unter den Sternen, ein Sonnenaufgang \u00fcber den D\u00fcnen, ein gemeinsamer Tee am Lagerfeuer... manchmal reicht das schon, um wirklich abzuschalten.<\/p><p>Aber f\u00fcr einen ersten Schritt in die Sahara bleibt Chegaga die richtige Wahl: aufrichtig, zug\u00e4nglich, unvergesslich.<\/p>\t\t\t\t\t\t\t\t<\/div>\n\t\t\t\t<\/div>\n\t\t\t\t<\/div>\n\t\t\t\t<\/div>\n\t\t\t\t<\/div>\n\t\t\t\t<\/div>","protected":false},"excerpt":{"rendered":"<p>D\u00e9couvrez Le desert erg chegaga Group 80-svg Retour aux alentours chegaga l&rsquo;aventure saharienne Quand on pense au d\u00e9sert marocain, c\u2019est souvent Merzouga qui vient en t\u00eate. Mais plus loin, au-del\u00e0 des routes goudronn\u00e9es, un autre Sahara se d\u00e9voile. Plus sauvage, plus silencieux, plus vrai : l\u2019Erg Chegaga. Ici, les dunes s\u2019\u00e9tendent sans fin, le ciel [&hellip;]<\/p>\n","protected":false},"author":20,"featured_media":0,"parent":111,"menu_order":0,"comment_status":"closed","ping_status":"closed","template":"","meta":{"inline_featured_image":false,"footnotes":""},"class_list":["post-5397","page","type-page","status-publish","hentry"],"_links":{"self":[{"href":"https:\/\/www.ksarighnda.com\/de\/wp-json\/wp\/v2\/pages\/5397","targetHints":{"allow":["GET"]}}],"collection":[{"href":"https:\/\/www.ksarighnda.com\/de\/wp-json\/wp\/v2\/pages"}],"about":[{"href":"https:\/\/www.ksarighnda.com\/de\/wp-json\/wp\/v2\/types\/page"}],"author":[{"embeddable":true,"href":"https:\/\/www.ksarighnda.com\/de\/wp-json\/wp\/v2\/users\/20"}],"replies":[{"embeddable":true,"href":"https:\/\/www.ksarighnda.com\/de\/wp-json\/wp\/v2\/comments?post=5397"}],"version-history":[{"count":20,"href":"https:\/\/www.ksarighnda.com\/de\/wp-json\/wp\/v2\/pages\/5397\/revisions"}],"predecessor-version":[{"id":5480,"href":"https:\/\/www.ksarighnda.com\/de\/wp-json\/wp\/v2\/pages\/5397\/revisions\/5480"}],"up":[{"embeddable":true,"href":"https:\/\/www.ksarighnda.com\/de\/wp-json\/wp\/v2\/pages\/111"}],"wp:attachment":[{"href":"https:\/\/www.ksarighnda.com\/de\/wp-json\/wp\/v2\/media?parent=5397"}],"curies":[{"name":"wp","href":"https:\/\/api.w.org\/{rel}","templated":true}]}}