{"id":5009,"date":"2025-07-14T17:58:16","date_gmt":"2025-07-14T16:58:16","guid":{"rendered":"https:\/\/www.ksarighnda.com\/?page_id=5009"},"modified":"2025-08-11T07:03:21","modified_gmt":"2025-08-11T06:03:21","slug":"die-salzmine","status":"publish","type":"page","link":"https:\/\/www.ksarighnda.com\/de\/activites-alentours\/que-visiter-au-maroc\/la-mine-de-sel\/","title":{"rendered":"Die Salzmine"},"content":{"rendered":"<div data-elementor-type=\"wp-page\" data-elementor-id=\"5009\" class=\"elementor elementor-5009\" data-elementor-post-type=\"page\">\n\t\t\t\t<div class=\"elementor-element elementor-element-477596f e-con-full e-flex e-con e-parent\" data-id=\"477596f\" data-element_type=\"container\" data-e-type=\"container\" data-settings=\"{&quot;background_background&quot;:&quot;classic&quot;}\">\n\t\t<div class=\"elementor-element elementor-element-d702551 e-con-full entrance-clip-path-both e-flex e-con e-child\" data-id=\"d702551\" data-element_type=\"container\" data-e-type=\"container\">\n\t\t\t\t<div class=\"elementor-element elementor-element-fa491ed elementor-widget__width-inherit elementor-widget elementor-widget-image\" data-id=\"fa491ed\" data-element_type=\"widget\" data-e-type=\"widget\" data-widget_type=\"image.default\">\n\t\t\t\t<div class=\"elementor-widget-container\">\n\t\t\t\t\t\t\t\t\t\t\t\t\t\t\t<img fetchpriority=\"high\" decoding=\"async\" width=\"1920\" height=\"2560\" src=\"https:\/\/www.ksarighnda.com\/wp-content\/uploads\/2025\/08\/20250808_120300-scaled.jpg\" class=\"attachment-full size-full wp-image-5504\" alt=\"\" srcset=\"https:\/\/www.ksarighnda.com\/wp-content\/uploads\/2025\/08\/20250808_120300-scaled.jpg 1920w, https:\/\/www.ksarighnda.com\/wp-content\/uploads\/2025\/08\/20250808_120300-225x300.jpg 225w, https:\/\/www.ksarighnda.com\/wp-content\/uploads\/2025\/08\/20250808_120300-768x1024.jpg 768w, https:\/\/www.ksarighnda.com\/wp-content\/uploads\/2025\/08\/20250808_120300-1152x1536.jpg 1152w, https:\/\/www.ksarighnda.com\/wp-content\/uploads\/2025\/08\/20250808_120300-1536x2048.jpg 1536w, https:\/\/www.ksarighnda.com\/wp-content\/uploads\/2025\/08\/20250808_120300-9x12.jpg 9w\" sizes=\"(max-width: 1920px) 100vw, 1920px\" title=\"\">\t\t\t\t\t\t\t\t\t\t\t\t\t\t\t<\/div>\n\t\t\t\t<\/div>\n\t\t\t\t<\/div>\n\t\t\t\t<div class=\"elementor-element elementor-element-b988b92 entrance-bottom  titre-barre elementor-widget elementor-widget-heading\" data-id=\"b988b92\" data-element_type=\"widget\" data-e-type=\"widget\" data-widget_type=\"heading.default\">\n\t\t\t\t<div class=\"elementor-widget-container\">\n\t\t\t\t\t<span class=\"elementor-heading-title elementor-size-default\">Entdecken Sie <\/span>\t\t\t\t<\/div>\n\t\t\t\t<\/div>\n\t\t\t\t<div class=\"elementor-element elementor-element-0587ec8 entrance-bottom elementor-widget elementor-widget-heading\" data-id=\"0587ec8\" data-element_type=\"widget\" data-e-type=\"widget\" data-widget_type=\"heading.default\">\n\t\t\t\t<div class=\"elementor-widget-container\">\n\t\t\t\t\t<h1 class=\"elementor-heading-title elementor-size-default\">die Salzmine<\/h1>\t\t\t\t<\/div>\n\t\t\t\t<\/div>\n\t\t\t\t<div class=\"elementor-element elementor-element-cb23156 btn-fleche-gauche entrance-bottom elementor-align-left elementor-widget elementor-widget-button\" data-id=\"cb23156\" data-element_type=\"widget\" data-e-type=\"widget\" data-widget_type=\"button.default\">\n\t\t\t\t<div class=\"elementor-widget-container\">\n\t\t\t\t\t\t\t\t\t<div class=\"elementor-button-wrapper\">\n\t\t\t\t\t<a class=\"elementor-button elementor-button-link elementor-size-sm\" href=\"https:\/\/www.ksarighnda.com\/de\/activites-alentours\/que-visiter-au-maroc\/\">\n\t\t\t\t\t\t<span class=\"elementor-button-content-wrapper\">\n\t\t\t\t\t\t<span class=\"elementor-button-icon\">\n\t\t\t\t<svg xmlns=\"http:\/\/www.w3.org\/2000\/svg\" viewbox=\"0 0 28 20\" width=\"28\" height=\"20\"><title>Gruppe 80-svg<\/title><style>\t\t.s0 { fill: none;stroke: #5c4932;stroke-linecap: round } \t<\/style><g id=\"Group 80\"><path id=\"Line 11\" fill-rule=\"evenodd\" class=\"s0\" d=\"m27 10h-26\"><\/path><path id=\"Vector 12\" fill-rule=\"evenodd\" class=\"s0\" d=\"m1 9.5c2-1.2 6.9-4.6 10.5-9\"><\/path><path id=\"Vector 13\" fill-rule=\"evenodd\" class=\"s0\" d=\"m1 10c2 1.2 6.9 4.6 10.5 9\"><\/path><\/g><\/svg>\t\t\t<\/span>\n\t\t\t\t\t\t\t\t\t<span class=\"elementor-button-text\">Zur\u00fcck in die Umgebung<\/span>\n\t\t\t\t\t<\/span>\n\t\t\t\t\t<\/a>\n\t\t\t\t<\/div>\n\t\t\t\t\t\t\t\t<\/div>\n\t\t\t\t<\/div>\n\t\t\t\t<\/div>\n\t\t<div class=\"elementor-element elementor-element-671d852 e-con-full e-flex e-con e-parent\" data-id=\"671d852\" data-element_type=\"container\" data-e-type=\"container\">\n\t\t<div class=\"elementor-element elementor-element-91e8837 e-con-full e-flex e-con e-child\" data-id=\"91e8837\" data-element_type=\"container\" data-e-type=\"container\">\n\t\t<div class=\"elementor-element elementor-element-9ce792d e-con-full e-flex e-con e-child\" data-id=\"9ce792d\" data-element_type=\"container\" data-e-type=\"container\">\n\t\t\t\t<div class=\"elementor-element elementor-element-30d499d entrance-bottom elementor-widget elementor-widget-heading\" data-id=\"30d499d\" data-element_type=\"widget\" data-e-type=\"widget\" data-widget_type=\"heading.default\">\n\t\t\t\t<div class=\"elementor-widget-container\">\n\t\t\t\t\t<span class=\"elementor-heading-title elementor-size-default\">In den Eingeweiden des Berges<\/span>\t\t\t\t<\/div>\n\t\t\t\t<\/div>\n\t\t\t\t<div class=\"elementor-element elementor-element-5534c59 elementor-widget-laptop__width-initial entrance-bottom elementor-widget elementor-widget-text-editor\" data-id=\"5534c59\" data-element_type=\"widget\" data-e-type=\"widget\" data-widget_type=\"text-editor.default\">\n\t\t\t\t<div class=\"elementor-widget-container\">\n\t\t\t\t\t\t\t\t\t<p>Einige Kilometer vom Ksar Ighnda entfernt k\u00f6nnen Sie eine Salzmine besichtigen, die noch in Betrieb ist. Sie dringen in die Eingeweide des Berges ein und erleben ein erstaunliches Schauspiel, bei dem die Salzkristalle in den Stollen, die sich in der Dunkelheit verlieren, an den W\u00e4nden und Decken entlang zu flie\u00dfen scheinen.<\/p><p>Jahrhundertelang war T\u00e9louet, das Lehen des Glaoua-Stammes, ein wichtiger Durchgangsort f\u00fcr Karawanen, die Marrakesch mit Ouarzazate und den Regionen s\u00fcdlich der Sahara verbanden. Die aufeinanderfolgenden Glaoua-F\u00fcrsten erzielten betr\u00e4chtliche Gewinne, indem sie einen Wegzoll auf die Waren erhoben.<\/p><p>Die Kasbah von T\u00e9louet, die gleichzeitig Festung, Schloss und Karawanserei ist, \u00fcberragt das Wadi Imaren und die umliegenden Weiler. El Hadj Thami Glaoui, der damalige Pascha von Marrakesch, f\u00fcgte ihr in der ersten H\u00e4lfte des 20. Jahrhunderts einen luxuri\u00f6sen Palast hinzu.<\/p><p>Entlang der alten Kamelkarawanenroute von Ouarzazate nach Marrakesch - deren gut ausgetretener Weg noch immer das Gel\u00e4nde markiert - befinden sich die salzreichen Minen von Telouet. Die Juden in der Region erhielten die Konzession, die Minen und den Salzhandel zu betreiben, von einem Pascha (\u00f6rtlicher F\u00fchrer) namens Tahami als Anerkennung f\u00fcr ihren Erfolg, die \u00f6rtliche Wirtschaft durch ihre Beteiligung am Handel mit Getreide, Mandeln, Datteln und anderen wichtigen G\u00fctern zum Bl\u00fchen zu bringen.<\/p><p>Das rosafarbene Salz aus der Region wurde wegen seiner medizinischen Eigenschaften gesch\u00e4tzt, allgemein als \"lebendiges Salz\" bezeichnet, und konnte fr\u00fcher zum Gewicht von Gold oder Elfenbein verkauft werden.<\/p>\t\t\t\t\t\t\t\t<\/div>\n\t\t\t\t<\/div>\n\t\t\t\t<\/div>\n\t\t\t\t<\/div>\n\t\t<div class=\"elementor-element elementor-element-1fd1aaf e-con-full e-flex e-con e-child\" data-id=\"1fd1aaf\" data-element_type=\"container\" data-e-type=\"container\">\n\t\t\t\t<div class=\"elementor-element elementor-element-cdb3650 elementor-widget__width-inherit entrance-right elementor-widget elementor-widget-image\" data-id=\"cdb3650\" data-element_type=\"widget\" data-e-type=\"widget\" data-widget_type=\"image.default\">\n\t\t\t\t<div class=\"elementor-widget-container\">\n\t\t\t\t\t\t\t\t\t\t\t\t\t\t\t<img decoding=\"async\" width=\"2560\" height=\"1920\" src=\"https:\/\/www.ksarighnda.com\/wp-content\/uploads\/2025\/08\/20250808_120334-scaled.jpg\" class=\"attachment-full size-full wp-image-5506\" alt=\"\" srcset=\"https:\/\/www.ksarighnda.com\/wp-content\/uploads\/2025\/08\/20250808_120334-scaled.jpg 2560w, https:\/\/www.ksarighnda.com\/wp-content\/uploads\/2025\/08\/20250808_120334-300x225.jpg 300w, https:\/\/www.ksarighnda.com\/wp-content\/uploads\/2025\/08\/20250808_120334-1024x768.jpg 1024w, https:\/\/www.ksarighnda.com\/wp-content\/uploads\/2025\/08\/20250808_120334-768x576.jpg 768w, https:\/\/www.ksarighnda.com\/wp-content\/uploads\/2025\/08\/20250808_120334-1536x1152.jpg 1536w, https:\/\/www.ksarighnda.com\/wp-content\/uploads\/2025\/08\/20250808_120334-2048x1536.jpg 2048w, https:\/\/www.ksarighnda.com\/wp-content\/uploads\/2025\/08\/20250808_120334-16x12.jpg 16w\" sizes=\"(max-width: 2560px) 100vw, 2560px\" title=\"\">\t\t\t\t\t\t\t\t\t\t\t\t\t\t\t<\/div>\n\t\t\t\t<\/div>\n\t\t\t\t<\/div>\n\t\t\t\t<\/div>\n\t\t\t\t<\/div>","protected":false},"excerpt":{"rendered":"<p>D\u00e9couvrez la mine de sel Group 80-svg Retour aux alentours Dans les entrailles de la montagne A quelques kilom\u00e8tres du Ksar Ighnda vous pouvez visiter une mine de sel encore en exploitation. Vous p\u00e9n\u00e9trerez dans les entrailles de la montagne pour d\u00e9couvrir un \u00e9tonnant spectacle o\u00f9 les cristaux de sel semblent couler le long des [&hellip;]<\/p>\n","protected":false},"author":20,"featured_media":0,"parent":114,"menu_order":0,"comment_status":"closed","ping_status":"closed","template":"","meta":{"inline_featured_image":false,"footnotes":""},"class_list":["post-5009","page","type-page","status-publish","hentry"],"_links":{"self":[{"href":"https:\/\/www.ksarighnda.com\/de\/wp-json\/wp\/v2\/pages\/5009","targetHints":{"allow":["GET"]}}],"collection":[{"href":"https:\/\/www.ksarighnda.com\/de\/wp-json\/wp\/v2\/pages"}],"about":[{"href":"https:\/\/www.ksarighnda.com\/de\/wp-json\/wp\/v2\/types\/page"}],"author":[{"embeddable":true,"href":"https:\/\/www.ksarighnda.com\/de\/wp-json\/wp\/v2\/users\/20"}],"replies":[{"embeddable":true,"href":"https:\/\/www.ksarighnda.com\/de\/wp-json\/wp\/v2\/comments?post=5009"}],"version-history":[{"count":11,"href":"https:\/\/www.ksarighnda.com\/de\/wp-json\/wp\/v2\/pages\/5009\/revisions"}],"predecessor-version":[{"id":5540,"href":"https:\/\/www.ksarighnda.com\/de\/wp-json\/wp\/v2\/pages\/5009\/revisions\/5540"}],"up":[{"embeddable":true,"href":"https:\/\/www.ksarighnda.com\/de\/wp-json\/wp\/v2\/pages\/114"}],"wp:attachment":[{"href":"https:\/\/www.ksarighnda.com\/de\/wp-json\/wp\/v2\/media?parent=5009"}],"curies":[{"name":"wp","href":"https:\/\/api.w.org\/{rel}","templated":true}]}}