{"id":4925,"date":"2025-07-14T06:26:30","date_gmt":"2025-07-14T05:26:30","guid":{"rendered":"https:\/\/www.ksarighnda.com\/?page_id=4925"},"modified":"2025-07-14T06:39:26","modified_gmt":"2025-07-14T05:39:26","slug":"tamdakhte","status":"publish","type":"page","link":"https:\/\/www.ksarighnda.com\/de\/activites-alentours\/que-visiter-au-maroc\/tamdakhte\/","title":{"rendered":"Tamdakhte"},"content":{"rendered":"<div data-elementor-type=\"wp-page\" data-elementor-id=\"4925\" class=\"elementor elementor-4925\" data-elementor-post-type=\"page\">\n\t\t\t\t<div class=\"elementor-element elementor-element-477596f e-con-full e-flex e-con e-parent\" data-id=\"477596f\" data-element_type=\"container\" data-e-type=\"container\" data-settings=\"{&quot;background_background&quot;:&quot;classic&quot;}\">\n\t\t<div class=\"elementor-element elementor-element-d702551 e-con-full entrance-clip-path-both e-flex e-con e-child\" data-id=\"d702551\" data-element_type=\"container\" data-e-type=\"container\">\n\t\t\t\t<div class=\"elementor-element elementor-element-fa491ed elementor-widget__width-inherit elementor-widget elementor-widget-image\" data-id=\"fa491ed\" data-element_type=\"widget\" data-e-type=\"widget\" data-widget_type=\"image.default\">\n\t\t\t\t<div class=\"elementor-widget-container\">\n\t\t\t\t\t\t\t\t\t\t\t\t\t\t\t<img fetchpriority=\"high\" decoding=\"async\" width=\"2048\" height=\"1536\" src=\"https:\/\/www.ksarighnda.com\/wp-content\/uploads\/2025\/07\/tamdakht-1.jpg\" class=\"attachment-full size-full wp-image-4929\" alt=\"\" srcset=\"https:\/\/www.ksarighnda.com\/wp-content\/uploads\/2025\/07\/tamdakht-1.jpg 2048w, https:\/\/www.ksarighnda.com\/wp-content\/uploads\/2025\/07\/tamdakht-1-300x225.jpg 300w, https:\/\/www.ksarighnda.com\/wp-content\/uploads\/2025\/07\/tamdakht-1-1024x768.jpg 1024w, https:\/\/www.ksarighnda.com\/wp-content\/uploads\/2025\/07\/tamdakht-1-768x576.jpg 768w, https:\/\/www.ksarighnda.com\/wp-content\/uploads\/2025\/07\/tamdakht-1-1536x1152.jpg 1536w, https:\/\/www.ksarighnda.com\/wp-content\/uploads\/2025\/07\/tamdakht-1-16x12.jpg 16w\" sizes=\"(max-width: 2048px) 100vw, 2048px\" title=\"\">\t\t\t\t\t\t\t\t\t\t\t\t\t\t\t<\/div>\n\t\t\t\t<\/div>\n\t\t\t\t<\/div>\n\t\t\t\t<div class=\"elementor-element elementor-element-b988b92 entrance-bottom  titre-barre elementor-widget elementor-widget-heading\" data-id=\"b988b92\" data-element_type=\"widget\" data-e-type=\"widget\" data-widget_type=\"heading.default\">\n\t\t\t\t<div class=\"elementor-widget-container\">\n\t\t\t\t\t<span class=\"elementor-heading-title elementor-size-default\">Entdecken Sie <\/span>\t\t\t\t<\/div>\n\t\t\t\t<\/div>\n\t\t\t\t<div class=\"elementor-element elementor-element-0587ec8 entrance-bottom elementor-widget elementor-widget-heading\" data-id=\"0587ec8\" data-element_type=\"widget\" data-e-type=\"widget\" data-widget_type=\"heading.default\">\n\t\t\t\t<div class=\"elementor-widget-container\">\n\t\t\t\t\t<h1 class=\"elementor-heading-title elementor-size-default\">TAMDAKHTE<\/h1>\t\t\t\t<\/div>\n\t\t\t\t<\/div>\n\t\t\t\t<div class=\"elementor-element elementor-element-cb23156 btn-fleche-gauche entrance-bottom elementor-align-left elementor-widget elementor-widget-button\" data-id=\"cb23156\" data-element_type=\"widget\" data-e-type=\"widget\" data-widget_type=\"button.default\">\n\t\t\t\t<div class=\"elementor-widget-container\">\n\t\t\t\t\t\t\t\t\t<div class=\"elementor-button-wrapper\">\n\t\t\t\t\t<a class=\"elementor-button elementor-button-link elementor-size-sm\" href=\"https:\/\/www.ksarighnda.com\/de\/activites-alentours\/que-visiter-au-maroc\/\">\n\t\t\t\t\t\t<span class=\"elementor-button-content-wrapper\">\n\t\t\t\t\t\t<span class=\"elementor-button-icon\">\n\t\t\t\t<svg xmlns=\"http:\/\/www.w3.org\/2000\/svg\" viewbox=\"0 0 28 20\" width=\"28\" height=\"20\"><title>Gruppe 80-svg<\/title><style>\t\t.s0 { fill: none;stroke: #5c4932;stroke-linecap: round } \t<\/style><g id=\"Group 80\"><path id=\"Line 11\" fill-rule=\"evenodd\" class=\"s0\" d=\"m27 10h-26\"><\/path><path id=\"Vector 12\" fill-rule=\"evenodd\" class=\"s0\" d=\"m1 9.5c2-1.2 6.9-4.6 10.5-9\"><\/path><path id=\"Vector 13\" fill-rule=\"evenodd\" class=\"s0\" d=\"m1 10c2 1.2 6.9 4.6 10.5 9\"><\/path><\/g><\/svg>\t\t\t<\/span>\n\t\t\t\t\t\t\t\t\t<span class=\"elementor-button-text\">Zur\u00fcck in die Umgebung<\/span>\n\t\t\t\t\t<\/span>\n\t\t\t\t\t<\/a>\n\t\t\t\t<\/div>\n\t\t\t\t\t\t\t\t<\/div>\n\t\t\t\t<\/div>\n\t\t\t\t<\/div>\n\t\t<div class=\"elementor-element elementor-element-671d852 e-con-full e-flex e-con e-parent\" data-id=\"671d852\" data-element_type=\"container\" data-e-type=\"container\">\n\t\t<div class=\"elementor-element elementor-element-91e8837 e-con-full e-flex e-con e-child\" data-id=\"91e8837\" data-element_type=\"container\" data-e-type=\"container\">\n\t\t<div class=\"elementor-element elementor-element-9ce792d e-con-full e-flex e-con e-child\" data-id=\"9ce792d\" data-element_type=\"container\" data-e-type=\"container\">\n\t\t\t\t<div class=\"elementor-element elementor-element-a8aac88 entrance-bottom elementor-widget-laptop__width-initial elementor-widget elementor-widget-heading\" data-id=\"a8aac88\" data-element_type=\"widget\" data-e-type=\"widget\" data-widget_type=\"heading.default\">\n\t\t\t\t<div class=\"elementor-widget-container\">\n\t\t\t\t\t<h2 class=\"elementor-heading-title elementor-size-default\">EIN AMAZIGH-DORF<\/h2>\t\t\t\t<\/div>\n\t\t\t\t<\/div>\n\t\t\t\t<div class=\"elementor-element elementor-element-5534c59 elementor-widget-laptop__width-initial entrance-bottom elementor-widget elementor-widget-text-editor\" data-id=\"5534c59\" data-element_type=\"widget\" data-e-type=\"widget\" data-widget_type=\"text-editor.default\">\n\t\t\t\t<div class=\"elementor-widget-container\">\n\t\t\t\t\t\t\t\t\t<p>3 km vom Ksar Ighnda entfernt, weit weg von den Menschenmassen und den Bussen von Ait Ben haddou, bietet Ihnen das Dorf Tamdakhte einen wahren Einblick in die Kultur und Tradition der Amazighs. Lernen Sie die Dorfbewohner kennen, spazieren Sie durch die G\u00e4rten, nehmen Sie an den Festen teil, und vergessen Sie nicht, beim <strong><em>tafarnout<\/em><\/strong>\u00a0(traditioneller Ofen, in dem das gleichnamige Brot gebacken wird). Das Dorf Tamdakhte liegt im Ounila-Tal (Hoher Atlas) zwischen Telouet und Ouarzazate und ist Ausgangspunkt f\u00fcr die Stra\u00dfe der tausend Kasbahs.<\/p><p align=\"justify\">Die Kasbah von Tamdakhte ist ein jahrhundertealtes architektonisches Juwel, das leider immer mehr verf\u00e4llt. Der Geschichte nach war sie urspr\u00fcnglich die Residenz eines Amazigh-H\u00e4uptlings, des<em><strong>amghar<\/strong><\/em>\u00a0Ali Ou Brahim n'A\u00eft Haddou war ein Gegner des Glaoui. Als er 1900 besiegt und hingerichtet wurde, ging sein Haus in die H\u00e4nde des Glaoui \u00fcber. Es wurde von Kaid Hamou um 1920 erweitert und Kaid Brahim f\u00fcgte um 1940 Anbauten hinzu.<\/p><p>Nach der Unabh\u00e4ngigkeit diente die Kasbah als Gef\u00e4ngnis f\u00fcr die Familie Oufkir nach dem Putschversuch von General Oufkir 1972. Oberbefehlshaber der Armee und Verteidigungsminister unter Hassan II. Bei dieser Gelegenheit wurde die Kasbah so ver\u00e4ndert, dass der Kontakt zur Au\u00dfenwelt unterbunden wurde.<\/p>\t\t\t\t\t\t\t\t<\/div>\n\t\t\t\t<\/div>\n\t\t\t\t<\/div>\n\t\t\t\t<\/div>\n\t\t<div class=\"elementor-element elementor-element-1fd1aaf e-con-full e-flex e-con e-child\" data-id=\"1fd1aaf\" data-element_type=\"container\" data-e-type=\"container\">\n\t\t\t\t<div class=\"elementor-element elementor-element-cdb3650 elementor-widget__width-inherit entrance-right elementor-widget elementor-widget-image\" data-id=\"cdb3650\" data-element_type=\"widget\" data-e-type=\"widget\" data-widget_type=\"image.default\">\n\t\t\t\t<div class=\"elementor-widget-container\">\n\t\t\t\t\t\t\t\t\t\t\t\t\t\t\t<img decoding=\"async\" width=\"1537\" height=\"2049\" src=\"https:\/\/www.ksarighnda.com\/wp-content\/uploads\/2025\/07\/tamdakht-2.jpg\" class=\"attachment-full size-full wp-image-4930\" alt=\"\" srcset=\"https:\/\/www.ksarighnda.com\/wp-content\/uploads\/2025\/07\/tamdakht-2.jpg 1537w, https:\/\/www.ksarighnda.com\/wp-content\/uploads\/2025\/07\/tamdakht-2-225x300.jpg 225w, https:\/\/www.ksarighnda.com\/wp-content\/uploads\/2025\/07\/tamdakht-2-768x1024.jpg 768w, https:\/\/www.ksarighnda.com\/wp-content\/uploads\/2025\/07\/tamdakht-2-1152x1536.jpg 1152w, https:\/\/www.ksarighnda.com\/wp-content\/uploads\/2025\/07\/tamdakht-2-9x12.jpg 9w\" sizes=\"(max-width: 1537px) 100vw, 1537px\" title=\"\">\t\t\t\t\t\t\t\t\t\t\t\t\t\t\t<\/div>\n\t\t\t\t<\/div>\n\t\t\t\t<\/div>\n\t\t\t\t<\/div>\n\t\t<div class=\"elementor-element elementor-element-7664dff e-con-full e-flex e-con e-parent\" data-id=\"7664dff\" data-element_type=\"container\" data-e-type=\"container\">\n\t\t<div class=\"elementor-element elementor-element-bcb5931 e-con-full e-flex e-con e-child\" data-id=\"bcb5931\" data-element_type=\"container\" data-e-type=\"container\">\n\t\t\t\t<div class=\"elementor-element elementor-element-62c8995 elementor-widget__width-inherit entrance-left elementor-widget elementor-widget-image\" data-id=\"62c8995\" data-element_type=\"widget\" data-e-type=\"widget\" data-widget_type=\"image.default\">\n\t\t\t\t<div class=\"elementor-widget-container\">\n\t\t\t\t\t\t\t\t\t\t\t\t\t\t\t<img decoding=\"async\" width=\"1707\" height=\"2560\" src=\"https:\/\/www.ksarighnda.com\/wp-content\/uploads\/2025\/07\/tamdakht-4-scaled.jpg\" class=\"attachment-full size-full wp-image-4932\" alt=\"\" srcset=\"https:\/\/www.ksarighnda.com\/wp-content\/uploads\/2025\/07\/tamdakht-4-scaled.jpg 1707w, https:\/\/www.ksarighnda.com\/wp-content\/uploads\/2025\/07\/tamdakht-4-200x300.jpg 200w, https:\/\/www.ksarighnda.com\/wp-content\/uploads\/2025\/07\/tamdakht-4-683x1024.jpg 683w, https:\/\/www.ksarighnda.com\/wp-content\/uploads\/2025\/07\/tamdakht-4-768x1152.jpg 768w, https:\/\/www.ksarighnda.com\/wp-content\/uploads\/2025\/07\/tamdakht-4-1024x1536.jpg 1024w, https:\/\/www.ksarighnda.com\/wp-content\/uploads\/2025\/07\/tamdakht-4-1365x2048.jpg 1365w, https:\/\/www.ksarighnda.com\/wp-content\/uploads\/2025\/07\/tamdakht-4-8x12.jpg 8w\" sizes=\"(max-width: 1707px) 100vw, 1707px\" title=\"\">\t\t\t\t\t\t\t\t\t\t\t\t\t\t\t<\/div>\n\t\t\t\t<\/div>\n\t\t\t\t<\/div>\n\t\t<div class=\"elementor-element elementor-element-86c7d6b e-con-full e-flex e-con e-child\" data-id=\"86c7d6b\" data-element_type=\"container\" data-e-type=\"container\">\n\t\t<div class=\"elementor-element elementor-element-1188f5e e-con-full e-flex e-con e-child\" data-id=\"1188f5e\" data-element_type=\"container\" data-e-type=\"container\">\n\t\t\t\t<div class=\"elementor-element elementor-element-e513251 entrance-bottom elementor-widget elementor-widget-heading\" data-id=\"e513251\" data-element_type=\"widget\" data-e-type=\"widget\" data-widget_type=\"heading.default\">\n\t\t\t\t<div class=\"elementor-widget-container\">\n\t\t\t\t\t<h2 class=\"elementor-heading-title elementor-size-default\">Eine Begegnung mit der mineralischen Natur <\/h2>\t\t\t\t<\/div>\n\t\t\t\t<\/div>\n\t\t\t\t<div class=\"elementor-element elementor-element-e189f1d elementor-widget-laptop__width-initial entrance-bottom elementor-widget elementor-widget-text-editor\" data-id=\"e189f1d\" data-element_type=\"widget\" data-e-type=\"widget\" data-widget_type=\"text-editor.default\">\n\t\t\t\t<div class=\"elementor-widget-container\">\n\t\t\t\t\t\t\t\t\t<p>Im Allgemeinen spricht man von Kasbah, wenn man ein Geb\u00e4ude mit quadratischem Grundriss meint, das aus Lehm gebaut ist. Dieser Siedlungstyp stammt aus dem Amazighischen und wird in dieser Sprache als\u00a0<em>tighremt<\/em>. Das Wort Kasbah ist neueren Datums.<\/p><p>Der Bau der Kasbahs folgt mehreren architektonischen Regeln. Die Mauern sind dort aus\u00a0<strong>Stampflehm<\/strong>\u00a0(<em>Mischung aus Erde und Stroh nach einem alten Verfahren, das gegen Hitze und K\u00e4lte isoliert<\/em>.) Das Zentrum der Wohnung bildet ein Innenhof, der dem gesamten Geb\u00e4ude Licht bietet.<\/p><p>Die \u00e4u\u00dfere Verzierung der T\u00fcrme und der oberen Mauern besteht aus\u00a0<strong>adobe.<\/strong>\u00a0Lehmziegel aus ungebranntem Ton, mit dem man vertiefte und erhabene Muster ausf\u00fchren kann, die die oberen Teile durchbrechen. Die D\u00e4cher werden aus weit auseinander liegenden Balken hergestellt, die mit dicht gedr\u00e4ngtem Schilfrohr gedeckt sind, das mit Lehm bedeckt wird.<\/p>\t\t\t\t\t\t\t\t<\/div>\n\t\t\t\t<\/div>\n\t\t\t\t<\/div>\n\t\t\t\t<\/div>\n\t\t\t\t<\/div>\n\t\t\t\t<\/div>","protected":false},"excerpt":{"rendered":"<p>D\u00e9couvrez TAMDAKHTE Group 80-svg Retour aux alentours UN VILLAGE AMAZIGH A 3km du Ksar Ighnda, loin de la foule et des cars d\u2019Ait Ben haddou, le village de Tamdakhte vous propose une v\u00e9ritable plong\u00e9e au c\u0153ur de la culture et de la tradition amazighe. Partez \u00e0 la rencontre des villageois, baladez-vous dans les jardins, participez [&hellip;]<\/p>\n","protected":false},"author":20,"featured_media":0,"parent":114,"menu_order":0,"comment_status":"closed","ping_status":"closed","template":"","meta":{"inline_featured_image":false,"footnotes":""},"class_list":["post-4925","page","type-page","status-publish","hentry"],"_links":{"self":[{"href":"https:\/\/www.ksarighnda.com\/de\/wp-json\/wp\/v2\/pages\/4925","targetHints":{"allow":["GET"]}}],"collection":[{"href":"https:\/\/www.ksarighnda.com\/de\/wp-json\/wp\/v2\/pages"}],"about":[{"href":"https:\/\/www.ksarighnda.com\/de\/wp-json\/wp\/v2\/types\/page"}],"author":[{"embeddable":true,"href":"https:\/\/www.ksarighnda.com\/de\/wp-json\/wp\/v2\/users\/20"}],"replies":[{"embeddable":true,"href":"https:\/\/www.ksarighnda.com\/de\/wp-json\/wp\/v2\/comments?post=4925"}],"version-history":[{"count":4,"href":"https:\/\/www.ksarighnda.com\/de\/wp-json\/wp\/v2\/pages\/4925\/revisions"}],"predecessor-version":[{"id":4944,"href":"https:\/\/www.ksarighnda.com\/de\/wp-json\/wp\/v2\/pages\/4925\/revisions\/4944"}],"up":[{"embeddable":true,"href":"https:\/\/www.ksarighnda.com\/de\/wp-json\/wp\/v2\/pages\/114"}],"wp:attachment":[{"href":"https:\/\/www.ksarighnda.com\/de\/wp-json\/wp\/v2\/media?parent=4925"}],"curies":[{"name":"wp","href":"https:\/\/api.w.org\/{rel}","templated":true}]}}