{"id":4777,"date":"2025-07-08T06:53:38","date_gmt":"2025-07-08T05:53:38","guid":{"rendered":"https:\/\/www.ksarighnda.com\/?page_id=4777"},"modified":"2025-08-04T17:25:28","modified_gmt":"2025-08-04T16:25:28","slug":"mhamid-das-tor-zur-wuste","status":"publish","type":"page","link":"https:\/\/www.ksarighnda.com\/de\/activites-alentours\/excursions\/mhamid-la-porte-du-desert\/","title":{"rendered":"M'HAMID das Tor zur W\u00fcste"},"content":{"rendered":"<div data-elementor-type=\"wp-page\" data-elementor-id=\"4777\" class=\"elementor elementor-4777\" data-elementor-post-type=\"page\">\n\t\t\t\t<div class=\"elementor-element elementor-element-280cb79 e-con-full e-flex e-con e-parent\" data-id=\"280cb79\" data-element_type=\"container\" data-e-type=\"container\" data-settings=\"{&quot;background_background&quot;:&quot;classic&quot;}\">\n\t\t<div class=\"elementor-element elementor-element-733b7ac e-con-full entrance-clip-path-both e-flex e-con e-child\" data-id=\"733b7ac\" data-element_type=\"container\" data-e-type=\"container\">\n\t\t\t\t<div class=\"elementor-element elementor-element-508cee1 elementor-widget__width-inherit elementor-widget elementor-widget-image\" data-id=\"508cee1\" data-element_type=\"widget\" data-e-type=\"widget\" data-widget_type=\"image.default\">\n\t\t\t\t<div class=\"elementor-widget-container\">\n\t\t\t\t\t\t\t\t\t\t\t\t\t\t\t<img fetchpriority=\"high\" decoding=\"async\" width=\"1000\" height=\"666\" src=\"https:\/\/www.ksarighnda.com\/wp-content\/uploads\/2024\/11\/trek-et-randonne-dans-le-desert.jpg\" class=\"attachment-full size-full wp-image-4106\" alt=\"\" srcset=\"https:\/\/www.ksarighnda.com\/wp-content\/uploads\/2024\/11\/trek-et-randonne-dans-le-desert.jpg 1000w, https:\/\/www.ksarighnda.com\/wp-content\/uploads\/2024\/11\/trek-et-randonne-dans-le-desert-300x200.jpg 300w, https:\/\/www.ksarighnda.com\/wp-content\/uploads\/2024\/11\/trek-et-randonne-dans-le-desert-768x511.jpg 768w, https:\/\/www.ksarighnda.com\/wp-content\/uploads\/2024\/11\/trek-et-randonne-dans-le-desert-18x12.jpg 18w\" sizes=\"(max-width: 1000px) 100vw, 1000px\" title=\"\">\t\t\t\t\t\t\t\t\t\t\t\t\t\t\t<\/div>\n\t\t\t\t<\/div>\n\t\t\t\t<\/div>\n\t\t\t\t<div class=\"elementor-element elementor-element-400074c entrance-bottom  titre-barre elementor-widget elementor-widget-heading\" data-id=\"400074c\" data-element_type=\"widget\" data-e-type=\"widget\" data-widget_type=\"heading.default\">\n\t\t\t\t<div class=\"elementor-widget-container\">\n\t\t\t\t\t<span class=\"elementor-heading-title elementor-size-default\">Entdecken Sie <\/span>\t\t\t\t<\/div>\n\t\t\t\t<\/div>\n\t\t\t\t<div class=\"elementor-element elementor-element-5849029 entrance-bottom elementor-widget elementor-widget-heading\" data-id=\"5849029\" data-element_type=\"widget\" data-e-type=\"widget\" data-widget_type=\"heading.default\">\n\t\t\t\t<div class=\"elementor-widget-container\">\n\t\t\t\t\t<h1 class=\"elementor-heading-title elementor-size-default\">M'HAMID LETZTES DORF VOR DER W\u00dcSTE <\/h1>\t\t\t\t<\/div>\n\t\t\t\t<\/div>\n\t\t\t\t<div class=\"elementor-element elementor-element-80b97dc btn-fleche-gauche entrance-bottom elementor-align-left elementor-widget elementor-widget-button\" data-id=\"80b97dc\" data-element_type=\"widget\" data-e-type=\"widget\" data-widget_type=\"button.default\">\n\t\t\t\t<div class=\"elementor-widget-container\">\n\t\t\t\t\t\t\t\t\t<div class=\"elementor-button-wrapper\">\n\t\t\t\t\t<a class=\"elementor-button elementor-button-link elementor-size-sm\" href=\"https:\/\/www.ksarighnda.com\/de\/activites-alentours\/que-visiter-au-maroc\/\">\n\t\t\t\t\t\t<span class=\"elementor-button-content-wrapper\">\n\t\t\t\t\t\t<span class=\"elementor-button-icon\">\n\t\t\t\t<svg xmlns=\"http:\/\/www.w3.org\/2000\/svg\" viewbox=\"0 0 28 20\" width=\"28\" height=\"20\"><title>Gruppe 80-svg<\/title><style>\t\t.s0 { fill: none;stroke: #5c4932;stroke-linecap: round } \t<\/style><g id=\"Group 80\"><path id=\"Line 11\" fill-rule=\"evenodd\" class=\"s0\" d=\"m27 10h-26\"><\/path><path id=\"Vector 12\" fill-rule=\"evenodd\" class=\"s0\" d=\"m1 9.5c2-1.2 6.9-4.6 10.5-9\"><\/path><path id=\"Vector 13\" fill-rule=\"evenodd\" class=\"s0\" d=\"m1 10c2 1.2 6.9 4.6 10.5 9\"><\/path><\/g><\/svg>\t\t\t<\/span>\n\t\t\t\t\t\t\t\t\t<span class=\"elementor-button-text\">Zur\u00fcck in die Umgebung<\/span>\n\t\t\t\t\t<\/span>\n\t\t\t\t\t<\/a>\n\t\t\t\t<\/div>\n\t\t\t\t\t\t\t\t<\/div>\n\t\t\t\t<\/div>\n\t\t\t\t<\/div>\n\t\t<div class=\"elementor-element elementor-element-67240b0 e-con-full e-flex e-con e-parent\" data-id=\"67240b0\" data-element_type=\"container\" data-e-type=\"container\">\n\t\t<div class=\"elementor-element elementor-element-49c5494 e-con-full e-flex e-con e-child\" data-id=\"49c5494\" data-element_type=\"container\" data-e-type=\"container\">\n\t\t<div class=\"elementor-element elementor-element-0119585 e-con-full e-flex e-con e-child\" data-id=\"0119585\" data-element_type=\"container\" data-e-type=\"container\">\n\t\t\t\t<div class=\"elementor-element elementor-element-01e9723 entrance-bottom elementor-widget elementor-widget-heading\" data-id=\"01e9723\" data-element_type=\"widget\" data-e-type=\"widget\" data-widget_type=\"heading.default\">\n\t\t\t\t<div class=\"elementor-widget-container\">\n\t\t\t\t\t<h2 class=\"elementor-heading-title elementor-size-default\">M'HAMID<\/h2>\t\t\t\t<\/div>\n\t\t\t\t<\/div>\n\t\t\t\t<div class=\"elementor-element elementor-element-5673309 entrance-bottom elementor-widget elementor-widget-heading\" data-id=\"5673309\" data-element_type=\"widget\" data-e-type=\"widget\" data-widget_type=\"heading.default\">\n\t\t\t\t<div class=\"elementor-widget-container\">\n\t\t\t\t\t<span class=\"elementor-heading-title elementor-size-default\">das Tor zur W\u00fcste<\/span>\t\t\t\t<\/div>\n\t\t\t\t<\/div>\n\t\t\t\t<div class=\"elementor-element elementor-element-71a67a4 elementor-widget-laptop__width-initial entrance-bottom elementor-widget elementor-widget-text-editor\" data-id=\"71a67a4\" data-element_type=\"widget\" data-e-type=\"widget\" data-widget_type=\"text-editor.default\">\n\t\t\t\t<div class=\"elementor-widget-container\">\n\t\t\t\t\t\t\t\t\t<p><b>M'Hamid El Ghizlane<\/b>\u00a0 fr\u00fcherer Name <b>Targala<\/b>\u00a0<sup id=\"cite_ref-geonames_1-0\" class=\"reference\"><\/sup>und durch Medienirrtum taragalt, ist eine <a title=\"Gemeinde (Marokko)\" href=\"https:\/\/fr.wikipedia.org\/wiki\/Commune_(Maroc)\" rel=\"nofollow noopener\" target=\"_blank\">Gemeinde<\/a>\u00a0l\u00e4ndlich\u00a0<a title=\"Marokko\" href=\"https:\/\/fr.wikipedia.org\/wiki\/Maroc\" rel=\"nofollow noopener\" target=\"_blank\">Marokkanerin<\/a>\u00a0der\u00a0<a title=\"Provinz Zagora\" href=\"https:\/\/fr.wikipedia.org\/wiki\/Province_de_Zagora\" rel=\"nofollow noopener\" target=\"_blank\">Provinz Zagora<\/a>In der Region Dr\u00e2a-Tafilalet, die am Rande der Sahara an der Grenze zwischen Algerien und Marokko liegt, ist die Bev\u00f6lkerung von Dr\u00e2a-Tafilalet in den letzten Jahren stark gewachsen.<\/p>\n<p>Sein Gebiet, das fr\u00fcher eine Etappe auf dem\u00a0<a title=\"Transsaharischer Handel\" href=\"https:\/\/fr.wikipedia.org\/wiki\/Commerce_transsaharien\" rel=\"nofollow noopener\" target=\"_blank\">Transsahara-Handel<\/a>Das Gebiet ist heute ein Touristengebiet und Ausgangspunkt f\u00fcr W\u00fcstentouren, vor allem zu den D\u00fcnen von L'Or\u00e9al.<a class=\"mw-redirect\" title=\"Erg Chegaga\" href=\"https:\/\/fr.wikipedia.org\/wiki\/Erg_Chegaga\" rel=\"nofollow noopener\" target=\"_blank\">erg Chegaga.  Sein Name soll \"die Ebene der Gazellen\" bedeuten, <\/a>ist es m\u00f6glich, zu beobachten, dass <a class=\"mw-redirect\" title=\"Gazellen\" href=\"https:\/\/fr.wikipedia.org\/wiki\/Gazelles\" rel=\"nofollow noopener\" target=\"_blank\">Gazellen<\/a>\u00a0in Freiheit sich in ihrer nat\u00fcrlichen Umgebung bewegen.<\/p>\n<p>Sie ist Teil eines Gebietes von\u00a0<a title=\"Nomadentum\" href=\"https:\/\/fr.wikipedia.org\/wiki\/Nomadisme\" rel=\"nofollow noopener\" target=\"_blank\">Nomadentum <\/a><sup id=\"cite_ref-4\" class=\"reference\"><\/sup>und beherbergt in einer H\u00f6he von etwa 500\u00a0<abbr class=\"abbr\" title=\"Meter\">m<\/abbr><sup id=\"cite_ref-geonames_1-1\" class=\"reference\"><\/sup>eine\u00a0<a title=\"Oasen in Marokko\" href=\"https:\/\/fr.wikipedia.org\/wiki\/Oasis_au_Maroc\" rel=\"nofollow noopener\" target=\"_blank\">Oase<\/a>mit einer <a title=\"Palmenhain\" href=\"https:\/\/fr.wikipedia.org\/wiki\/Palmeraie\" rel=\"nofollow noopener\" target=\"_blank\">Palmenhain<\/a> die sich bis zum Wadi Draa erstrecken.<\/p>\t\t\t\t\t\t\t\t<\/div>\n\t\t\t\t<\/div>\n\t\t\t\t<\/div>\n\t\t\t\t<\/div>\n\t\t<div class=\"elementor-element elementor-element-4036eec e-con-full e-flex e-con e-child\" data-id=\"4036eec\" data-element_type=\"container\" data-e-type=\"container\">\n\t\t\t\t<div class=\"elementor-element elementor-element-e21863a elementor-widget__width-inherit entrance-right elementor-widget elementor-widget-image\" data-id=\"e21863a\" data-element_type=\"widget\" data-e-type=\"widget\" data-widget_type=\"image.default\">\n\t\t\t\t<div class=\"elementor-widget-container\">\n\t\t\t\t\t\t\t\t\t\t\t\t\t\t\t<img decoding=\"async\" width=\"2048\" height=\"1536\" src=\"https:\/\/www.ksarighnda.com\/wp-content\/uploads\/2025\/07\/IMG-20230505-WA0029.jpg\" class=\"attachment-full size-full wp-image-4779\" alt=\"\" srcset=\"https:\/\/www.ksarighnda.com\/wp-content\/uploads\/2025\/07\/IMG-20230505-WA0029.jpg 2048w, https:\/\/www.ksarighnda.com\/wp-content\/uploads\/2025\/07\/IMG-20230505-WA0029-300x225.jpg 300w, https:\/\/www.ksarighnda.com\/wp-content\/uploads\/2025\/07\/IMG-20230505-WA0029-1024x768.jpg 1024w, https:\/\/www.ksarighnda.com\/wp-content\/uploads\/2025\/07\/IMG-20230505-WA0029-768x576.jpg 768w, https:\/\/www.ksarighnda.com\/wp-content\/uploads\/2025\/07\/IMG-20230505-WA0029-1536x1152.jpg 1536w, https:\/\/www.ksarighnda.com\/wp-content\/uploads\/2025\/07\/IMG-20230505-WA0029-16x12.jpg 16w\" sizes=\"(max-width: 2048px) 100vw, 2048px\" title=\"\">\t\t\t\t\t\t\t\t\t\t\t\t\t\t\t<\/div>\n\t\t\t\t<\/div>\n\t\t\t\t<\/div>\n\t\t\t\t<\/div>\n\t\t<div class=\"elementor-element elementor-element-a1503d0 e-con-full e-flex e-con e-parent\" data-id=\"a1503d0\" data-element_type=\"container\" data-e-type=\"container\">\n\t\t<div class=\"elementor-element elementor-element-27c6639 e-con-full e-flex e-con e-child\" data-id=\"27c6639\" data-element_type=\"container\" data-e-type=\"container\">\n\t\t\t\t<div class=\"elementor-element elementor-element-057dcd0 elementor-widget__width-inherit entrance-left elementor-widget elementor-widget-image\" data-id=\"057dcd0\" data-element_type=\"widget\" data-e-type=\"widget\" data-widget_type=\"image.default\">\n\t\t\t\t<div class=\"elementor-widget-container\">\n\t\t\t\t\t\t\t\t\t\t\t\t\t\t\t<img decoding=\"async\" width=\"2048\" height=\"1536\" src=\"https:\/\/www.ksarighnda.com\/wp-content\/uploads\/2025\/07\/IMG-20230505-WA0042.jpg\" class=\"attachment-full size-full wp-image-4778\" alt=\"\" srcset=\"https:\/\/www.ksarighnda.com\/wp-content\/uploads\/2025\/07\/IMG-20230505-WA0042.jpg 2048w, https:\/\/www.ksarighnda.com\/wp-content\/uploads\/2025\/07\/IMG-20230505-WA0042-300x225.jpg 300w, https:\/\/www.ksarighnda.com\/wp-content\/uploads\/2025\/07\/IMG-20230505-WA0042-1024x768.jpg 1024w, https:\/\/www.ksarighnda.com\/wp-content\/uploads\/2025\/07\/IMG-20230505-WA0042-768x576.jpg 768w, https:\/\/www.ksarighnda.com\/wp-content\/uploads\/2025\/07\/IMG-20230505-WA0042-1536x1152.jpg 1536w, https:\/\/www.ksarighnda.com\/wp-content\/uploads\/2025\/07\/IMG-20230505-WA0042-16x12.jpg 16w\" sizes=\"(max-width: 2048px) 100vw, 2048px\" title=\"\">\t\t\t\t\t\t\t\t\t\t\t\t\t\t\t<\/div>\n\t\t\t\t<\/div>\n\t\t\t\t<\/div>\n\t\t<div class=\"elementor-element elementor-element-159af14 e-con-full e-flex e-con e-child\" data-id=\"159af14\" data-element_type=\"container\" data-e-type=\"container\">\n\t\t<div class=\"elementor-element elementor-element-017dc56 e-con-full e-flex e-con e-child\" data-id=\"017dc56\" data-element_type=\"container\" data-e-type=\"container\">\n\t\t\t\t<div class=\"elementor-element elementor-element-b3307b4 entrance-bottom elementor-widget elementor-widget-heading\" data-id=\"b3307b4\" data-element_type=\"widget\" data-e-type=\"widget\" data-widget_type=\"heading.default\">\n\t\t\t\t<div class=\"elementor-widget-container\">\n\t\t\t\t\t<h2 class=\"elementor-heading-title elementor-size-default\">Geschichte<\/h2>\t\t\t\t<\/div>\n\t\t\t\t<\/div>\n\t\t\t\t<div class=\"elementor-element elementor-element-0a0dc57 entrance-bottom elementor-widget elementor-widget-heading\" data-id=\"0a0dc57\" data-element_type=\"widget\" data-e-type=\"widget\" data-widget_type=\"heading.default\">\n\t\t\t\t<div class=\"elementor-widget-container\">\n\t\t\t\t\t<span class=\"elementor-heading-title elementor-size-default\">in der Zeit der Karawanen<\/span>\t\t\t\t<\/div>\n\t\t\t\t<\/div>\n\t\t\t\t<div class=\"elementor-element elementor-element-7199959 elementor-widget-laptop__width-initial entrance-bottom elementor-widget elementor-widget-text-editor\" data-id=\"7199959\" data-element_type=\"widget\" data-e-type=\"widget\" data-widget_type=\"text-editor.default\">\n\t\t\t\t<div class=\"elementor-widget-container\">\n\t\t\t\t\t\t\t\t\t<p>Der Ksar von M'hamid soll aus der Zeit stammen\u00a0<a title=\"Saadier\" href=\"https:\/\/fr.wikipedia.org\/wiki\/Saadiens\" rel=\"nofollow noopener\" target=\"_blank\">saadisch<\/a>Der Ksar befand sich in der letzten bewohnbaren Zone, bevor er in die v\u00f6llig nomadischen und unbewohnten Gebiete abtauchte. Der Ksar von M'hamid wird von dem ber\u00fchmten Entdecker\u00a0<a title=\"Ren\u00e9 Cailli\u00e9\" href=\"https:\/\/fr.wikipedia.org\/wiki\/Ren%C3%A9_Cailli%C3%A9\" rel=\"nofollow noopener\" target=\"_blank\">Ren\u00e9 Cailli\u00e9<\/a>\u00a0in seinem Buch \u00fcber seine Reise nach\u00a0<a title=\"Timbuktu\" href=\"https:\/\/fr.wikipedia.org\/wiki\/Tombouctou\" rel=\"nofollow noopener\" target=\"_blank\">Timbuktu<\/a>\u00a0im Jahr 1830.<\/p>\n<p>M'Hamid liegt im Draa-Tal, einer alten Karawanenstra\u00dfe zwischen der Sahara und Nordmarokko, die Menschen aus verschiedenen L\u00e4ndern anzog und daher eine betr\u00e4chtliche ethnische Vermischung erfuhr, die zu einer sehr vielf\u00e4ltigen und hierarchischen sozio-ethnischen Struktur f\u00fchrte.<sup id=\"cite_ref-8\" class=\"reference\"><\/sup>\u00a0:<\/p>\n<ul>\n<li>die Draua (schwarze Bev\u00f6lkerung), von denen angenommen wird, dass sie die Ureinwohner sind<\/li>\n<li>die maurischen Saharast\u00e4mme (A\u00e2rib)<\/li>\n<li>die St\u00e4mme, die aus dem Norden kamen (A\u00eft Sedrate)<\/li>\n<li>ehemalige Nomaden als Mitglieder der Berber-Konf\u00f6deration\u00a0<a title=\"A\u00eft Atta\" href=\"https:\/\/fr.wikipedia.org\/wiki\/A%C3%AFt_Atta\" rel=\"nofollow noopener\" target=\"_blank\">A\u00eft Atta<\/a><\/li>\n<li>Gemeinschaften mit sakrosanktem Charakter (Chorfas und Morabitines)<\/li>\n<li>die Juden<\/li>\n<\/ul>\n<p>Die Kultur von\u00a0<a class=\"mw-redirect\" title=\"Getreide\" href=\"https:\/\/fr.wikipedia.org\/wiki\/C%C3%A9r%C3%A9ales\" rel=\"nofollow noopener\" target=\"_blank\">Getreide<\/a>\u00a0und die<a title=\"Gartenbau\" href=\"https:\/\/fr.wikipedia.org\/wiki\/Horticulture\" rel=\"nofollow noopener\" target=\"_blank\">Gartenbau<\/a>\u00a0werden in gemischten G\u00e4rten praktiziert, in der\u00a0<a title=\"Palmenhain\" href=\"https:\/\/fr.wikipedia.org\/wiki\/Palmeraie\" rel=\"nofollow noopener\" target=\"_blank\">Palmenhain<\/a>\u00fcber 16 <abbr class=\"abbr\" title=\"Kilometer\">km<\/abbr>\u00a0in der L\u00e4nge und 2.700\u00a0<abbr class=\"abbr\" title=\"Quadratkilometer\">km2<\/abbr><sup id=\"cite_ref-pr\u00e9sentation_6-1\" class=\"reference\"><\/sup>.<\/p>\n<p>Daneben gibt es eine touristische Aktivit\u00e4t: M'Hamid El Ghizlane ist Ausgangspunkt f\u00fcr Ausfl\u00fcge zum Erg Lehoudi, 12\u00a0<abbr class=\"abbr\" title=\"Kilometer\">km<\/abbr>\u00a0im Norden, die auf der Stra\u00dfe erreichbar ist, und zum Erg Chegaga im S\u00fcden, fast 60\u00a0<abbr class=\"abbr\" title=\"Kilometer\">km<\/abbr>Der Weg ist \u00fcber Pisten, zu Fu\u00df (Trekking), auf Dromedaren oder mit Allradfahrzeugen zu erreichen.<sup id=\"cite_ref-sud_5-1\" class=\"reference\"><\/sup>. .<\/p>\n<p>\u00a0<\/p>\t\t\t\t\t\t\t\t<\/div>\n\t\t\t\t<\/div>\n\t\t\t\t<\/div>\n\t\t\t\t<\/div>\n\t\t\t\t<\/div>\n\t\t\t\t<\/div>","protected":false},"excerpt":{"rendered":"<p>D\u00e9couvrez M&rsquo;HAMID DERNIER VILLAGE AVANT LE DESERT Group 80-svg Retour aux alentours M&rsquo;HAMID la porte du d\u00e9sert M&rsquo;Hamid El Ghizlane\u00a0 anciennement nomm\u00e9e Targala\u00a0et par erreur m\u00e9diatique taragalt, est une commune\u00a0rurale\u00a0marocaine\u00a0de la\u00a0province de Zagora, dans la r\u00e9gion de Dr\u00e2a-Tafilalet, situ\u00e9e \u00e0 la lisi\u00e8re du Sahara, sur les confins alg\u00e9ro-marocains. Son territoire, qui \u00e9tait autrefois une \u00e9tape [&hellip;]<\/p>\n","protected":false},"author":20,"featured_media":0,"parent":111,"menu_order":0,"comment_status":"closed","ping_status":"closed","template":"","meta":{"inline_featured_image":false,"footnotes":""},"class_list":["post-4777","page","type-page","status-publish","hentry"],"_links":{"self":[{"href":"https:\/\/www.ksarighnda.com\/de\/wp-json\/wp\/v2\/pages\/4777","targetHints":{"allow":["GET"]}}],"collection":[{"href":"https:\/\/www.ksarighnda.com\/de\/wp-json\/wp\/v2\/pages"}],"about":[{"href":"https:\/\/www.ksarighnda.com\/de\/wp-json\/wp\/v2\/types\/page"}],"author":[{"embeddable":true,"href":"https:\/\/www.ksarighnda.com\/de\/wp-json\/wp\/v2\/users\/20"}],"replies":[{"embeddable":true,"href":"https:\/\/www.ksarighnda.com\/de\/wp-json\/wp\/v2\/comments?post=4777"}],"version-history":[{"count":14,"href":"https:\/\/www.ksarighnda.com\/de\/wp-json\/wp\/v2\/pages\/4777\/revisions"}],"predecessor-version":[{"id":5412,"href":"https:\/\/www.ksarighnda.com\/de\/wp-json\/wp\/v2\/pages\/4777\/revisions\/5412"}],"up":[{"embeddable":true,"href":"https:\/\/www.ksarighnda.com\/de\/wp-json\/wp\/v2\/pages\/111"}],"wp:attachment":[{"href":"https:\/\/www.ksarighnda.com\/de\/wp-json\/wp\/v2\/media?parent=4777"}],"curies":[{"name":"wp","href":"https:\/\/api.w.org\/{rel}","templated":true}]}}