{"id":3510,"date":"2024-10-07T10:25:02","date_gmt":"2024-10-07T09:25:02","guid":{"rendered":"https:\/\/www.ksarighnda.com\/?page_id=3510"},"modified":"2024-10-17T15:14:22","modified_gmt":"2024-10-17T14:14:22","slug":"zagora","status":"publish","type":"page","link":"https:\/\/www.ksarighnda.com\/de\/activites-alentours\/excursions\/zagora\/","title":{"rendered":"Zagora"},"content":{"rendered":"<div data-elementor-type=\"wp-page\" data-elementor-id=\"3510\" class=\"elementor elementor-3510\" data-elementor-post-type=\"page\">\n\t\t\t\t<div class=\"elementor-element elementor-element-50f2e12 e-con-full e-flex e-con e-parent\" data-id=\"50f2e12\" data-element_type=\"container\" data-e-type=\"container\" data-settings=\"{&quot;background_background&quot;:&quot;classic&quot;}\">\n\t\t<div class=\"elementor-element elementor-element-b4cb4ee e-con-full entrance-clip-path-both e-flex e-con e-child\" data-id=\"b4cb4ee\" data-element_type=\"container\" data-e-type=\"container\">\n\t\t\t\t<div class=\"elementor-element elementor-element-a83fea9 elementor-widget__width-inherit elementor-widget elementor-widget-image\" data-id=\"a83fea9\" data-element_type=\"widget\" data-e-type=\"widget\" data-widget_type=\"image.default\">\n\t\t\t\t<div class=\"elementor-widget-container\">\n\t\t\t\t\t\t\t\t\t\t\t\t\t\t\t<img fetchpriority=\"high\" decoding=\"async\" width=\"2121\" height=\"1414\" src=\"https:\/\/www.ksarighnda.com\/wp-content\/uploads\/2024\/10\/GettyImages-1197546275.jpg\" class=\"attachment-full size-full wp-image-3709\" alt=\"\" srcset=\"https:\/\/www.ksarighnda.com\/wp-content\/uploads\/2024\/10\/GettyImages-1197546275.jpg 2121w, https:\/\/www.ksarighnda.com\/wp-content\/uploads\/2024\/10\/GettyImages-1197546275-300x200.jpg 300w, https:\/\/www.ksarighnda.com\/wp-content\/uploads\/2024\/10\/GettyImages-1197546275-1024x683.jpg 1024w, https:\/\/www.ksarighnda.com\/wp-content\/uploads\/2024\/10\/GettyImages-1197546275-768x512.jpg 768w, https:\/\/www.ksarighnda.com\/wp-content\/uploads\/2024\/10\/GettyImages-1197546275-1536x1024.jpg 1536w, https:\/\/www.ksarighnda.com\/wp-content\/uploads\/2024\/10\/GettyImages-1197546275-2048x1365.jpg 2048w, https:\/\/www.ksarighnda.com\/wp-content\/uploads\/2024\/10\/GettyImages-1197546275-18x12.jpg 18w\" sizes=\"(max-width: 2121px) 100vw, 2121px\" title=\"\">\t\t\t\t\t\t\t\t\t\t\t\t\t\t\t<\/div>\n\t\t\t\t<\/div>\n\t\t\t\t<\/div>\n\t\t\t\t<div class=\"elementor-element elementor-element-32bbe05 entrance-bottom  titre-barre elementor-widget elementor-widget-heading\" data-id=\"32bbe05\" data-element_type=\"widget\" data-e-type=\"widget\" data-widget_type=\"heading.default\">\n\t\t\t\t<div class=\"elementor-widget-container\">\n\t\t\t\t\t<span class=\"elementor-heading-title elementor-size-default\">Entdecken Sie <\/span>\t\t\t\t<\/div>\n\t\t\t\t<\/div>\n\t\t\t\t<div class=\"elementor-element elementor-element-9116641 entrance-bottom elementor-widget elementor-widget-heading\" data-id=\"9116641\" data-element_type=\"widget\" data-e-type=\"widget\" data-widget_type=\"heading.default\">\n\t\t\t\t<div class=\"elementor-widget-container\">\n\t\t\t\t\t<h1 class=\"elementor-heading-title elementor-size-default\">Zagora<\/h1>\t\t\t\t<\/div>\n\t\t\t\t<\/div>\n\t\t\t\t<div class=\"elementor-element elementor-element-eba7de9 entrance-bottom elementor-widget elementor-widget-heading\" data-id=\"eba7de9\" data-element_type=\"widget\" data-e-type=\"widget\" data-widget_type=\"heading.default\">\n\t\t\t\t<div class=\"elementor-widget-container\">\n\t\t\t\t\t<span class=\"elementor-heading-title elementor-size-default\">Die Tore der W\u00fcste<\/span>\t\t\t\t<\/div>\n\t\t\t\t<\/div>\n\t\t\t\t<div class=\"elementor-element elementor-element-79fb17a btn-fleche-gauche entrance-bottom elementor-align-left elementor-widget elementor-widget-button\" data-id=\"79fb17a\" data-element_type=\"widget\" data-e-type=\"widget\" data-widget_type=\"button.default\">\n\t\t\t\t<div class=\"elementor-widget-container\">\n\t\t\t\t\t\t\t\t\t<div class=\"elementor-button-wrapper\">\n\t\t\t\t\t<a class=\"elementor-button elementor-button-link elementor-size-sm\" href=\"https:\/\/www.ksarighnda.com\/de\/activites-alentours\/que-visiter-au-maroc\/\">\n\t\t\t\t\t\t<span class=\"elementor-button-content-wrapper\">\n\t\t\t\t\t\t<span class=\"elementor-button-icon\">\n\t\t\t\t<svg xmlns=\"http:\/\/www.w3.org\/2000\/svg\" viewbox=\"0 0 28 20\" width=\"28\" height=\"20\"><title>Gruppe 80-svg<\/title><style>\t\t.s0 { fill: none;stroke: #5c4932;stroke-linecap: round } \t<\/style><g id=\"Group 80\"><path id=\"Line 11\" fill-rule=\"evenodd\" class=\"s0\" d=\"m27 10h-26\"><\/path><path id=\"Vector 12\" fill-rule=\"evenodd\" class=\"s0\" d=\"m1 9.5c2-1.2 6.9-4.6 10.5-9\"><\/path><path id=\"Vector 13\" fill-rule=\"evenodd\" class=\"s0\" d=\"m1 10c2 1.2 6.9 4.6 10.5 9\"><\/path><\/g><\/svg>\t\t\t<\/span>\n\t\t\t\t\t\t\t\t\t<span class=\"elementor-button-text\">Zur\u00fcck in die Umgebung<\/span>\n\t\t\t\t\t<\/span>\n\t\t\t\t\t<\/a>\n\t\t\t\t<\/div>\n\t\t\t\t\t\t\t\t<\/div>\n\t\t\t\t<\/div>\n\t\t\t\t<\/div>\n\t\t<div class=\"elementor-element elementor-element-ce7c837 e-con-full e-flex e-con e-parent\" data-id=\"ce7c837\" data-element_type=\"container\" data-e-type=\"container\">\n\t\t<div class=\"elementor-element elementor-element-80e997a e-con-full e-flex e-con e-child\" data-id=\"80e997a\" data-element_type=\"container\" data-e-type=\"container\">\n\t\t<div class=\"elementor-element elementor-element-8f50b58 e-con-full e-flex e-con e-child\" data-id=\"8f50b58\" data-element_type=\"container\" data-e-type=\"container\">\n\t\t\t\t<div class=\"elementor-element elementor-element-9ccca70 entrance-bottom elementor-widget elementor-widget-heading\" data-id=\"9ccca70\" data-element_type=\"widget\" data-e-type=\"widget\" data-widget_type=\"heading.default\">\n\t\t\t\t<div class=\"elementor-widget-container\">\n\t\t\t\t\t<h2 class=\"elementor-heading-title elementor-size-default\">Die T\u00fcr<\/h2>\t\t\t\t<\/div>\n\t\t\t\t<\/div>\n\t\t\t\t<div class=\"elementor-element elementor-element-44d3a89 entrance-bottom elementor-widget elementor-widget-heading\" data-id=\"44d3a89\" data-element_type=\"widget\" data-e-type=\"widget\" data-widget_type=\"heading.default\">\n\t\t\t\t<div class=\"elementor-widget-container\">\n\t\t\t\t\t<span class=\"elementor-heading-title elementor-size-default\">der W\u00fcste<\/span>\t\t\t\t<\/div>\n\t\t\t\t<\/div>\n\t\t\t\t<div class=\"elementor-element elementor-element-c9bce02 elementor-widget-laptop__width-initial entrance-bottom elementor-widget elementor-widget-text-editor\" data-id=\"c9bce02\" data-element_type=\"widget\" data-e-type=\"widget\" data-widget_type=\"text-editor.default\">\n\t\t\t\t<div class=\"elementor-widget-container\">\n\t\t\t\t\t\t\t\t\t<p>Ouarzazate, bekannt als das Tor zur Sahara-W\u00fcste, ist viel mehr als das und h\u00e4lt zahlreiche Sua<\/p><p>Zagora, eine kleine Stadt im S\u00fcden Marokkos, wird oft als das ideale Tor zur W\u00fcste bezeichnet. Etwa 160 km s\u00fcdlich von Ouarzazate gelegen, bietet sie einen hervorragenden Zugang zu den Weiten der Sahara, insbesondere zu den ber\u00fchmten D\u00fcnen von Tinfou und Chegaga, die Reisende auf der Suche nach Abenteuer und Authentizit\u00e4t faszinieren. Es ist ein unumg\u00e4ngliches Reiseziel f\u00fcr jeden, der den Zauber der W\u00fcste entdecken und eine einzigartige Erfahrung machen m\u00f6chte, wie z. B. eine Nacht unter dem Sternenhimmel in dieser bezaubernden Umgebung zu verbringen.<\/p>\t\t\t\t\t\t\t\t<\/div>\n\t\t\t\t<\/div>\n\t\t\t\t<\/div>\n\t\t\t\t<\/div>\n\t\t<div class=\"elementor-element elementor-element-e7dc86d e-con-full e-flex e-con e-child\" data-id=\"e7dc86d\" data-element_type=\"container\" data-e-type=\"container\">\n\t\t\t\t<div class=\"elementor-element elementor-element-e6e5159 elementor-widget__width-inherit entrance-right elementor-widget elementor-widget-image\" data-id=\"e6e5159\" data-element_type=\"widget\" data-e-type=\"widget\" data-widget_type=\"image.default\">\n\t\t\t\t<div class=\"elementor-widget-container\">\n\t\t\t\t\t\t\t\t\t\t\t\t\t\t\t<img decoding=\"async\" width=\"2119\" height=\"1415\" src=\"https:\/\/www.ksarighnda.com\/wp-content\/uploads\/2024\/10\/GettyImages-1499527257.jpg\" class=\"attachment-full size-full wp-image-3710\" alt=\"\" srcset=\"https:\/\/www.ksarighnda.com\/wp-content\/uploads\/2024\/10\/GettyImages-1499527257.jpg 2119w, https:\/\/www.ksarighnda.com\/wp-content\/uploads\/2024\/10\/GettyImages-1499527257-300x200.jpg 300w, https:\/\/www.ksarighnda.com\/wp-content\/uploads\/2024\/10\/GettyImages-1499527257-1024x684.jpg 1024w, https:\/\/www.ksarighnda.com\/wp-content\/uploads\/2024\/10\/GettyImages-1499527257-768x513.jpg 768w, https:\/\/www.ksarighnda.com\/wp-content\/uploads\/2024\/10\/GettyImages-1499527257-1536x1026.jpg 1536w, https:\/\/www.ksarighnda.com\/wp-content\/uploads\/2024\/10\/GettyImages-1499527257-2048x1368.jpg 2048w, https:\/\/www.ksarighnda.com\/wp-content\/uploads\/2024\/10\/GettyImages-1499527257-18x12.jpg 18w\" sizes=\"(max-width: 2119px) 100vw, 2119px\" title=\"\">\t\t\t\t\t\t\t\t\t\t\t\t\t\t\t<\/div>\n\t\t\t\t<\/div>\n\t\t\t\t<\/div>\n\t\t\t\t<\/div>\n\t\t<div class=\"elementor-element elementor-element-e178519 e-con-full e-flex e-con e-parent\" data-id=\"e178519\" data-element_type=\"container\" data-e-type=\"container\">\n\t\t<div class=\"elementor-element elementor-element-730b90b e-con-full e-flex e-con e-child\" data-id=\"730b90b\" data-element_type=\"container\" data-e-type=\"container\">\n\t\t\t\t<div class=\"elementor-element elementor-element-3362ff4 elementor-widget__width-inherit entrance-left elementor-widget elementor-widget-image\" data-id=\"3362ff4\" data-element_type=\"widget\" data-e-type=\"widget\" data-widget_type=\"image.default\">\n\t\t\t\t<div class=\"elementor-widget-container\">\n\t\t\t\t\t\t\t\t\t\t\t\t\t\t\t<img decoding=\"async\" width=\"1998\" height=\"1500\" src=\"https:\/\/www.ksarighnda.com\/wp-content\/uploads\/2024\/10\/GettyImages-1917130949.jpg\" class=\"attachment-full size-full wp-image-3711\" alt=\"\" srcset=\"https:\/\/www.ksarighnda.com\/wp-content\/uploads\/2024\/10\/GettyImages-1917130949.jpg 1998w, https:\/\/www.ksarighnda.com\/wp-content\/uploads\/2024\/10\/GettyImages-1917130949-300x225.jpg 300w, https:\/\/www.ksarighnda.com\/wp-content\/uploads\/2024\/10\/GettyImages-1917130949-1024x769.jpg 1024w, https:\/\/www.ksarighnda.com\/wp-content\/uploads\/2024\/10\/GettyImages-1917130949-768x577.jpg 768w, https:\/\/www.ksarighnda.com\/wp-content\/uploads\/2024\/10\/GettyImages-1917130949-1536x1153.jpg 1536w, https:\/\/www.ksarighnda.com\/wp-content\/uploads\/2024\/10\/GettyImages-1917130949-16x12.jpg 16w\" sizes=\"(max-width: 1998px) 100vw, 1998px\" title=\"\">\t\t\t\t\t\t\t\t\t\t\t\t\t\t\t<\/div>\n\t\t\t\t<\/div>\n\t\t\t\t<\/div>\n\t\t<div class=\"elementor-element elementor-element-3cc0e4f e-con-full e-flex e-con e-child\" data-id=\"3cc0e4f\" data-element_type=\"container\" data-e-type=\"container\">\n\t\t<div class=\"elementor-element elementor-element-e029c5d e-con-full e-flex e-con e-child\" data-id=\"e029c5d\" data-element_type=\"container\" data-e-type=\"container\">\n\t\t\t\t<div class=\"elementor-element elementor-element-c2afbc1 entrance-bottom elementor-widget elementor-widget-heading\" data-id=\"c2afbc1\" data-element_type=\"widget\" data-e-type=\"widget\" data-widget_type=\"heading.default\">\n\t\t\t\t<div class=\"elementor-widget-container\">\n\t\t\t\t\t<h2 class=\"elementor-heading-title elementor-size-default\">Entdecken Sie<\/h2>\t\t\t\t<\/div>\n\t\t\t\t<\/div>\n\t\t\t\t<div class=\"elementor-element elementor-element-3eecbfa entrance-bottom elementor-widget elementor-widget-heading\" data-id=\"3eecbfa\" data-element_type=\"widget\" data-e-type=\"widget\" data-widget_type=\"heading.default\">\n\t\t\t\t<div class=\"elementor-widget-container\">\n\t\t\t\t\t<span class=\"elementor-heading-title elementor-size-default\">die gro\u00dfen Sandd\u00fcnen<\/span>\t\t\t\t<\/div>\n\t\t\t\t<\/div>\n\t\t\t\t<div class=\"elementor-element elementor-element-38baa58 elementor-widget-laptop__width-initial entrance-bottom elementor-widget elementor-widget-text-editor\" data-id=\"38baa58\" data-element_type=\"widget\" data-e-type=\"widget\" data-widget_type=\"text-editor.default\">\n\t\t\t\t<div class=\"elementor-widget-container\">\n\t\t\t\t\t\t\t\t\t<p>Zagora ist der perfekte Ausgangspunkt f\u00fcr die Erkundung der gro\u00dfen Sandd\u00fcnen, die sich soweit das Auge reicht erstrecken. Nur wenige Kilometer von der Stadt entfernt hei\u00dfen Sie die D\u00fcnen von Tinfou willkommen, wo Sie zum ersten Mal in die W\u00fcste eintauchen k\u00f6nnen. Sie sind leicht zug\u00e4nglich und bieten einen Vorgeschmack auf die grandiose Landschaft der Sahara mit spektakul\u00e4ren Sonnenunterg\u00e4ngen, die die D\u00fcnen in goldene und orangefarbene Schattierungen tauchen. F\u00fcr ein echtes Abenteuer m\u00fcssen Sie jedoch weiter zu den D\u00fcnen von Chegaga fahren, die etwa zwei Stunden auf der Piste liegen. Sie sind weniger \u00fcberlaufen als die D\u00fcnen von Merzouga und bieten ein wilderes und authentischeres Erlebnis. Dort k\u00f6nnen Sie sich ganz allein auf der Welt f\u00fchlen, umgeben von endlosen Landschaften, in denen die Stille K\u00f6nig ist.<\/p>\t\t\t\t\t\t\t\t<\/div>\n\t\t\t\t<\/div>\n\t\t\t\t<\/div>\n\t\t\t\t<\/div>\n\t\t\t\t<\/div>\n\t\t<div class=\"elementor-element elementor-element-89040f8 e-con-full e-flex e-con e-parent\" data-id=\"89040f8\" data-element_type=\"container\" data-e-type=\"container\">\n\t\t<div class=\"elementor-element elementor-element-9efe59d e-con-full e-flex e-con e-child\" data-id=\"9efe59d\" data-element_type=\"container\" data-e-type=\"container\">\n\t\t<div class=\"elementor-element elementor-element-0db0ce3 e-con-full e-flex e-con e-child\" data-id=\"0db0ce3\" data-element_type=\"container\" data-e-type=\"container\">\n\t\t\t\t<div class=\"elementor-element elementor-element-a0350c6 entrance-bottom elementor-widget elementor-widget-heading\" data-id=\"a0350c6\" data-element_type=\"widget\" data-e-type=\"widget\" data-widget_type=\"heading.default\">\n\t\t\t\t<div class=\"elementor-widget-container\">\n\t\t\t\t\t<h2 class=\"elementor-heading-title elementor-size-default\">Historischer Start<\/h2>\t\t\t\t<\/div>\n\t\t\t\t<\/div>\n\t\t\t\t<div class=\"elementor-element elementor-element-eff49a8 entrance-bottom elementor-widget elementor-widget-heading\" data-id=\"eff49a8\" data-element_type=\"widget\" data-e-type=\"widget\" data-widget_type=\"heading.default\">\n\t\t\t\t<div class=\"elementor-widget-container\">\n\t\t\t\t\t<span class=\"elementor-heading-title elementor-size-default\">f\u00fcr Timbuktu<\/span>\t\t\t\t<\/div>\n\t\t\t\t<\/div>\n\t\t\t\t<div class=\"elementor-element elementor-element-554cf03 elementor-widget-laptop__width-initial entrance-bottom elementor-widget elementor-widget-text-editor\" data-id=\"554cf03\" data-element_type=\"widget\" data-e-type=\"widget\" data-widget_type=\"text-editor.default\">\n\t\t\t\t<div class=\"elementor-widget-container\">\n\t\t\t\t\t\t\t\t\t<p>Die Stadt Zagora selbst ist ein traditioneller Ausgangspunkt f\u00fcr Expeditionen in die W\u00fcste. Historisch gesehen markierte sie den ersten Halt der Karawanen, die durch die Sahara nach Timbuktu zogen. Noch heute kann man in der Stadt das ber\u00fchmte Schild mit der Aufschrift \"Timbuktu, 52 Tage\" auf dem R\u00fccken eines Kamels sehen, das an die alte Karawanenroute erinnert.<\/p><p>Einer der H\u00f6hepunkte eines jeden Aufenthalts in Zagora ist das unvergessliche Erlebnis, eine Nacht in der W\u00fcste zu verbringen. Die traditionellen Berberlager, die oft am Fu\u00dfe der D\u00fcnen errichtet werden, bieten ein v\u00f6lliges Eintauchen in die Nomadenkultur. In einem Berberzelt zu schlafen, umgeben von endlosem Sand, l\u00e4sst Sie die Ruhe und Gelassenheit der W\u00fcste erleben. Der Nachthimmel, der frei von jeglicher Lichtverschmutzung ist, enth\u00fcllt eine Myriade von Sternen und schafft ein Himmelsschauspiel, das nur an wenigen Orten erreicht werden kann. Am n\u00e4chsten Morgen ist der Sonnenaufgang \u00fcber den D\u00fcnen ebenso magisch und taucht die W\u00fcste in ein weiches, goldenes Licht.<\/p>\t\t\t\t\t\t\t\t<\/div>\n\t\t\t\t<\/div>\n\t\t\t\t<\/div>\n\t\t\t\t<\/div>\n\t\t<div class=\"elementor-element elementor-element-cb8cd8e e-con-full e-flex e-con e-child\" data-id=\"cb8cd8e\" data-element_type=\"container\" data-e-type=\"container\">\n\t\t\t\t<div class=\"elementor-element elementor-element-6d3bb3e elementor-widget__width-inherit entrance-right elementor-widget elementor-widget-image\" data-id=\"6d3bb3e\" data-element_type=\"widget\" data-e-type=\"widget\" data-widget_type=\"image.default\">\n\t\t\t\t<div class=\"elementor-widget-container\">\n\t\t\t\t\t\t\t\t\t\t\t\t\t\t\t<img loading=\"lazy\" decoding=\"async\" width=\"2121\" height=\"1414\" src=\"https:\/\/www.ksarighnda.com\/wp-content\/uploads\/2024\/10\/GettyImages-648544248.jpg\" class=\"attachment-full size-full wp-image-3712\" alt=\"\" srcset=\"https:\/\/www.ksarighnda.com\/wp-content\/uploads\/2024\/10\/GettyImages-648544248.jpg 2121w, https:\/\/www.ksarighnda.com\/wp-content\/uploads\/2024\/10\/GettyImages-648544248-300x200.jpg 300w, https:\/\/www.ksarighnda.com\/wp-content\/uploads\/2024\/10\/GettyImages-648544248-1024x683.jpg 1024w, https:\/\/www.ksarighnda.com\/wp-content\/uploads\/2024\/10\/GettyImages-648544248-768x512.jpg 768w, https:\/\/www.ksarighnda.com\/wp-content\/uploads\/2024\/10\/GettyImages-648544248-1536x1024.jpg 1536w, https:\/\/www.ksarighnda.com\/wp-content\/uploads\/2024\/10\/GettyImages-648544248-2048x1365.jpg 2048w, https:\/\/www.ksarighnda.com\/wp-content\/uploads\/2024\/10\/GettyImages-648544248-18x12.jpg 18w\" sizes=\"(max-width: 2121px) 100vw, 2121px\" title=\"\">\t\t\t\t\t\t\t\t\t\t\t\t\t\t\t<\/div>\n\t\t\t\t<\/div>\n\t\t\t\t<\/div>\n\t\t\t\t<\/div>\n\t\t<div class=\"elementor-element elementor-element-5d214f1 e-con-full e-flex e-con e-parent\" data-id=\"5d214f1\" data-element_type=\"container\" data-e-type=\"container\">\n\t\t<div class=\"elementor-element elementor-element-542c64d e-con-full e-flex e-con e-child\" data-id=\"542c64d\" data-element_type=\"container\" data-e-type=\"container\">\n\t\t\t\t<div class=\"elementor-element elementor-element-e42931d elementor-widget__width-inherit entrance-left elementor-widget elementor-widget-image\" data-id=\"e42931d\" data-element_type=\"widget\" data-e-type=\"widget\" data-widget_type=\"image.default\">\n\t\t\t\t<div class=\"elementor-widget-container\">\n\t\t\t\t\t\t\t\t\t\t\t\t\t\t\t<img loading=\"lazy\" decoding=\"async\" width=\"2121\" height=\"1414\" src=\"https:\/\/www.ksarighnda.com\/wp-content\/uploads\/2024\/10\/GettyImages-180331613.jpg\" class=\"attachment-full size-full wp-image-3713\" alt=\"\" srcset=\"https:\/\/www.ksarighnda.com\/wp-content\/uploads\/2024\/10\/GettyImages-180331613.jpg 2121w, https:\/\/www.ksarighnda.com\/wp-content\/uploads\/2024\/10\/GettyImages-180331613-300x200.jpg 300w, https:\/\/www.ksarighnda.com\/wp-content\/uploads\/2024\/10\/GettyImages-180331613-1024x683.jpg 1024w, https:\/\/www.ksarighnda.com\/wp-content\/uploads\/2024\/10\/GettyImages-180331613-768x512.jpg 768w, https:\/\/www.ksarighnda.com\/wp-content\/uploads\/2024\/10\/GettyImages-180331613-1536x1024.jpg 1536w, https:\/\/www.ksarighnda.com\/wp-content\/uploads\/2024\/10\/GettyImages-180331613-2048x1365.jpg 2048w, https:\/\/www.ksarighnda.com\/wp-content\/uploads\/2024\/10\/GettyImages-180331613-18x12.jpg 18w\" sizes=\"(max-width: 2121px) 100vw, 2121px\" title=\"\">\t\t\t\t\t\t\t\t\t\t\t\t\t\t\t<\/div>\n\t\t\t\t<\/div>\n\t\t\t\t<\/div>\n\t\t<div class=\"elementor-element elementor-element-abbc103 e-con-full e-flex e-con e-child\" data-id=\"abbc103\" data-element_type=\"container\" data-e-type=\"container\">\n\t\t<div class=\"elementor-element elementor-element-25c184d e-con-full e-flex e-con e-child\" data-id=\"25c184d\" data-element_type=\"container\" data-e-type=\"container\">\n\t\t\t\t<div class=\"elementor-element elementor-element-4c5e098 entrance-bottom elementor-widget elementor-widget-heading\" data-id=\"4c5e098\" data-element_type=\"widget\" data-e-type=\"widget\" data-widget_type=\"heading.default\">\n\t\t\t\t<div class=\"elementor-widget-container\">\n\t\t\t\t\t<h2 class=\"elementor-heading-title elementor-size-default\">Destination<\/h2>\t\t\t\t<\/div>\n\t\t\t\t<\/div>\n\t\t\t\t<div class=\"elementor-element elementor-element-f78a833 entrance-bottom elementor-widget elementor-widget-heading\" data-id=\"f78a833\" data-element_type=\"widget\" data-e-type=\"widget\" data-widget_type=\"heading.default\">\n\t\t\t\t<div class=\"elementor-widget-container\">\n\t\t\t\t\t<span class=\"elementor-heading-title elementor-size-default\">unumg\u00e4nglich<\/span>\t\t\t\t<\/div>\n\t\t\t\t<\/div>\n\t\t\t\t<div class=\"elementor-element elementor-element-b37bbc1 elementor-widget-laptop__width-initial entrance-bottom elementor-widget elementor-widget-text-editor\" data-id=\"b37bbc1\" data-element_type=\"widget\" data-e-type=\"widget\" data-widget_type=\"text-editor.default\">\n\t\t\t\t<div class=\"elementor-widget-container\">\n\t\t\t\t\t\t\t\t\t<p>Zagora ist aufgrund seiner g\u00fcnstigen Lage also das ideale Tor, um die Wunder der marokkanischen W\u00fcste zu entdecken. Ob ein Tagesausflug auf dem Kamel, eine Wanderung durch die D\u00fcnen oder eine magische Nacht unter dem Sternenhimmel der Sahara - diese Region verspricht Ihnen unvergessliche Erinnerungen und eine tiefe Verbindung mit der Natur. F\u00fcr Reisende, die auf der Suche nach Abwechslung und Abenteuer sind, ist Zagora ein Reiseziel, das Sie nicht verpassen sollten.<\/p>\t\t\t\t\t\t\t\t<\/div>\n\t\t\t\t<\/div>\n\t\t\t\t<\/div>\n\t\t\t\t<\/div>\n\t\t\t\t<\/div>\n\t\t\t\t<\/div>","protected":false},"excerpt":{"rendered":"<p>D\u00e9couvrez Les portes du d\u00e9sert Group 80-svg Retour aux alentours La porte du d\u00e9sert Connue comme la porte du d\u00e9sert du Sahara, Ouarzazate est bien plus que \u00e7a et r\u00e9serve de nombreuses sua Zagora, petite ville situ\u00e9e au sud du Maroc, est souvent consid\u00e9r\u00e9e comme la porte d\u2019entr\u00e9e id\u00e9ale pour le d\u00e9sert. \u00c0 environ 160 [&hellip;]<\/p>\n","protected":false},"author":5,"featured_media":0,"parent":111,"menu_order":0,"comment_status":"closed","ping_status":"closed","template":"","meta":{"inline_featured_image":false,"footnotes":""},"class_list":["post-3510","page","type-page","status-publish","hentry"],"_links":{"self":[{"href":"https:\/\/www.ksarighnda.com\/de\/wp-json\/wp\/v2\/pages\/3510","targetHints":{"allow":["GET"]}}],"collection":[{"href":"https:\/\/www.ksarighnda.com\/de\/wp-json\/wp\/v2\/pages"}],"about":[{"href":"https:\/\/www.ksarighnda.com\/de\/wp-json\/wp\/v2\/types\/page"}],"author":[{"embeddable":true,"href":"https:\/\/www.ksarighnda.com\/de\/wp-json\/wp\/v2\/users\/5"}],"replies":[{"embeddable":true,"href":"https:\/\/www.ksarighnda.com\/de\/wp-json\/wp\/v2\/comments?post=3510"}],"version-history":[{"count":10,"href":"https:\/\/www.ksarighnda.com\/de\/wp-json\/wp\/v2\/pages\/3510\/revisions"}],"predecessor-version":[{"id":3767,"href":"https:\/\/www.ksarighnda.com\/de\/wp-json\/wp\/v2\/pages\/3510\/revisions\/3767"}],"up":[{"embeddable":true,"href":"https:\/\/www.ksarighnda.com\/de\/wp-json\/wp\/v2\/pages\/111"}],"wp:attachment":[{"href":"https:\/\/www.ksarighnda.com\/de\/wp-json\/wp\/v2\/media?parent=3510"}],"curies":[{"name":"wp","href":"https:\/\/api.w.org\/{rel}","templated":true}]}}