{"id":118,"date":"2024-07-17T16:44:26","date_gmt":"2024-07-17T14:44:26","guid":{"rendered":"https:\/\/www.ksarighnda.com\/activites-alentours\/alentours\/vallee-du-dades-gorges-du-dades\/"},"modified":"2025-07-27T10:58:14","modified_gmt":"2025-07-27T09:58:14","slug":"die-schluchten-des-dades","status":"publish","type":"page","link":"https:\/\/www.ksarighnda.com\/de\/activites-alentours\/excursions\/les-gorges-du-dades\/","title":{"rendered":"Die Dades-Schlucht"},"content":{"rendered":"<div data-elementor-type=\"wp-page\" data-elementor-id=\"118\" class=\"elementor elementor-118\" data-elementor-post-type=\"page\">\n\t\t\t\t<div class=\"elementor-element elementor-element-280cb79 e-con-full e-flex e-con e-parent\" data-id=\"280cb79\" data-element_type=\"container\" data-e-type=\"container\" data-settings=\"{&quot;background_background&quot;:&quot;classic&quot;}\">\n\t\t<div class=\"elementor-element elementor-element-733b7ac e-con-full entrance-clip-path-both e-flex e-con e-child\" data-id=\"733b7ac\" data-element_type=\"container\" data-e-type=\"container\">\n\t\t\t\t<div class=\"elementor-element elementor-element-508cee1 elementor-widget__width-inherit elementor-widget elementor-widget-image\" data-id=\"508cee1\" data-element_type=\"widget\" data-e-type=\"widget\" data-widget_type=\"image.default\">\n\t\t\t\t<div class=\"elementor-widget-container\">\n\t\t\t\t\t\t\t\t\t\t\t\t\t\t\t<img fetchpriority=\"high\" decoding=\"async\" width=\"2121\" height=\"1414\" src=\"https:\/\/www.ksarighnda.com\/wp-content\/uploads\/2024\/08\/GettyImages-1280956360.jpg\" class=\"attachment-full size-full wp-image-2496\" alt=\"\" srcset=\"https:\/\/www.ksarighnda.com\/wp-content\/uploads\/2024\/08\/GettyImages-1280956360.jpg 2121w, https:\/\/www.ksarighnda.com\/wp-content\/uploads\/2024\/08\/GettyImages-1280956360-300x200.jpg 300w, https:\/\/www.ksarighnda.com\/wp-content\/uploads\/2024\/08\/GettyImages-1280956360-1024x683.jpg 1024w, https:\/\/www.ksarighnda.com\/wp-content\/uploads\/2024\/08\/GettyImages-1280956360-768x512.jpg 768w, https:\/\/www.ksarighnda.com\/wp-content\/uploads\/2024\/08\/GettyImages-1280956360-1536x1024.jpg 1536w, https:\/\/www.ksarighnda.com\/wp-content\/uploads\/2024\/08\/GettyImages-1280956360-2048x1365.jpg 2048w, https:\/\/www.ksarighnda.com\/wp-content\/uploads\/2024\/08\/GettyImages-1280956360-18x12.jpg 18w\" sizes=\"(max-width: 2121px) 100vw, 2121px\" title=\"\">\t\t\t\t\t\t\t\t\t\t\t\t\t\t\t<\/div>\n\t\t\t\t<\/div>\n\t\t\t\t<\/div>\n\t\t\t\t<div class=\"elementor-element elementor-element-400074c entrance-bottom  titre-barre elementor-widget elementor-widget-heading\" data-id=\"400074c\" data-element_type=\"widget\" data-e-type=\"widget\" data-widget_type=\"heading.default\">\n\t\t\t\t<div class=\"elementor-widget-container\">\n\t\t\t\t\t<span class=\"elementor-heading-title elementor-size-default\">Entdecken Sie <\/span>\t\t\t\t<\/div>\n\t\t\t\t<\/div>\n\t\t\t\t<div class=\"elementor-element elementor-element-5849029 entrance-bottom elementor-widget elementor-widget-heading\" data-id=\"5849029\" data-element_type=\"widget\" data-e-type=\"widget\" data-widget_type=\"heading.default\">\n\t\t\t\t<div class=\"elementor-widget-container\">\n\t\t\t\t\t<h1 class=\"elementor-heading-title elementor-size-default\">lES GORGES du DADES (Die Schluchten des DADES)<\/h1>\t\t\t\t<\/div>\n\t\t\t\t<\/div>\n\t\t\t\t<div class=\"elementor-element elementor-element-80b97dc btn-fleche-gauche entrance-bottom elementor-align-left elementor-widget elementor-widget-button\" data-id=\"80b97dc\" data-element_type=\"widget\" data-e-type=\"widget\" data-widget_type=\"button.default\">\n\t\t\t\t<div class=\"elementor-widget-container\">\n\t\t\t\t\t\t\t\t\t<div class=\"elementor-button-wrapper\">\n\t\t\t\t\t<a class=\"elementor-button elementor-button-link elementor-size-sm\" href=\"https:\/\/www.ksarighnda.com\/de\/activites-alentours\/que-visiter-au-maroc\/\">\n\t\t\t\t\t\t<span class=\"elementor-button-content-wrapper\">\n\t\t\t\t\t\t<span class=\"elementor-button-icon\">\n\t\t\t\t<svg xmlns=\"http:\/\/www.w3.org\/2000\/svg\" viewbox=\"0 0 28 20\" width=\"28\" height=\"20\"><title>Gruppe 80-svg<\/title><style>\t\t.s0 { fill: none;stroke: #5c4932;stroke-linecap: round } \t<\/style><g id=\"Group 80\"><path id=\"Line 11\" fill-rule=\"evenodd\" class=\"s0\" d=\"m27 10h-26\"><\/path><path id=\"Vector 12\" fill-rule=\"evenodd\" class=\"s0\" d=\"m1 9.5c2-1.2 6.9-4.6 10.5-9\"><\/path><path id=\"Vector 13\" fill-rule=\"evenodd\" class=\"s0\" d=\"m1 10c2 1.2 6.9 4.6 10.5 9\"><\/path><\/g><\/svg>\t\t\t<\/span>\n\t\t\t\t\t\t\t\t\t<span class=\"elementor-button-text\">Zur\u00fcck in die Umgebung<\/span>\n\t\t\t\t\t<\/span>\n\t\t\t\t\t<\/a>\n\t\t\t\t<\/div>\n\t\t\t\t\t\t\t\t<\/div>\n\t\t\t\t<\/div>\n\t\t\t\t<\/div>\n\t\t<div class=\"elementor-element elementor-element-67240b0 e-con-full e-flex e-con e-parent\" data-id=\"67240b0\" data-element_type=\"container\" data-e-type=\"container\">\n\t\t<div class=\"elementor-element elementor-element-49c5494 e-con-full e-flex e-con e-child\" data-id=\"49c5494\" data-element_type=\"container\" data-e-type=\"container\">\n\t\t<div class=\"elementor-element elementor-element-0119585 e-con-full e-flex e-con e-child\" data-id=\"0119585\" data-element_type=\"container\" data-e-type=\"container\">\n\t\t\t\t<div class=\"elementor-element elementor-element-01e9723 entrance-bottom elementor-widget elementor-widget-heading\" data-id=\"01e9723\" data-element_type=\"widget\" data-e-type=\"widget\" data-widget_type=\"heading.default\">\n\t\t\t\t<div class=\"elementor-widget-container\">\n\t\t\t\t\t<h2 class=\"elementor-heading-title elementor-size-default\">Landschaften<\/h2>\t\t\t\t<\/div>\n\t\t\t\t<\/div>\n\t\t\t\t<div class=\"elementor-element elementor-element-5673309 entrance-bottom elementor-widget elementor-widget-heading\" data-id=\"5673309\" data-element_type=\"widget\" data-e-type=\"widget\" data-widget_type=\"heading.default\">\n\t\t\t\t<div class=\"elementor-widget-container\">\n\t\t\t\t\t<span class=\"elementor-heading-title elementor-size-default\">atemberaubend<\/span>\t\t\t\t<\/div>\n\t\t\t\t<\/div>\n\t\t\t\t<div class=\"elementor-element elementor-element-71a67a4 elementor-widget-laptop__width-initial entrance-bottom elementor-widget elementor-widget-text-editor\" data-id=\"71a67a4\" data-element_type=\"widget\" data-e-type=\"widget\" data-widget_type=\"text-editor.default\">\n\t\t\t\t<div class=\"elementor-widget-container\">\n\t\t\t\t\t\t\t\t\t<p>Die Dades-Schlucht liegt zweieinhalb Autostunden von Ksar Ighnda entfernt und ist ein absolutes Muss, das Sie sich nicht entgehen lassen sollten. Die Schlucht ist 25 km lang und hat eine beeindruckende ockerfarbene Felswand. Die gleichfarbigen H\u00e4user verschmelzen mit den Felsen und der Sonnenuntergang verspricht magische Momente in wundersch\u00f6nen zinnoberroten Schattierungen. Bei einer Wanderung durch die Dades-Schlucht reiht sich eine Besonderheit an die andere, ohne sich unbedingt zu \u00e4hneln.\u00a0<\/p>\n<h5>Erste Reihe von Rillen<\/h5>\n<p>Das Wadi ist zu diesem Zeitpunkt noch in zwei Zweige geteilt, die ihre Schluchten jeweils fast 300 m tief in ockerfarbenen Kalkstein aus der Jurazeit gegraben haben.<\/p>\n<div class=\"mw-heading mw-heading3\">\n<h5 id=\"Deuxi\u00e8me_s\u00e9rie_de_gorges\">Zweite Reihe von Rillen<\/h5>\n<\/div>\n<p>Sie sind von den ersten durch das Becken von\u00a0<a title=\"M&#039;semrir\" href=\"https:\/\/fr.wikipedia.org\/wiki\/M%27semrir\" rel=\"nofollow noopener\" target=\"_blank\">M'semrir<\/a>Sie sind ebenfalls in Kalkstein aus dem Dogger gegraben. Auf einer L\u00e4nge von \u00fcber 500 m hat sich das Wadi einen schmalen Weg gebahnt und sich dabei fast 400 m tief in die Felsen gegraben<sup id=\"cite_ref-merv_1-3\" class=\"reference\"><\/sup><\/p>\n<div class=\"mw-heading mw-heading3\">\n<h5 id=\"Troisi\u00e8me_s\u00e9rie_de_gorges\">Dritte Reihe von Rillen<\/h5>\n<\/div>\n<p>Sie sind von den vorherigen durch ein enges Becken getrennt, das zwischen Steilh\u00e4ngen eingeklemmt ist, und sind auf einer L\u00e4nge von mehreren Kilometern in Kalkstein gegraben.\u00a0<a title=\"Riff\" href=\"https:\/\/fr.wikipedia.org\/wiki\/R%C3%A9cif\" rel=\"nofollow noopener\" target=\"_blank\">Riffe<\/a>\u00a0ockerfarben oder manchmal r\u00f6tlich. Diese Kalksteine, die \u00e4lter sind als die vorherigen, stammen aus dem\u00a0<a class=\"mw-redirect\" title=\"Lias (Epoche)\" href=\"https:\/\/fr.wikipedia.org\/wiki\/Lias_(%C3%A9poque)\" rel=\"nofollow noopener\" target=\"_blank\">Lias<\/a>\u00a0(<a title=\"Jura\" href=\"https:\/\/fr.wikipedia.org\/wiki\/Jurassique\" rel=\"nofollow noopener\" target=\"_blank\">Jura<\/a> unterer Teil). Ihr massiver und widerstandsf\u00e4higer Charakter erkl\u00e4rt die Enge des vom Wadi gegrabenen Durchgangs, der an manchen Stellen nur wenige Meter breit ist.<sup id=\"cite_ref-merv_1-4\" class=\"reference\"><\/sup><\/p>\n<div class=\"mw-heading mw-heading3\">\n<h5 id=\"Quatri\u00e8me_s\u00e9rie_de_gorges\">Vierte Reihe von Rillen<\/h5>\n<\/div>\n<p>Diese Schluchten, die sich n\u00f6rdlich der Oase Boumalne befinden, sind anders, da sie in unterschiedlichere Gesteine aus dem\u00a0<a title=\"Kreidezeit\" href=\"https:\/\/fr.wikipedia.org\/wiki\/Cr%C3%A9tac%C3%A9\" rel=\"nofollow noopener\" target=\"_blank\">Kreidezeit<\/a>\u00a0und der<a title=\"Eoz\u00e4n\" href=\"https:\/\/fr.wikipedia.org\/wiki\/%C3%89oc%C3%A8ne\" rel=\"nofollow noopener\" target=\"_blank\">Eoz\u00e4n<\/a>. Klassische Schluchten mit subvertikalen W\u00e4nden, die in ockerfarbenen Kalkstein gegraben wurden, wechseln sich mit Verengungen in rotem Sandstein ab und zeigen stellenweise Schluchtfiguren in Mergel.<sup id=\"cite_ref-merv_1-5\" class=\"reference\"><\/sup><\/p>\n<p>\u00a0<\/p>\n<p>\u00a0<\/p>\t\t\t\t\t\t\t\t<\/div>\n\t\t\t\t<\/div>\n\t\t\t\t<\/div>\n\t\t\t\t<\/div>\n\t\t<div class=\"elementor-element elementor-element-4036eec e-con-full e-flex e-con e-child\" data-id=\"4036eec\" data-element_type=\"container\" data-e-type=\"container\">\n\t\t\t\t<div class=\"elementor-element elementor-element-e21863a elementor-widget__width-inherit entrance-right elementor-widget elementor-widget-image\" data-id=\"e21863a\" data-element_type=\"widget\" data-e-type=\"widget\" data-widget_type=\"image.default\">\n\t\t\t\t<div class=\"elementor-widget-container\">\n\t\t\t\t\t\t\t\t\t\t\t\t\t\t\t<img decoding=\"async\" width=\"1080\" height=\"1173\" src=\"https:\/\/www.ksarighnda.com\/wp-content\/uploads\/2025\/07\/GORGE-DU-DADES-5.jpg\" class=\"attachment-full size-full wp-image-5061\" alt=\"\" srcset=\"https:\/\/www.ksarighnda.com\/wp-content\/uploads\/2025\/07\/GORGE-DU-DADES-5.jpg 1080w, https:\/\/www.ksarighnda.com\/wp-content\/uploads\/2025\/07\/GORGE-DU-DADES-5-276x300.jpg 276w, https:\/\/www.ksarighnda.com\/wp-content\/uploads\/2025\/07\/GORGE-DU-DADES-5-943x1024.jpg 943w, https:\/\/www.ksarighnda.com\/wp-content\/uploads\/2025\/07\/GORGE-DU-DADES-5-768x834.jpg 768w, https:\/\/www.ksarighnda.com\/wp-content\/uploads\/2025\/07\/GORGE-DU-DADES-5-11x12.jpg 11w\" sizes=\"(max-width: 1080px) 100vw, 1080px\" title=\"\">\t\t\t\t\t\t\t\t\t\t\t\t\t\t\t<\/div>\n\t\t\t\t<\/div>\n\t\t\t\t<\/div>\n\t\t\t\t<\/div>\n\t\t<div class=\"elementor-element elementor-element-a1503d0 e-con-full e-flex e-con e-parent\" data-id=\"a1503d0\" data-element_type=\"container\" data-e-type=\"container\">\n\t\t<div class=\"elementor-element elementor-element-27c6639 e-con-full e-flex e-con e-child\" data-id=\"27c6639\" data-element_type=\"container\" data-e-type=\"container\">\n\t\t\t\t<div class=\"elementor-element elementor-element-057dcd0 elementor-widget__width-inherit entrance-left elementor-widget elementor-widget-image\" data-id=\"057dcd0\" data-element_type=\"widget\" data-e-type=\"widget\" data-widget_type=\"image.default\">\n\t\t\t\t<div class=\"elementor-widget-container\">\n\t\t\t\t\t\t\t\t\t\t\t\t\t\t\t<img decoding=\"async\" width=\"1200\" height=\"1600\" src=\"https:\/\/www.ksarighnda.com\/wp-content\/uploads\/2025\/07\/IMG-20241003-WA0080.jpg\" class=\"attachment-full size-full wp-image-4785\" alt=\"\" srcset=\"https:\/\/www.ksarighnda.com\/wp-content\/uploads\/2025\/07\/IMG-20241003-WA0080.jpg 1200w, https:\/\/www.ksarighnda.com\/wp-content\/uploads\/2025\/07\/IMG-20241003-WA0080-225x300.jpg 225w, https:\/\/www.ksarighnda.com\/wp-content\/uploads\/2025\/07\/IMG-20241003-WA0080-768x1024.jpg 768w, https:\/\/www.ksarighnda.com\/wp-content\/uploads\/2025\/07\/IMG-20241003-WA0080-1152x1536.jpg 1152w, https:\/\/www.ksarighnda.com\/wp-content\/uploads\/2025\/07\/IMG-20241003-WA0080-9x12.jpg 9w\" sizes=\"(max-width: 1200px) 100vw, 1200px\" title=\"\">\t\t\t\t\t\t\t\t\t\t\t\t\t\t\t<\/div>\n\t\t\t\t<\/div>\n\t\t\t\t<\/div>\n\t\t<div class=\"elementor-element elementor-element-159af14 e-con-full e-flex e-con e-child\" data-id=\"159af14\" data-element_type=\"container\" data-e-type=\"container\">\n\t\t<div class=\"elementor-element elementor-element-017dc56 e-con-full e-flex e-con e-child\" data-id=\"017dc56\" data-element_type=\"container\" data-e-type=\"container\">\n\t\t\t\t<div class=\"elementor-element elementor-element-b3307b4 entrance-bottom elementor-widget-laptop__width-initial elementor-widget elementor-widget-heading\" data-id=\"b3307b4\" data-element_type=\"widget\" data-e-type=\"widget\" data-widget_type=\"heading.default\">\n\t\t\t\t<div class=\"elementor-widget-container\">\n\t\t\t\t\t<h2 class=\"elementor-heading-title elementor-size-default\">lE AFFENDOCHTEN<\/h2>\t\t\t\t<\/div>\n\t\t\t\t<\/div>\n\t\t\t\t<div class=\"elementor-element elementor-element-0a0dc57 entrance-bottom elementor-widget elementor-widget-heading\" data-id=\"0a0dc57\" data-element_type=\"widget\" data-e-type=\"widget\" data-widget_type=\"heading.default\">\n\t\t\t\t<div class=\"elementor-widget-container\">\n\t\t\t\t\t<span class=\"elementor-heading-title elementor-size-default\">Canyonwanderung<\/span>\t\t\t\t<\/div>\n\t\t\t\t<\/div>\n\t\t\t\t<div class=\"elementor-element elementor-element-7199959 elementor-widget-laptop__width-initial entrance-bottom elementor-widget elementor-widget-text-editor\" data-id=\"7199959\" data-element_type=\"widget\" data-e-type=\"widget\" data-widget_type=\"text-editor.default\">\n\t\t\t\t<div class=\"elementor-widget-container\">\n\t\t\t\t\t\t\t\t\t<p>Die \"Affenfinger\" bestehen aus erodiertem Gestein, das nat\u00fcrliche S\u00e4ulen bildet, die aus dem Boden ragen.\u00a0<\/p><p>Das Ganze ist vollst\u00e4ndig begehbar. Es gibt ein paar Hindernisse auf dem Weg, die etwas schwierig sind, aber der Weg ist erschwinglich. Die beste L\u00f6sung ist es, einen F\u00fchrer zu nehmen, da wir der Meinung sind, dass es f\u00fcr den Weg unerl\u00e4sslich ist. Ein F\u00fchrer ist nicht nur da, um dir den Weg zu zeigen, sondern er ist auch ein Ansprechpartner f\u00fcr Erkl\u00e4rungen \u00fcber die Fauna, Flora und die geologische Formation der Gegend.<\/p><p>Das Dades-Tal bietet eine wilde Landschaft mit Schnee auf der einen und Halbw\u00fcste auf der anderen Seite. Seine wilde Gr\u00f6\u00dfe und \u00fcbernat\u00fcrliche Stille k\u00f6nnen nur vom Grand Canyon \u00fcbertroffen werden. Der Fluss formt das Tal auf einem gewundenen Weg voller Fr\u00fcchte, N\u00fcsse, Weizen, Birken und Mandelb\u00e4ume und bietet uns eine Kulisse aus spektakul\u00e4ren Felsformationen.<\/p><p>Das Dades-Tal ist eines der Juwelen Marokkos, ein Ort, der jedem, der sich auf seine Reise begibt, ein einzigartiges Erlebnis bietet und dabei die nat\u00fcrliche und kulturelle Sch\u00f6nheit dieser Region des Landes entdeckt.<\/p>\t\t\t\t\t\t\t\t<\/div>\n\t\t\t\t<\/div>\n\t\t\t\t<\/div>\n\t\t\t\t<\/div>\n\t\t\t\t<\/div>\n\t\t\t\t<\/div>","protected":false},"excerpt":{"rendered":"<p>D\u00e9couvrez lES GORGES du DADES Group 80-svg Retour aux alentours Des paysages \u00e9poustouflants Situ\u00e9e \u00e0 2h30 de route du Ksar Ighnda, les gorges du Dad\u00e8s est un incontournable pour lequel vous devez vous d\u00e9placer. C\u2019est longues de 25 km que s\u2019\u00e9tendent ces gorges pr\u00e9sentant des falaises \u00e0 la couleur ocre impressionnante. Les habitations de la [&hellip;]<\/p>\n","protected":false},"author":5,"featured_media":0,"parent":111,"menu_order":0,"comment_status":"closed","ping_status":"closed","template":"","meta":{"inline_featured_image":false,"footnotes":""},"class_list":["post-118","page","type-page","status-publish","hentry"],"_links":{"self":[{"href":"https:\/\/www.ksarighnda.com\/de\/wp-json\/wp\/v2\/pages\/118","targetHints":{"allow":["GET"]}}],"collection":[{"href":"https:\/\/www.ksarighnda.com\/de\/wp-json\/wp\/v2\/pages"}],"about":[{"href":"https:\/\/www.ksarighnda.com\/de\/wp-json\/wp\/v2\/types\/page"}],"author":[{"embeddable":true,"href":"https:\/\/www.ksarighnda.com\/de\/wp-json\/wp\/v2\/users\/5"}],"replies":[{"embeddable":true,"href":"https:\/\/www.ksarighnda.com\/de\/wp-json\/wp\/v2\/comments?post=118"}],"version-history":[{"count":58,"href":"https:\/\/www.ksarighnda.com\/de\/wp-json\/wp\/v2\/pages\/118\/revisions"}],"predecessor-version":[{"id":5252,"href":"https:\/\/www.ksarighnda.com\/de\/wp-json\/wp\/v2\/pages\/118\/revisions\/5252"}],"up":[{"embeddable":true,"href":"https:\/\/www.ksarighnda.com\/de\/wp-json\/wp\/v2\/pages\/111"}],"wp:attachment":[{"href":"https:\/\/www.ksarighnda.com\/de\/wp-json\/wp\/v2\/media?parent=118"}],"curies":[{"name":"wp","href":"https:\/\/api.w.org\/{rel}","templated":true}]}}