{"id":117,"date":"2024-07-17T16:44:26","date_gmt":"2024-07-17T14:44:26","guid":{"rendered":"https:\/\/www.ksarighnda.com\/activites-alentours\/alentours\/palmeraie-de-skoura\/"},"modified":"2025-08-08T18:46:27","modified_gmt":"2025-08-08T17:46:27","slug":"palmenhain-von-skoura","status":"publish","type":"page","link":"https:\/\/www.ksarighnda.com\/de\/activites-alentours\/que-visiter-au-maroc\/palmeraie-de-skoura\/","title":{"rendered":"Palmenhain von Skoura"},"content":{"rendered":"<div data-elementor-type=\"wp-page\" data-elementor-id=\"117\" class=\"elementor elementor-117\" data-elementor-post-type=\"page\">\n\t\t\t\t<div class=\"elementor-element elementor-element-75721e7 e-con-full e-flex e-con e-parent\" data-id=\"75721e7\" data-element_type=\"container\" data-e-type=\"container\" data-settings=\"{&quot;background_background&quot;:&quot;classic&quot;}\">\n\t\t<div class=\"elementor-element elementor-element-c2b538e e-con-full entrance-clip-path-both e-flex e-con e-child\" data-id=\"c2b538e\" data-element_type=\"container\" data-e-type=\"container\">\n\t\t\t\t<div class=\"elementor-element elementor-element-27e55d2 elementor-widget__width-inherit elementor-widget elementor-widget-image\" data-id=\"27e55d2\" data-element_type=\"widget\" data-e-type=\"widget\" data-widget_type=\"image.default\">\n\t\t\t\t<div class=\"elementor-widget-container\">\n\t\t\t\t\t\t\t\t\t\t\t\t\t\t\t<img fetchpriority=\"high\" decoding=\"async\" width=\"2120\" height=\"1414\" src=\"https:\/\/www.ksarighnda.com\/wp-content\/uploads\/2024\/08\/GettyImages-983752584.jpg\" class=\"attachment-full size-full wp-image-2492\" alt=\"\" srcset=\"https:\/\/www.ksarighnda.com\/wp-content\/uploads\/2024\/08\/GettyImages-983752584.jpg 2120w, https:\/\/www.ksarighnda.com\/wp-content\/uploads\/2024\/08\/GettyImages-983752584-300x200.jpg 300w, https:\/\/www.ksarighnda.com\/wp-content\/uploads\/2024\/08\/GettyImages-983752584-1024x683.jpg 1024w, https:\/\/www.ksarighnda.com\/wp-content\/uploads\/2024\/08\/GettyImages-983752584-768x512.jpg 768w, https:\/\/www.ksarighnda.com\/wp-content\/uploads\/2024\/08\/GettyImages-983752584-1536x1024.jpg 1536w, https:\/\/www.ksarighnda.com\/wp-content\/uploads\/2024\/08\/GettyImages-983752584-2048x1366.jpg 2048w, https:\/\/www.ksarighnda.com\/wp-content\/uploads\/2024\/08\/GettyImages-983752584-18x12.jpg 18w\" sizes=\"(max-width: 2120px) 100vw, 2120px\" title=\"\">\t\t\t\t\t\t\t\t\t\t\t\t\t\t\t<\/div>\n\t\t\t\t<\/div>\n\t\t\t\t<\/div>\n\t\t\t\t<div class=\"elementor-element elementor-element-bbbf5eb entrance-bottom  titre-barre elementor-widget elementor-widget-heading\" data-id=\"bbbf5eb\" data-element_type=\"widget\" data-e-type=\"widget\" data-widget_type=\"heading.default\">\n\t\t\t\t<div class=\"elementor-widget-container\">\n\t\t\t\t\t<span class=\"elementor-heading-title elementor-size-default\">Entdecken Sie <\/span>\t\t\t\t<\/div>\n\t\t\t\t<\/div>\n\t\t\t\t<div class=\"elementor-element elementor-element-a928a86 entrance-bottom elementor-widget elementor-widget-heading\" data-id=\"a928a86\" data-element_type=\"widget\" data-e-type=\"widget\" data-widget_type=\"heading.default\">\n\t\t\t\t<div class=\"elementor-widget-container\">\n\t\t\t\t\t<h1 class=\"elementor-heading-title elementor-size-default\">Palmenhain von<\/h1>\t\t\t\t<\/div>\n\t\t\t\t<\/div>\n\t\t\t\t<div class=\"elementor-element elementor-element-887a2b3 entrance-bottom elementor-widget elementor-widget-heading\" data-id=\"887a2b3\" data-element_type=\"widget\" data-e-type=\"widget\" data-widget_type=\"heading.default\">\n\t\t\t\t<div class=\"elementor-widget-container\">\n\t\t\t\t\t<span class=\"elementor-heading-title elementor-size-default\">Skoura<\/span>\t\t\t\t<\/div>\n\t\t\t\t<\/div>\n\t\t\t\t<div class=\"elementor-element elementor-element-6d6190c btn-fleche-gauche entrance-bottom elementor-align-left elementor-widget elementor-widget-button\" data-id=\"6d6190c\" data-element_type=\"widget\" data-e-type=\"widget\" data-widget_type=\"button.default\">\n\t\t\t\t<div class=\"elementor-widget-container\">\n\t\t\t\t\t\t\t\t\t<div class=\"elementor-button-wrapper\">\n\t\t\t\t\t<a class=\"elementor-button elementor-button-link elementor-size-sm\" href=\"https:\/\/www.ksarighnda.com\/de\/activites-alentours\/que-visiter-au-maroc\/\">\n\t\t\t\t\t\t<span class=\"elementor-button-content-wrapper\">\n\t\t\t\t\t\t<span class=\"elementor-button-icon\">\n\t\t\t\t<svg xmlns=\"http:\/\/www.w3.org\/2000\/svg\" viewbox=\"0 0 28 20\" width=\"28\" height=\"20\"><title>Gruppe 80-svg<\/title><style>\t\t.s0 { fill: none;stroke: #5c4932;stroke-linecap: round } \t<\/style><g id=\"Group 80\"><path id=\"Line 11\" fill-rule=\"evenodd\" class=\"s0\" d=\"m27 10h-26\"><\/path><path id=\"Vector 12\" fill-rule=\"evenodd\" class=\"s0\" d=\"m1 9.5c2-1.2 6.9-4.6 10.5-9\"><\/path><path id=\"Vector 13\" fill-rule=\"evenodd\" class=\"s0\" d=\"m1 10c2 1.2 6.9 4.6 10.5 9\"><\/path><\/g><\/svg>\t\t\t<\/span>\n\t\t\t\t\t\t\t\t\t<span class=\"elementor-button-text\">Zur\u00fcck in die Umgebung<\/span>\n\t\t\t\t\t<\/span>\n\t\t\t\t\t<\/a>\n\t\t\t\t<\/div>\n\t\t\t\t\t\t\t\t<\/div>\n\t\t\t\t<\/div>\n\t\t\t\t<\/div>\n\t\t<div class=\"elementor-element elementor-element-5473e92 e-con-full e-flex e-con e-parent\" data-id=\"5473e92\" data-element_type=\"container\" data-e-type=\"container\">\n\t\t<div class=\"elementor-element elementor-element-f8a591c e-con-full e-flex e-con e-child\" data-id=\"f8a591c\" data-element_type=\"container\" data-e-type=\"container\">\n\t\t<div class=\"elementor-element elementor-element-030a655 e-con-full e-flex e-con e-child\" data-id=\"030a655\" data-element_type=\"container\" data-e-type=\"container\">\n\t\t\t\t<div class=\"elementor-element elementor-element-601fc16 entrance-bottom elementor-widget elementor-widget-heading\" data-id=\"601fc16\" data-element_type=\"widget\" data-e-type=\"widget\" data-widget_type=\"heading.default\">\n\t\t\t\t<div class=\"elementor-widget-container\">\n\t\t\t\t\t<h2 class=\"elementor-heading-title elementor-size-default\">25 km\u00b2<\/h2>\t\t\t\t<\/div>\n\t\t\t\t<\/div>\n\t\t\t\t<div class=\"elementor-element elementor-element-bf61081 entrance-bottom elementor-widget elementor-widget-heading\" data-id=\"bf61081\" data-element_type=\"widget\" data-e-type=\"widget\" data-widget_type=\"heading.default\">\n\t\t\t\t<div class=\"elementor-widget-container\">\n\t\t\t\t\t<span class=\"elementor-heading-title elementor-size-default\">gr\u00fcn<\/span>\t\t\t\t<\/div>\n\t\t\t\t<\/div>\n\t\t\t\t<div class=\"elementor-element elementor-element-5439e11 elementor-widget-laptop__width-initial entrance-bottom elementor-widget elementor-widget-text-editor\" data-id=\"5439e11\" data-element_type=\"widget\" data-e-type=\"widget\" data-widget_type=\"text-editor.default\">\n\t\t\t\t<div class=\"elementor-widget-container\">\n\t\t\t\t\t\t\t\t\t<p><strong>Skoura<\/strong> ist eine wichtige <a href=\"https:\/\/fr.wikipedia.org\/wiki\/Palmeraie\" rel=\"nofollow noopener\" target=\"_blank\">Palmenhain<\/a> von 25 km<sup>2<\/sup>Die Stadt liegt eine Stunde von Ksar Ighnda entfernt.<\/p><p>Es ist einer der wenigen Palmenhaine des Landes, die noch bewohnt und bewirtschaftet werden.<\/p><p>Dort leben etwa 30 000 Menschen und 130 000 Palmen.<\/p><p>Skoura ist ein Dorf <a href=\"https:\/\/fr.wikipedia.org\/wiki\/Arabe\" rel=\"nofollow noopener\" target=\"_blank\">Marokkaner<\/a> die zur Stammeskonf\u00f6deration Skoura Ait oder Ahl Al Ouast geh\u00f6rt und deren Name vom berberischen Askur oder Skur abgeleitet ist, was Rebhuhn bedeutet.<\/p><p>Ber\u00fchmt f\u00fcr seine zahlreichen Palmen, darunter Amerhidil, das auf den alten 50-Dirham-Scheinen abgebildet ist, ist Skoura der erste Durchgangspunkt auf der Stra\u00dfe des <a href=\"https:\/\/fr.wikipedia.org\/wiki\/Dad%C3%A8s\" rel=\"nofollow noopener\" target=\"_blank\">Dades<\/a> die zu <a href=\"https:\/\/fr.wikipedia.org\/wiki\/Kelaat-M%27Gouna\" rel=\"nofollow noopener\" target=\"_blank\">Kelaat-M'Gouna<\/a>Die <a href=\"https:\/\/fr.wikipedia.org\/wiki\/Gorges_du_Dad%C3%A8s\" rel=\"nofollow noopener\" target=\"_blank\">Dades-Schlucht<\/a>, <a href=\"https:\/\/fr.wikipedia.org\/wiki\/Boumalne-Dad%C3%A8s\" rel=\"nofollow noopener\" target=\"_blank\">Boumalne<\/a> und die <a href=\"https:\/\/fr.wikipedia.org\/wiki\/Vall%C3%A9e_du_Toudra\" rel=\"nofollow noopener\" target=\"_blank\">Toudra-Tal<\/a>.<\/p><p>Es handelt sich tats\u00e4chlich um einen Ort, der charakteristisch f\u00fcr die Architektur der\u00a0<a href=\"https:\/\/fr.wikipedia.org\/wiki\/Oasis\" rel=\"nofollow noopener\" target=\"_blank\">Oase<\/a>.<\/p><p>Die <a href=\"https:\/\/fr.wikipedia.org\/wiki\/Palmeraie\" rel=\"nofollow noopener\" target=\"_blank\">Palmenhain<\/a> z\u00e4hlt zahlreiche <a href=\"https:\/\/fr.wikipedia.org\/wiki\/Douar\" rel=\"nofollow noopener\" target=\"_blank\">Douars<\/a> (D\u00f6rfer), deren Bewohner haupts\u00e4chlich von der Landwirtschaft leben: Oliven, Mandeln, Futterpflanzen wie Luzerne, Gerste und andere Obstb\u00e4ume (Apfel-, Aprikosen-, Feigen-, Granatapfelb\u00e4ume...).<\/p><p>Die Bew\u00e4sserung sch\u00f6pft aus dem<a href=\"https:\/\/fr.wikipedia.org\/wiki\/Oued\" rel=\"nofollow noopener\" target=\"_blank\">oued<\/a> Skoura und verwendet haupts\u00e4chlich noch das traditionelle System der <a href=\"https:\/\/fr.wikipedia.org\/wiki\/Qanat\" rel=\"nofollow noopener\" target=\"_blank\">khettaras<\/a> als Reaktion auf D\u00fcrren in den Jahren 1980-2000.<\/p><p>Einige Handwerker f\u00fchren uralte Traditionen fort, wie T\u00f6pfer und Korbflechter.<\/p><p>\u00a0<\/p>\t\t\t\t\t\t\t\t<\/div>\n\t\t\t\t<\/div>\n\t\t\t\t<\/div>\n\t\t\t\t<\/div>\n\t\t<div class=\"elementor-element elementor-element-e790201 e-con-full e-flex e-con e-child\" data-id=\"e790201\" data-element_type=\"container\" data-e-type=\"container\">\n\t\t\t\t<div class=\"elementor-element elementor-element-28119f3 elementor-widget__width-inherit entrance-right elementor-widget elementor-widget-image\" data-id=\"28119f3\" data-element_type=\"widget\" data-e-type=\"widget\" data-widget_type=\"image.default\">\n\t\t\t\t<div class=\"elementor-widget-container\">\n\t\t\t\t\t\t\t\t\t\t\t\t\t\t\t<img decoding=\"async\" width=\"2119\" height=\"1415\" src=\"https:\/\/www.ksarighnda.com\/wp-content\/uploads\/2024\/08\/GettyImages-485756722.jpg\" class=\"attachment-full size-full wp-image-2466\" alt=\"\" srcset=\"https:\/\/www.ksarighnda.com\/wp-content\/uploads\/2024\/08\/GettyImages-485756722.jpg 2119w, https:\/\/www.ksarighnda.com\/wp-content\/uploads\/2024\/08\/GettyImages-485756722-300x200.jpg 300w, https:\/\/www.ksarighnda.com\/wp-content\/uploads\/2024\/08\/GettyImages-485756722-1024x684.jpg 1024w, https:\/\/www.ksarighnda.com\/wp-content\/uploads\/2024\/08\/GettyImages-485756722-768x513.jpg 768w, https:\/\/www.ksarighnda.com\/wp-content\/uploads\/2024\/08\/GettyImages-485756722-1536x1026.jpg 1536w, https:\/\/www.ksarighnda.com\/wp-content\/uploads\/2024\/08\/GettyImages-485756722-2048x1368.jpg 2048w, https:\/\/www.ksarighnda.com\/wp-content\/uploads\/2024\/08\/GettyImages-485756722-18x12.jpg 18w\" sizes=\"(max-width: 2119px) 100vw, 2119px\" title=\"\">\t\t\t\t\t\t\t\t\t\t\t\t\t\t\t<\/div>\n\t\t\t\t<\/div>\n\t\t\t\t<\/div>\n\t\t\t\t<\/div>\n\t\t<div class=\"elementor-element elementor-element-9c5aed8 e-con-full e-flex e-con e-parent\" data-id=\"9c5aed8\" data-element_type=\"container\" data-e-type=\"container\">\n\t\t<div class=\"elementor-element elementor-element-22c8ed9 e-con-full e-flex e-con e-child\" data-id=\"22c8ed9\" data-element_type=\"container\" data-e-type=\"container\">\n\t\t\t\t<div class=\"elementor-element elementor-element-151bbf5 elementor-widget__width-inherit entrance-left elementor-widget elementor-widget-image\" data-id=\"151bbf5\" data-element_type=\"widget\" data-e-type=\"widget\" data-widget_type=\"image.default\">\n\t\t\t\t<div class=\"elementor-widget-container\">\n\t\t\t\t\t\t\t\t\t\t\t\t\t\t\t<img decoding=\"async\" width=\"2121\" height=\"1414\" src=\"https:\/\/www.ksarighnda.com\/wp-content\/uploads\/2024\/08\/GettyImages-1488613015.jpg\" class=\"attachment-full size-full wp-image-2465\" alt=\"\" srcset=\"https:\/\/www.ksarighnda.com\/wp-content\/uploads\/2024\/08\/GettyImages-1488613015.jpg 2121w, https:\/\/www.ksarighnda.com\/wp-content\/uploads\/2024\/08\/GettyImages-1488613015-300x200.jpg 300w, https:\/\/www.ksarighnda.com\/wp-content\/uploads\/2024\/08\/GettyImages-1488613015-1024x683.jpg 1024w, https:\/\/www.ksarighnda.com\/wp-content\/uploads\/2024\/08\/GettyImages-1488613015-768x512.jpg 768w, https:\/\/www.ksarighnda.com\/wp-content\/uploads\/2024\/08\/GettyImages-1488613015-1536x1024.jpg 1536w, https:\/\/www.ksarighnda.com\/wp-content\/uploads\/2024\/08\/GettyImages-1488613015-2048x1365.jpg 2048w, https:\/\/www.ksarighnda.com\/wp-content\/uploads\/2024\/08\/GettyImages-1488613015-18x12.jpg 18w\" sizes=\"(max-width: 2121px) 100vw, 2121px\" title=\"\">\t\t\t\t\t\t\t\t\t\t\t\t\t\t\t<\/div>\n\t\t\t\t<\/div>\n\t\t\t\t<\/div>\n\t\t<div class=\"elementor-element elementor-element-3a89481 e-con-full e-flex e-con e-child\" data-id=\"3a89481\" data-element_type=\"container\" data-e-type=\"container\">\n\t\t<div class=\"elementor-element elementor-element-3dc80a2 e-con-full e-flex e-con e-child\" data-id=\"3dc80a2\" data-element_type=\"container\" data-e-type=\"container\">\n\t\t\t\t<div class=\"elementor-element elementor-element-4c0b9dd entrance-bottom elementor-widget elementor-widget-heading\" data-id=\"4c0b9dd\" data-element_type=\"widget\" data-e-type=\"widget\" data-widget_type=\"heading.default\">\n\t\t\t\t<div class=\"elementor-widget-container\">\n\t\t\t\t\t<h2 class=\"elementor-heading-title elementor-size-default\">Carrefour<\/h2>\t\t\t\t<\/div>\n\t\t\t\t<\/div>\n\t\t\t\t<div class=\"elementor-element elementor-element-a5d110e entrance-bottom elementor-widget elementor-widget-heading\" data-id=\"a5d110e\" data-element_type=\"widget\" data-e-type=\"widget\" data-widget_type=\"heading.default\">\n\t\t\t\t<div class=\"elementor-widget-container\">\n\t\t\t\t\t<span class=\"elementor-heading-title elementor-size-default\">von Zivilisationen<\/span>\t\t\t\t<\/div>\n\t\t\t\t<\/div>\n\t\t\t\t<div class=\"elementor-element elementor-element-9246c4f elementor-widget-laptop__width-initial entrance-bottom elementor-widget elementor-widget-text-editor\" data-id=\"9246c4f\" data-element_type=\"widget\" data-e-type=\"widget\" data-widget_type=\"text-editor.default\">\n\t\t\t\t<div class=\"elementor-widget-container\">\n\t\t\t\t\t\t\t\t\t<h4><strong>Ein lebendiges kulturelles und historisches Erbe<\/strong><\/h4><p>Skoura ist eine Kreuzung der Kulturen: Berber, Araber und Juden sind hier im Laufe der Jahrhunderte aufeinandergetroffen. Entdecken Sie diesen Reichtum anhand des lokalen Kunsthandwerks - Teppiche, Keramiken, Gegenst\u00e4nde aus geschnitztem Holz oder Damaszener-Eisen -, das von der Kunstfertigkeit der Handwerker der Region zeugt. Die umliegenden D\u00f6rfer und Kasbahs bieten Ihnen durch ihre Architektur und ihre Traditionen ein authentisches Eintauchen in die Geschichte und die Br\u00e4uche von Skoura.<\/p><p>Die D\u00f6rfer rund um Skoura, wie z. B. Azlag, bewahren einzigartige handwerkliche Traditionen wie die Herstellung von Dolchen und Metallgegenst\u00e4nden, ein von Generation zu Generation \u00fcberliefertes Wissen. Diese Fertigkeiten verleihen Ihrem Besuch eine authentische Dimension und bereichern Ihre Erfahrung mit dem Palmenhain.<\/p>\t\t\t\t\t\t\t\t<\/div>\n\t\t\t\t<\/div>\n\t\t\t\t<\/div>\n\t\t\t\t<\/div>\n\t\t\t\t<\/div>\n\t\t\t\t<\/div>","protected":false},"excerpt":{"rendered":"<p>D\u00e9couvrez Palmeraie de Skoura Group 80-svg Retour aux alentours 25 km\u00b2 verdoyants Skoura est une importante palmeraie de 25\u00a0km2, situ\u00e9e \u00e0 1 heure du Ksar Ighnda. C&rsquo;est l&rsquo;une des rares palmeraies du pays encore habit\u00e9e et cultiv\u00e9e. On y recense environ 30 000 habitants et 130 000 palmiers. Skoura est un village marocain appartenant \u00e0 [&hellip;]<\/p>\n","protected":false},"author":5,"featured_media":0,"parent":114,"menu_order":0,"comment_status":"closed","ping_status":"closed","template":"","meta":{"inline_featured_image":false,"footnotes":""},"class_list":["post-117","page","type-page","status-publish","hentry"],"_links":{"self":[{"href":"https:\/\/www.ksarighnda.com\/de\/wp-json\/wp\/v2\/pages\/117","targetHints":{"allow":["GET"]}}],"collection":[{"href":"https:\/\/www.ksarighnda.com\/de\/wp-json\/wp\/v2\/pages"}],"about":[{"href":"https:\/\/www.ksarighnda.com\/de\/wp-json\/wp\/v2\/types\/page"}],"author":[{"embeddable":true,"href":"https:\/\/www.ksarighnda.com\/de\/wp-json\/wp\/v2\/users\/5"}],"replies":[{"embeddable":true,"href":"https:\/\/www.ksarighnda.com\/de\/wp-json\/wp\/v2\/comments?post=117"}],"version-history":[{"count":40,"href":"https:\/\/www.ksarighnda.com\/de\/wp-json\/wp\/v2\/pages\/117\/revisions"}],"predecessor-version":[{"id":5483,"href":"https:\/\/www.ksarighnda.com\/de\/wp-json\/wp\/v2\/pages\/117\/revisions\/5483"}],"up":[{"embeddable":true,"href":"https:\/\/www.ksarighnda.com\/de\/wp-json\/wp\/v2\/pages\/114"}],"wp:attachment":[{"href":"https:\/\/www.ksarighnda.com\/de\/wp-json\/wp\/v2\/media?parent=117"}],"curies":[{"name":"wp","href":"https:\/\/api.w.org\/{rel}","templated":true}]}}