{"id":115,"date":"2024-07-17T16:44:26","date_gmt":"2024-07-17T14:44:26","guid":{"rendered":"https:\/\/www.ksarighnda.com\/activites-alentours\/alentours\/visiter-ouarzazate\/"},"modified":"2025-07-20T18:31:16","modified_gmt":"2025-07-20T17:31:16","slug":"besuchen-ouarzazate","status":"publish","type":"page","link":"https:\/\/www.ksarighnda.com\/de\/activites-alentours\/que-visiter-au-maroc\/visiter-ouarzazate\/","title":{"rendered":"Ouarzazate besuchen"},"content":{"rendered":"<div data-elementor-type=\"wp-page\" data-elementor-id=\"115\" class=\"elementor elementor-115\" data-elementor-post-type=\"page\">\n\t\t\t\t<div class=\"elementor-element elementor-element-50f2e12 e-con-full e-flex e-con e-parent\" data-id=\"50f2e12\" data-element_type=\"container\" data-e-type=\"container\" data-settings=\"{&quot;background_background&quot;:&quot;classic&quot;}\">\n\t\t<div class=\"elementor-element elementor-element-b4cb4ee e-con-full entrance-clip-path-both e-flex e-con e-child\" data-id=\"b4cb4ee\" data-element_type=\"container\" data-e-type=\"container\">\n\t\t\t\t<div class=\"elementor-element elementor-element-a83fea9 elementor-widget__width-inherit elementor-widget elementor-widget-image\" data-id=\"a83fea9\" data-element_type=\"widget\" data-e-type=\"widget\" data-widget_type=\"image.default\">\n\t\t\t\t<div class=\"elementor-widget-container\">\n\t\t\t\t\t\t\t\t\t\t\t\t\t\t\t<img fetchpriority=\"high\" decoding=\"async\" width=\"2117\" height=\"1416\" src=\"https:\/\/www.ksarighnda.com\/wp-content\/uploads\/2024\/08\/GettyImages-1346038016.jpg\" class=\"attachment-full size-full wp-image-2462\" alt=\"\" srcset=\"https:\/\/www.ksarighnda.com\/wp-content\/uploads\/2024\/08\/GettyImages-1346038016.jpg 2117w, https:\/\/www.ksarighnda.com\/wp-content\/uploads\/2024\/08\/GettyImages-1346038016-300x201.jpg 300w, https:\/\/www.ksarighnda.com\/wp-content\/uploads\/2024\/08\/GettyImages-1346038016-1024x685.jpg 1024w, https:\/\/www.ksarighnda.com\/wp-content\/uploads\/2024\/08\/GettyImages-1346038016-768x514.jpg 768w, https:\/\/www.ksarighnda.com\/wp-content\/uploads\/2024\/08\/GettyImages-1346038016-1536x1027.jpg 1536w, https:\/\/www.ksarighnda.com\/wp-content\/uploads\/2024\/08\/GettyImages-1346038016-2048x1370.jpg 2048w, https:\/\/www.ksarighnda.com\/wp-content\/uploads\/2024\/08\/GettyImages-1346038016-18x12.jpg 18w\" sizes=\"(max-width: 2117px) 100vw, 2117px\" title=\"\">\t\t\t\t\t\t\t\t\t\t\t\t\t\t\t<\/div>\n\t\t\t\t<\/div>\n\t\t\t\t<\/div>\n\t\t\t\t<div class=\"elementor-element elementor-element-32bbe05 entrance-bottom  titre-barre elementor-widget elementor-widget-heading\" data-id=\"32bbe05\" data-element_type=\"widget\" data-e-type=\"widget\" data-widget_type=\"heading.default\">\n\t\t\t\t<div class=\"elementor-widget-container\">\n\t\t\t\t\t<span class=\"elementor-heading-title elementor-size-default\">Entdecken Sie <\/span>\t\t\t\t<\/div>\n\t\t\t\t<\/div>\n\t\t\t\t<div class=\"elementor-element elementor-element-9116641 entrance-bottom elementor-widget elementor-widget-heading\" data-id=\"9116641\" data-element_type=\"widget\" data-e-type=\"widget\" data-widget_type=\"heading.default\">\n\t\t\t\t<div class=\"elementor-widget-container\">\n\t\t\t\t\t<h1 class=\"elementor-heading-title elementor-size-default\">Ouarzazate<\/h1>\t\t\t\t<\/div>\n\t\t\t\t<\/div>\n\t\t\t\t<div class=\"elementor-element elementor-element-eba7de9 entrance-bottom elementor-widget elementor-widget-heading\" data-id=\"eba7de9\" data-element_type=\"widget\" data-e-type=\"widget\" data-widget_type=\"heading.default\">\n\t\t\t\t<div class=\"elementor-widget-container\">\n\t\t\t\t\t<span class=\"elementor-heading-title elementor-size-default\">und seine Umgebung<\/span>\t\t\t\t<\/div>\n\t\t\t\t<\/div>\n\t\t\t\t<div class=\"elementor-element elementor-element-79fb17a btn-fleche-gauche entrance-bottom elementor-align-left elementor-widget elementor-widget-button\" data-id=\"79fb17a\" data-element_type=\"widget\" data-e-type=\"widget\" data-widget_type=\"button.default\">\n\t\t\t\t<div class=\"elementor-widget-container\">\n\t\t\t\t\t\t\t\t\t<div class=\"elementor-button-wrapper\">\n\t\t\t\t\t<a class=\"elementor-button elementor-button-link elementor-size-sm\" href=\"https:\/\/www.ksarighnda.com\/de\/activites-alentours\/que-visiter-au-maroc\/\">\n\t\t\t\t\t\t<span class=\"elementor-button-content-wrapper\">\n\t\t\t\t\t\t<span class=\"elementor-button-icon\">\n\t\t\t\t<svg xmlns=\"http:\/\/www.w3.org\/2000\/svg\" viewbox=\"0 0 28 20\" width=\"28\" height=\"20\"><title>Gruppe 80-svg<\/title><style>\t\t.s0 { fill: none;stroke: #5c4932;stroke-linecap: round } \t<\/style><g id=\"Group 80\"><path id=\"Line 11\" fill-rule=\"evenodd\" class=\"s0\" d=\"m27 10h-26\"><\/path><path id=\"Vector 12\" fill-rule=\"evenodd\" class=\"s0\" d=\"m1 9.5c2-1.2 6.9-4.6 10.5-9\"><\/path><path id=\"Vector 13\" fill-rule=\"evenodd\" class=\"s0\" d=\"m1 10c2 1.2 6.9 4.6 10.5 9\"><\/path><\/g><\/svg>\t\t\t<\/span>\n\t\t\t\t\t\t\t\t\t<span class=\"elementor-button-text\">Zur\u00fcck in die Umgebung<\/span>\n\t\t\t\t\t<\/span>\n\t\t\t\t\t<\/a>\n\t\t\t\t<\/div>\n\t\t\t\t\t\t\t\t<\/div>\n\t\t\t\t<\/div>\n\t\t\t\t<\/div>\n\t\t<div class=\"elementor-element elementor-element-ce7c837 e-con-full e-flex e-con e-parent\" data-id=\"ce7c837\" data-element_type=\"container\" data-e-type=\"container\">\n\t\t<div class=\"elementor-element elementor-element-80e997a e-con-full e-flex e-con e-child\" data-id=\"80e997a\" data-element_type=\"container\" data-e-type=\"container\">\n\t\t<div class=\"elementor-element elementor-element-8f50b58 e-con-full e-flex e-con e-child\" data-id=\"8f50b58\" data-element_type=\"container\" data-e-type=\"container\">\n\t\t\t\t<div class=\"elementor-element elementor-element-9ccca70 entrance-bottom elementor-widget elementor-widget-heading\" data-id=\"9ccca70\" data-element_type=\"widget\" data-e-type=\"widget\" data-widget_type=\"heading.default\">\n\t\t\t\t<div class=\"elementor-widget-container\">\n\t\t\t\t\t<h2 class=\"elementor-heading-title elementor-size-default\">Pr\u00e4sentation <\/h2>\t\t\t\t<\/div>\n\t\t\t\t<\/div>\n\t\t\t\t<div class=\"elementor-element elementor-element-44d3a89 entrance-bottom elementor-widget elementor-widget-heading\" data-id=\"44d3a89\" data-element_type=\"widget\" data-e-type=\"widget\" data-widget_type=\"heading.default\">\n\t\t\t\t<div class=\"elementor-widget-container\">\n\t\t\t\t\t<span class=\"elementor-heading-title elementor-size-default\">von Ouarzazate<\/span>\t\t\t\t<\/div>\n\t\t\t\t<\/div>\n\t\t\t\t<div class=\"elementor-element elementor-element-c9bce02 elementor-widget-laptop__width-initial entrance-bottom elementor-widget elementor-widget-text-editor\" data-id=\"c9bce02\" data-element_type=\"widget\" data-e-type=\"widget\" data-widget_type=\"text-editor.default\">\n\t\t\t\t<div class=\"elementor-widget-container\">\n\t\t\t\t\t\t\t\t\t<p>Auf 1150 Metern H\u00f6he gelegen, am Zusammenfluss von <a href=\"https:\/\/fr.wikipedia.org\/wiki\/Oued\" rel=\"nofollow noopener\" target=\"_blank\">Wadis<\/a> <a href=\"https:\/\/fr.wikipedia.org\/wiki\/Dad%C3%A8s\" rel=\"nofollow noopener\" target=\"_blank\">Dades<\/a> und <a href=\"https:\/\/fr.wikipedia.org\/w\/index.php?title=Imini&amp;action=edit&amp;redlink=1\" rel=\"nofollow noopener\" target=\"_blank\">Imini<\/a> bilden den <a href=\"https:\/\/fr.wikipedia.org\/wiki\/Dr%C3%A2a\" rel=\"nofollow noopener\" target=\"_blank\">Dr\u00e2a<\/a>Die Stadt ist das wichtigste st\u00e4dtische Zentrum im Tal des Flusses.<\/p><p>Die Stadt liegt am s\u00fcdlichen Vorgebirge des zentralen Hohen Atlas und wird im Westen vom Massiv des <a href=\"https:\/\/fr.wikipedia.org\/wiki\/Djebel_Toubkal\" rel=\"nofollow noopener\" target=\"_blank\">Toubkal<\/a> und im Nordosten durch den des <a href=\"https:\/\/fr.wikipedia.org\/wiki\/Ighil_M%27Goun\" rel=\"nofollow noopener\" target=\"_blank\">M'goun<\/a>die beide \u00fcber 4000 m hoch sind.<\/p><p>Sie liegt am Kreuzungspunkt der Wege, die sie im Nordwesten mit <a href=\"https:\/\/fr.wikipedia.org\/wiki\/Marrakech\" rel=\"nofollow noopener\" target=\"_blank\">Marrakesch<\/a> \u00fcber die P\u00e4sse des Hohen Atlas, dessen <a href=\"https:\/\/fr.wikipedia.org\/wiki\/Tizi_n%27Tichka\" rel=\"nofollow noopener\" target=\"_blank\">Tizi n'Tichka<\/a> (2.260 Meter); im Osten am <a href=\"https:\/\/fr.wikipedia.org\/wiki\/Tafilalet\" rel=\"nofollow noopener\" target=\"_blank\">Tafilalet<\/a>im S\u00fcden an das mittlere Tal von \u00a0<a href=\"https:\/\/fr.wikipedia.org\/wiki\/Dr%C3%A2a\" rel=\"nofollow noopener\" target=\"_blank\">Dr\u00e2a<\/a>und dar\u00fcber hinaus in die Sahara-W\u00fcste; und schlie\u00dflich im Westen in das Tal der <a href=\"https:\/\/fr.wikipedia.org\/wiki\/Souss\" rel=\"nofollow noopener\" target=\"_blank\">Souss<\/a> und die Atlantikk\u00fcste, indem sie das Djebel-Massiv umrunden <a href=\"https:\/\/fr.wikipedia.org\/wiki\/Djebel_Sirwa\" rel=\"nofollow noopener\" target=\"_blank\">Siroua<\/a>.<\/p><p>Die Siedlung Gro\u00df-Ouarzazate wird auf der S\u00fcdseite des Wadis durch das Dorf <a href=\"https:\/\/fr.wikipedia.org\/wiki\/Tabount\" rel=\"nofollow noopener\" target=\"_blank\">Tabount<\/a> - manchmal auch \"Ouarzazate-S\u00fcd\" genannt -, das wie die <a href=\"https:\/\/fr.wikipedia.org\/wiki\/Kasbah_de_Tifoultoute\" rel=\"nofollow noopener\" target=\"_blank\">kasbah von Tifoultoute<\/a>der l\u00e4ndlichen Gemeinde von <a href=\"https:\/\/fr.wikipedia.org\/wiki\/Tarmigt\" rel=\"nofollow noopener\" target=\"_blank\">Tarmigt<\/a>.<\/p><p>\u00a0<\/p>\t\t\t\t\t\t\t\t<\/div>\n\t\t\t\t<\/div>\n\t\t\t\t<\/div>\n\t\t\t\t<\/div>\n\t\t<div class=\"elementor-element elementor-element-e7dc86d e-con-full e-flex e-con e-child\" data-id=\"e7dc86d\" data-element_type=\"container\" data-e-type=\"container\">\n\t\t\t\t<div class=\"elementor-element elementor-element-e6e5159 elementor-widget__width-inherit entrance-right elementor-widget elementor-widget-image\" data-id=\"e6e5159\" data-element_type=\"widget\" data-e-type=\"widget\" data-widget_type=\"image.default\">\n\t\t\t\t<div class=\"elementor-widget-container\">\n\t\t\t\t\t\t\t\t\t\t\t\t\t\t\t<img decoding=\"async\" width=\"2560\" height=\"1707\" src=\"https:\/\/www.ksarighnda.com\/wp-content\/uploads\/2024\/07\/alentours-scaled.jpg\" class=\"attachment-full size-full wp-image-1491\" alt=\"\" srcset=\"https:\/\/www.ksarighnda.com\/wp-content\/uploads\/2024\/07\/alentours-scaled.jpg 2560w, https:\/\/www.ksarighnda.com\/wp-content\/uploads\/2024\/07\/alentours-300x200.jpg 300w, https:\/\/www.ksarighnda.com\/wp-content\/uploads\/2024\/07\/alentours-1024x683.jpg 1024w, https:\/\/www.ksarighnda.com\/wp-content\/uploads\/2024\/07\/alentours-768x512.jpg 768w, https:\/\/www.ksarighnda.com\/wp-content\/uploads\/2024\/07\/alentours-1536x1024.jpg 1536w, https:\/\/www.ksarighnda.com\/wp-content\/uploads\/2024\/07\/alentours-2048x1366.jpg 2048w, https:\/\/www.ksarighnda.com\/wp-content\/uploads\/2024\/07\/alentours-18x12.jpg 18w\" sizes=\"(max-width: 2560px) 100vw, 2560px\" title=\"\">\t\t\t\t\t\t\t\t\t\t\t\t\t\t\t<\/div>\n\t\t\t\t<\/div>\n\t\t\t\t<\/div>\n\t\t\t\t<\/div>\n\t\t<div class=\"elementor-element elementor-element-e178519 e-con-full e-flex e-con e-parent\" data-id=\"e178519\" data-element_type=\"container\" data-e-type=\"container\">\n\t\t<div class=\"elementor-element elementor-element-730b90b e-con-full e-flex e-con e-child\" data-id=\"730b90b\" data-element_type=\"container\" data-e-type=\"container\">\n\t\t\t\t<div class=\"elementor-element elementor-element-3362ff4 elementor-widget__width-inherit entrance-left elementor-widget elementor-widget-image\" data-id=\"3362ff4\" data-element_type=\"widget\" data-e-type=\"widget\" data-widget_type=\"image.default\">\n\t\t\t\t<div class=\"elementor-widget-container\">\n\t\t\t\t\t\t\t\t\t\t\t\t\t\t\t<img decoding=\"async\" width=\"2122\" height=\"1412\" src=\"https:\/\/www.ksarighnda.com\/wp-content\/uploads\/2024\/08\/GettyImages-2156798010.jpg\" class=\"attachment-full size-full wp-image-2468\" alt=\"\" srcset=\"https:\/\/www.ksarighnda.com\/wp-content\/uploads\/2024\/08\/GettyImages-2156798010.jpg 2122w, https:\/\/www.ksarighnda.com\/wp-content\/uploads\/2024\/08\/GettyImages-2156798010-300x200.jpg 300w, https:\/\/www.ksarighnda.com\/wp-content\/uploads\/2024\/08\/GettyImages-2156798010-1024x681.jpg 1024w, https:\/\/www.ksarighnda.com\/wp-content\/uploads\/2024\/08\/GettyImages-2156798010-768x511.jpg 768w, https:\/\/www.ksarighnda.com\/wp-content\/uploads\/2024\/08\/GettyImages-2156798010-1536x1022.jpg 1536w, https:\/\/www.ksarighnda.com\/wp-content\/uploads\/2024\/08\/GettyImages-2156798010-2048x1363.jpg 2048w, https:\/\/www.ksarighnda.com\/wp-content\/uploads\/2024\/08\/GettyImages-2156798010-18x12.jpg 18w\" sizes=\"(max-width: 2122px) 100vw, 2122px\" title=\"\">\t\t\t\t\t\t\t\t\t\t\t\t\t\t\t<\/div>\n\t\t\t\t<\/div>\n\t\t\t\t<\/div>\n\t\t<div class=\"elementor-element elementor-element-3cc0e4f e-con-full e-flex e-con e-child\" data-id=\"3cc0e4f\" data-element_type=\"container\" data-e-type=\"container\">\n\t\t<div class=\"elementor-element elementor-element-e029c5d e-con-full e-flex e-con e-child\" data-id=\"e029c5d\" data-element_type=\"container\" data-e-type=\"container\">\n\t\t\t\t<div class=\"elementor-element elementor-element-c2afbc1 entrance-bottom elementor-widget elementor-widget-heading\" data-id=\"c2afbc1\" data-element_type=\"widget\" data-e-type=\"widget\" data-widget_type=\"heading.default\">\n\t\t\t\t<div class=\"elementor-widget-container\">\n\t\t\t\t\t<h2 class=\"elementor-heading-title elementor-size-default\">Kasbah <\/h2>\t\t\t\t<\/div>\n\t\t\t\t<\/div>\n\t\t\t\t<div class=\"elementor-element elementor-element-3eecbfa entrance-bottom elementor-widget elementor-widget-heading\" data-id=\"3eecbfa\" data-element_type=\"widget\" data-e-type=\"widget\" data-widget_type=\"heading.default\">\n\t\t\t\t<div class=\"elementor-widget-container\">\n\t\t\t\t\t<span class=\"elementor-heading-title elementor-size-default\">von Taourirt<\/span>\t\t\t\t<\/div>\n\t\t\t\t<\/div>\n\t\t\t\t<div class=\"elementor-element elementor-element-38baa58 elementor-widget-laptop__width-initial entrance-bottom elementor-widget elementor-widget-text-editor\" data-id=\"38baa58\" data-element_type=\"widget\" data-e-type=\"widget\" data-widget_type=\"text-editor.default\">\n\t\t\t\t<div class=\"elementor-widget-container\">\n\t\t\t\t\t\t\t\t\t<p>Die Kasbah von Taourirt wurde von der UNESCO zum Weltkulturerbe erkl\u00e4rt und ist ein Zeugnis f\u00fcr die Pracht der Amazigh-Architektur.<\/p><p>M\u00fcndlichen \u00dcberlieferungen zufolge wurde die Kasbah im 17. Jahrhundert von den Imzwarn, einer m\u00e4chtigen lokalen Familie, erbaut. Sicherer ist jedoch, dass die Kasbah im 19. Jahrhundert von der Familie Glaoui \u00fcbernommen und ausgebaut wurde. Auf dem H\u00f6hepunkt ihrer Bedeutung Ende des 19. Jahrhunderts kontrollierte die Kasbah einen wichtigen Standort am Zusammenfluss mehrerer Flusst\u00e4ler - darunter der <a href=\"https:\/\/en.wikipedia.org\/wiki\/Draa_River\" rel=\"nofollow noopener\" target=\"_blank\">Draa<\/a> und der <a href=\"https:\/\/en.wikipedia.org\/wiki\/Dad%C3%A8s_River\" rel=\"nofollow noopener\" target=\"_blank\">Dades<\/a>- die zu den <a href=\"https:\/\/en.wikipedia.org\/wiki\/Trans-Saharan_trade\" rel=\"nofollow noopener\" target=\"_blank\">Sahara-Handelsrouten<\/a>. Eines der Mitglieder der Familie Glaoui, <a href=\"https:\/\/en.wikipedia.org\/wiki\/Thami_El_Glaoui\" rel=\"nofollow noopener\" target=\"_blank\">Thami El Glaoui<\/a>war ber\u00fchmt als der <a href=\"https:\/\/en.wikipedia.org\/wiki\/Pasha\" rel=\"nofollow noopener\" target=\"_blank\">pacha<\/a> von <a href=\"https:\/\/en.wikipedia.org\/wiki\/Marrakesh\" rel=\"nofollow noopener\" target=\"_blank\">Marrakesch<\/a> w\u00e4hrend der gesamten\u00a0<a href=\"https:\/\/en.wikipedia.org\/wiki\/French_Protectorate_in_Morocco\" rel=\"nofollow noopener\" target=\"_blank\">franz\u00f6sische Kolonialherrschaft<\/a>\u00a0\u00fcber Marokko im 20.<\/p><p>Nach dem Ende der franz\u00f6sischen Kolonialherrschaft und der Kontrolle des Glaoui \u00fcber die Region begann die Kasbah zu verfallen. Im Jahr 1954 wurde sie in die Liste des marokkanischen Nationalverm\u00f6gens aufgenommen. Im Jahr 1956 ging das Anwesen in den Besitz des marokkanischen Staates \u00fcber, obwohl es in den fr\u00fchen 1960er Jahren an die Glaoui-Familie zur\u00fcckgegeben wurde.<\/p><p>1972 verkauft die Familie Glaoui die Kasbah an die Gemeinde Ouarzazate.<\/p><p>Die Anlage war bis Ende der 1980er Jahre verlassen und zeigt die traditionelle Berberarchitektur mit ihrem komplexen Design und den gut erhaltenen Strukturen.<\/p><p>Die Kasbah zeichnet sich durch ihre roten Lehmw\u00e4nde und die sch\u00f6nen Zedernholzdecken aus, was sie zu einem wichtigen kulturellen Wahrzeichen macht.<\/p><p>\u00a0<\/p>\t\t\t\t\t\t\t\t<\/div>\n\t\t\t\t<\/div>\n\t\t\t\t<\/div>\n\t\t\t\t<\/div>\n\t\t\t\t<\/div>\n\t\t\t\t<\/div>","protected":false},"excerpt":{"rendered":"<p>D\u00e9couvrez Ouarzazate et ses alentours Group 80-svg Retour aux alentours Pr\u00e9sentation d&rsquo;Ouarzazate Situ\u00e9e \u00e0 1 150 m\u00e8tres d&rsquo;altitude, \u00e0 la confluence des oueds Dad\u00e8s et Imini formant le Dr\u00e2a, elle est le principal centre urbain de la vall\u00e9e de ce fleuve. La ville se situe sur le pi\u00e9mont sud du Haut-Atlas central, domin\u00e9e \u00e0 l&rsquo;ouest [&hellip;]<\/p>\n","protected":false},"author":5,"featured_media":0,"parent":114,"menu_order":0,"comment_status":"closed","ping_status":"closed","template":"","meta":{"inline_featured_image":false,"footnotes":""},"class_list":["post-115","page","type-page","status-publish","hentry"],"_links":{"self":[{"href":"https:\/\/www.ksarighnda.com\/de\/wp-json\/wp\/v2\/pages\/115","targetHints":{"allow":["GET"]}}],"collection":[{"href":"https:\/\/www.ksarighnda.com\/de\/wp-json\/wp\/v2\/pages"}],"about":[{"href":"https:\/\/www.ksarighnda.com\/de\/wp-json\/wp\/v2\/types\/page"}],"author":[{"embeddable":true,"href":"https:\/\/www.ksarighnda.com\/de\/wp-json\/wp\/v2\/users\/5"}],"replies":[{"embeddable":true,"href":"https:\/\/www.ksarighnda.com\/de\/wp-json\/wp\/v2\/comments?post=115"}],"version-history":[{"count":49,"href":"https:\/\/www.ksarighnda.com\/de\/wp-json\/wp\/v2\/pages\/115\/revisions"}],"predecessor-version":[{"id":5176,"href":"https:\/\/www.ksarighnda.com\/de\/wp-json\/wp\/v2\/pages\/115\/revisions\/5176"}],"up":[{"embeddable":true,"href":"https:\/\/www.ksarighnda.com\/de\/wp-json\/wp\/v2\/pages\/114"}],"wp:attachment":[{"href":"https:\/\/www.ksarighnda.com\/de\/wp-json\/wp\/v2\/media?parent=115"}],"curies":[{"name":"wp","href":"https:\/\/api.w.org\/{rel}","templated":true}]}}